{"id":1199,"date":"2015-05-30T04:07:05","date_gmt":"2015-05-30T04:07:05","guid":{"rendered":"https:\/\/gialinhtravel.com\/vn\/?page_id=1199"},"modified":"2023-02-22T03:06:52","modified_gmt":"2023-02-22T03:06:52","slug":"home","status":"publish","type":"page","link":"https:\/\/gialinhtravel.com\/vn\/","title":{"rendered":"Home"},"content":{"rendered":"<section class=\"wpb-content-wrapper\"><body><p>[vc_row][vc_column][vc_column_text][\/vc_column_text][\/vc_column][\/vc_row][vc_row content_placement=\u201dmiddle\u201d row_fullwidth=\u201dyes\u201d el_id=\u201dheader-bg\u201d][vc_column css=\u201d.vc_custom_1548876898417{margin-top: -7.2em !important;padding-bottom: 100px !important;}\u201d][vc_column_text css=\u201d.vc_custom_1548863256141{margin-bottom: 25px !important;}\u201d]<\/p>\n<div><\/div>\n<p>[\/vc_column_text][\/vc_column][\/vc_row][vc_row css=\u201d.vc_custom_1548876986120{padding-bottom: 50px !important;}\u201d][vc_column width=\u201d1\/3\u2033 css=\u201d.vc_custom_1422952331196{margin-top: 30px !important;margin-bottom: 30px !important;}\u201d]\n                    <div class=\"thumb text-left\">\n                            <header class=\"thumb-header pull-top st-thumb-header\">\n                               <i class=\"fa fa-dollar box-icon-md box-icon-top  round st_1775480483 animate-icon-top-to-bottom   box-icon-to-black \"><\/i>\n                            <\/header>\n                            <div class=\"thumb-caption pull-top st-thumb-caption\">\n                                  <h5 class=\"thumb-title\">\n                        <a href=\"#\" class=\"text-darken\">GI\u00c1 C\u1ea2 C\u1ea0NH TRANH NH\u1ea4T<\/a>\n                       <\/h5>\n                                <p class=\"thumb-desc\">Ch\u00fang t\u00f4i c\u1ed1 g\u1eafng \u0111i\u1ec1u h\u00e0nh c\u00e1c tour du l\u1ecbch t\u1ed1t nh\u1ea5t theo y\u00eau c\u1ea7u c\u1ee7a b\u1ea1n nh\u01b0 t\u00ecm ki\u1ebfm ch\u1ed7 \u1edf tho\u1ea3i m\u00e1i nh\u1ea5t, nh\u00e0 h\u00e0ng t\u1ed1t, \u0111\u1ecba \u0111i\u1ec3m th\u0103m quan th\u00fa v\u1ecb v\u1edbi m\u1ee9c gi\u00e1 th\u1ea5p nh\u1ea5t theo y\u00eau c\u1ea7u \u0111\u1eb7t ra.<\/p>\n                            <\/div>\n                    <\/div>\n                    [\/vc_column][vc_column width=\u201d1\/3\u2033 css=\u201d.vc_custom_1422952312242{margin-top: 30px !important;margin-bottom: 30px !important;}\u201d]\n                    <div class=\"thumb text-left\">\n                            <header class=\"thumb-header pull-top st-thumb-header\">\n                               <i class=\"fa fa-lock box-icon-md box-icon-top  round st_1775480484 animate-icon-top-to-bottom   box-icon-to-black \"><\/i>\n                            <\/header>\n                            <div class=\"thumb-caption pull-top st-thumb-caption\">\n                                  <h5 class=\"thumb-title\">\n                        <a href=\"#\" class=\"text-darken\">S\u1ef0 TIN T\u01af\u1edeNG V\u00c0 AN TO\u00c0N<\/a>\n                       <\/h5>\n                                <p class=\"thumb-desc\">S\u1ee3 b\u1ecb \u0111\u00e1nh c\u1eafp th\u1ebb t\u00edn d\u1ee5ng, \u0111\u1eb7t m\u1ed9t tour du l\u1ecbch v\u1edbi Gia Linh Travel, t\u1ea5t c\u1ea3 th\u00f4ng tin ri\u00eang t\u01b0 c\u1ee7a b\u1ea1n s\u1ebd \u0111\u01b0\u1ee3c an to\u00e0n tuy\u1ec7t \u0111\u1ed1i. Ngo\u00e0i ra, s\u1ef1 trung th\u1ef1c l\u00e0 m\u1ee5c ti\u00eau c\u1ee7a ch\u00fang t\u00f4i \u0111\u1ec3 x\u00e2y d\u1ef1ng ni\u1ec1m tin v\u1edbi kh\u00e1ch h\u00e0ng v\u00e0 ph\u00e1t tri\u1ec3n doanh nghi\u1ec7p c\u1ee7a ch\u00fang t\u00f4i t\u1eebng ng\u00e0y.<\/p>\n                            <\/div>\n                    <\/div>\n                    [\/vc_column][vc_column width=\u201d1\/3\u2033 css=\u201d.vc_custom_1422952303227{margin-top: 30px !important;margin-bottom: 30px !important;}\u201d]\n                    <div class=\"thumb text-left\">\n                            <header class=\"thumb-header pull-top st-thumb-header\">\n                               <i class=\"fa fa-thumbs-o-up box-icon-md box-icon-top  round st_1775480485 animate-icon-top-to-bottom   box-icon-to-black \"><\/i>\n                            <\/header>\n                            <div class=\"thumb-caption pull-top st-thumb-caption\">\n                                  <h5 class=\"thumb-title\">\n                        <a href=\"https:\/\/www.tripadvisor.com\/Attraction_Review-g293924-d4027518-Reviews-Gia_Linh_Travel_Day_Tours-Hanoi.html\" class=\"text-darken\">C\u00d4NG TY DU L\u1ecaCH T\u1ed0T NH\u1ea4T<\/a>\n                       <\/h5>\n                                <p class=\"thumb-desc\">V\u1edbi h\u01a1n 20 n\u0103m kinh nghi\u1ec7m, ch\u00fang t\u00f4i bi\u1ebft d\u1ecbch v\u1ee5 kh\u00e1ch h\u00e0ng l\u00e0 ch\u00eca kh\u00f3a quan tr\u1ecdng \u0111\u1ec3 khi\u1ebfn kh\u00e1ch h\u00e0ng h\u00e0i l\u00f2ng v\u00e0 quay l\u1ea1i v\u1edbi Gia Linh Travel. H\u00e0ng ng\u00e0y, \u0111\u1ed9i ng\u0169 Gia Linh Travel \u0111\u00e3 l\u00e0m vi\u1ec7c ch\u0103m ch\u1ec9 \u0111\u1ec3 l\u00e0m h\u00e0i l\u00f2ng t\u1ea5t c\u1ea3 kh\u00e1ch du l\u1ecbch b\u1eb1ng nh\u1eefng chuy\u1ebfn \u0111i tuy\u1ec7t v\u1eddi do ch\u00fang t\u00f4i t\u1ed5 ch\u1ee9c. Ch\u00fang t\u00f4i t\u1ef1 h\u00e0o l\u00e0 m\u1ed9t trong nh\u1eefng c\u00f4ng ty \u0111\u1ea1i l\u00fd t\u1ed1t nh\u1ea5t nh\u1eadn \u0111\u01b0\u1ee3c nhi\u1ec1u s\u1ef1 \u01b0u \u00e1i c\u1ee7a kh\u00e1ch h\u00e0ng v\u1edbi nh\u1eefng \u0111\u00e1nh gi\u00e1 r\u1ea5t t\u1ed1t tr\u00ean Tripavisor<\/p>\n                            <\/div>\n                    <\/div>\n                    [\/vc_column][\/vc_row][vc_row][vc_column][vc_column_text]<\/p>\n\n<div class=\"vc_row wpb_row\" style=\"background-color: #c4f4d7e8; padding-top: 80px; padding-bottom: 60px;\">\n<p><\/p><center>\n<h2 style=\"font-weight: 500;\">M\u1ed8T S\u1ed0 H\u00ccNH \u1ea2NH TRONG TOURS DU L\u1ecaCH M\u1ef8 V\u00c0 CANADA<\/h2>\n<p><\/p><\/center><\/div>\n<p><br>\n<\/p>\n<div class=\"vc_row wpb_row\" style=\"background-color: #c4f4d7e8; padding-bottom: 120px;\">\n<ul class=\"wp-block-gallery columns-4 is-cropped\" style=\"margin-left: 70px; margin-right: 70px;\">\n<li class=\"blocks-gallery-item\">\n<figure><img decoding=\"async\" class=\"wp-image-7597\" src=\"http:\/\/ustoursonline.com\/vn\/wp-content\/uploads\/2019\/11\/skywalk-1037096_1280-1024x1024.jpg\" alt=\"\" data-id=\"7597\" data-link=\"http:\/\/ustoursonline.com\/vn\/home-layout-default-traveler\/skywalk-1037096_1280\/\" loading=\"lazy\">\n<figcaption>C\u1ea7u K\u00ednh \u2013 Grand Canyon<\/figcaption>\n<\/figure>\n<\/li>\n<li class=\"blocks-gallery-item\">\n<figure><img decoding=\"async\" class=\"wp-image-7598\" src=\"http:\/\/ustoursonline.com\/vn\/wp-content\/uploads\/2019\/11\/san1-1024x1024.jpeg\" alt=\"\" data-id=\"7598\" data-link=\"http:\/\/ustoursonline.com\/vn\/home-layout-default-traveler\/san1\/\" loading=\"lazy\">\n<figcaption>C\u1ea7u C\u1ed5ng V\u00e0ng \u2013 SF<\/figcaption>\n<\/figure>\n<\/li>\n<li class=\"blocks-gallery-item\">\n<figure><img decoding=\"async\" class=\"wp-image-7599\" src=\"http:\/\/ustoursonline.com\/vn\/wp-content\/uploads\/2019\/11\/arizona-1024x1024.jpeg\" alt=\"\" data-id=\"7599\" data-link=\"http:\/\/ustoursonline.com\/vn\/home-layout-default-traveler\/arizona\/\" loading=\"lazy\">\n<figcaption>Ph\u00eda T\u00e2y \u2013 Grand Canyon<\/figcaption>\n<\/figure>\n<\/li>\n<li class=\"blocks-gallery-item\">\n<figure><img decoding=\"async\" class=\"wp-image-7600\" src=\"http:\/\/ustoursonline.com\/vn\/wp-content\/uploads\/2019\/11\/la-1024x1024.jpeg\" alt=\"\" data-id=\"7600\" data-link=\"http:\/\/ustoursonline.com\/vn\/home-layout-default-traveler\/la\/\" loading=\"lazy\">\n<figcaption>Th\u00e0nh Ph\u1ed1 Los Angeles<\/figcaption>\n<\/figure>\n<\/li>\n<li class=\"blocks-gallery-item\">\n<figure><img decoding=\"async\" class=\"wp-image-7601\" src=\"http:\/\/ustoursonline.com\/vn\/wp-content\/uploads\/2019\/11\/Grand-Canyon-1024x1024.jpeg\" alt=\"\" data-id=\"7601\" data-link=\"http:\/\/ustoursonline.com\/vn\/home-layout-default-traveler\/grand-canyon-2\/\" loading=\"lazy\">\n<figcaption>Ph\u00eda T\u00e2y- Grand Canyon<\/figcaption>\n<\/figure>\n<\/li>\n<li class=\"blocks-gallery-item\">\n<figure><img decoding=\"async\" class=\"wp-image-7603\" src=\"http:\/\/ustoursonline.com\/vn\/wp-content\/uploads\/2019\/11\/IMG_8175-1024x1024.jpg\" alt=\"\" data-id=\"7603\" data-link=\"http:\/\/ustoursonline.com\/vn\/home-layout-default-traveler\/img_8175\/\" loading=\"lazy\">\n<figcaption>\u0110\u1ea1i L\u1ed9 Hollywood<\/figcaption>\n<\/figure>\n<\/li>\n<li class=\"blocks-gallery-item\">\n<figure><img decoding=\"async\" class=\"wp-image-7604\" src=\"http:\/\/ustoursonline.com\/vn\/wp-content\/uploads\/2019\/11\/boston-1024x1024.jpg\" alt=\"\" data-id=\"7604\" data-link=\"http:\/\/ustoursonline.com\/vn\/home-layout-default-traveler\/boston-3\/\" loading=\"lazy\">\n<figcaption>Th\u00e0nh Ph\u1ed1 Boston<\/figcaption>\n<\/figure>\n<\/li>\n<li class=\"blocks-gallery-item\">\n<figure><img decoding=\"async\" class=\"wp-image-7605\" src=\"http:\/\/ustoursonline.com\/vn\/wp-content\/uploads\/2019\/11\/boston-faneuil-hall-1024x1024.jpg\" alt=\"\" data-id=\"7605\" data-link=\"http:\/\/ustoursonline.com\/vn\/home-layout-default-traveler\/boston-faneuil-hall\/\" loading=\"lazy\">\n<figcaption>Ch\u1ee3 Quincy<\/figcaption>\n<\/figure>\n<\/li>\n<li class=\"blocks-gallery-item\">\n<figure><img decoding=\"async\" class=\"wp-image-7606\" src=\"http:\/\/ustoursonline.com\/vn\/wp-content\/uploads\/2019\/11\/capitol1-1024x1024.jpg\" alt=\"\" data-id=\"7606\" data-link=\"http:\/\/ustoursonline.com\/vn\/home-layout-default-traveler\/capitol1\/\" loading=\"lazy\">\n<figcaption>\u0110\u1ed3i Capitol \u2013 DC<\/figcaption>\n<\/figure>\n<\/li>\n<li class=\"blocks-gallery-item\">\n<figure><img decoding=\"async\" class=\"wp-image-7607\" src=\"http:\/\/ustoursonline.com\/vn\/wp-content\/uploads\/2019\/11\/cherry-blossom-festival-in-DC-1024x1024.jpg\" alt=\"\" data-id=\"7607\" data-link=\"http:\/\/ustoursonline.com\/vn\/home-layout-default-traveler\/cherry-blossom-festival-in-dc\/\" loading=\"lazy\">\n<figcaption>Hoa Anh \u0110\u00e0o \u2013 DC<\/figcaption>\n<\/figure>\n<\/li>\n<li class=\"blocks-gallery-item\">\n<figure><img decoding=\"async\" class=\"wp-image-7608\" src=\"http:\/\/ustoursonline.com\/vn\/wp-content\/uploads\/2019\/11\/DC2-1024x1024.jpg\" alt=\"\" data-id=\"7608\" data-link=\"http:\/\/ustoursonline.com\/vn\/home-layout-default-traveler\/dc2\/\" loading=\"lazy\">\n<figcaption>Th\u1ee7 \u0110\u00f4 Washington DC<\/figcaption>\n<\/figure>\n<\/li>\n<li class=\"blocks-gallery-item\">\n<figure><img decoding=\"async\" class=\"wp-image-7609\" src=\"http:\/\/ustoursonline.com\/vn\/wp-content\/uploads\/2019\/11\/harvard-university-1024x1024.jpg\" alt=\"\" data-id=\"7609\" data-link=\"http:\/\/ustoursonline.com\/vn\/home-layout-default-traveler\/harvard-university\/\" loading=\"lazy\">\n<figcaption>\u0110\u1ea1i H\u1ecdc Harvard<\/figcaption>\n<\/figure>\n<\/li>\n<li class=\"blocks-gallery-item\">\n<figure><img decoding=\"async\" class=\"wp-image-7610\" src=\"http:\/\/ustoursonline.com\/vn\/wp-content\/uploads\/2019\/11\/quincy-market-1024x1024.jpg\" alt=\"\" data-id=\"7610\" data-link=\"http:\/\/ustoursonline.com\/vn\/home-layout-default-traveler\/quincy-market\/\" loading=\"lazy\">\n<figcaption>Ch\u1ee3 Quincy \u2013 Boston<\/figcaption>\n<\/figure>\n<\/li>\n<li class=\"blocks-gallery-item\">\n<figure><img decoding=\"async\" class=\"wp-image-7611\" src=\"http:\/\/ustoursonline.com\/vn\/wp-content\/uploads\/2019\/11\/philadelphia-city-dowtown-1024x1024.jpg\" alt=\"\" data-id=\"7611\" data-link=\"http:\/\/ustoursonline.com\/vn\/home-layout-default-traveler\/philadelphia-city-dowtown\/\" loading=\"lazy\">\n<figcaption>Trung T\u00e2m Philadelphia<\/figcaption>\n<\/figure>\n<\/li>\n<li class=\"blocks-gallery-item\">\n<figure><img decoding=\"async\" class=\"wp-image-7612\" src=\"http:\/\/ustoursonline.com\/vn\/wp-content\/uploads\/2019\/11\/niagara-falls-night-1024x1024.jpg\" alt=\"\" data-id=\"7612\" data-link=\"http:\/\/ustoursonline.com\/vn\/home-layout-default-traveler\/niagara-falls-night\/\" loading=\"lazy\">\n<figcaption>Th\u00e1c Niagara Falls Nightview<\/figcaption>\n<\/figure>\n<\/li>\n<li class=\"blocks-gallery-item\">\n<figure><img decoding=\"async\" class=\"wp-image-7613\" src=\"http:\/\/ustoursonline.com\/vn\/wp-content\/uploads\/2019\/11\/lafayette-park-DC-1024x1024.jpg\" alt=\"\" data-id=\"7613\" data-link=\"http:\/\/ustoursonline.com\/vn\/home-layout-default-traveler\/lafayette-park-dc\/\" loading=\"lazy\">\n<figcaption>C\u00f4ng Vi\u00ean Lafayette \u2013 DC<\/figcaption>\n<\/figure>\n<\/li>\n<li class=\"blocks-gallery-item\">\n<figure><img decoding=\"async\" class=\"wp-image-7614\" src=\"http:\/\/ustoursonline.com\/vn\/wp-content\/uploads\/2019\/11\/sunrise-at-us-capitol-1024x1024.jpg\" alt=\"\" data-id=\"7614\" data-link=\"http:\/\/ustoursonline.com\/vn\/home-layout-default-traveler\/sunrise-at-us-capitol\/\" loading=\"lazy\">\n<figcaption>M\u1eb7 tr\u1eddi l\u1eb7n Capitol Hill \u2013 DC<\/figcaption>\n<\/figure>\n<\/li>\n<li class=\"blocks-gallery-item\">\n<figure><img decoding=\"async\" class=\"wp-image-7615\" src=\"http:\/\/ustoursonline.com\/vn\/wp-content\/uploads\/2019\/11\/times-square1-1024x1024.jpg\" alt=\"\" data-id=\"7615\" data-link=\"http:\/\/ustoursonline.com\/vn\/home-layout-default-traveler\/times-square1\/\" loading=\"lazy\">\n<figcaption>Qu\u1ea3ng Tr\u01b0\u1eddng Time Squrare \u2013 NYC<\/figcaption>\n<\/figure>\n<\/li>\n<li class=\"blocks-gallery-item\">\n<figure><img decoding=\"async\" class=\"wp-image-7618\" src=\"http:\/\/ustoursonline.com\/vn\/wp-content\/uploads\/2019\/11\/statue-of-liberty-1392273_640-1024x1024.jpg\" alt=\"\" data-id=\"7618\" data-link=\"http:\/\/ustoursonline.com\/vn\/home-layout-default-traveler\/statue-of-liberty-1392273_640\/\" loading=\"lazy\">\n<figcaption>T\u01b0\u1ee3ng N\u1eef Th\u1ea7n T\u1ef1 Do \u2013 NYC<\/figcaption>\n<\/figure>\n<\/li>\n<li class=\"blocks-gallery-item\">\n<figure><img decoding=\"async\" class=\"wp-image-7619\" src=\"http:\/\/ustoursonline.com\/vn\/wp-content\/uploads\/2019\/11\/universal-studios-1640516_1280-1024x1024.jpg\" alt=\"\" data-id=\"7619\" data-link=\"http:\/\/ustoursonline.com\/vn\/home-layout-default-traveler\/universal-studios-1640516_1280\/\" loading=\"lazy\">\n<figcaption>C\u00f4ng Vi\u00ean Universal Studios Orlando<\/figcaption>\n<\/figure>\n<\/li>\n<li class=\"blocks-gallery-item\">\n<figure><img decoding=\"async\" class=\"wp-image-7620\" src=\"http:\/\/ustoursonline.com\/vn\/wp-content\/uploads\/2019\/11\/las-vegas-1249899_640-1024x1024.jpg\" alt=\"\" data-id=\"7620\" data-link=\"http:\/\/ustoursonline.com\/vn\/home-layout-default-traveler\/las-vegas-1249899_640\/\" loading=\"lazy\">\n<figcaption>\u0110\u01b0\u1eddng Ph\u1ed1 Las Vegas<\/figcaption>\n<\/figure>\n<\/li>\n<li class=\"blocks-gallery-item\">\n<figure><img decoding=\"async\" class=\"wp-image-7621\" src=\"http:\/\/ustoursonline.com\/vn\/wp-content\/uploads\/2019\/11\/canada-river-1024x1024.jpg\" alt=\"\" data-id=\"7621\" data-link=\"http:\/\/ustoursonline.com\/vn\/home-layout-default-traveler\/canada-river\/\" loading=\"lazy\">\n<figcaption>S\u00f4ng Canada<\/figcaption>\n<\/figure>\n<\/li>\n<li class=\"blocks-gallery-item\">\n<figure><img decoding=\"async\" class=\"wp-image-7622\" src=\"http:\/\/ustoursonline.com\/vn\/wp-content\/uploads\/2019\/11\/toronto-canada-1024x1024.jpg\" alt=\"\" data-id=\"7622\" data-link=\"http:\/\/ustoursonline.com\/vn\/home-layout-default-traveler\/toronto-canada\/\" loading=\"lazy\">\n<figcaption>Th\u00e0nh Ph\u1ed1 Toronto-Canada<\/figcaption>\n<\/figure>\n<\/li>\n<li class=\"blocks-gallery-item\">\n<figure><img decoding=\"async\" class=\"wp-image-7623\" src=\"http:\/\/ustoursonline.com\/vn\/wp-content\/uploads\/2019\/11\/Ny-DT-1024x1024.jpg\" alt=\"\" data-id=\"7623\" data-link=\"http:\/\/ustoursonline.com\/vn\/home-layout-default-traveler\/ny-dt\/\" loading=\"lazy\">\n<figcaption>Th\u00e0nh Ph\u1ed1 New York \u2013 Manhanta<\/figcaption>\n<\/figure>\n<\/li>\n<\/ul>\n<\/div>\n<p><\/p><br>\n\u00a0\n<p>[\/vc_column_text][\/vc_column][\/vc_row]<\/p>\n<\/body><\/section>","protected":false},"excerpt":{"rendered":"<p>[vc_row][vc_column][vc_column_text][\/vc_column_text][\/vc_column][\/vc_row][vc_row content_placement=\u201dmiddle\u201d row_fullwidth=\u201dyes\u201d el_id=\u201dheader-bg\u201d][vc_column css=\u201d.vc_custom_1548876898417{margin-top: -7.2em !important;padding-bottom: 100px !important;}\u201d][vc_column_text css=\u201d.vc_custom_1548863256141{margin-bottom: 25px !important;}\u201d] [\/vc_column_text][\/vc_column][\/vc_row][vc_row css=\u201d.vc_custom_1548876986120{padding-bottom: 50px !important;}\u201d][vc_column width=\u201d1\/3\u2033 css=\u201d.vc_custom_1422952331196{margin-top: 30px !important;margin-bottom: 30px !important;}\u201d][\/vc_column][vc_column width=\u201d1\/3\u2033 css=\u201d.vc_custom_1422952312242{margin-top: 30px !important;margin-bottom: 30px !important;}\u201d][\/vc_column][vc_column width=\u201d1\/3\u2033 css=\u201d.vc_custom_1422952303227{margin-top: 30px !important;margin-bottom: 30px !important;}\u201d][\/vc_column][\/vc_row][vc_row][vc_column][vc_column_text] M\u1ed8T S\u1ed0 H\u00ccNH \u1ea2NH TRONG TOURS DU L\u1ecaCH M\u1ef8 V\u00c0 CANADA C\u1ea7u K\u00ednh \u2013 Grand Canyon C\u1ea7u C\u1ed5ng V\u00e0ng \u2013 SF [&#8230;]<\/p>\n","protected":false},"author":1,"featured_media":0,"parent":0,"menu_order":0,"comment_status":"closed","ping_status":"closed","template":"template-home.php","meta":{"nf_dc_page":"","footnotes":""},"class_list":["post-1199","page","type-page","status-publish","hentry"],"yoast_head":"<!-- This site is optimized with the Yoast SEO plugin v25.1 - https:\/\/yoast.com\/wordpress\/plugins\/seo\/ -->\n<title>Home<\/title>\n<meta name=\"robots\" content=\"index, follow, max-snippet:-1, max-image-preview:large, max-video-preview:-1\" \/>\n<link rel=\"canonical\" href=\"https:\/\/gialinhtravel.com\/vn\/\" \/>\n<meta property=\"og:locale\" content=\"en_US\" \/>\n<meta property=\"og:type\" content=\"article\" \/>\n<meta property=\"og:title\" content=\"Home\" \/>\n<meta property=\"og:description\" content=\"[vc_row][vc_column][vc_column_text][\/vc_column_text][\/vc_column][\/vc_row][vc_row content_placement=\u201dmiddle\u201d row_fullwidth=\u201dyes\u201d el_id=\u201dheader-bg\u201d][vc_column css=\u201d.vc_custom_1548876898417{margin-top: -7.2em !important;padding-bottom: 100px !important;}\u201d][vc_column_text css=\u201d.vc_custom_1548863256141{margin-bottom: 25px !important;}\u201d] [\/vc_column_text][\/vc_column][\/vc_row][vc_row css=\u201d.vc_custom_1548876986120{padding-bottom: 50px !important;}\u201d][vc_column width=\u201d1\/3\u2033 css=\u201d.vc_custom_1422952331196{margin-top: 30px !important;margin-bottom: 30px !important;}\u201d][\/vc_column][vc_column width=\u201d1\/3\u2033 css=\u201d.vc_custom_1422952312242{margin-top: 30px !important;margin-bottom: 30px !important;}\u201d][\/vc_column][vc_column width=\u201d1\/3\u2033 css=\u201d.vc_custom_1422952303227{margin-top: 30px !important;margin-bottom: 30px !important;}\u201d][\/vc_column][\/vc_row][vc_row][vc_column][vc_column_text] M\u1ed8T S\u1ed0 H\u00ccNH \u1ea2NH TRONG TOURS DU L\u1ecaCH M\u1ef8 V\u00c0 CANADA C\u1ea7u K\u00ednh \u2013 Grand Canyon C\u1ea7u C\u1ed5ng V\u00e0ng \u2013 SF [...]\" \/>\n<meta property=\"og:url\" content=\"https:\/\/gialinhtravel.com\/vn\/\" \/>\n<meta property=\"og:site_name\" content=\"Gia Linh Travel\" \/>\n<meta property=\"article:modified_time\" content=\"2023-02-22T03:06:52+00:00\" \/>\n<meta property=\"og:image\" content=\"http:\/\/ustoursonline.com\/vn\/wp-content\/uploads\/2019\/11\/skywalk-1037096_1280-1024x1024.jpg\" \/>\n<meta name=\"twitter:card\" content=\"summary_large_image\" \/>\n<meta name=\"twitter:label1\" content=\"Est. reading time\" \/>\n\t<meta name=\"twitter:data1\" content=\"3 minutes\" \/>\n<script type=\"application\/ld+json\" class=\"yoast-schema-graph\">{\"@context\":\"https:\/\/schema.org\",\"@graph\":[{\"@type\":\"WebPage\",\"@id\":\"https:\/\/gialinhtravel.com\/vn\/\",\"url\":\"https:\/\/gialinhtravel.com\/vn\/\",\"name\":\"Home\",\"isPartOf\":{\"@id\":\"https:\/\/gialinhtravel.com\/vn\/#website\"},\"primaryImageOfPage\":{\"@id\":\"https:\/\/gialinhtravel.com\/vn\/#primaryimage\"},\"image\":{\"@id\":\"https:\/\/gialinhtravel.com\/vn\/#primaryimage\"},\"thumbnailUrl\":\"http:\/\/ustoursonline.com\/vn\/wp-content\/uploads\/2019\/11\/skywalk-1037096_1280-1024x1024.jpg\",\"datePublished\":\"2015-05-30T04:07:05+00:00\",\"dateModified\":\"2023-02-22T03:06:52+00:00\",\"breadcrumb\":{\"@id\":\"https:\/\/gialinhtravel.com\/vn\/#breadcrumb\"},\"inLanguage\":\"en-US\",\"potentialAction\":[{\"@type\":\"ReadAction\",\"target\":[\"https:\/\/gialinhtravel.com\/vn\/\"]}]},{\"@type\":\"ImageObject\",\"inLanguage\":\"en-US\",\"@id\":\"https:\/\/gialinhtravel.com\/vn\/#primaryimage\",\"url\":\"http:\/\/ustoursonline.com\/vn\/wp-content\/uploads\/2019\/11\/skywalk-1037096_1280-1024x1024.jpg\",\"contentUrl\":\"http:\/\/ustoursonline.com\/vn\/wp-content\/uploads\/2019\/11\/skywalk-1037096_1280-1024x1024.jpg\"},{\"@type\":\"BreadcrumbList\",\"@id\":\"https:\/\/gialinhtravel.com\/vn\/#breadcrumb\",\"itemListElement\":[{\"@type\":\"ListItem\",\"position\":1,\"name\":\"Home\",\"item\":\"https:\/\/gialinhtravel.com\/vn\/\"},{\"@type\":\"ListItem\",\"position\":2,\"name\":\"Home\"}]},{\"@type\":\"WebSite\",\"@id\":\"https:\/\/gialinhtravel.com\/vn\/#website\",\"url\":\"https:\/\/gialinhtravel.com\/vn\/\",\"name\":\"Gia Linh Travel\",\"description\":\"Ng\u1eafm nh\u00ecn v\u1ebb \u0111\u1eb9p ch\u00e2n th\u1ef1c to\u00e0n th\u1ebf gi\u1edbi\",\"potentialAction\":[{\"@type\":\"SearchAction\",\"target\":{\"@type\":\"EntryPoint\",\"urlTemplate\":\"https:\/\/gialinhtravel.com\/vn\/?s={search_term_string}\"},\"query-input\":{\"@type\":\"PropertyValueSpecification\",\"valueRequired\":true,\"valueName\":\"search_term_string\"}}],\"inLanguage\":\"en-US\"}]}<\/script>\n<!-- \/ Yoast SEO plugin. -->","yoast_head_json":{"title":"Home","robots":{"index":"index","follow":"follow","max-snippet":"max-snippet:-1","max-image-preview":"max-image-preview:large","max-video-preview":"max-video-preview:-1"},"canonical":"https:\/\/gialinhtravel.com\/vn\/","og_locale":"en_US","og_type":"article","og_title":"Home","og_description":"[vc_row][vc_column][vc_column_text][\/vc_column_text][\/vc_column][\/vc_row][vc_row content_placement=\u201dmiddle\u201d row_fullwidth=\u201dyes\u201d el_id=\u201dheader-bg\u201d][vc_column css=\u201d.vc_custom_1548876898417{margin-top: -7.2em !important;padding-bottom: 100px !important;}\u201d][vc_column_text css=\u201d.vc_custom_1548863256141{margin-bottom: 25px !important;}\u201d] [\/vc_column_text][\/vc_column][\/vc_row][vc_row css=\u201d.vc_custom_1548876986120{padding-bottom: 50px !important;}\u201d][vc_column width=\u201d1\/3\u2033 css=\u201d.vc_custom_1422952331196{margin-top: 30px !important;margin-bottom: 30px !important;}\u201d][\/vc_column][vc_column width=\u201d1\/3\u2033 css=\u201d.vc_custom_1422952312242{margin-top: 30px !important;margin-bottom: 30px !important;}\u201d][\/vc_column][vc_column width=\u201d1\/3\u2033 css=\u201d.vc_custom_1422952303227{margin-top: 30px !important;margin-bottom: 30px !important;}\u201d][\/vc_column][\/vc_row][vc_row][vc_column][vc_column_text] M\u1ed8T S\u1ed0 H\u00ccNH \u1ea2NH TRONG TOURS DU L\u1ecaCH M\u1ef8 V\u00c0 CANADA C\u1ea7u K\u00ednh \u2013 Grand Canyon C\u1ea7u C\u1ed5ng V\u00e0ng \u2013 SF [...]","og_url":"https:\/\/gialinhtravel.com\/vn\/","og_site_name":"Gia Linh Travel","article_modified_time":"2023-02-22T03:06:52+00:00","og_image":[{"url":"http:\/\/ustoursonline.com\/vn\/wp-content\/uploads\/2019\/11\/skywalk-1037096_1280-1024x1024.jpg","type":"","width":"","height":""}],"twitter_card":"summary_large_image","twitter_misc":{"Est. reading time":"3 minutes"},"schema":{"@context":"https:\/\/schema.org","@graph":[{"@type":"WebPage","@id":"https:\/\/gialinhtravel.com\/vn\/","url":"https:\/\/gialinhtravel.com\/vn\/","name":"Home","isPartOf":{"@id":"https:\/\/gialinhtravel.com\/vn\/#website"},"primaryImageOfPage":{"@id":"https:\/\/gialinhtravel.com\/vn\/#primaryimage"},"image":{"@id":"https:\/\/gialinhtravel.com\/vn\/#primaryimage"},"thumbnailUrl":"http:\/\/ustoursonline.com\/vn\/wp-content\/uploads\/2019\/11\/skywalk-1037096_1280-1024x1024.jpg","datePublished":"2015-05-30T04:07:05+00:00","dateModified":"2023-02-22T03:06:52+00:00","breadcrumb":{"@id":"https:\/\/gialinhtravel.com\/vn\/#breadcrumb"},"inLanguage":"en-US","potentialAction":[{"@type":"ReadAction","target":["https:\/\/gialinhtravel.com\/vn\/"]}]},{"@type":"ImageObject","inLanguage":"en-US","@id":"https:\/\/gialinhtravel.com\/vn\/#primaryimage","url":"http:\/\/ustoursonline.com\/vn\/wp-content\/uploads\/2019\/11\/skywalk-1037096_1280-1024x1024.jpg","contentUrl":"http:\/\/ustoursonline.com\/vn\/wp-content\/uploads\/2019\/11\/skywalk-1037096_1280-1024x1024.jpg"},{"@type":"BreadcrumbList","@id":"https:\/\/gialinhtravel.com\/vn\/#breadcrumb","itemListElement":[{"@type":"ListItem","position":1,"name":"Home","item":"https:\/\/gialinhtravel.com\/vn\/"},{"@type":"ListItem","position":2,"name":"Home"}]},{"@type":"WebSite","@id":"https:\/\/gialinhtravel.com\/vn\/#website","url":"https:\/\/gialinhtravel.com\/vn\/","name":"Gia Linh Travel","description":"Ng\u1eafm nh\u00ecn v\u1ebb \u0111\u1eb9p ch\u00e2n th\u1ef1c to\u00e0n th\u1ebf gi\u1edbi","potentialAction":[{"@type":"SearchAction","target":{"@type":"EntryPoint","urlTemplate":"https:\/\/gialinhtravel.com\/vn\/?s={search_term_string}"},"query-input":{"@type":"PropertyValueSpecification","valueRequired":true,"valueName":"search_term_string"}}],"inLanguage":"en-US"}]}},"_links":{"self":[{"href":"https:\/\/gialinhtravel.com\/vn\/wp-json\/wp\/v2\/pages\/1199","targetHints":{"allow":["GET"]}}],"collection":[{"href":"https:\/\/gialinhtravel.com\/vn\/wp-json\/wp\/v2\/pages"}],"about":[{"href":"https:\/\/gialinhtravel.com\/vn\/wp-json\/wp\/v2\/types\/page"}],"author":[{"embeddable":true,"href":"https:\/\/gialinhtravel.com\/vn\/wp-json\/wp\/v2\/users\/1"}],"replies":[{"embeddable":true,"href":"https:\/\/gialinhtravel.com\/vn\/wp-json\/wp\/v2\/comments?post=1199"}],"version-history":[{"count":5,"href":"https:\/\/gialinhtravel.com\/vn\/wp-json\/wp\/v2\/pages\/1199\/revisions"}],"predecessor-version":[{"id":2209,"href":"https:\/\/gialinhtravel.com\/vn\/wp-json\/wp\/v2\/pages\/1199\/revisions\/2209"}],"wp:attachment":[{"href":"https:\/\/gialinhtravel.com\/vn\/wp-json\/wp\/v2\/media?parent=1199"}],"curies":[{"name":"wp","href":"https:\/\/api.w.org\/{rel}","templated":true}]}}