{"id":5925,"date":"2016-01-09T04:49:39","date_gmt":"2016-01-09T04:49:39","guid":{"rendered":"https:\/\/gialinhtravel.com\/espanol\/?page_id=5925"},"modified":"2016-01-09T08:34:06","modified_gmt":"2016-01-09T08:34:06","slug":"operadores-socios-turisticos","status":"publish","type":"page","link":"https:\/\/gialinhtravel.com\/espanol\/sobre-nosotros\/operadores-socios-turisticos\/","title":{"rendered":"Operadores Socios Tur\u00edsticos"},"content":{"rendered":"<body><p>Estamos en todo momento de que se trate de trabajar con operadores tur\u00edsticos que comparten nuestro m\u00e9todo con el turismo, como se describe en nuestra \u2018Pol\u00edtica Firm\u2019, y nuestro compromiso con la m\u00e1xima calidad y el comportamiento moral.<br>\nElegimos un acuerdo de asociaci\u00f3n basada principalmente en la creencia mutua y beneficio rec\u00edproco, y estamos c\u00f3modos para colaborar en una variedad de maneras.<\/p>\n<p>Como mayorista<\/p>\n<p>Somos una empresa de recorrido adaptado ofrece tours de calidad superior de alto y vacaciones en Vietnam, Laos y Camboya. Nosotros le proporcionaremos con un recorrido por un peque\u00f1o grupo, una pareja o una persona, personalizado a la orden y descontado del precio que podr\u00edamos aplicar para una venta al por menor. Para un presupuesto, s\u00f3lo tiene que datos de buques de sus compradores y sus intereses. Te enviaremos un itinerario completo y precio dentro de las 24 horas. Las modificaciones posteriores, probablemente se har\u00e1n sin costo para el trabajo que implica.<br>\nAlternativamente, podemos dise\u00f1ar un itinerario bonito, por lo que usted puede poner debajo de su nombre de marca.<br>\nEn ambos casos, nos gustar\u00eda contar con operamos como su controlador de suelo, garantizando as\u00ed que la experiencia de sus visitantes es tema para nuestros altos niveles de control de calidad.<\/p>\n<p>Como comprador<\/p>\n<p>Estamos fascinados por el aumento de nuestra zona de operaciones en el sudeste asi\u00e1tico. Idealmente, estamos a favor de trabajar con peque\u00f1as o medianas empresas que pueden ofrecer \u201cone-off \u2018, productos de buena calidad. Para nosotros, un aspecto fundamental en cualquier acuerdo de trabajo es el tiempo de respuesta de un posible asociado. Trabajamos sobre una base respuesta veinticuatro horas, por lo que contamos con una \u201crespuesta el mismo d\u00eda \u2018servicio.<\/p>\n<p>Si usted desea saber m\u00e1s sobre Gia Linh, por favor p\u00f3ngase en contacto con nosotros. Como le ve, no tenemos otras condiciones espec\u00edficas, por lo que damos la bienvenida a cualquier empresa con conceptos contempor\u00e1neos y un enfoque progresivo.<\/p>\n<\/body>","protected":false},"excerpt":{"rendered":"<p>Estamos en todo momento de que se trate de trabajar con operadores tur\u00edsticos que comparten nuestro m\u00e9todo con el turismo, como se describe en nuestra \u2018Pol\u00edtica Firm\u2019, y nuestro compromiso con la m\u00e1xima calidad y el comportamiento moral. Elegimos un acuerdo de asociaci\u00f3n basada principalmente en la creencia mutua y beneficio rec\u00edproco, y estamos c\u00f3modos [&hellip;]<\/p>\n","protected":false},"author":2,"featured_media":0,"parent":2676,"menu_order":0,"comment_status":"closed","ping_status":"closed","template":"","meta":{"nf_dc_page":"","footnotes":""},"class_list":["post-5925","page","type-page","status-publish","hentry"],"_links":{"self":[{"href":"https:\/\/gialinhtravel.com\/espanol\/wp-json\/wp\/v2\/pages\/5925","targetHints":{"allow":["GET"]}}],"collection":[{"href":"https:\/\/gialinhtravel.com\/espanol\/wp-json\/wp\/v2\/pages"}],"about":[{"href":"https:\/\/gialinhtravel.com\/espanol\/wp-json\/wp\/v2\/types\/page"}],"author":[{"embeddable":true,"href":"https:\/\/gialinhtravel.com\/espanol\/wp-json\/wp\/v2\/users\/2"}],"replies":[{"embeddable":true,"href":"https:\/\/gialinhtravel.com\/espanol\/wp-json\/wp\/v2\/comments?post=5925"}],"version-history":[{"count":3,"href":"https:\/\/gialinhtravel.com\/espanol\/wp-json\/wp\/v2\/pages\/5925\/revisions"}],"predecessor-version":[{"id":5967,"href":"https:\/\/gialinhtravel.com\/espanol\/wp-json\/wp\/v2\/pages\/5925\/revisions\/5967"}],"up":[{"embeddable":true,"href":"https:\/\/gialinhtravel.com\/espanol\/wp-json\/wp\/v2\/pages\/2676"}],"wp:attachment":[{"href":"https:\/\/gialinhtravel.com\/espanol\/wp-json\/wp\/v2\/media?parent=5925"}],"curies":[{"name":"wp","href":"https:\/\/api.w.org\/{rel}","templated":true}]}}