{"id":5923,"date":"2016-01-09T04:48:52","date_gmt":"2016-01-09T04:48:52","guid":{"rendered":"https:\/\/gialinhtravel.com\/espanol\/?page_id=5923"},"modified":"2016-01-09T08:28:15","modified_gmt":"2016-01-09T08:28:15","slug":"se-preocupa-por-su-privacidad","status":"publish","type":"page","link":"https:\/\/gialinhtravel.com\/espanol\/sobre-nosotros\/se-preocupa-por-su-privacidad\/","title":{"rendered":"Se preocupa por su privacidad?"},"content":{"rendered":"<body><p>\u00a1Nosotros somos! Aqu\u00ed es lo que hacemos para protegerlo.<\/p>\n<p>Su oferta de correo electr\u00f3nico con o alguna otra informaci\u00f3n que usted nos da se utiliza s\u00f3lo para la correspondencia relativa a sus vacaciones o tour \u2013 Viaje con Gia Linh no contrata, el comercio, o promover la informaci\u00f3n privada que usted proporcione bajo ninguna circunstancia.<br>\nAparte de cumplir con el requisito de las empresas de aplicaci\u00f3n de la regulaci\u00f3n y la inmigraci\u00f3n, de conformidad con la ley vietnamita e internacional, y la informaci\u00f3n necesaria para los subcontratistas para cumplir con sus tareas, nada de lo que nos informa nunca ser\u00e1 divulgado o hecho accesible a cualquier tercera reuni\u00f3n social sin su permiso agudo.<\/p>\n<p>Nos pondremos en contacto con usted despu\u00e9s de su viaje y le solicitamos retroalimentaci\u00f3n. Aparte de buscar informaci\u00f3n para mejorar la calidad de nuestros servicios, vamos a pedirle permiso para citar una frase o dos en nuestro sitio web en l\u00ednea de una manera que pueda asegurarse de que usted sigue siendo totalmente an\u00f3nima. La elecci\u00f3n para que nos ayude en este enfoque es exclusivamente suya \u2013 esta petici\u00f3n no le coloque bajo ninguna obligaci\u00f3n.<\/p>\n<p>Tambi\u00e9n podemos pedir para aquellos que est\u00e9n dispuestos a responder de tel\u00e9fono o correo electr\u00f3nico las solicitudes de clientes potenciales en busca de afirmaci\u00f3n de nuestra probidad. Han sido que esto ocurra, nos comuniquemos con la autorizaci\u00f3n previa a la liberaci\u00f3n de todos los datos de contacto del solicitante ti. El contenido textual de la p\u00e1gina web que ofrecen este servicio incorporar\u00e1 una abstenci\u00f3n de cualquier responsabilidad de su parte. Como el anterior, este pedido no le coloque debajo de cualquier obligaci\u00f3n \u2013 no dude en decir \u201cno\u201d.<\/p>\n<p>Al utilizar este pagina Web, asumimos su consentimiento para proporcionar la informaci\u00f3n no p\u00fablica que se requiere para dise\u00f1ar y gestionar sus vacaciones o gira.<\/p>\n<p>Web Trends Reside se utiliza para investigar los visitantes del sitio a este sitio de Internet. Web Tendencias en vivo no crea perfiles de persona en particular para los visitantes. A diferencia de algunos servicios de seguimiento web Tendencias Reside no tiene una base de datos de perfiles de personas particulares para cada visitante. Web Trends permanencia \u00fanicamente recoge datos de mezcla.<\/p>\n<p>En caso de ser necesaria cualquier cambio a esta pol\u00edtica, que se publicar\u00e1n en esta p\u00e1gina.<\/p>\n<\/body>","protected":false},"excerpt":{"rendered":"<p>\u00a1Nosotros somos! Aqu\u00ed es lo que hacemos para protegerlo. Su oferta de correo electr\u00f3nico con o alguna otra informaci\u00f3n que usted nos da se utiliza s\u00f3lo para la correspondencia relativa a sus vacaciones o tour \u2013 Viaje con Gia Linh no contrata, el comercio, o promover la informaci\u00f3n privada que usted proporcione bajo ninguna circunstancia. [&hellip;]<\/p>\n","protected":false},"author":2,"featured_media":0,"parent":2676,"menu_order":0,"comment_status":"closed","ping_status":"closed","template":"","meta":{"nf_dc_page":"","footnotes":""},"class_list":["post-5923","page","type-page","status-publish","hentry"],"_links":{"self":[{"href":"https:\/\/gialinhtravel.com\/espanol\/wp-json\/wp\/v2\/pages\/5923","targetHints":{"allow":["GET"]}}],"collection":[{"href":"https:\/\/gialinhtravel.com\/espanol\/wp-json\/wp\/v2\/pages"}],"about":[{"href":"https:\/\/gialinhtravel.com\/espanol\/wp-json\/wp\/v2\/types\/page"}],"author":[{"embeddable":true,"href":"https:\/\/gialinhtravel.com\/espanol\/wp-json\/wp\/v2\/users\/2"}],"replies":[{"embeddable":true,"href":"https:\/\/gialinhtravel.com\/espanol\/wp-json\/wp\/v2\/comments?post=5923"}],"version-history":[{"count":3,"href":"https:\/\/gialinhtravel.com\/espanol\/wp-json\/wp\/v2\/pages\/5923\/revisions"}],"predecessor-version":[{"id":5964,"href":"https:\/\/gialinhtravel.com\/espanol\/wp-json\/wp\/v2\/pages\/5923\/revisions\/5964"}],"up":[{"embeddable":true,"href":"https:\/\/gialinhtravel.com\/espanol\/wp-json\/wp\/v2\/pages\/2676"}],"wp:attachment":[{"href":"https:\/\/gialinhtravel.com\/espanol\/wp-json\/wp\/v2\/media?parent=5923"}],"curies":[{"name":"wp","href":"https:\/\/api.w.org\/{rel}","templated":true}]}}