{"id":2977,"date":"2015-10-15T08:22:09","date_gmt":"2015-10-15T08:22:09","guid":{"rendered":"https:\/\/gialinhtravel.com\/espanol\/?page_id=2977"},"modified":"2015-11-21T04:40:20","modified_gmt":"2015-11-21T04:40:20","slug":"clima","status":"publish","type":"page","link":"https:\/\/gialinhtravel.com\/espanol\/clima\/","title":{"rendered":"Clima"},"content":{"rendered":"<div class=\"wpb-content-wrapper\"><body><p>[vc_row][vc_column width=\u201d1\/3\u2033][vc_single_image image=\u201d4243\u2033 img_size=\u201d250\u00d7188\u2033 alignment=\u201dcenter\u201d style=\u201dvc_box_border\u201d][vc_column_text][\/vc_column_text][\/vc_column][vc_column width=\u201d1\/3\u2033][vc_single_image image=\u201d4245\u2033 img_size=\u201d250\u00d7188\u2033 alignment=\u201dcenter\u201d style=\u201dvc_box_outline\u201d][vc_column_text][\/vc_column_text][\/vc_column][vc_column width=\u201d1\/3\u2033][vc_single_image image=\u201d4246\u2033 img_size=\u201d250\u00d7188\u2033 alignment=\u201dcenter\u201d style=\u201dvc_box_shadow_3d\u201d][vc_column_text][\/vc_column_text][\/vc_column][vc_column][vc_empty_space][\/vc_column][\/vc_row][vc_row][vc_column][vc_column_text]<\/p>\n<div>\n<p><span style=\"color: #000000;\">Vietnam se ve afectado por los monzones, es por eso que la temperatura media es inferior a los dem\u00e1s pa\u00edses que se encuentran en la misma longitud en Asia. En comparaci\u00f3n con estos pa\u00edses, la temperatura en Vietnam en invierno es m\u00e1s fr\u00edo y en verano menos calor.<\/span><\/p>\n<p><span style=\"color: #000000;\">Bajo la influencia de los monzones, y a\u00fan m\u00e1s debido a la complicada topograf\u00eda, el clima en Vietnam siempre va cambiando de un a\u00f1o, entre los a\u00f1os, o entre las zonas de norte a sur y de bajo a alto). El clima en Vietnam tambi\u00e9n est\u00e1 bajo la desventaja de las condiciones meteorol\u00f3gicas, tales como tifones (tormentas tropicales de baja atm\u00f3sfera en el a\u00f1o), las inundaciones y las sequ\u00edas. Los cuales son una amenaza para la vida y la agricultura de Vietnam.<\/span><\/p>\n<p><span style=\"color: #000000;\">La temperatura en Vietnam es alta. El promedio anual de temperatura oscila \u00a0de 22 \u00b0C a 27\u00b0C. Sin embargo, la temperatura media es diferente en cada lugar. En Hanoi la temperatura promedio es de 23\u00b0C, en \u00a0la Ciudad Ho Chi Minh 26\u00b0C y 25\u00b0C en Hue. Algunos lugares como Sapa y Dalat tienen una temperatura m\u00e1xima de 20\u00b0C en el verano.<\/span><\/p>\n<p><span style=\"color: #000000;\">Cada a\u00f1o hay 100 d\u00edas de lluvia y la precipitaci\u00f3n media es de 1500 a 2000mm. La humedad oscila alrededor del 80%. Las horas de sol son de 1500 a 2000 y el promedio de radiaci\u00f3n solar de 100 Kcal \/cm2 en un a\u00f1o.<\/span><\/p>\n<p><span style=\"color: #000000;\">Los monzones tambi\u00e9n influyen en el clima a los cambios de la humedad tropical. En general, en Vietnam hay dos estaciones, la estaci\u00f3n caliente y de lluvias (de mayo a octubre), y la estaci\u00f3n fr\u00eda (de noviembre a abril). Sin embargo las cuatro estaciones son m\u00e1s evidentes en las provincias del Norte (del Paso Hai Van hacia el norte): Primavera, Verano, Oto\u00f1o, e Invierno.<\/span><\/p>\n<\/div>\n<div align=\"center\">\n<table border=\"1\" width=\"100%\" cellspacing=\"0\" cellpadding=\"0\">\n<tbody>\n<tr>\n<td rowspan=\"2\" width=\"43\"><span style=\"color: #000000;\">\u00a0<\/span><\/td>\n<td colspan=\"2\" width=\"230\">\n<p align=\"center\"><span style=\"color: #000000;\">HANOI<\/span><br>\n<span style=\"color: #000000;\">\u00a0temperatura promedia \u00b0C<\/span><\/p>\n<\/td>\n<td colspan=\"2\" width=\"238\">\n<p align=\"center\"><span style=\"color: #000000;\">DANANG<\/span><br>\n<span style=\"color: #000000;\">\u00a0temperatura promedia \u00b0C<\/span><\/p>\n<\/td>\n<td colspan=\"2\" width=\"202\"><span style=\"color: #000000;\">\u00a0Ciudad HO CHI MINH \u00a0<\/span>\n<p><span style=\"color: #000000;\">temperatura promedia \u00b0C<\/span><\/p><\/td>\n<\/tr>\n<tr>\n<td width=\"88\">\n<p align=\"center\"><span style=\"color: #000000;\">Alto<\/span><\/p>\n<\/td>\n<td width=\"119\">\n<p align=\"center\"><span style=\"color: #000000;\">Bajo<\/span><\/p>\n<\/td>\n<td width=\"111\">\n<p align=\"center\"><span style=\"color: #000000;\">Alto<\/span><\/p>\n<\/td>\n<td width=\"102\">\n<p align=\"center\"><span style=\"color: #000000;\">Bajo<\/span><\/p>\n<\/td>\n<td width=\"103\">\n<p align=\"center\"><span style=\"color: #000000;\">Alto<\/span><\/p>\n<\/td>\n<td width=\"88\">\n<p align=\"center\"><span style=\"color: #000000;\">Bajo<\/span><\/p>\n<\/td>\n<\/tr>\n<tr>\n<td width=\"43\"><span style=\"color: #000000;\">Enero<\/span><\/td>\n<td width=\"88\">\n<p align=\"center\"><span style=\"color: #000000;\">19<\/span><\/p>\n<\/td>\n<td width=\"119\">\n<p align=\"center\"><span style=\"color: #000000;\">14<\/span><\/p>\n<\/td>\n<td width=\"111\">\n<p align=\"center\"><span style=\"color: #000000;\">25<\/span><\/p>\n<\/td>\n<td width=\"102\">\n<p align=\"center\"><span style=\"color: #000000;\">19<\/span><\/p>\n<\/td>\n<td width=\"103\">\n<p align=\"center\"><span style=\"color: #000000;\">32<\/span><\/p>\n<\/td>\n<td width=\"88\">\n<p align=\"center\"><span style=\"color: #000000;\">21<\/span><\/p>\n<\/td>\n<\/tr>\n<tr>\n<td width=\"43\"><span style=\"color: #000000;\">Febrero<\/span><\/td>\n<td width=\"88\">\n<p align=\"center\"><span style=\"color: #000000;\">20<\/span><\/p>\n<\/td>\n<td width=\"119\">\n<p align=\"center\"><span style=\"color: #000000;\">15<\/span><\/p>\n<\/td>\n<td width=\"111\">\n<p align=\"center\"><span style=\"color: #000000;\">26<\/span><\/p>\n<\/td>\n<td width=\"102\">\n<p align=\"center\"><span style=\"color: #000000;\">20<\/span><\/p>\n<\/td>\n<td width=\"103\">\n<p align=\"center\"><span style=\"color: #000000;\">33<\/span><\/p>\n<\/td>\n<td width=\"88\">\n<p align=\"center\"><span style=\"color: #000000;\">23<\/span><\/p>\n<\/td>\n<\/tr>\n<tr>\n<td width=\"43\"><span style=\"color: #000000;\">Marzo<\/span><\/td>\n<td width=\"88\">\n<p align=\"center\"><span style=\"color: #000000;\">23<\/span><\/p>\n<\/td>\n<td width=\"119\">\n<p align=\"center\"><span style=\"color: #000000;\">18<\/span><\/p>\n<\/td>\n<td width=\"111\">\n<p align=\"center\"><span style=\"color: #000000;\">29<\/span><\/p>\n<\/td>\n<td width=\"102\">\n<p align=\"center\"><span style=\"color: #000000;\">22<\/span><\/p>\n<\/td>\n<td width=\"103\">\n<p align=\"center\"><span style=\"color: #000000;\">34<\/span><\/p>\n<\/td>\n<td width=\"88\">\n<p align=\"center\"><span style=\"color: #000000;\">24<\/span><\/p>\n<\/td>\n<\/tr>\n<tr>\n<td width=\"43\"><span style=\"color: #000000;\">Abril<\/span><\/td>\n<td width=\"88\">\n<p align=\"center\"><span style=\"color: #000000;\">27<\/span><\/p>\n<\/td>\n<td width=\"119\">\n<p align=\"center\"><span style=\"color: #000000;\">21<\/span><\/p>\n<\/td>\n<td width=\"111\">\n<p align=\"center\"><span style=\"color: #000000;\">31<\/span><\/p>\n<\/td>\n<td width=\"102\">\n<p align=\"center\"><span style=\"color: #000000;\">23<\/span><\/p>\n<\/td>\n<td width=\"103\">\n<p align=\"center\"><span style=\"color: #000000;\">35<\/span><\/p>\n<\/td>\n<td width=\"88\">\n<p align=\"center\"><span style=\"color: #000000;\">26<\/span><\/p>\n<\/td>\n<\/tr>\n<tr>\n<td width=\"43\"><span style=\"color: #000000;\">Mayo<\/span><\/td>\n<td width=\"88\">\n<p align=\"center\"><span style=\"color: #000000;\">32<\/span><\/p>\n<\/td>\n<td width=\"119\">\n<p align=\"center\"><span style=\"color: #000000;\">24<\/span><\/p>\n<\/td>\n<td width=\"111\">\n<p align=\"center\"><span style=\"color: #000000;\">33<\/span><\/p>\n<\/td>\n<td width=\"102\">\n<p align=\"center\"><span style=\"color: #000000;\">25<\/span><\/p>\n<\/td>\n<td width=\"103\">\n<p align=\"center\"><span style=\"color: #000000;\">34<\/span><\/p>\n<\/td>\n<td width=\"88\">\n<p align=\"center\"><span style=\"color: #000000;\">25<\/span><\/p>\n<\/td>\n<\/tr>\n<tr>\n<td width=\"43\"><span style=\"color: #000000;\">Junio<\/span><\/td>\n<td width=\"88\">\n<p align=\"center\"><span style=\"color: #000000;\">33<\/span><\/p>\n<\/td>\n<td width=\"119\">\n<p align=\"center\"><span style=\"color: #000000;\">26<\/span><\/p>\n<\/td>\n<td width=\"111\">\n<p align=\"center\"><span style=\"color: #000000;\">34<\/span><\/p>\n<\/td>\n<td width=\"102\">\n<p align=\"center\"><span style=\"color: #000000;\">26<\/span><\/p>\n<\/td>\n<td width=\"103\">\n<p align=\"center\"><span style=\"color: #000000;\">32<\/span><\/p>\n<\/td>\n<td width=\"88\">\n<p align=\"center\"><span style=\"color: #000000;\">25<\/span><\/p>\n<\/td>\n<\/tr>\n<tr>\n<td width=\"43\"><span style=\"color: #000000;\">Julio<\/span><\/td>\n<td width=\"88\">\n<p align=\"center\"><span style=\"color: #000000;\">33<\/span><\/p>\n<\/td>\n<td width=\"119\">\n<p align=\"center\"><span style=\"color: #000000;\">26<\/span><\/p>\n<\/td>\n<td width=\"111\">\n<p align=\"center\"><span style=\"color: #000000;\">34<\/span><\/p>\n<\/td>\n<td width=\"102\">\n<p align=\"center\"><span style=\"color: #000000;\">25<\/span><\/p>\n<\/td>\n<td width=\"103\">\n<p align=\"center\"><span style=\"color: #000000;\">32<\/span><\/p>\n<\/td>\n<td width=\"88\">\n<p align=\"center\"><span style=\"color: #000000;\">24<\/span><\/p>\n<\/td>\n<\/tr>\n<tr>\n<td width=\"43\"><span style=\"color: #000000;\">Agosto<\/span><\/td>\n<td width=\"88\">\n<p align=\"center\"><span style=\"color: #000000;\">32<\/span><\/p>\n<\/td>\n<td width=\"119\">\n<p align=\"center\"><span style=\"color: #000000;\">26<\/span><\/p>\n<\/td>\n<td width=\"111\">\n<p align=\"center\"><span style=\"color: #000000;\">34<\/span><\/p>\n<\/td>\n<td width=\"102\">\n<p align=\"center\"><span style=\"color: #000000;\">26<\/span><\/p>\n<\/td>\n<td width=\"103\">\n<p align=\"center\"><span style=\"color: #000000;\">32<\/span><\/p>\n<\/td>\n<td width=\"88\">\n<p align=\"center\"><span style=\"color: #000000;\">24<\/span><\/p>\n<\/td>\n<\/tr>\n<tr>\n<td width=\"43\"><span style=\"color: #000000;\">Septiembre<\/span><\/td>\n<td width=\"88\">\n<p align=\"center\"><span style=\"color: #000000;\">31<\/span><\/p>\n<\/td>\n<td width=\"119\">\n<p align=\"center\"><span style=\"color: #000000;\">25<\/span><\/p>\n<\/td>\n<td width=\"111\">\n<p align=\"center\"><span style=\"color: #000000;\">32<\/span><\/p>\n<\/td>\n<td width=\"102\">\n<p align=\"center\"><span style=\"color: #000000;\">24<\/span><\/p>\n<\/td>\n<td width=\"103\">\n<p align=\"center\"><span style=\"color: #000000;\">31<\/span><\/p>\n<\/td>\n<td width=\"88\">\n<p align=\"center\"><span style=\"color: #000000;\">24<\/span><\/p>\n<\/td>\n<\/tr>\n<tr>\n<td width=\"43\"><span style=\"color: #000000;\">Octubre<\/span><\/td>\n<td width=\"88\">\n<p align=\"center\"><span style=\"color: #000000;\">27<\/span><\/p>\n<\/td>\n<td width=\"119\">\n<p align=\"center\"><span style=\"color: #000000;\">22<\/span><\/p>\n<\/td>\n<td width=\"111\">\n<p align=\"center\"><span style=\"color: #000000;\">30<\/span><\/p>\n<\/td>\n<td width=\"102\">\n<p align=\"center\"><span style=\"color: #000000;\">23<\/span><\/p>\n<\/td>\n<td width=\"103\">\n<p align=\"center\"><span style=\"color: #000000;\">31<\/span><\/p>\n<\/td>\n<td width=\"88\">\n<p align=\"center\"><span style=\"color: #000000;\">24<\/span><\/p>\n<\/td>\n<\/tr>\n<tr>\n<td width=\"43\"><span style=\"color: #000000;\">Noviembre<\/span><\/td>\n<td width=\"88\">\n<p align=\"center\"><span style=\"color: #000000;\">25<\/span><\/p>\n<\/td>\n<td width=\"119\">\n<p align=\"center\"><span style=\"color: #000000;\">19<\/span><\/p>\n<\/td>\n<td width=\"111\">\n<p align=\"center\"><span style=\"color: #000000;\">27<\/span><\/p>\n<\/td>\n<td width=\"102\">\n<p align=\"center\"><span style=\"color: #000000;\">22<\/span><\/p>\n<\/td>\n<td width=\"103\">\n<p align=\"center\"><span style=\"color: #000000;\">31<\/span><\/p>\n<\/td>\n<td width=\"88\">\n<p align=\"center\"><span style=\"color: #000000;\">23<\/span><\/p>\n<\/td>\n<\/tr>\n<tr>\n<td width=\"43\"><span style=\"color: #000000;\">Diciembre<\/span><\/td>\n<td width=\"88\">\n<p align=\"center\"><span style=\"color: #000000;\">22<\/span><\/p>\n<\/td>\n<td width=\"119\">\n<p align=\"center\"><span style=\"color: #000000;\">15<\/span><\/p>\n<\/td>\n<td width=\"111\">\n<p align=\"center\"><span style=\"color: #000000;\">25<\/span><\/p>\n<\/td>\n<td width=\"102\">\n<p align=\"center\"><span style=\"color: #000000;\">19<\/span><\/p>\n<\/td>\n<td width=\"103\">\n<p align=\"center\"><span style=\"color: #000000;\">31<\/span><\/p>\n<\/td>\n<td width=\"88\">\n<p align=\"center\"><span style=\"color: #000000;\">21<\/span><\/p>\n<\/td>\n<\/tr>\n<tr>\n<td width=\"43\"><span style=\"color: #000000;\">\u00a0<\/span><\/td>\n<td width=\"88\"><span style=\"color: #000000;\">\u00a0<\/span><\/td>\n<td width=\"119\"><span style=\"color: #000000;\">\u00a0<\/span><\/td>\n<td width=\"111\"><span style=\"color: #000000;\">\u00a0<\/span><\/td>\n<td width=\"102\"><span style=\"color: #000000;\">\u00a0<\/span><\/td>\n<td width=\"103\"><span style=\"color: #000000;\">\u00a0<\/span><\/td>\n<td width=\"88\"><span style=\"color: #000000;\">\u00a0<\/span><\/td>\n<\/tr>\n<\/tbody>\n<\/table>\n<\/div>\n<p><span style=\"color: #000000;\">Las previsiones meteorol\u00f3gicas son s\u00f3lo de valor para una semana o algo as\u00ed de antemano y aun as\u00ed no son muy fiables. El tiempo promedio es el mejor indicador de lo que cabe esperar en un determinado mes. En cada una de las p\u00e1ginas que describen los patrones clim\u00e1ticos en lugares espec\u00edficos, hay una tabla de temperaturas medias, las precipitaciones, y as\u00ed sucesivamente. Si desea informaci\u00f3n actualizada sobre la situaci\u00f3n meteorol\u00f3gica real en Vietnam, \u00a1por favor, env\u00edenos un e-mail!<\/span><\/p>\n<p><span style=\"color: #000000;\">As\u00ed mismo, seguir de cerca de corto alcance en las previsiones meteorol\u00f3gicas y las advertencias de posibles tormentas. Si hay alg\u00fan riesgo de severas condiciones clim\u00e1ticas, y previa consulta a nuestros visitantes, vamos a reordenar el itinerario o hacer arreglos especiales si hay alg\u00fan riesgo para su seguridad.\u00a1 Afortunadamente, estas situaciones son raras!<\/span>[\/vc_column_text][vc_empty_space][\/vc_column][\/vc_row]<\/p>\n<\/body><\/div>","protected":false},"excerpt":{"rendered":"<p>[vc_row][vc_column width=\u201d1\/3\u2033][vc_single_image image=\u201d4243\u2033 img_size=\u201d250\u00d7188\u2033 alignment=\u201dcenter\u201d style=\u201dvc_box_border\u201d][vc_column_text][\/vc_column_text][\/vc_column][vc_column width=\u201d1\/3\u2033][vc_single_image image=\u201d4245\u2033 img_size=\u201d250\u00d7188\u2033 alignment=\u201dcenter\u201d style=\u201dvc_box_outline\u201d][vc_column_text][\/vc_column_text][\/vc_column][vc_column width=\u201d1\/3\u2033][vc_single_image image=\u201d4246\u2033 img_size=\u201d250\u00d7188\u2033 alignment=\u201dcenter\u201d style=\u201dvc_box_shadow_3d\u201d][vc_column_text][\/vc_column_text][\/vc_column][vc_column][vc_empty_space][\/vc_column][\/vc_row][vc_row][vc_column][vc_column_text] Vietnam se ve afectado por los monzones, es por eso que la temperatura media es inferior a los dem\u00e1s pa\u00edses que se encuentran en la misma longitud en Asia. En comparaci\u00f3n con estos pa\u00edses, la temperatura en Vietnam en [&hellip;]<\/p>\n","protected":false},"author":4,"featured_media":4247,"parent":0,"menu_order":0,"comment_status":"closed","ping_status":"closed","template":"","meta":{"nf_dc_page":"","footnotes":""},"class_list":["post-2977","page","type-page","status-publish","has-post-thumbnail","hentry"],"_links":{"self":[{"href":"https:\/\/gialinhtravel.com\/espanol\/wp-json\/wp\/v2\/pages\/2977","targetHints":{"allow":["GET"]}}],"collection":[{"href":"https:\/\/gialinhtravel.com\/espanol\/wp-json\/wp\/v2\/pages"}],"about":[{"href":"https:\/\/gialinhtravel.com\/espanol\/wp-json\/wp\/v2\/types\/page"}],"author":[{"embeddable":true,"href":"https:\/\/gialinhtravel.com\/espanol\/wp-json\/wp\/v2\/users\/4"}],"replies":[{"embeddable":true,"href":"https:\/\/gialinhtravel.com\/espanol\/wp-json\/wp\/v2\/comments?post=2977"}],"version-history":[{"count":3,"href":"https:\/\/gialinhtravel.com\/espanol\/wp-json\/wp\/v2\/pages\/2977\/revisions"}],"predecessor-version":[{"id":4244,"href":"https:\/\/gialinhtravel.com\/espanol\/wp-json\/wp\/v2\/pages\/2977\/revisions\/4244"}],"wp:featuredmedia":[{"embeddable":true,"href":"https:\/\/gialinhtravel.com\/espanol\/wp-json\/wp\/v2\/media\/4247"}],"wp:attachment":[{"href":"https:\/\/gialinhtravel.com\/espanol\/wp-json\/wp\/v2\/media?parent=2977"}],"curies":[{"name":"wp","href":"https:\/\/api.w.org\/{rel}","templated":true}]}}