{"id":2973,"date":"2015-10-15T08:18:38","date_gmt":"2015-10-15T08:18:38","guid":{"rendered":"https:\/\/gialinhtravel.com\/espanol\/?page_id=2973"},"modified":"2015-11-21T04:28:28","modified_gmt":"2015-11-21T04:28:28","slug":"informaciones-necesarias","status":"publish","type":"page","link":"https:\/\/gialinhtravel.com\/espanol\/informaciones-necesarias\/","title":{"rendered":"Informaciones necesarias"},"content":{"rendered":"<div class=\"wpb-content-wrapper\"><body><p>[vc_row][vc_column width=\u201d1\/3\u2033][vc_single_image image=\u201d4231\u2033 img_size=\u201d250\u00d7188\u2033 alignment=\u201dcenter\u201d style=\u201dvc_box_border\u201d][vc_column_text][\/vc_column_text][\/vc_column][vc_column width=\u201d1\/3\u2033][vc_single_image image=\u201d4232\u2033 img_size=\u201d250\u00d7188\u2033 alignment=\u201dcenter\u201d style=\u201dvc_box_outline\u201d][vc_column_text][\/vc_column_text][\/vc_column][vc_column width=\u201d1\/3\u2033][vc_single_image image=\u201d4233\u2033 img_size=\u201d250\u00d7188\u2033 alignment=\u201dcenter\u201d style=\u201dvc_box_shadow_3d\u201d][vc_column_text][\/vc_column_text][\/vc_column][vc_column][vc_empty_space][\/vc_column][\/vc_row][vc_row][vc_column][vc_column_text]<span style=\"color: #000000;\"><b>Electricidad<\/b><\/span><\/p>\n<p><span style=\"color: #000000;\">El voltaje principal es de 220V, pero en algunas zonas tambi\u00e9n se utiliza el voltaje de 110V<\/span><\/p>\n<p><span style=\"color: #000000;\"><b>Comida<\/b><\/span><\/p>\n<p><span style=\"color: #000000;\">La cocina de Vietnam se presenta una agradable sorpresa a muchos visitantes y es definitivamente una parte de la identidad vietnamita. Una de las caracter\u00edsticas de la comida vietnamita es la frescura de los ingredientes que siempre se compran por la ma\u00f1ana en el mercado. La comida es preparada por lo general con un m\u00ednimo de aceite y se sirve con la salsa de pescado omnipresente llamado Nuoc Mam. Los platos t\u00edpicos incluyen sopa de fideos, rollo de primavera, ensalada de tallos de loto con gambas y cacahuetes. Debido a la fuerte influencia budista en Vietnam, la comida vegetariana est\u00e1 ampliamente disponible.<\/span><\/p>\n<p><span style=\"color: #000000;\"><b>Jornada laboral<\/b><\/span><\/p>\n<p><span style=\"color: #000000;\">Las oficinas est\u00e1n abiertas generalmente de lunes a viernes de 07:30 o 08:00 a 17:00 o 18:00. La hora del almuerzo es entre 11:30 y 13:00. Algunas oficinas tambi\u00e9n est\u00e1n abiertas los s\u00e1bados por la ma\u00f1ana. Las tiendas est\u00e1n abiertas 7 d\u00edas a la semana desde las 7 de la ma\u00f1ana hasta las 10 de la noche.<\/span><\/p>\n<p><span style=\"color: #000000;\"><b>Idioma<\/b><\/span><\/p>\n<p><span style=\"color: #000000;\">El Vietnamita es un idioma tonal con 6 tonos y es dif\u00edcil para la mayor\u00eda de los extranjeros hablar a pesar de la escritura est\u00e1 romantizada. Una palabra puede tener seis diferentes significados dependiendo del tono utilizado para pronunciarse. En las ciudades, el Ingl\u00e9s se est\u00e1 convirtiendo en popular, es hablado por muchos j\u00f3venes. Y algunos de la generaci\u00f3n de m\u00e1s edad todav\u00eda hablan franc\u00e9s con fluidez. Tambi\u00e9n se hablan chino y ruso por una parte minor\u00eda de la poblaci\u00f3n.<\/span><\/p>\n<p><span style=\"color: #000000;\"><b>Moneda<\/b><\/span><\/p>\n<p><span style=\"color: #000000;\">La moneda nacional de Vietnam es el Dong aunque D\u00f3lares estadounidense son aceptados en muchos hoteles, restaurantes y tiendas. Los bancos est\u00e1n abiertos de lunes a viernes y algunos est\u00e1n abiertos los s\u00e1bados por la ma\u00f1ana. En las grandes ciudades, hay casas de cambio y tambi\u00e9n se puede cambiar en los hoteles o en el aeropuerto en mismo momento que llegue. Los cheques de viaje se pueden cambiar en algunos bancos y casas de cambio, pero son dif\u00edciles de cambiar fuera de las grandes ciudades. Tarjeta Visa y Mastercard son aceptadas ahora en muchos hoteles, restaurantes y tiendas pero d\u00f3lares de los EE.UU. en efectivo siguen siendo la forma m\u00e1s fiable de dinero para llevar. Ahora, hay muchos cajeros autom\u00e1ticos instalados en Ciudad Ho Chi Minh y Hanoi.<\/span><\/p>\n<p><span style=\"color: #000000;\"><b>Compras<\/b><\/span><\/p>\n<p><span style=\"color: #000000;\">Los art\u00edculos de recuerdo famosos de Vietnam son los productos de cer\u00e1mica, la seda, sombreros c\u00f3nicos, tejidos de las tribus monta\u00f1osas, art\u00edculos de artesan\u00eda, bordados, joyas de plata, relojes antiguos y pinturas\u2026La ciudad Ho Chi Minh y Hanoi son la mejor opci\u00f3n cuando se trata de una zona comercial, pero Hoi An en el centro de Vietnam tambi\u00e9n es un buen lugar para las compras.<\/span><\/p>\n<p><span style=\"color: #000000;\"><b>Telecomunicaciones<\/b><\/span><\/p>\n<p><span style=\"color: #000000;\">La mayor\u00eda de los hoteles tienen ahora tel\u00e9fonos IDD en las habitaciones y es posible enviar faxes desde los hoteles y las oficinas de correos. Lejos de las grandes ciudades puede que no siempre ser\u00e1 posible hacer llamadas internacionales. Caf\u00e9s Internet se est\u00e1n convirtiendo en popular en las principales ciudades de Vietnam, Camboya y Laos (pero no Myanmar) y muchos viajeros prefieren ahora a mantenerse en contacto por e-mail. Los postales se pueden comprar en todos los principales lugares tur\u00edsticos y sellos est\u00e1n disponibles en las oficinas de correos y algunos mostradores de recepci\u00f3n del hotel. No est\u00e1 permitido traer tel\u00e9fonos m\u00f3viles en Myanmar. Incluso si no est\u00e1n en Myanmar conectarse a la red, tales como GSM, ser\u00e1n confiscados a la llegada al Aeropuerto Internacional de Yang\u00f3n y puesto en libertad s\u00f3lo el d\u00eda de salida.<\/span><\/p>\n<p><span style=\"color: #000000;\"><b>Propinas<\/b><\/span><\/p>\n<p><span style=\"color: #000000;\">La propina para un buen servicio no es de esperar, pero siempre es apreciada. Es habitual expresando la cortes\u00eda a gu\u00edas y conductores al final de la gira o a los porteros en el hotel. Es una cuesti\u00f3n principalmente en el Sur, y especialmente en Ciudad Ho Chi Minh, que en el Sur, unas pocas directrices generales podr\u00edan ser \u00fatiles. En el Norte, las propinas en los restaurantes y hoteles no son necesarias a menos que usted se sienta movido a premiar un buen servicio en particular. A lo largo de Vietnam, es habitual dar a su gu\u00eda la remuneraci\u00f3n \u2013 entre $ 5,00 y $ 10,00 por d\u00eda.<\/span><br>\n<span style=\"color: #000000;\"><b>Agua<\/b><\/span><\/p>\n<p><span style=\"color: #000000;\">No es aconsejable beber agua del grifo en Vietnam, Camboya, Laos o Myanmar, pero el agua mineral embotellada es segura y disponible en todos los lugares. El hielo en las bebidas en general, es de buena calidad en los hoteles y restaurantes pero es mejor evitarlo en puestos callejeros o en las zonas rurales.<\/span>[\/vc_column_text][vc_empty_space][\/vc_column][\/vc_row]<\/p>\n<\/body><\/div>","protected":false},"excerpt":{"rendered":"<p>[vc_row][vc_column width=\u201d1\/3\u2033][vc_single_image image=\u201d4231\u2033 img_size=\u201d250\u00d7188\u2033 alignment=\u201dcenter\u201d style=\u201dvc_box_border\u201d][vc_column_text][\/vc_column_text][\/vc_column][vc_column width=\u201d1\/3\u2033][vc_single_image image=\u201d4232\u2033 img_size=\u201d250\u00d7188\u2033 alignment=\u201dcenter\u201d style=\u201dvc_box_outline\u201d][vc_column_text][\/vc_column_text][\/vc_column][vc_column width=\u201d1\/3\u2033][vc_single_image image=\u201d4233\u2033 img_size=\u201d250\u00d7188\u2033 alignment=\u201dcenter\u201d style=\u201dvc_box_shadow_3d\u201d][vc_column_text][\/vc_column_text][\/vc_column][vc_column][vc_empty_space][\/vc_column][\/vc_row][vc_row][vc_column][vc_column_text]Electricidad El voltaje principal es de 220V, pero en algunas zonas tambi\u00e9n se utiliza el voltaje de 110V Comida La cocina de Vietnam se presenta una agradable sorpresa a muchos visitantes y es definitivamente una parte de la identidad vietnamita. [&hellip;]<\/p>\n","protected":false},"author":4,"featured_media":4234,"parent":0,"menu_order":0,"comment_status":"closed","ping_status":"closed","template":"","meta":{"nf_dc_page":"","footnotes":""},"class_list":["post-2973","page","type-page","status-publish","has-post-thumbnail","hentry"],"_links":{"self":[{"href":"https:\/\/gialinhtravel.com\/espanol\/wp-json\/wp\/v2\/pages\/2973","targetHints":{"allow":["GET"]}}],"collection":[{"href":"https:\/\/gialinhtravel.com\/espanol\/wp-json\/wp\/v2\/pages"}],"about":[{"href":"https:\/\/gialinhtravel.com\/espanol\/wp-json\/wp\/v2\/types\/page"}],"author":[{"embeddable":true,"href":"https:\/\/gialinhtravel.com\/espanol\/wp-json\/wp\/v2\/users\/4"}],"replies":[{"embeddable":true,"href":"https:\/\/gialinhtravel.com\/espanol\/wp-json\/wp\/v2\/comments?post=2973"}],"version-history":[{"count":3,"href":"https:\/\/gialinhtravel.com\/espanol\/wp-json\/wp\/v2\/pages\/2973\/revisions"}],"predecessor-version":[{"id":4235,"href":"https:\/\/gialinhtravel.com\/espanol\/wp-json\/wp\/v2\/pages\/2973\/revisions\/4235"}],"wp:featuredmedia":[{"embeddable":true,"href":"https:\/\/gialinhtravel.com\/espanol\/wp-json\/wp\/v2\/media\/4234"}],"wp:attachment":[{"href":"https:\/\/gialinhtravel.com\/espanol\/wp-json\/wp\/v2\/media?parent=2973"}],"curies":[{"name":"wp","href":"https:\/\/api.w.org\/{rel}","templated":true}]}}