{"id":2971,"date":"2015-10-15T08:17:28","date_gmt":"2015-10-15T08:17:28","guid":{"rendered":"https:\/\/gialinhtravel.com\/espanol\/?page_id=2971"},"modified":"2016-01-07T09:18:20","modified_gmt":"2016-01-07T09:18:20","slug":"visado-a-vietnam","status":"publish","type":"page","link":"https:\/\/gialinhtravel.com\/espanol\/visado-a-vietnam\/","title":{"rendered":"Visado a Vietnam"},"content":{"rendered":"<div class=\"wpb-content-wrapper\"><body><p>[vc_row][vc_column width=\u201d1\/3\u2033][vc_single_image image=\u201d5596\u2033 img_size=\u201d250\u00d7188\u2033 alignment=\u201dcenter\u201d style=\u201dvc_box_border\u201d][vc_column_text][\/vc_column_text][\/vc_column][vc_column width=\u201d1\/3\u2033][vc_single_image image=\u201d5597\u2033 img_size=\u201d250\u00d7188\u2033 alignment=\u201dcenter\u201d style=\u201dvc_box_outline\u201d][vc_column_text][\/vc_column_text][\/vc_column][vc_column width=\u201d1\/3\u2033][vc_single_image image=\u201d5598\u2033 img_size=\u201d250\u00d7188\u2033 alignment=\u201dcenter\u201d style=\u201dvc_box_shadow_3d\u201d][vc_column_text][\/vc_column_text][\/vc_column][vc_column][vc_empty_space][\/vc_column][\/vc_row][vc_row][vc_column][vc_column_text]<span style=\"color: #000000;\"><b>Dividimos nuestros servicios de visado en dos opciones siguientes:<\/b><\/span><\/p>\n<p><span style=\"color: #000000;\"><b>Opci\u00f3n 1:\u00a0<\/b><\/span><br>\n<span style=\"color: #000000;\">Enviamos a usted un formulario de solicitud de informaci\u00f3n b\u00e1sica (nombre, fechas de nacimiento, n\u00fameros de pasaporte,\u00a0etc) por e-mail. Cuando termine de rellenarlo, nos lo mandar\u00e1 de vuelta para nosotros llevarlo a la Oficina de Inmigraci\u00f3n en Hanoi. Despu\u00e9s de aproximadamente siete d\u00edas, recibir\u00e1 un documento de autorizaci\u00f3n enviado por fax a la Embajada Vietnamita en su pa\u00eds. Usted puede enviar su pasaporte por correo a la embajada con un cheque de la tasa de visado, o recogerlo en persona. Ser\u00e1 necesario llamar a la Embajada para poner de acuerdo la hora de la reuni\u00f3n.<\/span><\/p>\n<p><span style=\"color: #000000;\">Para este servicio, se cargar\u00e1 20 d\u00f3lares norteamericanos por persona para cubrir nuestros costos. Esta tasa se puede a\u00f1adir al coste del viaje. La tasa de visado ser\u00e1 de unos 30 d\u00f3lares o 55 d\u00f3lares estadounidenses si usted paga directamente a la Embajada de\u00a0Vietnam\u00a0en su pa\u00eds.<\/span><\/p>\n<p><span style=\"color: #000000;\"><b>Opci\u00f3n 2:\u00a0<\/b><\/span><br>\n<span style=\"color: #000000;\">En el caso de que no haya embajada de\u00a0Vietnam\u00a0en su pa\u00eds, con el fin de reservar o preferir reducir al m\u00ednimo el papeleo, usted puede pedir un proceso de \u00abvisado a la llegada\u00bb. Esto implica el suministro con algunos detalles por adelantado y el cobro de su visado al entrar en\u00a0Vietnam.<\/span><\/p>\n<p><span style=\"color: #000000;\">Es necesario que nos d\u00e9 las informaciones b\u00e1sicas necesarias para aplicar a la Oficina de Inmigraci\u00f3n en Hanoi para un \u201cvisado a su llegada\u00bb. Cuando su documento tenga la autorizaci\u00f3n oficial, se lo enviaremos como un fax, escanear o por e-mail. Hacemos esto para se le pregunte en el aeropuerto de salida. Aunque las compa\u00f1\u00edas a\u00e9reas casi nunca preguntan a un pasajero el visado en la salida, preferimos asegurar de que ning\u00fan cliente de nuestra agencia estar\u00eda inconvenientes antes de realizar su viaje.<\/span><\/p>\n<p><span style=\"color: #000000;\">El proceso de nuestra recepci\u00f3n de informaci\u00f3n y aprobaci\u00f3n de visados toma un m\u00e1ximo de siete d\u00edas sin contar los fines de semana y d\u00edas feriados.<\/span><\/p>\n<p><span style=\"color: #000000;\">Cuando llegue al aeropuerto de Hanoi, completar los tr\u00e1mites\u00a0para obtener su visado.\u00a0Recu\u00e9rdese que cada cliente debe presentar dos\u00a0fotograf\u00edas de pasaporte en color.<\/span><\/p>\n<p><span style=\"color: #000000;\">Para este servicio, se cargar\u00e1 20\u00a0d\u00f3lares de los\u00a0EE.UU\u00a0por persona para el procedimiento de solicitud y asistencia en el aeropuerto, lo que puede ser a\u00f1adido al coste del viaje si lo desea. Usted tendr\u00e1 que pagar otros 45 d\u00f3lares de los\u00a0EE.UU. por cada visado (tipo una sola entrada en un mes) directamente al Departamento de Aduanas en el aeropuerto.<\/span>[\/vc_column_text][vc_empty_space][\/vc_column][\/vc_row]<\/p>\n<\/body><\/div>","protected":false},"excerpt":{"rendered":"<p>[vc_row][vc_column width=\u201d1\/3\u2033][vc_single_image image=\u201d5596\u2033 img_size=\u201d250\u00d7188\u2033 alignment=\u201dcenter\u201d style=\u201dvc_box_border\u201d][vc_column_text][\/vc_column_text][\/vc_column][vc_column width=\u201d1\/3\u2033][vc_single_image image=\u201d5597\u2033 img_size=\u201d250\u00d7188\u2033 alignment=\u201dcenter\u201d style=\u201dvc_box_outline\u201d][vc_column_text][\/vc_column_text][\/vc_column][vc_column width=\u201d1\/3\u2033][vc_single_image image=\u201d5598\u2033 img_size=\u201d250\u00d7188\u2033 alignment=\u201dcenter\u201d style=\u201dvc_box_shadow_3d\u201d][vc_column_text][\/vc_column_text][\/vc_column][vc_column][vc_empty_space][\/vc_column][\/vc_row][vc_row][vc_column][vc_column_text]Dividimos nuestros servicios de visado en dos opciones siguientes: Opci\u00f3n 1:\u00a0 Enviamos a usted un formulario de solicitud de informaci\u00f3n b\u00e1sica (nombre, fechas de nacimiento, n\u00fameros de pasaporte,\u00a0etc) por e-mail. Cuando termine de rellenarlo, nos lo mandar\u00e1 de vuelta para [&hellip;]<\/p>\n","protected":false},"author":4,"featured_media":5599,"parent":0,"menu_order":0,"comment_status":"closed","ping_status":"closed","template":"","meta":{"nf_dc_page":"","footnotes":""},"class_list":["post-2971","page","type-page","status-publish","has-post-thumbnail","hentry"],"_links":{"self":[{"href":"https:\/\/gialinhtravel.com\/espanol\/wp-json\/wp\/v2\/pages\/2971","targetHints":{"allow":["GET"]}}],"collection":[{"href":"https:\/\/gialinhtravel.com\/espanol\/wp-json\/wp\/v2\/pages"}],"about":[{"href":"https:\/\/gialinhtravel.com\/espanol\/wp-json\/wp\/v2\/types\/page"}],"author":[{"embeddable":true,"href":"https:\/\/gialinhtravel.com\/espanol\/wp-json\/wp\/v2\/users\/4"}],"replies":[{"embeddable":true,"href":"https:\/\/gialinhtravel.com\/espanol\/wp-json\/wp\/v2\/comments?post=2971"}],"version-history":[{"count":3,"href":"https:\/\/gialinhtravel.com\/espanol\/wp-json\/wp\/v2\/pages\/2971\/revisions"}],"predecessor-version":[{"id":5600,"href":"https:\/\/gialinhtravel.com\/espanol\/wp-json\/wp\/v2\/pages\/2971\/revisions\/5600"}],"wp:featuredmedia":[{"embeddable":true,"href":"https:\/\/gialinhtravel.com\/espanol\/wp-json\/wp\/v2\/media\/5599"}],"wp:attachment":[{"href":"https:\/\/gialinhtravel.com\/espanol\/wp-json\/wp\/v2\/media?parent=2971"}],"curies":[{"name":"wp","href":"https:\/\/api.w.org\/{rel}","templated":true}]}}