{"id":2938,"date":"2015-10-15T05:06:51","date_gmt":"2015-10-15T05:06:51","guid":{"rendered":"https:\/\/gialinhtravel.com\/espanol\/?page_id=2938"},"modified":"2015-11-03T08:58:45","modified_gmt":"2015-11-03T08:58:45","slug":"periodo-de-libertad","status":"publish","type":"page","link":"https:\/\/gialinhtravel.com\/espanol\/periodo-de-libertad\/","title":{"rendered":"Per\u00edodo de libertad"},"content":{"rendered":"<div class=\"wpb-content-wrapper\"><body><p>[vc_row][vc_column width=\u201d1\/3\u2033][vc_single_image image=\u201d3624\u2033 img_size=\u201d250\u00d7188\u2033 alignment=\u201dcenter\u201d style=\u201dvc_box_border\u201d][vc_column_text][\/vc_column_text][\/vc_column][vc_column width=\u201d1\/3\u2033][vc_single_image image=\u201d3627\u2033 img_size=\u201d250\u00d7188\u2033 alignment=\u201dcenter\u201d style=\u201dvc_box_outline\u201d][vc_column_text][\/vc_column_text][\/vc_column][vc_column width=\u201d1\/3\u2033][vc_single_image image=\u201d3628\u2033 img_size=\u201d250\u00d7188\u2033 alignment=\u201dcenter\u201d style=\u201dvc_box_shadow_3d\u201d][vc_column_text][\/vc_column_text][\/vc_column][vc_column][vc_empty_space][\/vc_column][\/vc_row][vc_row][vc_column][vc_column_text]<span style=\"color: #000000;\">Tiempo de liberaci\u00f3n<\/span><\/p>\n<p><span style=\"color: #000000;\">La ca\u00edda repentina de Saig\u00f3n en abril de 1975 cre\u00f3 las condiciones para un cap\u00edtulo nuevo e incierto en la evoluci\u00f3n de la sociedad vietnamita. El gobierno de\u00a0Hanoi\u00a0tuvo que enfrentar directamente lo que los comunistas han llamado mucho la lucha entre los dos caminos\u00a0del\u00a0socialismo y el capitalismo. Se trataba de la capacidad de traducir su\u00a0\u00e9xito durante la guerra revolucionaria y experiencia socialista en la rehabilitaci\u00f3n de posguerra y la reconstrucci\u00f3n, ahora que controlan el sur territorialmente.<br>\n<\/span><\/p>\n<p><span style=\"color: #000000;\">Entre los imperativos\u00a0del\u00a0r\u00e9gimen es el de restablecer el orden y la estabilidad a la devastada por la guerra del Sur. La pregunta cr\u00edtica, sin embargo, es si o no los conquistadores\u00a0del\u00a0norte podr\u00eda inspirar el sur de la poblaci\u00f3n\u00a0a\u00a0abrazar el comunismo. Inicialmente, Hanoi parece optimista; las dos zonas hab\u00eda m\u00e1s similitudes que diferencias, las diferencias y se espera que sea eliminado como el Sur se encuentran con el Norte en la organizaci\u00f3n socialista.<\/span><\/p>\n<p><span style=\"color: #000000;\">En diciembre de 1975, una publicaci\u00f3n oficial\u00a0del\u00a0Gobierno de\u00a0Vietnam\u00a0retratada como\u00a0dos sociedades distintas e\u00a0incongruentes .\u00a0El Sur se inform\u00f3 de que contin\u00faa sufriendo a causa de lo que los comunistas consideran las influencias neo-colonialistas y la ideolog\u00eda feudal de los Estados Unidos, mientras que el Norte se consider\u00f3 que sirva de medio ambiente progresivo de un n\u00famero cada vez mayor de un nuevo tipo de ser humano socialista, imbuido el patriotismo, internacionalismo proletario, socialista y virtudes. La clase social de explotador se ha eliminado en el Norte, dejando a las clases de trabajadores colectivizados campesinos, intelectuales y socialistas, el \u00faltimo que consta de diversos grupos. En contraste, el Sur se divide en una clase obrera, campesinado, peque\u00f1o burgu\u00e9s, capitalista \u2013 o comprador, y el remanente de una clase terrateniente feudal.<\/span><\/p>\n<p><span style=\"color: #000000;\">En septiembre de 1976, el primer ministro Pham Van Dong declar\u00f3 que sus compatriotas, el Norte y el Sur, son \u201cla traducci\u00f3n de hero\u00edsmo revolucionario que est\u00e1 representada en los combates en el trabajo creativo e<br>\nn la adquisici\u00f3n de la riqueza y la fuerza.\u201d En particular en el sur, la sociedad vieja est\u00e1 experimentando cambios activos como resultados de \u201cmovimientos de agitaci\u00f3n revolucionaria\u201d de los trabajadores, campesinos, j\u00f3venes, mujeres, intelectuales, y otros grupos. En la agricultura por s\u00ed sola, \u201cmillones de personas\u201d que participaron en cientos de miles de hect\u00e1reas de cultivo y en la construcci\u00f3n de dragado o miles de kil\u00f3metros de canales y zanjas.<\/span><\/p>\n<p><span style=\"color: #000000;\">De todas las indicaciones, sin embargo, estos cambios se produjeron a trav\u00e9s de la coacci\u00f3n\u00a0m\u00e1s que voluntad. En las propias palabras, el partido ha puesto en marcha \u201cdistintas pol\u00edticas encaminadas\u00a0a\u00a0eliminar el comprador capitalistas, y para acabar con todos los vestigios de la explotaci\u00f3n feudal.\u201d Estas pol\u00edticas radicalmente la remodelaci\u00f3n de la \u00e9lite\u00a0del\u00a0poder a fin de que la sentencia m\u00e1quina fue controlada colectivamente por la supuesta vanguardia de la clase obrera \u2013 el partido \u2013 y de\u00a0los altos\u00a0dirigentes\u00a0del\u00a0partido que eran en su mayor\u00eda\u00a0del\u00a0norte.\u00a0<\/span><\/p>\n<p><span style=\"color: #000000;\">En su b\u00fasqueda de un orden socialista nuevo en el Sur,\u00a0Hanoi\u00a0se bas\u00f3 en otras t\u00e9cnicas, aparte de la transformaci\u00f3n econ\u00f3mica socialista y la educaci\u00f3n socialista. Estos incluyen la reforma de pensamiento, reasentamiento de la poblaci\u00f3n, y el exilio interior, as\u00ed\u00a0como\u00a0la vigilancia y la movilizaci\u00f3n de masas. Partido patrocinado por \u201csesiones de estudio\u201d eran obligatorias para todos los adultos. Para la ex \u00e9lite del r\u00e9gimen de Saig\u00f3n, una forma de adoctrinamiento m\u00e1s rigurosa se utiliz\u00f3; cientos de miles de ex oficiales militares, bur\u00f3cratas, pol\u00edticos, religiosos y l\u00edderes laborales, acad\u00e9micos, intelectuales y abogados, as\u00ed como los cr\u00edticos del nuevo r\u00e9gimen recibieron la orden de \u201ccampamentos de reeducaci\u00f3n\u201d por per\u00edodos variables. En medio de 1985, el gobierno de Hanoi admiti\u00f3 que a\u00fan posee sobre 10000 reclusos en los campamentos de reeducaci\u00f3n, pero el n\u00famero real se cree que al menos 40000. En 1982 hab\u00eda alrededor de 120000 vietnamita en estos campamentos. De acuerdo con un observador brillante de Am\u00e9rica, los reclusos se enfrentan trabajo duro, pero s\u00f3lo rara vez la tortura o la ejecuci\u00f3n.<\/span><\/p>\n<p><span style=\"color: #000000;\">Poblaci\u00f3n de reasentamiento o de redistribuci\u00f3n, aunque anunciada por motivos econ\u00f3micos, result\u00f3 ser otro instrumento de control social en el encubrimiento. Se trata de un medio de aliviar las tensiones en las ciudades congestionadas, que se cargan con los desempleados y las personas socialmente desplazadas, incluso despu\u00e9s de que la<br>\nmayor\u00eda de los campesinos refugiados hab\u00edan sido repatriados a sus pueblos de nacimiento. Estos refugiados han engrosado la poblaci\u00f3n\u00a0urbana\u00a0al 45 por ciento\u00a0del\u00a0total\u00a0del\u00a0sur en 1975 (hasta de 33 por ciento en 1970). Las autoridades trataron de abordar el problema de la congesti\u00f3n urbana por el traslado de muchos de los desempleados metropolitanas en las nuevas zonas econ\u00f3micas apresuradamente creado en tierras v\u00edrgenes, a menudo infestadas de malaria de selvas, como parte de un esfuerzo m\u00e1s amplio para impulsar la producci\u00f3n agr\u00edcola. En 1975 y 1976, m\u00e1s de 600000 personas se trasladaron desde la ciudad Ho Chi Minh\u00a0a\u00a0estas zonas, en la mayor\u00eda de los casos, al parecer, contra su voluntad. Debido a las apenas tolerable de las condiciones de vida en los asentamientos nuevos, un n\u00famero considerable de personas que escaparon o sobornado su camino de regreso a la ciudad. Las zonas econ\u00f3micas nuevas llegaron a ser ampliamente percibidos\u00a0como\u00a0lugares de exilio interior. De hecho, las autoridades se dice que han utilizado la amenaza de exilio\u00a0a\u00a0esos lugares contra los que se negaron a obedecer instrucciones de parte o de participar en las actividades de las organizaciones de masas.<\/span><\/p>\n<p><span style=\"color: #000000;\">La vigilancia es una herramienta familiar\u00a0del\u00a0r\u00e9gimen, que se empe\u00f1an en purgar todos los enemigos de clase. Contrarrevolucionarios, reales y presuntos, fueron internados en campos de reforma o campamentos de trabajo forzado que se establecieron por separado de las nuevas zonas econ\u00f3micas en varias zonas fronterizas y otras regiones subdesarrolladas.<\/span><\/p>\n<p><span style=\"color: #000000;\">El gobierno de\u00a0Hanoi\u00a0ha afirmado que ni una sola ejecuci\u00f3n pol\u00edtica tuvo lugar en el sur despu\u00e9s de 1975, incluso en casos de cr\u00edmenes graves de guerra. En general, la afirmaci\u00f3n de prensa extranjera corroborada por la presentaci\u00f3n de informes en 1975 que no parec\u00eda haber abierto la indicaci\u00f3n\u00a0del\u00a0ba\u00f1o de sangre que muchos observadores occidentales hab\u00eda predicho que se producen a ra\u00edz de la toma comunista. Algunos observadores occidentales, sin embargo, han estimado que hasta 65.000 personas del Sur pueden haber sido ejecutados.<\/span><\/p>\n<p><span style=\"color: #000000;\">En marzo de 1982, el Partido Comunista de Viet Nam (PCV) convoc\u00f3 su quinto Congreso del Partido Nacional para evaluar sus logros desde 1976 y para delinear sus tareas principales para el 1980. El congreso es revelador aunque s\u00f3lo sea por su sombr\u00edo reconocimiento de que el optimismo revolucionario no puede sustituir para el sentido com\u00fan. A pesar de controles sociales r\u00edgidos y la movilizaci\u00f3n de masas, el partido cay\u00f3 muy por debajo de sus expectativas iniciales para la transici\u00f3n socialista. De acuerdo con la evaluaci\u00f3n\u00a0del\u00a0partido, desde 1976 a 1980 las deficiencias y errores en la transici\u00f3n en el establecimiento de objetivos y en la ejecuci\u00f3n de la l\u00ednea pol\u00edtica.<\/span><\/p>\n<p><span style=\"color: #000000;\">El congreso, sin embargo, reafirm\u00f3 la correcci\u00f3n de la l\u00ednea pol\u00edtica en relaci\u00f3n con la transici\u00f3n socialista, y orden\u00f3 que se aplicara con la debida subsidia para diferentes circunstancias regionales. La tarea es ciertamente formidable. En una evaluaci\u00f3n realista de las dificultades del r\u00e9gimen, Nhan Dan, la parte del diario de \u00f3rganos, advirti\u00f3 en junio de 1982 que la libra del problema reside en la r\u00e9gimen propia, las deficiencias de los cuales incluyen la falta de disciplina partidista y la corrupci\u00f3n de los partidos y los funcionarios del Estado.<\/span><\/p>\n<p><span style=\"color: #000000;\">En 1987 el objetivo de establecer una sociedad nueva sigue siendo dif\u00edcil de alcanzar en la primera etapa\u00a0del\u00a0partido\u00a0del\u00a0per\u00edodo de transici\u00f3n al socialismo. Mai Chi Tho, alcalde de la ciudad Ho Chi Minh y el jefe adjunto de su partido rama, hab\u00eda dicho a los reporteros que visitan en abril de 1985 que la transici\u00f3n socialista\u00a0como\u00a0oficialmente se prev\u00e9 continuar\u00e1 probablemente hasta el a\u00f1o 2000.<\/span><\/p>\n<p><span style=\"color: #000000;\">En la estimaci\u00f3n\u00a0del\u00a0partido, la sociedad vietnamita hab\u00eda sucumbido a una nueva forma de elitismo sociopol\u00edtico que es tan indeseable\u00a0como\u00a0el que tanto se conden\u00f3 el elitismo de la sociedad vieja. Los propietarios y los capitalistas compradores pueden haber desaparecido pero en su lugar fueron parte dirigentes y funcionarios estatales que no eran menos conscientes de la condici\u00f3n y la libre b\u00fasqueda. El Sexto Congreso del Partido Nacional en diciembre de 1986 consider\u00f3 necesario emitir una severa advertencia contra el oportunismo, el individualismo, el lucro personal, la corrupci\u00f3n, y un deseo de prerrogativas especiales y privilegios. Un informe para el Congreso inst\u00f3 al partido a que intensifiquen la lucha de clases con el fin de combatir las pr\u00e1cticas corruptas realizadas por los que hab\u00eda \u201cperdido su conciencia de clase\u201d. Esfuerzos oficiales para purificar las filas de la clase obrera, campesinos, intelectuales y socialistas, sin embargo, no se llegara\u00a0a\u00a0encontrar un respondan acorde. De hecho, las actuaciones del Sexto Congreso de la izquierda ineludible impresi\u00f3n de que el r\u00e9gimen era apenas sobrevivir a la lucha entre socialismo y capitalismo y que la aparici\u00f3n pronta de una estructura de clases comunista era improbable.<\/span><\/p>\n<p><span style=\"color: #000000;\">Como previsto idealmente, el sector socialista se espera que proporcione el 70 por ciento de los ingresos de los hogares y la \u201ceconom\u00eda dom\u00e9stica\u201d, o la privada controlada por los recursos de la casa, fue a hacer el resto. En septiembre de 1986 cuadros y de trabajadores se ganan la vida principalmente a trav\u00e9s de pluriempleo y, seg\u00fan una fuente vietnamita, se mantuvo sobre \u201cel estado rollos s\u00f3lo para preservar su prestigio pol\u00edtico y para recibir algunos de racionamiento y cupones de sellos.\u201d La fuente adem\u00e1s que la falta de conciencia de clase se refleja en la composici\u00f3n del partido, entre los cuales s\u00f3lo alrededor del 10 por ciento se identificaron como de la clase obrera.<\/span>[\/vc_column_text][vc_empty_space][\/vc_column][\/vc_row]<\/p>\n<\/body><\/div>","protected":false},"excerpt":{"rendered":"<p>[vc_row][vc_column width=\u201d1\/3\u2033][vc_single_image image=\u201d3624\u2033 img_size=\u201d250\u00d7188\u2033 alignment=\u201dcenter\u201d style=\u201dvc_box_border\u201d][vc_column_text][\/vc_column_text][\/vc_column][vc_column width=\u201d1\/3\u2033][vc_single_image image=\u201d3627\u2033 img_size=\u201d250\u00d7188\u2033 alignment=\u201dcenter\u201d style=\u201dvc_box_outline\u201d][vc_column_text][\/vc_column_text][\/vc_column][vc_column width=\u201d1\/3\u2033][vc_single_image image=\u201d3628\u2033 img_size=\u201d250\u00d7188\u2033 alignment=\u201dcenter\u201d style=\u201dvc_box_shadow_3d\u201d][vc_column_text][\/vc_column_text][\/vc_column][vc_column][vc_empty_space][\/vc_column][\/vc_row][vc_row][vc_column][vc_column_text]Tiempo de liberaci\u00f3n La ca\u00edda repentina de Saig\u00f3n en abril de 1975 cre\u00f3 las condiciones para un cap\u00edtulo nuevo e incierto en la evoluci\u00f3n de la sociedad vietnamita. El gobierno de\u00a0Hanoi\u00a0tuvo que enfrentar directamente lo que los comunistas han llamado [&hellip;]<\/p>\n","protected":false},"author":3,"featured_media":3629,"parent":0,"menu_order":0,"comment_status":"closed","ping_status":"closed","template":"","meta":{"nf_dc_page":"","footnotes":""},"class_list":["post-2938","page","type-page","status-publish","has-post-thumbnail","hentry"],"_links":{"self":[{"href":"https:\/\/gialinhtravel.com\/espanol\/wp-json\/wp\/v2\/pages\/2938","targetHints":{"allow":["GET"]}}],"collection":[{"href":"https:\/\/gialinhtravel.com\/espanol\/wp-json\/wp\/v2\/pages"}],"about":[{"href":"https:\/\/gialinhtravel.com\/espanol\/wp-json\/wp\/v2\/types\/page"}],"author":[{"embeddable":true,"href":"https:\/\/gialinhtravel.com\/espanol\/wp-json\/wp\/v2\/users\/3"}],"replies":[{"embeddable":true,"href":"https:\/\/gialinhtravel.com\/espanol\/wp-json\/wp\/v2\/comments?post=2938"}],"version-history":[{"count":5,"href":"https:\/\/gialinhtravel.com\/espanol\/wp-json\/wp\/v2\/pages\/2938\/revisions"}],"predecessor-version":[{"id":3630,"href":"https:\/\/gialinhtravel.com\/espanol\/wp-json\/wp\/v2\/pages\/2938\/revisions\/3630"}],"wp:featuredmedia":[{"embeddable":true,"href":"https:\/\/gialinhtravel.com\/espanol\/wp-json\/wp\/v2\/media\/3629"}],"wp:attachment":[{"href":"https:\/\/gialinhtravel.com\/espanol\/wp-json\/wp\/v2\/media?parent=2938"}],"curies":[{"name":"wp","href":"https:\/\/api.w.org\/{rel}","templated":true}]}}