{"id":2934,"date":"2015-10-15T05:04:43","date_gmt":"2015-10-15T05:04:43","guid":{"rendered":"https:\/\/gialinhtravel.com\/espanol\/?page_id=2934"},"modified":"2015-11-03T09:10:57","modified_gmt":"2015-11-03T09:10:57","slug":"historia-de-vietnam","status":"publish","type":"page","link":"https:\/\/gialinhtravel.com\/espanol\/historia-de-vietnam\/","title":{"rendered":"Historia de Vietnam"},"content":{"rendered":"<div class=\"wpb-content-wrapper\"><body><p>[vc_row][vc_column width=\u201d1\/3\u2033][vc_single_image image=\u201d3631\u2033 img_size=\u201d250\u00d7188\u2033 alignment=\u201dcenter\u201d style=\u201dvc_box_border\u201d][vc_column_text][\/vc_column_text][\/vc_column][vc_column width=\u201d1\/3\u2033][vc_single_image image=\u201d3633\u2033 img_size=\u201d250\u00d7188\u2033 alignment=\u201dcenter\u201d style=\u201dvc_box_outline\u201d][vc_column_text][\/vc_column_text][\/vc_column][vc_column width=\u201d1\/3\u2033][vc_single_image image=\u201d3634\u2033 img_size=\u201d250\u00d7188\u2033 alignment=\u201dcenter\u201d style=\u201dvc_box_shadow_3d\u201d][vc_column_text][\/vc_column_text][\/vc_column][vc_column][vc_empty_space][\/vc_column][\/vc_row][vc_row][vc_column][vc_column_text]<span style=\"color: #000000;\">La sofisticada Edad de Bronce de la cultura Dong Son surgida en torno al siglo 3 antes de Cristo. Desde el siglo 1 al 6, el sur de lo que hoy es Vietnam fue parte del reino de Funan, que produjo obras de arte y arquitectura. El reino hind\u00fa de Champa aparecido en torno a la actual Danang a fines del siglo 2 y se hab\u00eda extendido hacia el sur hasta lo que ahora es de Nha Trang (el siglo 8). El reino exist\u00eda en parte a trav\u00e9s de la realizaci\u00f3n de incursiones en la regi\u00f3n. Los chinos conquistaron el Delta del R\u00edo Rojo en el siglo 2 y sus 1.000 a\u00f1os de imperio, caracterizado por la tenaz resistencia vietnamita y repetidas rebeliones, termin\u00f3 en 938 AD, cuando Ngo Quyen venci\u00f3 los ej\u00e9rcitos chinos en el r\u00edo Bach Dang.<\/span><\/p>\n<p><span style=\"color: #000000;\">Durante los pr\u00f3ximos siglos, Vietnam rechaz\u00f3 repetidas invasiones de China, y ampli\u00f3 sus fronteras hacia el sur del Delta del R\u00edo Rojo, poblar gran parte del delta del Mekong. En 1858, el franc\u00e9s y el espa\u00f1ol dirigido por las fuerzas de asalto Danang despu\u00e9s de varios misioneros han sido asesinados. Un a\u00f1o m\u00e1s tarde, Saig\u00f3n fue aprehendido. En 1867, Francia hab\u00eda conquistado todas las del sur de Vietnam, que se convirti\u00f3 en la colonia francesa de Cochinchina.<\/span><\/p>\n<p><span style=\"color: #000000;\">Pro-independencia fuerzas, dominado en gran medida por el liderazgo de Ho Chi Minh, resisti\u00f3 la dominaci\u00f3n franc\u00e9s durante y despu\u00e9s de la Segunda Guerra Mundial. La declaraci\u00f3n de independencia vietnamita de Ho Chi Minh, en 1945, desencaden\u00f3 violentos enfrentamientos con el franc\u00e9s, que culmin\u00f3 con la derrota del ej\u00e9rcito franc\u00e9s en Dien Bien Phu en 1954.<\/span><br>\n<span style=\"color: #000000;\">La negociaci\u00f3n de los Acuerdos de Ginebra de 1954 entre el vietnamita y el franc\u00e9s temporalmente el pa\u00eds dividido en dos zonas (los comunistas asumi\u00f3 el control del norte y el anti-comunista, apoyado por Estados Unidos y Ngo Dinh Diem ocupa el sur). Las elecciones libres se han celebrado en todo el pa\u00eds en 1956, pero Diem renegado en el plan \u2013 Ho Chi Minh parec\u00eda que iban a ganar \u2013 y en vez consolidada su propio poder de diversas maneras, entre ellas la fijaci\u00f3n de un refer\u00e9ndum. Potencias occidentales adoptado su gobierno.<\/span><\/p>\n<p><span style=\"color: #000000;\">Pol\u00edticos de oposici\u00f3n ideol\u00f3gica y r\u00e1pidamente convirti\u00f3 a la lucha armada, impulsando los EE.UU. (que hab\u00eda sido una presencia encubierta por lo menos desde 1945) y en otros pa\u00edses se comprometan a luchar contra las tropas en 1965. Los Acuerdos de Paz de Par\u00eds, firmado en 1973, a condici\u00f3n de un cese del fuego inmediato y la retirada de tropas de EE.UU. \u2013 se\u00f1alizaci\u00f3n de una famosa victoria de Ho Chi Minh. Saigon finalmente capitul\u00f3 a las fuerzas comunistas el 30 de abril de 1975.<\/span><\/p>\n<p><span style=\"color: #000000;\">Ir directamente de la grasa en la sart\u00e9n, Vietnam apenas hab\u00eda se\u00f1alado el aliento de su guerra con los Estados Unidos cuando se encontr\u00f3 en desacuerdo con las fuerzas del Khmer Rouge a lo largo de las fronteras de Camboya. Una prolongada serie de combates en \u00faltima instancia vio entrar en China la refriega en apoyo de Camboya y los asesinatos continuaron hasta las Naciones Unidas un acuerdo negociado, con las fuerzas vietnamitas se retiraron de Camboya en 1989. A pesar de que el Jemer Rojo seguido tirar de las fronteras, es la primera vez desde la Segunda Guerra Mundial que Vietnam no era oficialmente en guerra con ninguna otra naci\u00f3n. El fin de la Guerra Fr\u00eda y el derrumbe de la URSS en 1991 caus\u00f3 Vietnam y las naciones occidentales a buscar el acercamiento.<\/span><\/p>\n<p><span style=\"color: #000000;\">En julio de 1995, incluso la intransigente EE.UU. restableci\u00f3 relaciones diplom\u00e1ticas con Hanoi, aunque inicialmente se neg\u00f3 a firmar acuerdos comerciales con los EE.UU. en 1999 (esto se termin\u00f3 al a\u00f1o siguiente). Los EE.UU., por su parte, habl\u00f3 sobre la normalizaci\u00f3n de las relaciones, pero m\u00e1s de 25 a\u00f1os despu\u00e9s a\u00fan hay mucho de introspecci\u00f3n. John McCain, en una visita a Hanoi, habl\u00f3 sobre \u00abel mal chicos ganar la guerra\u00bb. Vietnam pas\u00f3 por una especie de auge econ\u00f3mico de posguerra, antes de sufrir los reveses econ\u00f3micos que plagaron toda la regi\u00f3n cuando la burbuja de la inversi\u00f3n extranjera irrumpieron en el decenio de 1990. Recientemente ha recuperado parte de este terreno, y algunos expertos predicen que ser\u00e1 la pr\u00f3xima \u201ctigre\u201dde la econom\u00eda asi\u00e1tica.<\/span>[\/vc_column_text][vc_empty_space][\/vc_column][\/vc_row]<\/p>\n<\/body><\/div>","protected":false},"excerpt":{"rendered":"<p>[vc_row][vc_column width=\u201d1\/3\u2033][vc_single_image image=\u201d3631\u2033 img_size=\u201d250\u00d7188\u2033 alignment=\u201dcenter\u201d style=\u201dvc_box_border\u201d][vc_column_text][\/vc_column_text][\/vc_column][vc_column width=\u201d1\/3\u2033][vc_single_image image=\u201d3633\u2033 img_size=\u201d250\u00d7188\u2033 alignment=\u201dcenter\u201d style=\u201dvc_box_outline\u201d][vc_column_text][\/vc_column_text][\/vc_column][vc_column width=\u201d1\/3\u2033][vc_single_image image=\u201d3634\u2033 img_size=\u201d250\u00d7188\u2033 alignment=\u201dcenter\u201d style=\u201dvc_box_shadow_3d\u201d][vc_column_text][\/vc_column_text][\/vc_column][vc_column][vc_empty_space][\/vc_column][\/vc_row][vc_row][vc_column][vc_column_text]La sofisticada Edad de Bronce de la cultura Dong Son surgida en torno al siglo 3 antes de Cristo. Desde el siglo 1 al 6, el sur de lo que hoy es Vietnam fue parte del reino de Funan, que [&hellip;]<\/p>\n","protected":false},"author":3,"featured_media":3635,"parent":0,"menu_order":0,"comment_status":"closed","ping_status":"closed","template":"","meta":{"nf_dc_page":"","footnotes":""},"class_list":["post-2934","page","type-page","status-publish","has-post-thumbnail","hentry"],"_links":{"self":[{"href":"https:\/\/gialinhtravel.com\/espanol\/wp-json\/wp\/v2\/pages\/2934","targetHints":{"allow":["GET"]}}],"collection":[{"href":"https:\/\/gialinhtravel.com\/espanol\/wp-json\/wp\/v2\/pages"}],"about":[{"href":"https:\/\/gialinhtravel.com\/espanol\/wp-json\/wp\/v2\/types\/page"}],"author":[{"embeddable":true,"href":"https:\/\/gialinhtravel.com\/espanol\/wp-json\/wp\/v2\/users\/3"}],"replies":[{"embeddable":true,"href":"https:\/\/gialinhtravel.com\/espanol\/wp-json\/wp\/v2\/comments?post=2934"}],"version-history":[{"count":4,"href":"https:\/\/gialinhtravel.com\/espanol\/wp-json\/wp\/v2\/pages\/2934\/revisions"}],"predecessor-version":[{"id":3636,"href":"https:\/\/gialinhtravel.com\/espanol\/wp-json\/wp\/v2\/pages\/2934\/revisions\/3636"}],"wp:featuredmedia":[{"embeddable":true,"href":"https:\/\/gialinhtravel.com\/espanol\/wp-json\/wp\/v2\/media\/3635"}],"wp:attachment":[{"href":"https:\/\/gialinhtravel.com\/espanol\/wp-json\/wp\/v2\/media?parent=2934"}],"curies":[{"name":"wp","href":"https:\/\/api.w.org\/{rel}","templated":true}]}}