{"id":2930,"date":"2015-10-15T05:02:49","date_gmt":"2015-10-15T05:02:49","guid":{"rendered":"https:\/\/gialinhtravel.com\/espanol\/?page_id=2930"},"modified":"2015-11-25T10:00:15","modified_gmt":"2015-11-25T10:00:15","slug":"gobierno-de-vietnam","status":"publish","type":"page","link":"https:\/\/gialinhtravel.com\/espanol\/gobierno-de-vietnam\/","title":{"rendered":"Gobierno de Vietnam"},"content":{"rendered":"<div class=\"wpb-content-wrapper\"><body><p>[vc_row][vc_column width=\u201d1\/3\u2033][vc_single_image image=\u201d4287\u2033 img_size=\u201d250\u00d7188\u2033 alignment=\u201dcenter\u201d style=\u201dvc_box_border\u201d][vc_column_text][\/vc_column_text][\/vc_column][vc_column width=\u201d1\/3\u2033][vc_single_image image=\u201d4288\u2033 img_size=\u201d250\u00d7188\u2033 alignment=\u201dcenter\u201d style=\u201dvc_box_outline\u201d][vc_column_text][\/vc_column_text][\/vc_column][vc_column width=\u201d1\/3\u2033][vc_single_image image=\u201d4289\u2033 img_size=\u201d250\u00d7188\u2033 alignment=\u201dcenter\u201d style=\u201dvc_box_shadow_3d\u201d][vc_column_text][\/vc_column_text][\/vc_column][vc_column][vc_empty_space][\/vc_column][\/vc_row][vc_row][vc_column][vc_column_text]<span style=\"color: #000000;\">La Rep\u00fablica Socialista de\u00a0Vietnam\u00a0se rige a trav\u00e9s de un sistema altamente centralizado dominado por el Partido Comunista deVietnam. La fuerza del control del sistema es la parte que ejerce el liderazgo en todos los asuntos. El gobierno administra los asuntos del Estado a trav\u00e9s de una estructura que es paralela a la parte del aparato, pero es incapaz de actuar sin direcci\u00f3n del Partido. Todos los puestos claves del Gobierno est\u00e1n ocupados por miembros del\u00a0Partido.<\/span><br>\n<span style=\"color: #000000;\">La sociedad est\u00e1 gobernada por el Partido de la presencia ubicua, que se manifiesta en una red de dirigentes en casi todos los niveles de la actividad social. Todos los ciudadanos se esperan que sean miembros de una u otra de las organizaciones de masas dirigidas por el partido, y todos los directores y oficiales del ej\u00e9rcito son, en \u00faltima instancia responsables ante los representantes del Partido.<\/span><\/p>\n<p><span style=\"color: #000000;\">El Partido Comunista de\u00a0Vietnam\u00a0a mediados del decenio de 1980 se encontraba en un estado de transici\u00f3n y la experimentaci\u00f3n. Era un momento en que una serie de dirigentes del Partido, que hab\u00edan sido contempor\u00e1neos de Ho Chi Minh (1890-1969), fueron la intensificaci\u00f3n en favor de una joven generaci\u00f3n de pragm\u00e1ticos y tecn\u00f3cratas, y un momento en que el mal prolongado estado de la econom\u00eda provoc\u00f3 el descontento entre las bases y organizaciones, as\u00ed como la cr\u00edtica abierta de la parte de pol\u00edtica interna. El partido pol\u00edtico que una vez pareci\u00f3 encarnar el esp\u00edritu tradicional vietnamita en la resistencia contra la agresi\u00f3n de los extranjeros y que hab\u00eda conocido un gran \u00e9xito cuando el pa\u00eds fue abrumadoramente dominado por la guerra y las cuestiones de liberaci\u00f3n nacional y la reunificaci\u00f3n, pareci\u00f3 haber cambiado despu\u00e9s de la ca\u00edda de la Rep\u00fablica de\u00a0Vietnam\u00a0(Vietnam del Sur) en la primavera de 1975 y la reunificaci\u00f3n deVietnam\u00a0en 1976. Este esp\u00edritu ha estado en el n\u00facleo del Partido Comunista de\u00a0Vietnam\u00a0del ascenso al poder durante las luchas por la independencia y la unificaci\u00f3n. En gran medida, la popularidad del movimiento comunista se mantuvo vinculado a estas causas, cuando la victoria sobre el Sur se logr\u00f3 en 1975, se puso de manifiesto que algunas de las partes se rigen por los principios no se traducen f\u00e1cilmente a las condiciones de paz. En la ausencia de guerra, cambi\u00f3 el esp\u00edritu y la diferencia entre lo que era comunista y lo popular se hizo cada vez m\u00e1s notable.<\/span><\/p>\n<p><span style=\"color: #000000;\">Hanoi fue aparentemente preparado para la magnitud de su victoria en el Sur, despu\u00e9s de haber previsto que la ruta completa para poder exigir, como m\u00ednimo, un per\u00edodo de transici\u00f3n de poder compartido con el sur de\u00a0infraestructura comunista (el Gobierno Revolucionario Provisional) e incluso elementos de la correspondiente orden.\u00a0\u00a0Dos gobiernos en el Norte y el Sur de\u00a0Vietnam\u00a0se previeron la sorprendentemente r\u00e1pida desintegraci\u00f3n del Sur vietnamita. Tras el establecimiento del control comunista en el Sur, el gobierno de inmediato fue sometido a una gesti\u00f3n del militar de la Comisi\u00f3n, dirigida por el Teniente General Superior de\u00a0Tran\u00a0Van\u00a0Tra, con la asistencia de la poblaci\u00f3n local del Comit\u00e9 Revolucionario. En una conferencia en la reunificaci\u00f3n de noviembre de 1975, por la Parte de los planes para unir el Norte y el Sur se anunciaron, y las elecciones para una sola Asamblea Nacional \u2013 el m\u00e1s alto \u00f3rgano del Estado \u2013 se celebraron el 26 de abril de 1976, el primer aniversario de la victoria del Sur. La Rep\u00fablica Socialista de\u00a0Vietnam\u00a0fue formalmente nombrada en el primer per\u00edodo de sesiones de la Sexta Asamblea Nacional (la \u201d Asamblea unificada\u201d), que se reuni\u00f3 a partir de junio de 24 a 2 de julio de 1976.<\/span><\/p>\n<p><span style=\"color: #000000;\">Despu\u00e9s de la reunificaci\u00f3n, el enfoque de la pol\u00edtica se hizo m\u00e1s difuso. Los encargados\u00a0\u00a0formularon una pol\u00edtica\u00a0\u00a0con la incorporaci\u00f3n de los del Sur en el orden comunista tan pronto como fuera posible, se enfrentaron a ambos disensiones en el seno del liderazgo del Norte y el sur de resistencia a la propuesta de cambio de ritmo. La campa\u00f1a emprendida por parte ide\u00f3logos para eliminar todos los vestigios del capitalismo y la econom\u00eda colectiva en el Sur se esboz\u00f3 en el Segundo Plan Quinquenal (1976-80) y\u00a0\u00a0fue anunciada en el Cuarto Congreso del Partido Nacional en diciembre de 1976. El primer plan despu\u00e9s de la reunificaci\u00f3n hizo hincapi\u00e9 en el desarrollo de la agricultura y la industria ligera, pero era inalcanzable establecer altas metas. El gobierno esper\u00f3 que toda la industria y la agricultura en el Sur fueran controladas por el Estado a finales de 1979. Sin embargo, s\u00f3lo el 66 por ciento de las tierras cultivadas y el 72 por ciento de los hogares campesinos en el Sur se organizaron en colectivizada producci\u00f3n en principios de 1985, y la transformaci\u00f3n socialista en la industria privada dio lugar a una disminuci\u00f3n de la producci\u00f3n, el aumento de los costes de producci\u00f3n, y la disminuci\u00f3n de la calidad del producto. Mientras tanto, los dirigentes del pa\u00eds estaban buscando que era necesario para desviar su atenci\u00f3n a una serie de otras cuestiones tan importantes. Adem\u00e1s de hacer frente a los numerosos problemas del pa\u00eds reci\u00e9n unificado, tambi\u00e9n ten\u00edan que resolver en la posguerra las relaciones con Camboya, China y la Uni\u00f3n Sovi\u00e9tica. El Sexto Congreso del Partido Nacional, celebrado en diciembre de 1986 fue un hito para la parte pol\u00edtica en la d\u00e9cada de 1980. El \u00e1nimo del Partido pol\u00edtico\u00a0\u00a0se reflej\u00f3 fielmente en el congreso \u2018franco reconocimiento de los actuales problemas econ\u00f3micos y en su aparente voluntad de cambio a fin de resolverlos. Un nuevo ambiente de la experimentaci\u00f3n y la reforma, aparentemente reforzada por las reformas iniciadas por la Uni\u00f3n Sovi\u00e9tica, la nueva direcci\u00f3n, preparaci\u00f3n del escenario para un per\u00edodo de auto-examen, la eliminaci\u00f3n de la corrupci\u00f3n de funcionarios del partido, y las nuevas pol\u00edticas econ\u00f3micas\u201d.<\/span>[\/vc_column_text][vc_empty_space][\/vc_column][\/vc_row]<\/p>\n<\/body><\/div>","protected":false},"excerpt":{"rendered":"<p>[vc_row][vc_column width=\u201d1\/3\u2033][vc_single_image image=\u201d4287\u2033 img_size=\u201d250\u00d7188\u2033 alignment=\u201dcenter\u201d style=\u201dvc_box_border\u201d][vc_column_text][\/vc_column_text][\/vc_column][vc_column width=\u201d1\/3\u2033][vc_single_image image=\u201d4288\u2033 img_size=\u201d250\u00d7188\u2033 alignment=\u201dcenter\u201d style=\u201dvc_box_outline\u201d][vc_column_text][\/vc_column_text][\/vc_column][vc_column width=\u201d1\/3\u2033][vc_single_image image=\u201d4289\u2033 img_size=\u201d250\u00d7188\u2033 alignment=\u201dcenter\u201d style=\u201dvc_box_shadow_3d\u201d][vc_column_text][\/vc_column_text][\/vc_column][vc_column][vc_empty_space][\/vc_column][\/vc_row][vc_row][vc_column][vc_column_text]La Rep\u00fablica Socialista de\u00a0Vietnam\u00a0se rige a trav\u00e9s de un sistema altamente centralizado dominado por el Partido Comunista deVietnam. La fuerza del control del sistema es la parte que ejerce el liderazgo en todos los asuntos. El gobierno administra los asuntos [&hellip;]<\/p>\n","protected":false},"author":3,"featured_media":4290,"parent":0,"menu_order":0,"comment_status":"closed","ping_status":"closed","template":"","meta":{"nf_dc_page":"","footnotes":""},"class_list":["post-2930","page","type-page","status-publish","has-post-thumbnail","hentry"],"_links":{"self":[{"href":"https:\/\/gialinhtravel.com\/espanol\/wp-json\/wp\/v2\/pages\/2930","targetHints":{"allow":["GET"]}}],"collection":[{"href":"https:\/\/gialinhtravel.com\/espanol\/wp-json\/wp\/v2\/pages"}],"about":[{"href":"https:\/\/gialinhtravel.com\/espanol\/wp-json\/wp\/v2\/types\/page"}],"author":[{"embeddable":true,"href":"https:\/\/gialinhtravel.com\/espanol\/wp-json\/wp\/v2\/users\/3"}],"replies":[{"embeddable":true,"href":"https:\/\/gialinhtravel.com\/espanol\/wp-json\/wp\/v2\/comments?post=2930"}],"version-history":[{"count":4,"href":"https:\/\/gialinhtravel.com\/espanol\/wp-json\/wp\/v2\/pages\/2930\/revisions"}],"predecessor-version":[{"id":4291,"href":"https:\/\/gialinhtravel.com\/espanol\/wp-json\/wp\/v2\/pages\/2930\/revisions\/4291"}],"wp:featuredmedia":[{"embeddable":true,"href":"https:\/\/gialinhtravel.com\/espanol\/wp-json\/wp\/v2\/media\/4290"}],"wp:attachment":[{"href":"https:\/\/gialinhtravel.com\/espanol\/wp-json\/wp\/v2\/media?parent=2930"}],"curies":[{"name":"wp","href":"https:\/\/api.w.org\/{rel}","templated":true}]}}