{"id":2921,"date":"2015-10-15T04:59:03","date_gmt":"2015-10-15T04:59:03","guid":{"rendered":"https:\/\/gialinhtravel.com\/espanol\/?page_id=2921"},"modified":"2015-11-05T09:57:38","modified_gmt":"2015-11-05T09:57:38","slug":"etnias-vietnamitas","status":"publish","type":"page","link":"https:\/\/gialinhtravel.com\/espanol\/etnias-vietnamitas\/","title":{"rendered":"Etnias Vietnamitas"},"content":{"rendered":"<div class=\"wpb-content-wrapper\"><body><p>[vc_row][vc_column width=\u201d1\/3\u2033][vc_single_image image=\u201d4034\u2033 img_size=\u201d250\u00d7188\u2033 alignment=\u201dcenter\u201d style=\u201dvc_box_border\u201d][vc_column_text]<\/p>\n<p>Viajes a Vietnam, Laos, Camboya, Tailandia, Myanmar<\/p>\n<p>[\/vc_column_text][\/vc_column][vc_column width=\u201d1\/3\u2033][vc_single_image image=\u201d4035\u2033 img_size=\u201d250\u00d7188\u2033 alignment=\u201dcenter\u201d style=\u201dvc_box_outline\u201d][vc_column_text]<\/p>\n<p>Viajes a Vietnam, Laos, Camboya, Tailandia, Myanmar<\/p>\n<p>[\/vc_column_text][\/vc_column][vc_column width=\u201d1\/3\u2033][vc_single_image image=\u201d4036\u2033 img_size=\u201d250\u00d7188\u2033 alignment=\u201dcenter\u201d style=\u201dvc_box_shadow_3d\u201d][vc_column_text]<\/p>\n<p>Viajes a Vietnam, Laos, Camboya, Tailandia, Myanmar<\/p>\n<p>[\/vc_column_text][\/vc_column][vc_column][vc_empty_space][\/vc_column][\/vc_row][vc_row][vc_column][vc_column_text]<span style=\"color: #000000;\">Vietnam es un pa\u00eds de\u00a0multi-nacionalidades con 54 grupos \u00e9tnicos. Los\u00a0Viet\u00a0(Kinh) ocupan el 87% de la poblaci\u00f3n del pa\u00eds y habitan principalmente en el delta del r\u00edo Rojo, la costera central, el delta del\u00a0Mekong\u00a0y las grandes ciudades. Los otros 53 grupos \u00e9tnicos minoritarios, por un total de m\u00e1s de 8 millones de habitantes, est\u00e1n distribuidos en\u00a0las zonas monta\u00f1osas (que abarca dos tercios del territorio del pa\u00eds) extendidas del Norte al Sur.<\/span><\/p>\n<p><span style=\"color: #000000;\">Entre las minor\u00edas \u00e9tnicas, las m\u00e1s pobladas son\u00a0Tay,\u00a0Thai,\u00a0Muong, Hoa, Khmer,\u00a0Nung, etc. con una poblaci\u00f3n de alrededor de un mill\u00f3n cada una, mientras que las menos pobladas son\u00a0Brau,\u00a0Roman,\u00a0\u00a0con varias centenares de personas cada una.<\/span><\/p>\n<p><span style=\"color: #000000;\">El pueblo de\u00a0Viet\u00a0logr\u00f3 el establecimiento de una monarqu\u00eda centralizada en el siglo 10. El pueblo Cham, una vez se jact\u00f3 una floreciente cultura a comienzar de la historia. Los\u00a0Tay,Nung, entre otros pueblos han llegado a altos niveles del desarrollo con la presencia de diversos estratos sociales. Los pueblos de\u00a0\u00a0Muong,\u00a0H\u2019mong,\u00a0Dao,\u00a0Thai\u00a0est\u00e1n recogidos en virtud de la norma de los jefes tribales.\u00a0\u00a0La poblaci\u00f3n de muchos grupos \u00e9tnicos\u00a0\u00a0est\u00e1 dividida en categor\u00edas sociales, especialmente de los que viven en las zonas monta\u00f1osas.<\/span><\/p>\n<p><span style=\"color: #000000;\">Un n\u00famero bastante de minor\u00edas \u00e9tnicas ha dominado algunas t\u00e9cnicas agr\u00edcolas. Ellos siembran arroz en los arrozales inundados. Otros viven dependiendo de la caza, pesca, recolecci\u00f3n con una\u00a0semi-vida n\u00f3mada. Cada grupo tiene su propia cultura, diversa y especial. Las creencias y religiones de cada grupo de minor\u00eda \u00e9tnica vietnamita tambi\u00e9n son disparejas el uno del otro.<\/span><\/p>\n<p><span style=\"color: #000000;\">Sin embargo, un elemento fundamental entre los grupos \u00e9tnicos\u00a0\u00a0que se ha establecido en la parte superior de esta diferencia como resultado de una cooperaci\u00f3n a largo siglos en el suelo de\u00a0Vietnam\u00a0es la solidaridad Justo en el primer siglo de la historia, un complemento mutuo en las relaciones econ\u00f3micas entre la gente de tierras bajas y monta\u00f1osas se form\u00f3. Esta solidaridad se ha reforzado sin cesar durante las guerras de resistencia para defender al pa\u00eds. A trav\u00e9s de la compartida lucha por la defensa y la construcci\u00f3n del pa\u00eds y la asistencia mutua en materia de\u00a0co-existencia y el desarrollo, una comunidad entre los\u00a0Viet\u00a0y otros pueblos pertenecientes a minor\u00edas \u00e9tnicas se ha establecido y consolidado continuamente y desarrollado.<\/span><\/p>\n<p><span style=\"color: #000000;\">Sin embargo, una evidente diferencia en el material y moral de la vida es que todav\u00eda existen entre los pueblos que viven en los deltas y los que viven en las zonas de monta\u00f1a, as\u00ed como entre las minor\u00edas \u00e9tnicas. El gobierno vietnamita ha trabajado a cabo pol\u00edticas espec\u00edficas y tratamientos especiales para ayudar a la gente de monta\u00f1a alcanzar a la de tierras bajas, realizando grandes esfuerzos para desarrollar y preservar las identidades culturales tradicionales de cada grupo \u00e9tnico minoritario. En la actualidad, los programas de suministro de sal yodada para aldeas remotas, equipamientos de los pueblos la atenci\u00f3n de la salud y de la higiene , la lucha contra el paludismo, la creaci\u00f3n de escuelas gratuitas para los ni\u00f1os de minor\u00edas \u00e9tnicas, la agricultura y residencia fija, y los proyectos de creaci\u00f3n de nuevas escritos guiones para las poblaciones minoritarias y el estudio y el desarrollo de la cultura tradicional de cada grupo \u00e9tnico minoritario \u2026 han obtenido resultados satisfactorios.<\/span>[\/vc_column_text][vc_empty_space][\/vc_column][\/vc_row]<\/p>\n<\/body><\/div>","protected":false},"excerpt":{"rendered":"<p>[vc_row][vc_column width=\u201d1\/3\u2033][vc_single_image image=\u201d4034\u2033 img_size=\u201d250\u00d7188\u2033 alignment=\u201dcenter\u201d style=\u201dvc_box_border\u201d][vc_column_text] Viajes a Vietnam, Laos, Camboya, Tailandia, Myanmar [\/vc_column_text][\/vc_column][vc_column width=\u201d1\/3\u2033][vc_single_image image=\u201d4035\u2033 img_size=\u201d250\u00d7188\u2033 alignment=\u201dcenter\u201d style=\u201dvc_box_outline\u201d][vc_column_text] Viajes a Vietnam, Laos, Camboya, Tailandia, Myanmar [\/vc_column_text][\/vc_column][vc_column width=\u201d1\/3\u2033][vc_single_image image=\u201d4036\u2033 img_size=\u201d250\u00d7188\u2033 alignment=\u201dcenter\u201d style=\u201dvc_box_shadow_3d\u201d][vc_column_text] Viajes a Vietnam, Laos, Camboya, Tailandia, Myanmar [\/vc_column_text][\/vc_column][vc_column][vc_empty_space][\/vc_column][\/vc_row][vc_row][vc_column][vc_column_text]Vietnam es un pa\u00eds de\u00a0multi-nacionalidades con 54 grupos \u00e9tnicos. Los\u00a0Viet\u00a0(Kinh) ocupan el 87% de la poblaci\u00f3n [&hellip;]<\/p>\n","protected":false},"author":3,"featured_media":4033,"parent":0,"menu_order":0,"comment_status":"closed","ping_status":"closed","template":"","meta":{"nf_dc_page":"","footnotes":""},"class_list":["post-2921","page","type-page","status-publish","has-post-thumbnail","hentry"],"_links":{"self":[{"href":"https:\/\/gialinhtravel.com\/espanol\/wp-json\/wp\/v2\/pages\/2921","targetHints":{"allow":["GET"]}}],"collection":[{"href":"https:\/\/gialinhtravel.com\/espanol\/wp-json\/wp\/v2\/pages"}],"about":[{"href":"https:\/\/gialinhtravel.com\/espanol\/wp-json\/wp\/v2\/types\/page"}],"author":[{"embeddable":true,"href":"https:\/\/gialinhtravel.com\/espanol\/wp-json\/wp\/v2\/users\/3"}],"replies":[{"embeddable":true,"href":"https:\/\/gialinhtravel.com\/espanol\/wp-json\/wp\/v2\/comments?post=2921"}],"version-history":[{"count":4,"href":"https:\/\/gialinhtravel.com\/espanol\/wp-json\/wp\/v2\/pages\/2921\/revisions"}],"predecessor-version":[{"id":4037,"href":"https:\/\/gialinhtravel.com\/espanol\/wp-json\/wp\/v2\/pages\/2921\/revisions\/4037"}],"wp:featuredmedia":[{"embeddable":true,"href":"https:\/\/gialinhtravel.com\/espanol\/wp-json\/wp\/v2\/media\/4033"}],"wp:attachment":[{"href":"https:\/\/gialinhtravel.com\/espanol\/wp-json\/wp\/v2\/media?parent=2921"}],"curies":[{"name":"wp","href":"https:\/\/api.w.org\/{rel}","templated":true}]}}