{"id":2918,"date":"2015-10-15T04:57:19","date_gmt":"2015-10-15T04:57:19","guid":{"rendered":"https:\/\/gialinhtravel.com\/espanol\/?page_id=2918"},"modified":"2015-11-05T09:47:21","modified_gmt":"2015-11-05T09:47:21","slug":"cultura-de-vietnamita","status":"publish","type":"page","link":"https:\/\/gialinhtravel.com\/espanol\/cultura-de-vietnamita\/","title":{"rendered":"Cultura de Vietnamita"},"content":{"rendered":"<div class=\"wpb-content-wrapper\"><body><p>[vc_row][vc_column width=\u201d1\/3\u2033][vc_single_image image=\u201d4027\u2033 img_size=\u201d250\u00d7188\u2033 alignment=\u201dcenter\u201d style=\u201dvc_box_border\u201d][vc_column_text]<\/p>\n<p>Viajes a Vietnam, Laos, Camboya, Tailandia, Myanmar<\/p>\n<p>[\/vc_column_text][\/vc_column][vc_column width=\u201d1\/3\u2033][vc_single_image image=\u201d4030\u2033 img_size=\u201d250\u00d7188\u2033 alignment=\u201dcenter\u201d style=\u201dvc_box_outline\u201d][vc_column_text]<\/p>\n<p>Viajes a Vietnam, Laos, Camboya, Tailandia, Myanmar<\/p>\n<p>[\/vc_column_text][\/vc_column][vc_column width=\u201d1\/3\u2033][vc_single_image image=\u201d4029\u2033 img_size=\u201d250\u00d7188\u2033 alignment=\u201dcenter\u201d style=\u201dvc_box_shadow_3d\u201d][vc_column_text]<\/p>\n<p>Viajes a Vietnam, Laos, Camboya, Tailandia, Myanmar<\/p>\n<p>[\/vc_column_text][\/vc_column][vc_column][vc_empty_space][\/vc_column][\/vc_row][vc_row][vc_column][vc_column_text]<span style=\"color: #000000;\"><strong>Cultura vietnamita\u00a0<\/strong><\/span><\/p>\n<p><span style=\"color: #000000;\">La riqueza de or\u00edgenes de\u00a0Vietnam\u00a0es evidente a lo largo de su cultura. La vida espiritual del pueblo vietnamita ha sido configurada por cuatro grandes filosof\u00edas y religiones, es decir, el confucianismo, el tao\u00edsmo, el budismo y el cristianismo. A trav\u00e9s de los siglos, el confucianismo, el tao\u00edsmo y el budismo tienen melded con las creencias populares chino y vietnamita antiguo animismo para formar lo que se conoce como Tam Giao (o \u201cTriple Religiones\u00bb).<\/span><\/p>\n<p><span style=\"color: #000000;\">A pesar de las variaciones dial\u00e9ctica en todo el pa\u00eds, vietnamita (kinh) todav\u00eda confirma su condici\u00f3n de la normativa oficial y la lengua. Sin embargo, hay docenas de diferentes idiomas que se hablan de diversas minor\u00edas \u00e9tnicas y laosiano y camboyano se hablan en algunas partes. Las lenguas extranjeras m\u00e1s habladas en\u00a0Vietnam\u00a0es chino (canton\u00e9s y mandar\u00edn), ingl\u00e9s, franc\u00e9s y ruso, m\u00e1s o menos en ese orden.<\/span><\/p>\n<p><span style=\"color: #000000;\">Junto con estos, las formas art\u00edsticas populares incluyendo la pintura tradicional en el marco montado en seda; una ecl\u00e9ctica variedad de teatro, marionetas, la m\u00fasica y la danza, escultura religiosa; laca cer\u00e1mica y cer\u00e1mica son tambi\u00e9n pilares de la cultura del pa\u00eds.<\/span><\/p>\n<p><span style=\"color: #000000;\">Adem\u00e1s, la cocina vietnamita en s\u00ed var\u00eda en gran medida de sus regiones. Incluso los platos que son b\u00e1sicos en todo Vietnam se preparan diferentemente en el norte, centro y sur. La cocina de\u00a0Vietnam\u00a0es como gran parte de su cultura que refleja en sus numerosos contactos con otras culturas a trav\u00e9s de los siglos \u2013 chino, camboyano, y el franc\u00e9s m\u00e1s notables. En t\u00e9rminos generales, hay cerca de 500 diferentes platos tradicionales que incluyen las carnes ex\u00f3ticas (pero tenga en cuenta cuidadosamente antes de comer un raro animal) y las creaciones vegetarianas fant\u00e1sticas (a menudo dispuestos a repetir la carne y los platos de pescado). Sin embargo, el elemento b\u00e1sico de la cocina vietnamita es sencillo arroz blanco vestido con una pl\u00e9tora de hortalizas, el pescado (que es com\u00fan en Vietnam), carne, especias y salsas. Rollos de primavera, fideos y arroz al vapor dangos son populares aperitivos, y los omnipresentes sopas incluyen la anguila y fideos, el pollo desmenuzado y amarga sopas. Fruto es abundante, algunos de los m\u00e1s inusuales incluyen fruta de drag\u00f3n verde, azufaifo, caqui, longan, mangost\u00e1n, pomelo, tres semillas de cereza y manzana de agua. Caf\u00e9 filtrado vietnamita (ca phe phin) es muy buena, es por lo general sirve muy fuerte y muy dulce.<\/span><\/p>\n<p><span style=\"color: #000000;\"><strong>M\u00fasica\u00a0<\/strong><\/span><\/p>\n<p><span style=\"color: #000000;\">La m\u00fasica es considerada como una inevitable alimento espiritual para la vida en los ojos de las generaciones vietnamitas. A trav\u00e9s de las letras, puede liberar a sus sentimientos m\u00e1s rec\u00f3nditos, insertarse con aliento, fomentar la buena sentimiento a sus hijos en la mente, comunicarse con las fuerzas invisibles, o expresar sus deseos hacia una vida mejor.<\/span><\/p>\n<p><span style=\"color: #000000;\">Desde sus inicios, la m\u00fasica vietnamita ha sido objeto de fuerte inclinaci\u00f3n con alto grado de originalidad en el estilo y la instrumentaci\u00f3n, como consecuencia de la fuerte influencia de miles de a\u00f1os de dominaci\u00f3n china y, en el Sur, los jemeres\u00a0y tradiciones musicales de Cham. El sistema tradicional de escribir la m\u00fasica y cinco nota escalas son de origen chino. En general, la m\u00fasica vietnamita se pueden clasificar en tres grandes efectos basados en categor\u00edas a saber M\u00fasica Folk, M\u00fasica de C\u00e1mara Cl\u00e1sica (Tribunal M\u00fasica) y M\u00fasica de Teatro.<\/span><\/p>\n<p><span style=\"color: #000000;\">En primer lugar, M\u00fasica Folk\u00a0incluye canciones infantiles, canciones de amor, canciones de trabajo, festival de canciones, canciones de cuna, lamentaciones y cantos f\u00fanebres.\u00a0Se compone de aldeanos que ilustran su vida en el campo y por lo general se canta sin el apoyo de instrumentos musicales.<\/span><\/p>\n<p><span style=\"color: #000000;\">En segundo lugar, M\u00fasica Cl\u00e1sica de C\u00e1mara es bastante r\u00edgido y formal. Una vez que se realiz\u00f3 a la corte imperial de la \u00e9lite s\u00f3lo mandarina. Esta m\u00fasica se divide en dos tipos t\u00edpicos como \u201cHat A Dao\u201d (en el norte de Vietnam) y \u201cM\u00fasica real de Hue\u201d (en el centro de Vietnam), que fue reconocido como uno de los Estados del mundo el patrimonio cultural intangible en 2003. Aqu\u00ed est\u00e1 la evaluaci\u00f3n de la Consejo UNESCO para la m\u00fasica vietnamita real: \u201cla m\u00fasica real vietnamita representa una elegante y refinada m\u00fasica. Se trata de la m\u00fasica realizado en la imperial y en tribunales distintos aniversarios, fiestas religiosas, y en particular tales ocasiones. De las diferentes categor\u00edas desarrollado en\u00a0Vietnam, s\u00f3lo la m\u00fasica fue real nacional\u201d.<\/span><\/p>\n<p><span style=\"color: #000000;\">Por \u00faltimo, pero no por ello menos importante, la m\u00fasica de\u00a0Teatro es la combinaci\u00f3n armoniosa de cante, baile y de instrumentaci\u00f3n. Hoy en d\u00eda se mezclan Tribunal de teatro, espect\u00e1culos folkl\u00f3ricos y un ejemplo de la influencia extranjera en tres tipos t\u00edpicos tales como \u201cCheo\u201d, \u201cHat Tuong\u201d y \u201cCai Luong\u201d, de que \u201cCheo\u201d se remonta a la m\u00e1s antigua de la historia de\u00a0Vietnam.<\/span><\/p>\n<p><span style=\"color: #000000;\">Como\u00a0Vietnam\u00a0es el hogar de 54 grupos \u00e9tnicos hermanos, su caracter\u00edstica musical es muy variada en consecuencia. Cada grupo tiene su propia tradici\u00f3n musical que incluye la melod\u00eda distintiva de expresi\u00f3n, vestuario e instrumentos, como flautas de ca\u00f1a, lito-tel\u00e9fonos, silbatos de bamb\u00fa, gongs y los instrumentos de cuerda hecha de calabazas.<\/span><\/p>\n<p><span style=\"color: #000000;\"><strong>Marionetas sobre\u00a0Agua de\u00a0Vietnam\u00a0<\/strong><\/span><\/p>\n<p><span style=\"color: #000000;\">La\u00a0marioneta sobre agua es de\u00a0Vietnam\u00a0antigua cultura tradicional con sus propias identidades. El escenario es la superficie del agua, la casa con puertas cerradas o casa de t\u00edteres o \u201cThuy \u0111\u00ecnh\u201d (pagoda sobre el agua) se construye en el centro del estanque o lago que se ve como una casa comunal en\u00a0campo de\u00a0Vietnam. La\u00a0marioneta sobre agua\u00a0se origin\u00f3 en el norte de Delta Vietnam durante la dinast\u00eda Ly (1010-1225). Cronol\u00f3gicamente hablando, se considera una antigua forma de arte que est\u00e1 al borde de la extinci\u00f3n.<\/span><\/p>\n<p><span style=\"color: #000000;\">Los elementos que deben desempe\u00f1ar las personas representan la vida cotidiana de las actividades o usos y costumbres. Para tener un acabado de t\u00edteres, que necesita tiempo y paciencia para cincelando, instalaci\u00f3n, pintura, decoraci\u00f3n y vestirse. Las marionetas bien preparadas, m\u00e1s f\u00e1cil de controlar y el m\u00e1s interesante es el rendimiento. Normalmente, los t\u00edteres est\u00e1n hechos de madera de sicomoro porque es ligera y resistente mu\u00f1ecos terminados son vivificados por los artistas en armon\u00eda con personajes de la obra. Marionetas sobre\u00a0agua son de talla de madera tradicionales; son realistas, po\u00e9tico y rom\u00e1ntico en papeles de los pescadores, las hadas o los m\u00fasicos \u2026 Cada marioneta consta de dos partes: el cuerpo y la base. El cuerpo es la parte que flota y la base es la parte bajo el agua para el control m\u00e1s importante es la tarjeta de control conectado en la base y el \u00e9xito radica en los movimientos, la acci\u00f3n de los t\u00edteres. Artistas con mucha experiencia, han creado para la vida, para los m\u00e1s j\u00f3venes generaciones variedad de t\u00edteres y los de control tableros. Los t\u00edteres son controlados y dirigidos por los artistas en la casa de los t\u00edteres por tirar, empujar cuerdas. En las marionetas sobre\u00a0agua, la m\u00fasica desempe\u00f1a el papel vital. Con el escenario al aire libre en el agua y no-juego de palabras, excepto unos poemas o diciendo, la m\u00fasica es inseparable; es para hacer feliz el desempe\u00f1o, para personificar a los personajes, y para dirigir la actuaci\u00f3n.<\/span><\/p>\n<p><span style=\"color: #000000;\">La\u00a0marioneta sobre agua es una tradici\u00f3n cultural de personas de\u00a0agriculturadel delta del r\u00edo Rojo. Ayuda a los lugare\u00f1os a conservar identidad de sus aldeas, la naturaleza de los agricultores que son muy dif\u00edciles de trabajo y alto esp\u00edritu en la lucha contra el enemigo. Por lo tanto, se dice que un viaje a\u00a0Vietnam\u00a0es incompleta sin espect\u00e1culos de\u00a0marioneta sobre agua. Todo lo que toma es una hora, y el p\u00fablico puede sumergirse en la cultura vietnamita y pico en los d\u00edas pasados\u200b\u200b.<\/span><\/p>\n<p><span style=\"color: #000000;\"><strong>M\u00fasica real de Hue \u2013 un patrimonio cultural intangible\u00a0<\/strong><\/span><\/p>\n<p><span style=\"color: #000000;\">El 7 de noviembre de 2003, la UNESCO otorg\u00f3 la condici\u00f3n de patrimonio mundial el 28 de reliquias de las naciones como obras maestras del patrimonio oral e inmaterial de la humanidad. Entre las 11 obras maestras de Asia, Nha nhac (m\u00fasica real) representa el primer legado intangible de\u00a0Vietnam\u00a0que se ha puesto en esta lista. El consejo de la UNESCO evalu\u00f3 la m\u00fasica vietnamita real en los siguientes t\u00e9rminos: \u201cla m\u00fasica real vietnamita representa una elegante y refinada m\u00fasica. Se trata de la m\u00fasica realizado en la imperial y en tribunales distintos aniversarios, fiestas religiosas, y en particular tales ocasiones. De las diferentes categor\u00edas de desarrollo en\u00a0Vietnam, s\u00f3lo la m\u00fasica fue real nacional \u201c.<\/span><\/p>\n<p><span style=\"color: #000000;\">Nha nhac (vietnamita m\u00fasica real) y sus principios lleg\u00f3 a Vietnam en el marco del reinado Ho Han Thuong (1400-1407). La dinast\u00eda Ho, sin embargo, s\u00f3lo existe durante un corto tiempo, a fin de Nha nhac r\u00e1pidamente cay\u00f3 en el olvido. En 1427, Le Loi derrotaron a los invasores chino Ming y liberado el pa\u00eds. Sin embargo, Nha nhac s\u00f3lo empez\u00f3 a desarrollar en el reinado de Le Thanh Tong (1460-1497) y alcanz\u00f3 su punto \u00e1lgido bajo la dinast\u00eda Nguyen (1802-1945). Nha nhac es g\u00e9nero de m\u00fasica acad\u00e9mica. Se cont\u00f3 con la participaci\u00f3n de muchos compositores y m\u00fasicos talentosos, con numerosos instrumentos musicales tradicionales. A partir de ahora, Nha Nhac tendr\u00e1 oportunidades para preservar, desarrollar y popularizar al p\u00fablico, dentro y fuera del pa\u00edss.<\/span><\/p>\n<p><span style=\"color: #000000;\"><strong>Gongs de las tierras altas centrales\u00a0<\/strong><\/span><\/p>\n<p><span style=\"color: #000000;\">Los\u00a0instrumentos de Gongs de las tierras altas centrales se\u00a0formaron en conjuntos. Cada juego es un musical de cr\u00e9ditos con un estrecho sistema de sonido. Cada conjunto de gongs consta de 3 \u00f3 15 de gongs, junto con los tambores y platillos.\u00a0Como parte de un musical de adjudicaci\u00f3n se ha mencionado anteriormente, gongs reflejan una eficacia de sonido excelente. Adem\u00e1s, en la co-ordinative sincr\u00f3nica rendimiento que los nativos llaman \u201ccompetencia\u201d de gongs. Por lo tanto, estos instrumentos musicales movilizado en un majestuoso espacio de los bosques. M\u00fasica de Gongs caus\u00f3\u00a0a todo el mundo con voz tr\u00e9mula, atrajo la mayor parte de la generaci\u00f3n y que tambi\u00e9n son admirados por los legendarios largos poemas.<\/span><\/p>\n<p><span style=\"color: #000000;\">En la valoraci\u00f3n com\u00fan de Gongs de\u00a0las tierras altas centrales, gongs de cada minor\u00eda \u00e9tnica tiene sus propias, Gong de\u00a0Edeh tiene\u00a0el sonido complejo, alta velocidad y gran intensidad. En cuanto a Gong de M\u2019Nong es bastante r\u00e1pido, pero no gran intensidad. A pesar de la r\u00e1pida velocidad, la m\u00fasica es \u201cun agradable di\u00e1logo\u201d de gongs. Cuando suena para armonizar el uno al otro, el oyente tiene un sentimiento como el sonido de manantiales, el viento y los bosques murmurando, as\u00ed como sonido del animal, sonr\u00ede. Gong de Bahna, J\u2019rai inclina a la melod\u00eda de la m\u00fasica.<\/span><\/p>\n<p><span style=\"color: #000000;\">Gong de\u00a0las tierras altas centrales no s\u00f3lo es un instrumento musical, sino tambi\u00e9n un santo implementar un lenguaje fant\u00e1stico y el mensaje de la vinculaci\u00f3n humana y Dios. Porque de acuerdo con el punto de vista de la fe y de las minor\u00edas \u00e9tnicas que Gong es la morada de los dioses. El Dios Gong tiene su esp\u00edritu con la felicidad, la tristeza y el mal humor. El Dios Gong tambi\u00e9n tiene su familia: padre, madre e hijos. \u00c9l puede ayudar a ser plenamente humano rico y feliz, pero \u00e9l va a hacer una oposici\u00f3n si est\u00e1 herido.<\/span><\/p>\n<p><span style=\"color: #000000;\">Gong va con el hombre que pasa por dificultades en la vida. El sonido de Gong se utiliza para la celebraci\u00f3n de ceremonias tales como: el rito de la oreja-bugling, la maduraci\u00f3n, la edad de setenta a\u00f1os, a la boda, para saludar a clientes, el abandono grave, celebrando nueva casa\u2026 sonido de gong es tambi\u00e9n una se\u00f1al de informaci\u00f3n, audiencia de gong que podemos comprender el due\u00f1o del partido es feliz o no, entonces vamos a tomar parte en la alegr\u00eda o tristeza con ellos.<\/span><\/p>\n<p><span style=\"color: #000000;\">Dado el valor y la significaci\u00f3n de gongs, se dice que: \u201cexiste la cultura de Gong en las tierras altass. Adem\u00e1s, debido a la diversidad y complejidad de alta densidad de Gong, por lo que se dice que las tierras altas centrales es uno de los centros culturales de ASIA Gong. Cuando se habla de car\u00e1cter cultural de las Tierras Altas, no pueden dejar de hablar de la cultura de Gong.<\/span><\/p>\n<p><span style=\"color: #000000;\"><strong>Ch\u00e8o tradicional o popular \u00f3pera\u00a0<\/strong><\/span><\/p>\n<p><span style=\"color: #000000;\">Ch\u00e8o tradicional se considera como un patrimonio de\u00a0la cultura de\u00a0Vietnam\u00a0y Delta del R\u00edo\u00a0rojo es la cuna de este, la regi\u00f3n rica en las canciones populares, en divertidos relatos, en proverbios y refranes, en alegor\u00edas \u2026 La tierra y los lugares bellos est\u00e1n profundamente impresionados por las historias narradas por el pueblo patio Ch\u00e8o actuaciones. Las generaciones pasadas, Ch\u00e8o se vuelve m\u00e1s y m\u00e1s seleccionado y enriquecido y normalmente es un estilo art\u00edstico. Desde su nacimiento, Ch\u00e8o ha sido una atracci\u00f3n para personas de todas las caminatas de la vida, no con lo que se refiere a la edad o la posici\u00f3n social o nacionalidad.<\/span><\/p>\n<p><span style=\"color: #000000;\">Ch\u00e8o se auto-forma narrativa etapa donde los espectadores y los artistas int\u00e9rpretes o ejecutantes un intercambio mutuo de ideas. Los jugadores hacer una libre introducci\u00f3n, mientras que los espectadores de ver de cerca. Hay baile, canto, m\u00fasica y literatura en el gui\u00f3n. El concurso en Ch\u00e8o var\u00eda en proverbios y refranes, plenamente optimista en la risa, el humor y no menos ingenioso. La humanidad est\u00e1 profundamente expresada en los derechos humanos en la lucha entre el bien y el mal y el ganador es siempre la bondad. Classic Ch\u00e8o normalmente tiene buena que termin\u00f3 en las tradiciones orientales. Muchas guiones de Ch\u00e8o son altamente valorados como propiedades nacionales. Actores y actrices en Ch\u00e8o son buenos bailarines. Ellos expresan sus emociones bailando, en estilos claros que se obtienen de las actividades de la vida diaria. La melod\u00eda en la m\u00fasica ch\u00e8o es un toque, que es la combinaci\u00f3n de ambos la m\u00fasica tradicional y moderna. La m\u00fasica es el fondo de ch\u00e8o que dirige los estilos de actuaci\u00f3n de todos los tiempos. M\u00fasica y reproducir el gui\u00f3n son factores decisivos, m\u00fasica ch\u00e8o representa los folklores rojos de deltas de r\u00edos que impregnan profundamente en los poemas, y de nuevo se expresa en significados contextuales Cheo. Tambi\u00e9n se le llama \u201clan\u201d o estilo ch\u00e8o. Durante la ejecuci\u00f3n, hay diferentes situaciones en caracteres Cheo conocidos como \u201cdieu\u201d o modo de actuar. Dieu es m\u00e1s art\u00edsticamente experto. Las canciones en ch\u00e8o veces son extractos de proverbios y refranes tradicionales. Tambi\u00e9n hay payaso en ch\u00e8o que ayudan a que los espectadores se deshacen de su cansancio del duro trabajo diario. Durante a\u00f1os, se convierte en ch\u00e8o bien afectado por nuevos factores en la lengua, la danza de la m\u00fasica y el arte. Melod\u00edas folcl\u00f3ricas de todas las partes del pa\u00eds, de norte a sur, desde las tierras bajas a las tierras altas, incluso desde el extranjero se populariz\u00f3 para satisfacer los gustos y demandas de los espectadores al campo.<\/span><\/p>\n<p><span style=\"color: #000000;\">Ch\u00e8o de\u00a0Viet Nam se dice que es vitalizado y sostenible. Hoy en d\u00eda, hay compa\u00f1\u00edas profesionales cheo en ciudades y provincias. Se sienten m\u00e1s los valores tradicionales como el coraje, la lealtad, el sacrificio personal. Adem\u00e1s de ser cl\u00e1sico,\u00a0Ch\u00e8o es siempre muy apreciada. Incluso los temas modernos se aplican y se reproducen en ch\u00e8o. Por generaciones, Cheo se convierte en fuente de vida espiritual para los agricultores de Vietnam. Ch\u00e8o es arte esc\u00e9nico, ch\u00e8o es la m\u00fasica y la poes\u00eda en su vida. Ch\u00e8o ha gustado mejor debido a su identidad nacional cultural.<\/span>[\/vc_column_text][vc_empty_space][\/vc_column][\/vc_row]<\/p>\n<\/body><\/div>","protected":false},"excerpt":{"rendered":"<p>[vc_row][vc_column width=\u201d1\/3\u2033][vc_single_image image=\u201d4027\u2033 img_size=\u201d250\u00d7188\u2033 alignment=\u201dcenter\u201d style=\u201dvc_box_border\u201d][vc_column_text] Viajes a Vietnam, Laos, Camboya, Tailandia, Myanmar [\/vc_column_text][\/vc_column][vc_column width=\u201d1\/3\u2033][vc_single_image image=\u201d4030\u2033 img_size=\u201d250\u00d7188\u2033 alignment=\u201dcenter\u201d style=\u201dvc_box_outline\u201d][vc_column_text] Viajes a Vietnam, Laos, Camboya, Tailandia, Myanmar [\/vc_column_text][\/vc_column][vc_column width=\u201d1\/3\u2033][vc_single_image image=\u201d4029\u2033 img_size=\u201d250\u00d7188\u2033 alignment=\u201dcenter\u201d style=\u201dvc_box_shadow_3d\u201d][vc_column_text] Viajes a Vietnam, Laos, Camboya, Tailandia, Myanmar [\/vc_column_text][\/vc_column][vc_column][vc_empty_space][\/vc_column][\/vc_row][vc_row][vc_column][vc_column_text]Cultura vietnamita\u00a0 La riqueza de or\u00edgenes de\u00a0Vietnam\u00a0es evidente a lo largo de su cultura. La vida [&hellip;]<\/p>\n","protected":false},"author":3,"featured_media":4026,"parent":0,"menu_order":0,"comment_status":"closed","ping_status":"closed","template":"","meta":{"nf_dc_page":"","footnotes":""},"class_list":["post-2918","page","type-page","status-publish","has-post-thumbnail","hentry"],"_links":{"self":[{"href":"https:\/\/gialinhtravel.com\/espanol\/wp-json\/wp\/v2\/pages\/2918","targetHints":{"allow":["GET"]}}],"collection":[{"href":"https:\/\/gialinhtravel.com\/espanol\/wp-json\/wp\/v2\/pages"}],"about":[{"href":"https:\/\/gialinhtravel.com\/espanol\/wp-json\/wp\/v2\/types\/page"}],"author":[{"embeddable":true,"href":"https:\/\/gialinhtravel.com\/espanol\/wp-json\/wp\/v2\/users\/3"}],"replies":[{"embeddable":true,"href":"https:\/\/gialinhtravel.com\/espanol\/wp-json\/wp\/v2\/comments?post=2918"}],"version-history":[{"count":4,"href":"https:\/\/gialinhtravel.com\/espanol\/wp-json\/wp\/v2\/pages\/2918\/revisions"}],"predecessor-version":[{"id":4031,"href":"https:\/\/gialinhtravel.com\/espanol\/wp-json\/wp\/v2\/pages\/2918\/revisions\/4031"}],"wp:featuredmedia":[{"embeddable":true,"href":"https:\/\/gialinhtravel.com\/espanol\/wp-json\/wp\/v2\/media\/4026"}],"wp:attachment":[{"href":"https:\/\/gialinhtravel.com\/espanol\/wp-json\/wp\/v2\/media?parent=2918"}],"curies":[{"name":"wp","href":"https:\/\/api.w.org\/{rel}","templated":true}]}}