{"id":2915,"date":"2015-10-15T04:55:54","date_gmt":"2015-10-15T04:55:54","guid":{"rendered":"https:\/\/gialinhtravel.com\/espanol\/?page_id=2915"},"modified":"2015-11-05T09:40:08","modified_gmt":"2015-11-05T09:40:08","slug":"colonia-de-francia","status":"publish","type":"page","link":"https:\/\/gialinhtravel.com\/espanol\/colonia-de-francia\/","title":{"rendered":"Colonia de Francia"},"content":{"rendered":"<div class=\"wpb-content-wrapper\"><body><p>[vc_row][vc_column width=\u201d1\/3\u2033][vc_single_image image=\u201d4022\u2033 img_size=\u201d250\u00d7188\u2033 alignment=\u201dcenter\u201d style=\u201dvc_box_border\u201d][vc_column_text]<\/p>\n<p>Viajes a Vietnam, Laos, Camboya, Tailandia, Myanmar<\/p>\n<p>[\/vc_column_text][\/vc_column][vc_column width=\u201d1\/3\u2033][vc_single_image image=\u201d4023\u2033 img_size=\u201d250\u00d7188\u2033 alignment=\u201dcenter\u201d style=\u201dvc_box_outline\u201d][vc_column_text]<\/p>\n<p>Viajes a Vietnam, Laos, Camboya, Tailandia, Myanmar<\/p>\n<p>[\/vc_column_text][\/vc_column][vc_column width=\u201d1\/3\u2033][vc_single_image image=\u201d4024\u2033 img_size=\u201d250\u00d7188\u2033 alignment=\u201dcenter\u201d style=\u201dvc_box_shadow_3d\u201d][vc_column_text]<\/p>\n<p>Viajes a Vietnam, Laos, Camboya, Tailandia, Myanmar<\/p>\n<p>[\/vc_column_text][\/vc_column][vc_column][vc_empty_space][\/vc_column][\/vc_row][vc_row][vc_column][vc_column_text]<span style=\"color: #000000;\">La \u00e9poca colonial francesa (1857-1945)<\/span><\/p>\n<p><span style=\"color: #000000;\">El 31 de agosto de 1858, un escuadr\u00f3n naval franc\u00e9s puso el pie en el Puerto de\u00a0Danang\u00a0(Tourane), y ese invento anunci\u00f3 el comienzo de la ocupaci\u00f3n colonial que duraba casi un siglo.<\/span><\/p>\n<p><span style=\"color: #000000;\">En primer lugar, el imperialismo franc\u00e9s, en plena expansi\u00f3n, fue a atacar a una monarqu\u00eda feudal en descomposici\u00f3n que perdi\u00f3 el apoyo de su pueblo. En ese momento, la dinast\u00eda\u00a0Nguyen\u00a0que ascendi\u00f3 el trono despu\u00e9s de\u00a0la represi\u00f3n a un gran levantamiento, reform\u00f3 el sistema feudal y todas sus instituciones represivas.\u00a0\u00a0Sin embargo, las revueltas de los campesinos continuaron sin cesar debido a un aparato administrativo, esencialmente constituido por un cuerpo formado de mandarines muy conservadores y rituales y la ideolog\u00eda del Confucianismo de la Clase Noble convirti\u00f3 toda la naci\u00f3n en una apretada esquina. Con una infraestructura rudimentaria, la corte real no pudo\u00a0\u00a0dirigir con eficacia la regla sobre un territorio se extend\u00eda de norte a sur por m\u00e1s de 2000 kil\u00f3metros. Esto, junto con los enga\u00f1osos objetivos de los franceses impuls\u00f3 al rey y altos dignatarios tribunales.<\/span><\/p>\n<p><span style=\"color: #000000;\">El gobierno franc\u00e9s aprob\u00f3 la decisi\u00f3n de conquistar\u00a0Vietnam\u00a0en 1857. Sin embargo, su dominio sobre el pa\u00eds solo se pudo\u00a0realizar\u00a0\u00a030 a\u00f1os m\u00e1s tarde debido a la fuerte resistencia de los patriotas vietnamitas.<\/span><\/p>\n<p><span style=\"color: #000000;\">En 1887, de conformidad con el decreto del rey franc\u00e9s, la Uni\u00f3n Indochina, que consiste en Vietnam, Camboya y Laos, se estableci\u00f3. En ese momento, las pol\u00edticas sociales y econ\u00f3micas de los franceses fueron aceleradas a peque\u00f1a escala, y una pol\u00edtica sobre la explotaci\u00f3n de las colonias se impuso a mayor escala a principios del siglo 20. Los franceses impulsaron las actividades econ\u00f3micas y sociales del pa\u00eds con muchas maneras. Ellos concentraron las inversiones en la industria minera, as\u00ed como en varias otras industrias. Una serie de grandes plantaciones de los cultivos de plantas industriales, tales como t\u00e9, caf\u00e9 y caucho, se empezaron a desarrollar. Los productos agr\u00edcolas se consideraban como b\u00e1sicos. Estos cambios en la econom\u00eda dieron lugar a una divisi\u00f3n entre la burgues\u00eda vietnamita y la clase obrera.<\/span><\/p>\n<p><span style=\"color: #000000;\">En consecuencia, el sistema educativo se\u00a0\u00a0modific\u00f3 en tres niveles de la educaci\u00f3n infantil, primaria y secundaria. El antiguo sistema de ex\u00e1menes fue abolido en 1915, y las escuelas para la formaci\u00f3n de oficiales administrativos en el estilo franc\u00e9s se lanzaron oficialmente en 1917.<\/span><\/p>\n<p><span style=\"color: #000000;\">Por otra parte, el Gobernador General de Indochina fue decretado para reestructurar el mecanismo de organizaci\u00f3n del pueblo en 1904. Esto dio lugar a una fuerte resistencia contra los franceses que quer\u00edan crear una nueva clase de propietarios de estilo franc\u00e9s. El colonialista franc\u00e9s impuso una austera pol\u00edtica de la clase trabajadora, especialmente para los labradores, y los elevados impuestos para los agricultores. Se practic\u00f3 tambi\u00e9n una pol\u00edtica del oscurantismo.<\/span><\/p>\n<p><span style=\"color: #000000;\">Con un coraz\u00f3n dolido, muchos patriotas vietnamitas con diferentes ideolog\u00edas luchaban para liberar el pa\u00eds\u00a0\u00a0formando diversos movimientos de resistencia nacionalista. Entre ellos, eran el movimiento Dong\u00a0Du\u00a0encabezado por\u00a0Phan\u00a0Boi\u00a0Chau, la pol\u00edtica de elevar las normas del intelectual\u00a0Phan\u00a0Chu\u00a0Trinh\u00a0y su grupo\u00a0Dong\u00a0kinh\u00a0Nghia\u00a0Thuc\u00a0\u2026 Sin embargo, sus planes contra los colonialistas franceses no se convirtieron en verdaderos.\u00a0Nguyen\u00a0Thai\u00a0Hoc\u00a0y sus compa\u00f1eros fueron condenados a muerte como resultado de estas protestas.<\/span><\/p>\n<p><span style=\"color: #000000;\">Otro, que cay\u00f3 en la misma situaci\u00f3n con el mencionado, fue el movimiento\u00a0Quang\u00a0Phuc. Su plan de apoderarse\u00a0\u00a0Hanoi a trav\u00e9s de la acci\u00f3n combinada de los patriotas en el interior del pa\u00eds y un ej\u00e9rcito revolucionario formado en el extranjero se puso de manifiesto por un Traidor. Por lo tanto, la operaci\u00f3n secreta fue resquebrajada por los franceses; muchos miembros fueron detenidos.<\/span><\/p>\n<p><span style=\"color: #000000;\">Por otra parte, tambi\u00e9n hab\u00eda muchos movimientos patri\u00f3ticos en todo el pa\u00eds. Aunque todav\u00eda vigoroso, fueron terriblemente derrotados debido a la carencia de una organizaci\u00f3n nacional unificada. La necesidad de un partido pol\u00edtico de recopilaci\u00f3n de todas las clases sociales era muy urgente. En 1930,\u00a0Nguyen\u00a0Ai\u00a0Quoc\u00a0(o\u00a0Ho Chi Minh) fund\u00f3 el\u00a0Partido Comunista de\u00a0Vietnam\u00a0(el Partido Comunista de Indochina en ese momento). Desde entonces,\u00a0\u00a0el comunista era el principal dirigente del movimiento de liberaci\u00f3n nacional. En resumen, la administraci\u00f3n colonial, durante el tiempo de reprimir\u00a0\u00a0el movimiento nacional, trat\u00f3 de apaciguar a la\u00a0\u00e9lite\u00a0de la introducci\u00f3n de unas miserables reformas, con la promesa de importantes reformas de la posguerra\u00a0\u00a0que la m\u00e1s generosa era \u201cliberal\u201d. Estas promesas nunca se cumplieron. El hecho de que Francia consigui\u00f3 en la celebraci\u00f3n a\u00a0Vietnam\u00a0durante los a\u00f1os de guerra se debi\u00f3 principalmente a la debilidad del movimiento nacional. Muchos patriotas llevaron a cabo la lucha por la independencia nacional, pero las nuevas y embrionarias\u00a0\u00a0fuerzas sociales no dieron el vigor del movimiento necesario y la direcci\u00f3n, no hasta que estas fuerzas crecieron a trav\u00e9s de las d\u00e9cadas posteriores, fue el movimiento nacional capaz de ser revitalizado.<\/span>[\/vc_column_text][vc_empty_space][\/vc_column][\/vc_row]<\/p>\n<\/body><\/div>","protected":false},"excerpt":{"rendered":"<p>[vc_row][vc_column width=\u201d1\/3\u2033][vc_single_image image=\u201d4022\u2033 img_size=\u201d250\u00d7188\u2033 alignment=\u201dcenter\u201d style=\u201dvc_box_border\u201d][vc_column_text] Viajes a Vietnam, Laos, Camboya, Tailandia, Myanmar [\/vc_column_text][\/vc_column][vc_column width=\u201d1\/3\u2033][vc_single_image image=\u201d4023\u2033 img_size=\u201d250\u00d7188\u2033 alignment=\u201dcenter\u201d style=\u201dvc_box_outline\u201d][vc_column_text] Viajes a Vietnam, Laos, Camboya, Tailandia, Myanmar [\/vc_column_text][\/vc_column][vc_column width=\u201d1\/3\u2033][vc_single_image image=\u201d4024\u2033 img_size=\u201d250\u00d7188\u2033 alignment=\u201dcenter\u201d style=\u201dvc_box_shadow_3d\u201d][vc_column_text] Viajes a Vietnam, Laos, Camboya, Tailandia, Myanmar [\/vc_column_text][\/vc_column][vc_column][vc_empty_space][\/vc_column][\/vc_row][vc_row][vc_column][vc_column_text]La \u00e9poca colonial francesa (1857-1945) El 31 de agosto de 1858, un escuadr\u00f3n naval franc\u00e9s puso [&hellip;]<\/p>\n","protected":false},"author":3,"featured_media":4021,"parent":0,"menu_order":0,"comment_status":"closed","ping_status":"closed","template":"","meta":{"nf_dc_page":"","footnotes":""},"class_list":["post-2915","page","type-page","status-publish","has-post-thumbnail","hentry"],"_links":{"self":[{"href":"https:\/\/gialinhtravel.com\/espanol\/wp-json\/wp\/v2\/pages\/2915","targetHints":{"allow":["GET"]}}],"collection":[{"href":"https:\/\/gialinhtravel.com\/espanol\/wp-json\/wp\/v2\/pages"}],"about":[{"href":"https:\/\/gialinhtravel.com\/espanol\/wp-json\/wp\/v2\/types\/page"}],"author":[{"embeddable":true,"href":"https:\/\/gialinhtravel.com\/espanol\/wp-json\/wp\/v2\/users\/3"}],"replies":[{"embeddable":true,"href":"https:\/\/gialinhtravel.com\/espanol\/wp-json\/wp\/v2\/comments?post=2915"}],"version-history":[{"count":4,"href":"https:\/\/gialinhtravel.com\/espanol\/wp-json\/wp\/v2\/pages\/2915\/revisions"}],"predecessor-version":[{"id":4020,"href":"https:\/\/gialinhtravel.com\/espanol\/wp-json\/wp\/v2\/pages\/2915\/revisions\/4020"}],"wp:featuredmedia":[{"embeddable":true,"href":"https:\/\/gialinhtravel.com\/espanol\/wp-json\/wp\/v2\/media\/4021"}],"wp:attachment":[{"href":"https:\/\/gialinhtravel.com\/espanol\/wp-json\/wp\/v2\/media?parent=2915"}],"curies":[{"name":"wp","href":"https:\/\/api.w.org\/{rel}","templated":true}]}}