{"id":2911,"date":"2015-10-15T04:53:37","date_gmt":"2015-10-15T04:53:37","guid":{"rendered":"https:\/\/gialinhtravel.com\/espanol\/?page_id=2911"},"modified":"2015-11-05T09:32:10","modified_gmt":"2015-11-05T09:32:10","slug":"arte-de-vietnam","status":"publish","type":"page","link":"https:\/\/gialinhtravel.com\/espanol\/arte-de-vietnam\/","title":{"rendered":"Arte de Vietnam"},"content":{"rendered":"<div class=\"wpb-content-wrapper\"><body><p>[vc_row][vc_column width=\u201d1\/3\u2033][vc_single_image image=\u201d4015\u2033 img_size=\u201d250\u00d7188\u2033 alignment=\u201dcenter\u201d style=\u201dvc_box_border\u201d][vc_column_text]<\/p>\n<p>Viajes a Vietnam, Laos, Camboya, Tailandia, Myanmar<\/p>\n<p>[\/vc_column_text][\/vc_column][vc_column width=\u201d1\/3\u2033][vc_single_image image=\u201d4017\u2033 img_size=\u201d250\u00d7188\u2033 alignment=\u201dcenter\u201d style=\u201dvc_box_outline\u201d][vc_column_text]<\/p>\n<p>Viajes a Vietnam, Laos, Camboya, Tailandia, Myanmar<\/p>\n<p>[\/vc_column_text][\/vc_column][vc_column width=\u201d1\/3\u2033][vc_single_image image=\u201d4018\u2033 img_size=\u201d250\u00d7188\u2033 alignment=\u201dcenter\u201d style=\u201dvc_box_shadow_3d\u201d][vc_column_text]<\/p>\n<p>Viajes a Vietnam, Laos, Camboya, Tailandia, Myanmar<\/p>\n<p>[\/vc_column_text][\/vc_column][vc_column][vc_empty_space][\/vc_column][\/vc_row][vc_row][vc_column][vc_column_text]<span style=\"color: #000000;\"><strong>Artes:\u00a0<\/strong><\/span><\/p>\n<p><span style=\"color: #000000;\">Durante mucho tiempo, los productos artesanales han sido realmente un orgullo cultural del pueblo vietnamita.<\/span><\/p>\n<p><span style=\"color: #000000;\">Hay miles de tipos de artesan\u00edas tradicionales como cer\u00e1mica, productos de bamb\u00fa, laca pulida..\u00a0. Algunos de los cuales han sido muy reconocidos y populares en \u00e1mbito internacional.<\/span><\/p>\n<p><span style=\"color: #000000;\"><strong><strong>\u2022 \u00a0<\/strong>Cer\u00e1mica:<br>\n<\/strong><\/span><\/p>\n<p><span style=\"color: #000000;\">Los productos de cer\u00e1mica vidriada elaborados con\u00a0\u00a0los m\u00e9todos tradicionales en bella arte bien conocidos son de las aldeas Bat\u00a0Trang\u00a0(Hanoi),\u00a0Dong\u00a0Trieu\u00a0(Quang Ninh),\u00a0Thanh\u00a0Ha (Hoi\u00a0An).<\/span><br>\n<span style=\"color: #000000;\">Los\u00a0articulos\u00a0tradicionales de la cocina como los\u00a0\u00a0tazones de modelo de flor\u00a0\u00a0de Bat Trang\u00a0se han exportado a Suecia, las ollas de pepino a Rusia, y las\u00a0teteras\u00a0a Francia.<\/span><\/p>\n<p><span style=\"color: #000000;\"><strong><strong>\u2022 \u00a0<\/strong>Productos del bamb\u00fa:\u00a0<\/strong><\/span><\/p>\n<p><span style=\"color: #000000;\">El bamb\u00fa es una abundante fuente de los materiales utilizados por los artesanos vietnamitas. La ventaja de estos productos radica en que son ligeros, duraderos y resistentes a los comejenes.<\/span><br>\n<span style=\"color: #000000;\">Los productos del bamb\u00fa vietnamitas aparecieron por primera vez en el mercado mundial en una feria en Par\u00eds en 1931. Desde entonces, m\u00e1s de 200 tipos de art\u00edculos de esta materia se\u00a0\u00a0han vendido en el exterior. Entre los m\u00e1s populares son las cestas, maceteros, l\u00e1mparas, y libreros.<\/span><\/p>\n<p><span style=\"color: #000000;\"><strong><strong>\u2022 \u00a0<\/strong>Laca pulida:\u00a0<\/strong><\/span><\/p>\n<p><span style=\"color: #000000;\">La laca pulida\u00a0\u00a0es muy t\u00edpica\u00a0\u00a0de\u00a0Vietnam, a pesar de que tambi\u00e9n existe en otros pa\u00edses asi\u00e1ticos. Se dice que la resina que se extrae de los \u00e1rboles en la provincia\u00a0Phu\u00a0Tho\u00a0es el mejor. Como tal, los productos de la laca pulida fabricados en\u00a0Vietnam\u00a0son muy hermosos y duraderos. En el siglo XVIII, los artesanos del\u00a0\u00a0distrito de\u00a0Nam\u00a0Ngu\u00a0de\u00a0Thang\u00a0Long (Hanoi) especializaron en la toma de productos de cer\u00e1mica barnizada. Tradicionalmente, la laca pulida\u00a0\u00a0solo figuraban cuatro\u00a0colores: negro, rojo, amarillo y marr\u00f3n. Sin embargo, debido a\u00a0\u00a0las mejoras de la tecnolog\u00eda en los \u00faltimos a\u00f1os, m\u00e1s de pigmentos de colores se hicieron, en \u00e9l, la creaci\u00f3n de una gama m\u00e1s amplia de laca de colores.<\/span><br>\n<span style=\"color: #000000;\">Actualmente, los productos de laca pulida vietnamitas han cogido fama en el plano nacional y los mercados extranjeros. Los productos m\u00e1s famosos son pinturas murales, jarrones de flores, cajas de joyas, bandejas\u2026<\/span><\/p>\n<p><span style=\"color: #000000;\"><strong>\u2022\u00a0Incrustaci\u00f3n de n\u00e1car:\u00a0<\/strong><\/span><\/p>\n<p><span style=\"color: #000000;\">Los artesanos de la incrustaci\u00f3n de n\u00e1car utilizan diferentes tipos de conchas de ostras para ofrecer una amplia gama de colores. Esta forma de arte requiere mucho esfuerzo porque el proceso de la incrustaci\u00f3n implica numerosas etapas, incluyendo el dise\u00f1o, moler, cortar, tallar, cincelar, y el pulido. La incrustaci\u00f3n de n\u00e1car se utiliza ampliamente en la industria del mueble como mesas, escritorios, sillas, marcos, bandejas y que retratan distintas historias antiguas. Estos relatos se muestran como escenas de la naturaleza con aves, mariposas, estanques de loto, y \u00e1rboles. El proceso de la incrustaci\u00f3n de n\u00e1car hace aumentar el valor de art\u00edculos de madera. Seg\u00fan la leyenda, esta artesan\u00eda se origin\u00f3 en la villa\u00a0Chuon\u00a0de la provincia de Ha\u00a0Tay.<\/span><br>\n<span style=\"color: #000000;\"><b><br>\n<\/b><strong><strong><strong>\u2022 \u00a0<\/strong><\/strong>Escultura de Piedra:\u00a0<\/strong><\/span><\/p>\n<p><span style=\"color: #000000;\">La mayor\u00eda de las esculturas tradicionales se realizan en la provincia de\u00a0Danang, cerca de la Montana de M\u00e1rmol.\u00a0\u00a0Los escultores usan el m\u00e1rmol para tallar diversos art\u00edculos de alto valor, como pulseras, ceniceros, bandejas, estatuas de Buda, maceteros de plantas ornamentales, estatuas de animales como gatos y pavos reales.<\/span><\/p>\n<p><span style=\"color: #000000;\"><strong>\u2022 Bordados:\u00a0<\/strong><\/span><\/p>\n<p><span style=\"color: #000000;\">En el pasado, El bordado fue reservado principalmente para el beneficio de la clase alta, templos y pagodas. La t\u00e9cnica de este arte era m\u00e1s bien simple, y se trataba de s\u00f3lo cinco colores de hilos: amarillo, rojo, verde, violeta y azul. Hoy en\u00a0dia, los bordados son bienes \u00fatiles y decorativos. Las nuevas tecnolog\u00edas han ayudado a producir nuevos materiales, como la tela blanca y encajes. Y como resultado, la industria del bordado ha desarrollado y ahora hay una amplia gama de nuevos productos, como fundas de almohadas, s\u00e1banas, y kimonos. El m\u00e1s calificado tipo de bordado es la producci\u00f3n de lienzos, que exige la utilizaci\u00f3n de hasta 60 diferentes colores de hilo.<\/span><\/p>\n<p><span style=\"color: #000000;\">Se cree que\u00a0\u00a0el bordado se origin\u00f3 en la aldea\u00a0Quat\u00a0Dong\u00a0\u00a0en la provincia de Ha\u00a0Tay.<\/span><\/p>\n<p><span style=\"color: #000000;\"><strong>\u2022\u00a0Joyas:\u00a0<\/strong><\/span><\/p>\n<p><span style=\"color: #000000;\">Tan pronto como el 2 \u00ba siglo, los vietnamitas estaban utilizando el oro y la plata para crear joyas. Hay tres diferentes t\u00e9cnicas utilizadas para hacer joyas de oro y plata, entre ellas es la fundici\u00f3n, que es el proceso de fusi\u00f3n del metal y verter en flor, el plomo. Estas tres t\u00e9cnicas se pueden combinar para hacer intrincadas piezas de joyer\u00eda. Debido a la flexibilidad de las materias primas, el color del oro, y el brillo de la plata, se han creado hermosos collares, brazaletes, pendientes, anillos, bandejas, tazas. Se dice que el oro se origin\u00f3 en la aldea\u00a0Dinh\u00a0Cong, cerca de Hanoi y la orfebrer\u00eda se origin\u00f3 en la aldea de\u00a0Dong\u00a0Xam\u00a0en la provincia de\u00a0Thai\u00a0Binh.<\/span><br>\n<span style=\"color: #000000;\"><b><br>\n<\/b><strong>\u2022\u00a0\u00a0Productos de madera:\u00a0<\/strong><\/span><\/p>\n<p><span style=\"color: #000000;\">Desde el decenio de 1980, la producci\u00f3n de art\u00edculos de madera fina ha experimentado una fuerte reactivaci\u00f3n. Estas obras de arte han sido muy buscadas tanto en los mercados nacionales como en los extranjeros. El m\u00e1s popular de estos productos son juegos de madera, sillas, armarios y camas. Actualmente, hay muchas empresas que se ocupan en la producci\u00f3n y venta de art\u00edculos de madera. Sus empleados cualificados han producido muchos hermosos y apreciados productos.<\/span><\/p>\n<p><span style=\"color: #000000;\"><strong>\u2022\u00a0Fundici\u00f3n de Cobre:\u00a0<\/strong><\/span><\/p>\n<p><span style=\"color: #000000;\">La fundici\u00f3n de cobre es una de las m\u00e1s famosas y perdurables formas art\u00edsticas tradicionales de\u00a0Vietnam. Con la ayuda de la tecnolog\u00eda, muchos art\u00edculos de cobre antiguos en\u00a0\u00a0todo el pa\u00eds se han conservado. Aproximadamente 3000 a\u00f1os atr\u00e1s, los antiguos vietnamitas descubrieron la forma de reparto de cobre para hacer herramientas de bronce, armas y ornamentos; en \u00e9l, se inici\u00f3 la edad de metales. Algunas estatuas de bronce que se han conservado hasta ahora demuestran que hubo un per\u00edodo de florecimiento de fundici\u00f3n de cobre en\u00a0Vietnam. En los a\u00f1os posteriores, el ejercicio de los artesanos talentosos cre\u00f3 muchos productos innovadores de lat\u00f3n que adaptaron las necesidades de la sociedad. Las m\u00e1s famosas piezas de cobre conocidas de hoy, son una serie de tambores de bronce que fueron emitidos a trav\u00e9s de los siglos. Adem\u00e1s, hay artefactos de bronce que actualmente se exhiben en\u00a0Hue, como una tetera de bronce en el Palacio Imperial (1659-1684), la placa de bronce (1677) y la campana(1710) de pagoda de la Dama Celestial, los Nueve Ca\u00f1ones (1803-1804), y las nueve urnas(1835-1837). Hoy en d\u00eda, s\u00f3lo unas pocas aldeas de fundici\u00f3n de cobre siguen siendo las mismas, como\u00a0Ngu\u00a0Xa\u00a0en Hanoi, y en\u00a0Phuoc\u00a0Kieu\u00a0Quang\u00a0Nam.<\/span><\/p>\n<p><span style=\"color: #000000;\"><b>Arquitectura\u00a0<\/b><\/span><\/p>\n<p><span style=\"color: #000000;\">La arquitectura vietnamita es rica en historia y est\u00e9tica. La cual se pone de manifiesto los brillantes complejos arquitect\u00f3nicos de pagodas y templos que reflejan la identidad cultural de la pr\u00e1ctica religiosa en\u00a0Vietnam. Los vestigios arqueol\u00f3gicos han demostrado que la existencia de la arquitectura vietnamita empez\u00f3 hace 4000 a\u00f1os atr\u00e1s cuando el pa\u00eds se estableci\u00f3 por primera vez durante el reinado del Rey\u00a0Hung. En ese momento,\u00a0\u00a0los vietnamitas hicieron casas de madera para evitar los tigres y los lobos. Hay dos tipos t\u00edpicos de la casa: casa de barco y casa de tortuga. A pesar de su larga y rica historia,\u00a0Vietnam\u00a0cuenta con un n\u00famero relativamente reducido de hitos arquitect\u00f3nicos. Es debido al desfavorable clima tropical que hizo caerlas obras en decadencia. Esto, junto con el hecho de que casi todas las estructuras de piedra construidas por los vietnamitas fueron destruidas en gran medida a trav\u00e9s de innumerables guerras\u00a0y\u00a0invasiones, significa que muy poco\u00a0pre-moderno sigue siendo la arquitectura vietnamita. Por ejemplo, la Ciudad P\u00farpura Prohibida en\u00a0Hue\u00a0no se pudo escapar de todo da\u00f1o durante la ofensiva delTet\u00a0en 1968 porque la utilizaron como bunker.<\/span><\/p>\n<p><span style=\"color: #000000;\">Muchos pagodas y templos fundados hace cientos de a\u00f1os siguen funcionando hoy en d\u00eda, pero poco se sabe que se han reconstruido muchas veces a ra\u00edz del modelo original. Debido a la costumbre del culto a los antepasados de los vietnamitas, muchas tumbas de siglos anteriores\u00a0sigue\u00a0siendo, sobre todo las tumbas reales de singular estructura\u00a0\u00a0en\u00a0Hue\u00a0que se consideran como \u201cla obra maestra po\u00e9tica imperial\u201d. Cada mausoleo real refleja la personalidad del emperador quien se conmemora. El m\u00e1s majestuoso es el del emperador Minh\u00a0Mang\u00a0que era un firme seguidor del confucianismo con muchas esposas, concubinas y un peque\u00f1o ej\u00e9rcito de ni\u00f1os. Planeado por el Emperador y construido poco despu\u00e9s de su muerte en el estilo chino formal, el mausoleo es opulento y ex\u00f3ticos, y un buen ejemplo de la arquitectura cl\u00e1sica chino-vietnamita. La tumba de Tu\u00a0Duc, el \u201cel Emperador de poemas \u2018, est\u00e1 situado en un elegante jard\u00edn con un magn\u00edfico pabell\u00f3n. La tumba, a diferencia de las dem\u00e1s, es la simplicidad en s\u00ed, a pesar de la lujosa opulencia de su reinado. En completo contraste con el emperador Tu\u00a0Ducen la creaci\u00f3n de estilo, la tumba del emperador\u00a0Khai\u00a0Dinh\u00a0es una construcci\u00f3n de concreto en el lado de un amplio valle. Su inter\u00e9s radic\u00f3 en la dif\u00edcil combinaci\u00f3n de las caracter\u00edsticas vietnamitas y europeas, la utilizaci\u00f3n de fragmentos de cer\u00e1mica y vidrio para decoraci\u00f3n, y el sorprendente patio en la parte delantera del mausoleo.<\/span><\/p>\n<p><span style=\"color: #000000;\">Al viajar al Sur de\u00a0Vietnam, usted tendr\u00e1 la oportunidad de admirar el valioso legado arquitect\u00f3nico del Reino\u00a0Champa\u00a0\u00a0que floreci\u00f3 a partir del siglo 2\u00a0\u00a0al siglo 15. Los mejores conocidos son las impresionantes ladrilleras del Santuario\u00a0My\u00a0Son (Quang Nam) y las torres de Cham (Nha\u00a0Trang). Una vez, una espiritualidad y culto de ese centro reino, el Santuario\u00a0My\u00a0Son ejemplifica la altura del logro arquitect\u00f3nico de los\u00a0Champa. Se trata de un gran complejo de monumentos religiosos originalmente compuestos por m\u00e1s de 70 estructuras. Los constructores de\u00a0My\u00a0Son eran la nobleza del Reino\u00a0Champa\u00a0que deriv\u00f3 su patrimonio cultural y espiritual casi exclusivamente de la India.<\/span><\/p>\n<p><span style=\"color: #000000;\">M\u00e1s tarde, durante la \u00e9poca colonial franc\u00e9s, la arquitectura vietnamita\u00a0\u00a0firmemente estuvo en contacto con la cultura francesa. Muchos edificios del estilo franc\u00e9s fueron construidos en Hanoi y Ciudad Ho Chi Minh que existen hasta hoy.<\/span>[\/vc_column_text][vc_empty_space][\/vc_column][\/vc_row]<\/p>\n<\/body><\/div>","protected":false},"excerpt":{"rendered":"<p>[vc_row][vc_column width=\u201d1\/3\u2033][vc_single_image image=\u201d4015\u2033 img_size=\u201d250\u00d7188\u2033 alignment=\u201dcenter\u201d style=\u201dvc_box_border\u201d][vc_column_text] Viajes a Vietnam, Laos, Camboya, Tailandia, Myanmar [\/vc_column_text][\/vc_column][vc_column width=\u201d1\/3\u2033][vc_single_image image=\u201d4017\u2033 img_size=\u201d250\u00d7188\u2033 alignment=\u201dcenter\u201d style=\u201dvc_box_outline\u201d][vc_column_text] Viajes a Vietnam, Laos, Camboya, Tailandia, Myanmar [\/vc_column_text][\/vc_column][vc_column width=\u201d1\/3\u2033][vc_single_image image=\u201d4018\u2033 img_size=\u201d250\u00d7188\u2033 alignment=\u201dcenter\u201d style=\u201dvc_box_shadow_3d\u201d][vc_column_text] Viajes a Vietnam, Laos, Camboya, Tailandia, Myanmar [\/vc_column_text][\/vc_column][vc_column][vc_empty_space][\/vc_column][\/vc_row][vc_row][vc_column][vc_column_text]Artes:\u00a0 Durante mucho tiempo, los productos artesanales han sido realmente un orgullo cultural del pueblo vietnamita. [&hellip;]<\/p>\n","protected":false},"author":3,"featured_media":4014,"parent":0,"menu_order":0,"comment_status":"closed","ping_status":"closed","template":"","meta":{"nf_dc_page":"","footnotes":""},"class_list":["post-2911","page","type-page","status-publish","has-post-thumbnail","hentry"],"_links":{"self":[{"href":"https:\/\/gialinhtravel.com\/espanol\/wp-json\/wp\/v2\/pages\/2911","targetHints":{"allow":["GET"]}}],"collection":[{"href":"https:\/\/gialinhtravel.com\/espanol\/wp-json\/wp\/v2\/pages"}],"about":[{"href":"https:\/\/gialinhtravel.com\/espanol\/wp-json\/wp\/v2\/types\/page"}],"author":[{"embeddable":true,"href":"https:\/\/gialinhtravel.com\/espanol\/wp-json\/wp\/v2\/users\/3"}],"replies":[{"embeddable":true,"href":"https:\/\/gialinhtravel.com\/espanol\/wp-json\/wp\/v2\/comments?post=2911"}],"version-history":[{"count":4,"href":"https:\/\/gialinhtravel.com\/espanol\/wp-json\/wp\/v2\/pages\/2911\/revisions"}],"predecessor-version":[{"id":4016,"href":"https:\/\/gialinhtravel.com\/espanol\/wp-json\/wp\/v2\/pages\/2911\/revisions\/4016"}],"wp:featuredmedia":[{"embeddable":true,"href":"https:\/\/gialinhtravel.com\/espanol\/wp-json\/wp\/v2\/media\/4014"}],"wp:attachment":[{"href":"https:\/\/gialinhtravel.com\/espanol\/wp-json\/wp\/v2\/media?parent=2911"}],"curies":[{"name":"wp","href":"https:\/\/api.w.org\/{rel}","templated":true}]}}