{"id":2908,"date":"2015-10-15T04:52:10","date_gmt":"2015-10-15T04:52:10","guid":{"rendered":"https:\/\/gialinhtravel.com\/espanol\/?page_id=2908"},"modified":"2015-11-05T09:23:04","modified_gmt":"2015-11-05T09:23:04","slug":"guerra-vietnamita","status":"publish","type":"page","link":"https:\/\/gialinhtravel.com\/espanol\/guerra-vietnamita\/","title":{"rendered":"Guerra Vietnamita"},"content":{"rendered":"<div class=\"wpb-content-wrapper\"><body><p><\/p>[vc_row][vc_column width=\u201d1\/3\u2033][vc_single_image image=\u201d4003\u2033 img_size=\u201d250\u00d7188\u2033 alignment=\u201dcenter\u201d style=\u201dvc_box_border\u201d][vc_column_text]\n<p>Viajes a Vietnam, Laos, Camboya, Tailandia, Myanmar<\/p>\n<p>[\/vc_column_text][\/vc_column][vc_column width=\u201d1\/3\u2033][vc_single_image image=\u201d4005\u2033 img_size=\u201d250\u00d7188\u2033 alignment=\u201dcenter\u201d style=\u201dvc_box_outline\u201d][vc_column_text]<\/p>\n<p>Viajes a Vietnam, Laos, Camboya, Tailandia, Myanmar<\/p>\n<p>[\/vc_column_text][\/vc_column][vc_column width=\u201d1\/3\u2033][vc_single_image image=\u201d4006\u2033 img_size=\u201d250\u00d7188\u2033 alignment=\u201dcenter\u201d style=\u201dvc_box_shadow_3d\u201d][vc_column_text]<\/p>\n<p>Viajes a Vietnam, Laos, Camboya, Tailandia, Myanmar<\/p>\n<p>[\/vc_column_text][\/vc_column][vc_column][vc_empty_space][\/vc_column][\/vc_row][vc_row][vc_column][vc_column_text]<span style=\"color: #000000;\">Para la mayor\u00eda de nosotros es la historia \u2013 m\u00e1s de dos tercios de la poblaci\u00f3n de\u00a0Vietnam\u00a0naci\u00f3 despu\u00e9s de la guerra termin\u00f3 en 1975. Sin embargo, los que viv\u00edan a trav\u00e9s de una parte o la totalidad de ese terrible\u00a0momento mirar hacia atr\u00e1s en la tristeza, la ira o el rencor no \u2013 incluso aquellos que han perdido a hijos y seres queridos, o siguen sufriendo heridas de la guerra o los efectos de napam y las armas qu\u00edmicas.Muchos ciudadanos estadounidenses al venir\u00a0aqu\u00ed quedaron impresionados por la calidez de la bienvenida que reciben. Es muy diferente a lo que hubiera pensado antes. Algunos incluso expresaron su admiraci\u00f3n por el pueblo vietnamita a la capacidad de dejar atr\u00e1s el pasado. De hecho, para nosotros, la guerra es en el pasado \u2013 ahora estamos mirando hacia el futuro.\u00a0Parte de nuestro \u201d\u00a0Tours de Veteranos\u201d, que visitar\u00e1 varios campos de batalla en lo que fue la zona desmilitarizada, y en otros lugares, tal vez los lugares de inter\u00e9s militar, como los t\u00faneles de Cu Chi, cerca de Ciudad Ho Chi Minh. Aunque esta gira es fascinante, especialmente para aquellos que estuvieron involucrados en la acci\u00f3n, en <a style=\"color: #000000;\" href=\"http:\/\/www.gialinhtravel.com\/\" target=\"_blank\">Gia Linh\u00a0Viajes<\/a>, preferimos a\u00f1adir una perspectiva vietnamita a lo que ocurri\u00f3.De hecho, los traumas de la guerra todav\u00eda est\u00e1n con nosotros. Cuentas de ni\u00f1os y adultos muertos o mutilado por las municiones sin detonar, deformidades causadas \u201cagente naranja\u201d, por los herbicidas qu\u00edmicos utilizados para negar la cobertura de Viet Cong follaje, y la repatriaci\u00f3n de los cuerpos de las zonas remotas caracter\u00edstica regular en la televisi\u00f3n y en peri\u00f3dicos. La devastaci\u00f3n causada a muchos sitios hist\u00f3ricos, como la ciudadela de Hue y Santuario My Son\u00a0(en la actualidad los sitios del Patrimonio Mundial de la UNESCO), por EE.UU. cobija bombardeos son continuos recordatorios de las p\u00e9rdidas de nuestro patrimonio cultural. Sin embargo, que era entonces y esto es ahora.<img decoding=\"async\" class=\"size-full wp-image-2928 alignright\" src=\"http:\/\/www.viajesdevietnam.com\/wp-content\/uploads\/2013\/07\/americanwar1.jpg\" alt=\"americanwar1\" width=\"200\" height=\"150\" loading=\"lazy\">Queremos demostrarle nuestros \u00e9xitos. Ver\u00e1 el restaurado edificios en Hanoi, el nuevo sendero de Ho Chi Minh (en la actualidad una moderna carretera siguiente parte de la ruta original de la l\u00ednea de suministro de Viet Cong del Norte al Sur), y los grandes proyectos de infraestructura que sustituye a la puentes, carreteras y viaductos maltratadas por la guerra.<\/span><\/p>\n<p><span style=\"color: #000000;\">Y, sobre todo, queremos mostrar que el futuro \u2013 nuestro optimismo y el deseo de compensar la p\u00e9rdida de a\u00f1os. Ver\u00e1 que en el entusiasmo de los j\u00f3venes y la amabilidad de sus mayores, y se sienten en el zumbido de la energ\u00eda que invade nuestros pueblos y ciudades. No podemos cambiar el pasado, pero podemos unir\u00a0manos y los esfuerzos para crear una vida mejor. Esto, creemos, que vivir\u00e1 a la altura de lo que los que sacrificaron su vida por la paz una vez que hab\u00eda deseado.<\/span>[\/vc_column_text][vc_empty_space][\/vc_column][\/vc_row]<\/p>\n<\/body><\/div>","protected":false},"excerpt":{"rendered":"<p>[vc_row][vc_column width=\u201d1\/3\u2033][vc_single_image image=\u201d4003\u2033 img_size=\u201d250\u00d7188\u2033 alignment=\u201dcenter\u201d style=\u201dvc_box_border\u201d][vc_column_text] Viajes a Vietnam, Laos, Camboya, Tailandia, Myanmar [\/vc_column_text][\/vc_column][vc_column width=\u201d1\/3\u2033][vc_single_image image=\u201d4005\u2033 img_size=\u201d250\u00d7188\u2033 alignment=\u201dcenter\u201d style=\u201dvc_box_outline\u201d][vc_column_text] Viajes a Vietnam, Laos, Camboya, Tailandia, Myanmar [\/vc_column_text][\/vc_column][vc_column width=\u201d1\/3\u2033][vc_single_image image=\u201d4006\u2033 img_size=\u201d250\u00d7188\u2033 alignment=\u201dcenter\u201d style=\u201dvc_box_shadow_3d\u201d][vc_column_text] Viajes a Vietnam, Laos, Camboya, Tailandia, Myanmar [\/vc_column_text][\/vc_column][vc_column][vc_empty_space][\/vc_column][\/vc_row][vc_row][vc_column][vc_column_text]Para la mayor\u00eda de nosotros es la historia \u2013 m\u00e1s de dos tercios de la poblaci\u00f3n [&hellip;]<\/p>\n","protected":false},"author":3,"featured_media":4000,"parent":0,"menu_order":0,"comment_status":"closed","ping_status":"closed","template":"","meta":{"nf_dc_page":"","footnotes":""},"class_list":["post-2908","page","type-page","status-publish","has-post-thumbnail","hentry"],"_links":{"self":[{"href":"https:\/\/gialinhtravel.com\/espanol\/wp-json\/wp\/v2\/pages\/2908","targetHints":{"allow":["GET"]}}],"collection":[{"href":"https:\/\/gialinhtravel.com\/espanol\/wp-json\/wp\/v2\/pages"}],"about":[{"href":"https:\/\/gialinhtravel.com\/espanol\/wp-json\/wp\/v2\/types\/page"}],"author":[{"embeddable":true,"href":"https:\/\/gialinhtravel.com\/espanol\/wp-json\/wp\/v2\/users\/3"}],"replies":[{"embeddable":true,"href":"https:\/\/gialinhtravel.com\/espanol\/wp-json\/wp\/v2\/comments?post=2908"}],"version-history":[{"count":5,"href":"https:\/\/gialinhtravel.com\/espanol\/wp-json\/wp\/v2\/pages\/2908\/revisions"}],"predecessor-version":[{"id":4011,"href":"https:\/\/gialinhtravel.com\/espanol\/wp-json\/wp\/v2\/pages\/2908\/revisions\/4011"}],"wp:featuredmedia":[{"embeddable":true,"href":"https:\/\/gialinhtravel.com\/espanol\/wp-json\/wp\/v2\/media\/4000"}],"wp:attachment":[{"href":"https:\/\/gialinhtravel.com\/espanol\/wp-json\/wp\/v2\/media?parent=2908"}],"curies":[{"name":"wp","href":"https:\/\/api.w.org\/{rel}","templated":true}]}}