{"id":2905,"date":"2015-10-15T04:50:23","date_gmt":"2015-10-15T04:50:23","guid":{"rendered":"https:\/\/gialinhtravel.com\/espanol\/?page_id=2905"},"modified":"2015-11-05T08:57:06","modified_gmt":"2015-11-05T08:57:06","slug":"vietnam-consejos-de-viaje-y-mas","status":"publish","type":"page","link":"https:\/\/gialinhtravel.com\/espanol\/vietnam-consejos-de-viaje-y-mas\/","title":{"rendered":"Vietnam: Consejos de viaje y m\u00e1s"},"content":{"rendered":"<div class=\"wpb-content-wrapper\"><body><p>[vc_row][vc_column width=\u201d1\/3\u2033][vc_single_image image=\u201d3986\u2033 img_size=\u201d250\u00d7188\u2033 alignment=\u201dcenter\u201d style=\u201dvc_box_border\u201d][vc_column_text]<\/p>\n<p>Viajes a Vietnam, Laos, Camboya, Tailandia, Myanmar<\/p>\n<p>[\/vc_column_text][\/vc_column][vc_column width=\u201d1\/3\u2033][vc_single_image image=\u201d3990\u2033 img_size=\u201d250\u00d7188\u2033 alignment=\u201dcenter\u201d style=\u201dvc_box_outline\u201d][vc_column_text]<\/p>\n<p>Viajes a Vietnam, Laos, Camboya, Tailandia, Myanmar<\/p>\n<p>[\/vc_column_text][\/vc_column][vc_column width=\u201d1\/3\u2033][vc_single_image image=\u201d3991\u2033 img_size=\u201d250\u00d7188\u2033 alignment=\u201dcenter\u201d style=\u201dvc_box_shadow_3d\u201d][vc_column_text]<\/p>\n<p>Viajes a Vietnam, Laos, Camboya, Tailandia, Myanmar<\/p>\n<p>[\/vc_column_text][\/vc_column][vc_column][vc_empty_space][\/vc_column][\/vc_row][vc_row][vc_column][vc_column_text]<span style=\"color: #000000;\">Vietnam\u00a0ha sido famoso no s\u00f3lo por su rotunda resistencia a la guerra de defensa nacional, sino tambi\u00e9n por su singular y rica civilizaci\u00f3n, naturaleza espectacular y configuraci\u00f3n amigable de la gente. Al venir a\u00a0Vietnam, podr\u00e1 contemplar los escenarios de espl\u00e9ndidas formaciones rocosas, los arrozales verdes,\u00a0\u00a0las playas tranquilas con arena blanca y as\u00ed sucesivamente. Cada lugar en Vietnam cuenta con su propia caracter\u00edstica distintiva que lo fascinar\u00e1\u00a0\u00a0enseguida por la primera vez\u00a0de visita.<br>\n<\/span><\/p>\n<p><span style=\"color: #000000;\">Vamos a comenzar con Hanoi, nuestra querida capital, que es cada vez m\u00e1s llamativa a los turistas por sus atractivos sitios culturales como el Templo de la Literatura, la Pagoda de s\u00f3lo un pilar, El museo de Etnolog\u00eda,\u00a0etc\u2026 rodeados de los hermosos lagos, las sombras arboladas, parques p\u00fablicos verdes y resplandecientes arquitecturas francesas.<\/span><\/p>\n<p><span style=\"color: #000000;\">Su viaje no ser\u00eda completado si no visitar\u00e1 la bah\u00eda de Ha Long, que se considera como el Patrimonio Mundial por la UNESCO y una de las zonas marinas m\u00e1s notables del mundo. La Bah\u00eda de Ha Long cuenta con m\u00e1s de 3000 pintorescas islas, junto con innumerables espectaculares afloramientos de piedra caliza, acantilados, arcos y cuevas que los cuales convierten Ha Long en un paisaje costero excepcionalmente hermoso e incomparable.<\/span><\/p>\n<p><span style=\"color: #000000;\">M\u00e1s all\u00e1 en la regi\u00f3n norte\u00f1a, Sapa es un mundo fuera del ritmo r\u00e1pido<\/span><\/p>\n<p><span style=\"color: #000000;\">de la vida urbana.\u00a0\u00a0La dicha zona ofrece una ins\u00f3lita variedad de espectaculares y paisajes encantadores del magn\u00edfico pico FanXi\u00a0Pan(3145m), la cumbre m\u00e1s alta en el sudeste de Asia con su perfecta conservaci\u00f3n de la vegetaci\u00f3n,los campos de arroz por\u00a0\u00a0escaleras en las monta\u00f1as y los innumerables picos de piedra caliza y crestas que salen de las nubes en la ma\u00f1ana. Sapa es un lugar ideal para aquellos que interesan en el senderismo y el estudio de los estilos de vida de las minor\u00edas \u00e9tnicas como los\u00a0Mong\u00a0negros alegres y salientes, los\u00a0Dao\u00a0Rojo silenciosos y reservados.<\/span><\/p>\n<p><span style=\"color: #000000;\">Como \u201c Obra Maestra Imperial\u201d, La ciudad de\u00a0\u00a0Hue\u00a0es un orgullo de los vietnamitas con la grandeza de los antiguos tribunales de la ciudad imperial y las tumbas de los reyes de la ultima dinast\u00eda feudal.\u00a0\u00a0En la Costa Central, se encuentra\u00a0Hoi\u00a0An, que fue una vez\u00a0\u00a0el puerto comercial m\u00e1s grande en el Sudeste de Asia de los comerciantes ricos de Europa, China y Jap\u00f3n Y fue m\u00e1s tarde en comparaci\u00f3n como \u201cla Venecia de\u00a0Vietnam, un conservado de la coexistencia de culturas\u00a0asi\u00e1ticas \u201c. Las principales atracciones de\u00a0Hoi\u00a0An\u00a0se encuentran hoy en las antiguas caracter\u00edsticas arquitect\u00f3nicas de los edificios de madera, y las hermosas playas de arena blanca bordeadas de palmeras.<\/span><\/p>\n<p><span style=\"color: #000000;\">Hacia el sur,\u00a0\u00a0La ciudad Ho Chi Minh, a\u00fan a que se refiere como \u201cSaigon\u201d por muchos, ha conservado su clara sensaci\u00f3n de Asia y su antigua cultura. Sin embargo, dentro de la metr\u00f3poli, son las tradiciones atemporales y la belleza de una cultura antigua.<\/span><\/p>\n<p><span style=\"color: #000000;\">De Norte a Sur,\u00a0Vietnam\u00a0en realidad se parece a un maravilloso mosaico del encanto oculto.<\/span>[\/vc_column_text][vc_empty_space][\/vc_column][\/vc_row]<\/p>\n<\/body><\/div>","protected":false},"excerpt":{"rendered":"<p>[vc_row][vc_column width=\u201d1\/3\u2033][vc_single_image image=\u201d3986\u2033 img_size=\u201d250\u00d7188\u2033 alignment=\u201dcenter\u201d style=\u201dvc_box_border\u201d][vc_column_text] Viajes a Vietnam, Laos, Camboya, Tailandia, Myanmar [\/vc_column_text][\/vc_column][vc_column width=\u201d1\/3\u2033][vc_single_image image=\u201d3990\u2033 img_size=\u201d250\u00d7188\u2033 alignment=\u201dcenter\u201d style=\u201dvc_box_outline\u201d][vc_column_text] Viajes a Vietnam, Laos, Camboya, Tailandia, Myanmar [\/vc_column_text][\/vc_column][vc_column width=\u201d1\/3\u2033][vc_single_image image=\u201d3991\u2033 img_size=\u201d250\u00d7188\u2033 alignment=\u201dcenter\u201d style=\u201dvc_box_shadow_3d\u201d][vc_column_text] Viajes a Vietnam, Laos, Camboya, Tailandia, Myanmar [\/vc_column_text][\/vc_column][vc_column][vc_empty_space][\/vc_column][\/vc_row][vc_row][vc_column][vc_column_text]Vietnam\u00a0ha sido famoso no s\u00f3lo por su rotunda resistencia a la guerra de defensa nacional, sino [&hellip;]<\/p>\n","protected":false},"author":3,"featured_media":3984,"parent":0,"menu_order":0,"comment_status":"closed","ping_status":"closed","template":"","meta":{"nf_dc_page":"","footnotes":""},"class_list":["post-2905","page","type-page","status-publish","has-post-thumbnail","hentry"],"_links":{"self":[{"href":"https:\/\/gialinhtravel.com\/espanol\/wp-json\/wp\/v2\/pages\/2905","targetHints":{"allow":["GET"]}}],"collection":[{"href":"https:\/\/gialinhtravel.com\/espanol\/wp-json\/wp\/v2\/pages"}],"about":[{"href":"https:\/\/gialinhtravel.com\/espanol\/wp-json\/wp\/v2\/types\/page"}],"author":[{"embeddable":true,"href":"https:\/\/gialinhtravel.com\/espanol\/wp-json\/wp\/v2\/users\/3"}],"replies":[{"embeddable":true,"href":"https:\/\/gialinhtravel.com\/espanol\/wp-json\/wp\/v2\/comments?post=2905"}],"version-history":[{"count":4,"href":"https:\/\/gialinhtravel.com\/espanol\/wp-json\/wp\/v2\/pages\/2905\/revisions"}],"predecessor-version":[{"id":3989,"href":"https:\/\/gialinhtravel.com\/espanol\/wp-json\/wp\/v2\/pages\/2905\/revisions\/3989"}],"wp:featuredmedia":[{"embeddable":true,"href":"https:\/\/gialinhtravel.com\/espanol\/wp-json\/wp\/v2\/media\/3984"}],"wp:attachment":[{"href":"https:\/\/gialinhtravel.com\/espanol\/wp-json\/wp\/v2\/media?parent=2905"}],"curies":[{"name":"wp","href":"https:\/\/api.w.org\/{rel}","templated":true}]}}