{"id":2748,"date":"2015-10-14T10:02:16","date_gmt":"2015-10-14T10:02:16","guid":{"rendered":"https:\/\/gialinhtravel.com\/espanol\/?page_id=2748"},"modified":"2015-11-05T10:10:22","modified_gmt":"2015-11-05T10:10:22","slug":"camboya-informacion-de-interes","status":"publish","type":"page","link":"https:\/\/gialinhtravel.com\/espanol\/camboya-informacion-de-interes\/","title":{"rendered":"Camboya Informaci\u00f3n de inter\u00e9s"},"content":{"rendered":"<div class=\"wpb-content-wrapper\"><body><p>[vc_row][vc_column width=\u201d1\/3\u2033][vc_single_image image=\u201d4040\u2033 img_size=\u201d250\u00d7188\u2033 alignment=\u201dcenter\u201d style=\u201dvc_box_border\u201d][vc_column_text]<\/p>\n<p>Viajes a Vietnam, Laos, Camboya, Tailandia, Myanmar<\/p>\n<p>[\/vc_column_text][\/vc_column][vc_column width=\u201d1\/3\u2033][vc_single_image image=\u201d4041\u2033 img_size=\u201d250\u00d7188\u2033 alignment=\u201dcenter\u201d style=\u201dvc_box_outline\u201d][vc_column_text]<\/p>\n<p>Viajes a Vietnam, Laos, Camboya, Tailandia, Myanmar<\/p>\n<p>[\/vc_column_text][\/vc_column][vc_column width=\u201d1\/3\u2033][vc_single_image image=\u201d4039\u2033 img_size=\u201d250\u00d7188\u2033 alignment=\u201dcenter\u201d style=\u201dvc_box_shadow_3d\u201d][vc_column_text]<\/p>\n<p>Viajes a Vietnam, Laos, Camboya, Tailandia, Myanmar<\/p>\n<p>[\/vc_column_text][\/vc_column][vc_column][vc_empty_space][\/vc_column][\/vc_row][vc_row][vc_column][vc_column_text]<span style=\"color: #000000;\"><strong>MONEDA\u00a0<\/strong><\/span><br>\n<span style=\"color: #000000;\">La moneda es el Riel camboyano (KHR).\u00a01 Riel nuevo es igual a 100 el senador Notas viene en denominaciones de 100, 200, 500, 1.000, 2.000, 5.000, 10.000.\u00a0(1 d\u00f3lar = 4.000 KHR) Las monedas ya no se utilizan.\u00a0El USD se utiliza ampliamente en Camboya.\u00a0En realidad, sirve como una segunda moneda que es m\u00e1s f\u00e1cilmente aceptada.\u00a0Traiga de baja denominaci\u00f3n y toma nota de limpiar con usted.\u00a0Los cheques de viajero son ampliamente aceptados en\u00a0<a style=\"color: #000000;\" href=\"http:\/\/www.viaje-camboya.com\/\">Camboya<\/a>.\u00a0Existe una comisi\u00f3n de aproximadamente el 2% para cambiar T \/ C en USD, menos para T \/ C en KHR ya veces nada para USD en KHR.\u00a0Tarjetas de cr\u00e9dito son s\u00f3lo la excepci\u00f3n en los principales hoteles y restaurantes.<\/span><br>\n<span style=\"color: #000000;\"><strong>Pasaporte y visado\u00a0<\/strong><\/span><br>\n<span style=\"color: #000000;\">Una visa est\u00e1 disponible en el Aeropuerto Internacional de Pochentong (Phnom Penh) o el Aeropuerto Internacional de Siem Reap de USD 20.\u00a0Es v\u00e1lido para un mes.\u00a0Tiene una foto de pasaporte listo.\u00a0Si usted entra al pa\u00eds por tierra (por ejemplo, de Vietnam), aseg\u00farese de que usted ya tiene una visa.\u00a0Usted no ser\u00e1 entregada en la frontera.\u00a0Tanto a turistas como visado de negocios puede ser extendido en la Oficina de Inmigraci\u00f3n, 200.\u00a0Str.\u00a0N \u00ba 5, Tel. 724794, de lunes a viernes 7:30-10:00 y 14:00-16:00.<\/span><br>\n<span style=\"color: #000000;\">1 semana: 20 USD<\/span><br>\n<span style=\"color: #000000;\">1 mes USD 30<\/span><br>\n<span style=\"color: #000000;\">3 meses USD 60<\/span><br>\n<span style=\"color: #000000;\">6 meses USD 100 (entrada m\u00faltiple)<\/span><br>\n<span style=\"color: #000000;\">1 a\u00f1o US $ 150 (entrada m\u00faltiple)<\/span><br>\n<span style=\"color: #000000;\">Extensiones a una visados se expedir\u00e1n en Camboya por el Ministerio de Seguridad Nacional.<\/span><br>\n<span style=\"color: #000000;\">M\u00e1s de $ 3 d\u00f3lares diarios de estancia pena<\/span><br>\n<span style=\"color: #000000;\"><strong>CLIMA Y TEMPERATURAS\u00a0<\/strong><\/span><br>\n<span style=\"color: #000000;\">El clima en Camboya se rige por dos monzones:<\/span><br>\n<span style=\"color: #000000;\">H\u00famedo \/ Temporada de lluvias es de mayo a octubre<\/span><br>\n<span style=\"color: #000000;\">Cool \/ Dry Monsoon: Noviembre a Marzo<\/span><br>\n<span style=\"color: #000000;\">Temperatura media: 21 a 35 grados cent\u00edgrados (70 a 95 grados Fahrenheit)<\/span><br>\n<span style=\"color: #000000;\">DIAS FESTIVOS<\/span><br>\n<span style=\"color: #000000;\">FECHA<\/span><br>\n<span style=\"color: #000000;\">VACACIONES<\/span><br>\n<span style=\"color: #000000;\">Enero\u00a01<\/span><br>\n<span style=\"color: #000000;\">D\u00eda de A\u00f1o Nuevo<\/span><br>\n<span style=\"color: #000000;\">Enero\u00a07<\/span><br>\n<span style=\"color: #000000;\">D\u00eda de la Victoria<\/span><br>\n<span style=\"color: #000000;\">Marzo\u00a08<\/span><br>\n<span style=\"color: #000000;\">D\u00eda de la Mujer<\/span><br>\n<span style=\"color: #000000;\">Abril\u00a013 a 15<\/span><br>\n<span style=\"color: #000000;\">Camboya A\u00f1o Nuevo<\/span><br>\n<span style=\"color: #000000;\">1 de mayo<\/span><br>\n<span style=\"color: #000000;\">D\u00eda del Trabajo<\/span><br>\n<span style=\"color: #000000;\">17 de mayo<\/span><br>\n<span style=\"color: #000000;\">Visaka Bhucha D\u00eda<\/span><br>\n<span style=\"color: #000000;\">21 de mayo<\/span><br>\n<span style=\"color: #000000;\">Bonn Chroat Preah Nongkoal<\/span><br>\n<span style=\"color: #000000;\">Junio\u00a01<\/span><br>\n<span style=\"color: #000000;\">D\u00eda Internacional del Ni\u00f1o<\/span><br>\n<span style=\"color: #000000;\">Junio\u00a018<\/span><br>\n<span style=\"color: #000000;\">Cumplea\u00f1os de la Reina<\/span><br>\n<span style=\"color: #000000;\">Septiembre\u00a024<\/span><br>\n<span style=\"color: #000000;\">D\u00eda de la Constituci\u00f3n y Re-D\u00eda de la adhesi\u00f3n<\/span><br>\n<span style=\"color: #000000;\">Septiembre\u00a027 a 29<\/span><br>\n<span style=\"color: #000000;\">Bonn Phchum Ben<\/span><br>\n<span style=\"color: #000000;\">Octubre\u00a023<\/span><br>\n<span style=\"color: #000000;\">Acuerdo de Paz de Par\u00eds<\/span><br>\n<span style=\"color: #000000;\">30 octubre-1 noviembre<\/span><br>\n<span style=\"color: #000000;\">Nacimiento del Rey Norodom Sihanouk\u2019s<\/span><br>\n<span style=\"color: #000000;\">Noviembre\u00a09<\/span><br>\n<span style=\"color: #000000;\">D\u00eda de la Independencia de Francia en 1953<\/span><br>\n<span style=\"color: #000000;\">Diciembre\u00a010<\/span><br>\n<span style=\"color: #000000;\">D\u00eda de los Derechos Humanos<\/span><br>\n<span style=\"color: #000000;\">Pesos y medidas<\/span><br>\n<span style=\"color: #000000;\">El sistema m\u00e9trico se utiliza aqu\u00ed.\u00a0Los pesos est\u00e1n en kilogramos, las distancias en kil\u00f3metros.\u00a0La gasolina se mide en litros.<\/span><br>\n<span style=\"color: #000000;\"><strong>ELECTRICIDAD\u00a0<\/strong><\/span><br>\n<span style=\"color: #000000;\">Local tensi\u00f3n de la red es de 220V, 50 Hz.\u00a0Trae un convertidor para cualquier equipo de 110V.<\/span><br>\n<span style=\"color: #000000;\"><strong>HORARIO<\/strong><\/span><br>\n<span style=\"color: #000000;\">Los bancos est\u00e1n abiertos de lunes a viernes de 08:30 am a 3:30 pm y posiblemente abierto en la ma\u00f1ana del s\u00e1bado.<\/span><br>\n<span style=\"color: #000000;\">Las oficinas gubernamentales est\u00e1n abiertas los d\u00edas de semana s\u00f3lo de 07:00 am para 05:00 pm<\/span><br>\n<span style=\"color: #000000;\">La mayor\u00eda de negocios son abierta de 08:00 am para 09:00 pm<\/span><br>\n<span style=\"color: #000000;\"><strong>SALUD\u00a0<\/strong><\/span><br>\n<span style=\"color: #000000;\">No hay ninguna vacuna efectiva oficialmente requeridos.\u00a0Sin embargo los visitantes se les aconseja consultar con su m\u00e9dico o una cl\u00ednica de inmunizaci\u00f3n de viaje sobre la conveniencia de la inoculaci\u00f3n contra el t\u00e9tanos, la fiebre tifoidea, hepatitis A y B. Se recomienda beber s\u00f3lo agua embotellada o hervida.<\/span>[\/vc_column_text][vc_empty_space][\/vc_column][\/vc_row]<\/p>\n<\/body><\/div>","protected":false},"excerpt":{"rendered":"<p>[vc_row][vc_column width=\u201d1\/3\u2033][vc_single_image image=\u201d4040\u2033 img_size=\u201d250\u00d7188\u2033 alignment=\u201dcenter\u201d style=\u201dvc_box_border\u201d][vc_column_text] Viajes a Vietnam, Laos, Camboya, Tailandia, Myanmar [\/vc_column_text][\/vc_column][vc_column width=\u201d1\/3\u2033][vc_single_image image=\u201d4041\u2033 img_size=\u201d250\u00d7188\u2033 alignment=\u201dcenter\u201d style=\u201dvc_box_outline\u201d][vc_column_text] Viajes a Vietnam, Laos, Camboya, Tailandia, Myanmar [\/vc_column_text][\/vc_column][vc_column width=\u201d1\/3\u2033][vc_single_image image=\u201d4039\u2033 img_size=\u201d250\u00d7188\u2033 alignment=\u201dcenter\u201d style=\u201dvc_box_shadow_3d\u201d][vc_column_text] Viajes a Vietnam, Laos, Camboya, Tailandia, Myanmar [\/vc_column_text][\/vc_column][vc_column][vc_empty_space][\/vc_column][\/vc_row][vc_row][vc_column][vc_column_text]MONEDA\u00a0 La moneda es el Riel camboyano (KHR).\u00a01 Riel nuevo es igual a 100 el senador [&hellip;]<\/p>\n","protected":false},"author":4,"featured_media":4038,"parent":0,"menu_order":0,"comment_status":"closed","ping_status":"closed","template":"","meta":{"nf_dc_page":"","footnotes":""},"class_list":["post-2748","page","type-page","status-publish","has-post-thumbnail","hentry"],"_links":{"self":[{"href":"https:\/\/gialinhtravel.com\/espanol\/wp-json\/wp\/v2\/pages\/2748","targetHints":{"allow":["GET"]}}],"collection":[{"href":"https:\/\/gialinhtravel.com\/espanol\/wp-json\/wp\/v2\/pages"}],"about":[{"href":"https:\/\/gialinhtravel.com\/espanol\/wp-json\/wp\/v2\/types\/page"}],"author":[{"embeddable":true,"href":"https:\/\/gialinhtravel.com\/espanol\/wp-json\/wp\/v2\/users\/4"}],"replies":[{"embeddable":true,"href":"https:\/\/gialinhtravel.com\/espanol\/wp-json\/wp\/v2\/comments?post=2748"}],"version-history":[{"count":5,"href":"https:\/\/gialinhtravel.com\/espanol\/wp-json\/wp\/v2\/pages\/2748\/revisions"}],"predecessor-version":[{"id":4042,"href":"https:\/\/gialinhtravel.com\/espanol\/wp-json\/wp\/v2\/pages\/2748\/revisions\/4042"}],"wp:featuredmedia":[{"embeddable":true,"href":"https:\/\/gialinhtravel.com\/espanol\/wp-json\/wp\/v2\/media\/4038"}],"wp:attachment":[{"href":"https:\/\/gialinhtravel.com\/espanol\/wp-json\/wp\/v2\/media?parent=2748"}],"curies":[{"name":"wp","href":"https:\/\/api.w.org\/{rel}","templated":true}]}}