{"id":2743,"date":"2015-10-14T09:58:26","date_gmt":"2015-10-14T09:58:26","guid":{"rendered":"https:\/\/gialinhtravel.com\/espanol\/?page_id=2743"},"modified":"2015-11-05T04:23:54","modified_gmt":"2015-11-05T04:23:54","slug":"religion-de-camboya","status":"publish","type":"page","link":"https:\/\/gialinhtravel.com\/espanol\/religion-de-camboya\/","title":{"rendered":"Religi\u00f3n de Camboya"},"content":{"rendered":"<div class=\"wpb-content-wrapper\"><body><p>[vc_row][vc_column width=\u201d1\/3\u2033][vc_single_image image=\u201d3855\u2033 img_size=\u201d250\u00d7188\u2033 alignment=\u201dcenter\u201d style=\u201dvc_box_border\u201d][vc_column_text]<\/p>\n<p>Viajes a Vietnam, Laos, Camboya, Tailandia, Myanmar<\/p>\n<p>[\/vc_column_text][\/vc_column][vc_column width=\u201d1\/3\u2033][vc_single_image image=\u201d3857\u2033 img_size=\u201d250\u00d7188\u2033 alignment=\u201dcenter\u201d style=\u201dvc_box_outline\u201d][vc_column_text]<\/p>\n<p>Viajes a Vietnam, Laos, Camboya, Tailandia, Myanmar<\/p>\n<p>[\/vc_column_text][\/vc_column][vc_column width=\u201d1\/3\u2033][vc_single_image image=\u201d3858\u2033 img_size=\u201d250\u00d7188\u2033 alignment=\u201dcenter\u201d style=\u201dvc_box_shadow_3d\u201d][vc_column_text]<\/p>\n<p>Viajes a Vietnam, Laos, Camboya, Tailandia, Myanmar<\/p>\n<p>[\/vc_column_text][\/vc_column][vc_column][vc_empty_space][\/vc_column][\/vc_row][vc_row][vc_column][vc_column_text]<span style=\"color: #000000;\">El budismo Thearavada es la religi\u00f3n oficial en Camboya que se practica en un 95 por ciento de la poblaci\u00f3n \u2013 al igual que en Tailandia, Birmania, Sri Lanka. Sin embargo, el cristianismo y los musulmanes Cham han estado activados y es popular entre un gran n\u00famero de poblaci\u00f3n y en la capital y provincias, que muestra una se\u00f1al de crecimiento. El tao\u00edsmo y el Confuism son tambi\u00e9n una pr\u00e1ctica com\u00fan entre el pueblo chino.<\/span><br>\n<span style=\"color: #000000;\">Los monjes budistas son muy disciplinados y deben seguir 227 reglas, adem\u00e1s de los diez preceptos b\u00e1sicos de ser un buen budista. Los monjes no pueden participar en el entretenimiento. Ellos llevan una vida sencilla dedicada al budismo y el templo.<\/span><br>\n<span style=\"color: #000000;\">Los budistas ven el universo y toda la vida como parte de un ciclo de cambio eterna. Ellos siguen las ense\u00f1anzas de Buda, un pr\u00edncipe indio nacido en el siglo VI a. C. Los budistas creen que una persona continuamente renace, en forma humana o no humana, en funci\u00f3n de sus acciones en una vida anterior. Se liberan de este ciclo s\u00f3lo cuando puede alcanzar el nirvana, que puede ser alcanzado mediante el logro de un buen karma a trav\u00e9s de ganar m\u00e9ritos y siguiendo el camino budista de la vida correcta.<\/span><br>\n<span style=\"color: #000000;\">Ganar es un m\u00e9rito importante de la vida budista. Los budistas en Camboya ganan m\u00e9ritos por dar dinero, bienes y mano de obra a los templos, o proporcionando una de las dos comidas diarias de los monjes.<\/span><\/p>\n<p><span style=\"color: #000000;\">Los ni\u00f1os suelen cuidar de los \u00e1rboles frutales y huertos dentro de su wat local, o templo. Los ni\u00f1os pueden ganar m\u00e9rito al convertirse en servidores del templo y monjes novicios durante un corto tiempo. La mayor\u00eda de los hombres j\u00f3venes siguen siendo los monjes por menos de un a\u00f1o.<\/span><br>\n<span style=\"color: #000000;\">Templos principales de Camboya<\/span><br>\n<span style=\"color: #000000;\">Hay m\u00e1s de un centenar de sitios de templos principales a visitar en los alrededores de Siem Reap-los restos de ladrillo y piedra de las ciudades que fueron construidas por una sucesi\u00f3n de reyes Jemer entre los siglos 9 y 13. Adem\u00e1s de visitar los templos de Khmer, hay miles de pagodas en todo el pa\u00eds.<\/span>[\/vc_column_text][vc_empty_space][\/vc_column][\/vc_row]<\/p>\n<\/body><\/div>","protected":false},"excerpt":{"rendered":"<p>[vc_row][vc_column width=\u201d1\/3\u2033][vc_single_image image=\u201d3855\u2033 img_size=\u201d250\u00d7188\u2033 alignment=\u201dcenter\u201d style=\u201dvc_box_border\u201d][vc_column_text] Viajes a Vietnam, Laos, Camboya, Tailandia, Myanmar [\/vc_column_text][\/vc_column][vc_column width=\u201d1\/3\u2033][vc_single_image image=\u201d3857\u2033 img_size=\u201d250\u00d7188\u2033 alignment=\u201dcenter\u201d style=\u201dvc_box_outline\u201d][vc_column_text] Viajes a Vietnam, Laos, Camboya, Tailandia, Myanmar [\/vc_column_text][\/vc_column][vc_column width=\u201d1\/3\u2033][vc_single_image image=\u201d3858\u2033 img_size=\u201d250\u00d7188\u2033 alignment=\u201dcenter\u201d style=\u201dvc_box_shadow_3d\u201d][vc_column_text] Viajes a Vietnam, Laos, Camboya, Tailandia, Myanmar [\/vc_column_text][\/vc_column][vc_column][vc_empty_space][\/vc_column][\/vc_row][vc_row][vc_column][vc_column_text]El budismo Thearavada es la religi\u00f3n oficial en Camboya que se practica en un 95 por [&hellip;]<\/p>\n","protected":false},"author":4,"featured_media":3854,"parent":0,"menu_order":0,"comment_status":"closed","ping_status":"closed","template":"","meta":{"nf_dc_page":"","footnotes":""},"class_list":["post-2743","page","type-page","status-publish","has-post-thumbnail","hentry"],"_links":{"self":[{"href":"https:\/\/gialinhtravel.com\/espanol\/wp-json\/wp\/v2\/pages\/2743","targetHints":{"allow":["GET"]}}],"collection":[{"href":"https:\/\/gialinhtravel.com\/espanol\/wp-json\/wp\/v2\/pages"}],"about":[{"href":"https:\/\/gialinhtravel.com\/espanol\/wp-json\/wp\/v2\/types\/page"}],"author":[{"embeddable":true,"href":"https:\/\/gialinhtravel.com\/espanol\/wp-json\/wp\/v2\/users\/4"}],"replies":[{"embeddable":true,"href":"https:\/\/gialinhtravel.com\/espanol\/wp-json\/wp\/v2\/comments?post=2743"}],"version-history":[{"count":3,"href":"https:\/\/gialinhtravel.com\/espanol\/wp-json\/wp\/v2\/pages\/2743\/revisions"}],"predecessor-version":[{"id":3859,"href":"https:\/\/gialinhtravel.com\/espanol\/wp-json\/wp\/v2\/pages\/2743\/revisions\/3859"}],"wp:featuredmedia":[{"embeddable":true,"href":"https:\/\/gialinhtravel.com\/espanol\/wp-json\/wp\/v2\/media\/3854"}],"wp:attachment":[{"href":"https:\/\/gialinhtravel.com\/espanol\/wp-json\/wp\/v2\/media?parent=2743"}],"curies":[{"name":"wp","href":"https:\/\/api.w.org\/{rel}","templated":true}]}}