{"id":2733,"date":"2015-10-14T09:51:31","date_gmt":"2015-10-14T09:51:31","guid":{"rendered":"https:\/\/gialinhtravel.com\/espanol\/?page_id=2733"},"modified":"2015-11-05T03:38:02","modified_gmt":"2015-11-05T03:38:02","slug":"camboya-geografia","status":"publish","type":"page","link":"https:\/\/gialinhtravel.com\/espanol\/camboya-geografia\/","title":{"rendered":"Camboya Geograf\u00eda"},"content":{"rendered":"<div class=\"wpb-content-wrapper\"><body><p>[vc_row][vc_column width=\u201d1\/3\u2033][vc_single_image image=\u201d3820\u2033 img_size=\u201d250\u00d7188\u2033 alignment=\u201dcenter\u201d style=\u201dvc_box_border\u201d][vc_column_text]<\/p>\n<p>Viajes a Vietnam, Laos, Camboya, Tailandia, Myanmar<\/p>\n<p>[\/vc_column_text][\/vc_column][vc_column width=\u201d1\/3\u2033][vc_single_image image=\u201d3822\u2033 img_size=\u201d250\u00d7188\u2033 alignment=\u201dcenter\u201d style=\u201dvc_box_outline\u201d][vc_column_text]<\/p>\n<p>Viajes a Vietnam, Laos, Camboya, Tailandia, Myanmar<\/p>\n<p>[\/vc_column_text][\/vc_column][vc_column width=\u201d1\/3\u2033][vc_single_image image=\u201d3824\u2033 img_size=\u201d250\u00d7188\u2033 alignment=\u201dcenter\u201d style=\u201dvc_box_shadow_3d\u201d][vc_column_text]<\/p>\n<p>Viajes a Vietnam, Laos, Camboya, Tailandia, Myanmar<\/p>\n<p>[\/vc_column_text][\/vc_column][vc_column][vc_empty_space][\/vc_column][\/vc_row][vc_row][vc_column][vc_column_text]<span style=\"color: #000000;\">Camboya tiene una superficie de 181.035 kil\u00f3metros cuadrados en la parte suroeste de la pen\u00ednsula de Indochina, el 20 por ciento de los cuales se utiliza para la agricultura. Se encuentra por completo dentro de los\u00a0tr\u00f3picos, con sus puntos m\u00e1s al sur un poco m\u00e1s de 10 \u00b0 sobre el ecuador. La ciudad capital del pa\u00eds es Phnom Penh.<\/span><br>\n<span style=\"color: #000000;\">Las fronteras internacionales son compartidas con Tailandia y la Rep\u00fablica Democr\u00e1tica Popular Lao en el Oeste y el Norte, y la Rep\u00fablica Socialista de Viet\u00a0Nam sobre el Oriente y el Sudeste. El pa\u00eds limita al sureste con el Golfo de Tailandia. En comparaci\u00f3n con los pa\u00edses vecinos, Camboya es un pa\u00eds en contacto con la geogr\u00e1fica administrativamente compuesto por 20 provincias, tres de los cuales tienen fronteras mar\u00edtimas relativamente corto, dos municipalidades, 172 distritos, y 1.547 municipios. El pa\u00eds tiene una costa de 435 km y amplios manglares, algunas de las cuales son relativamente inalterables.<\/span><br>\n<span style=\"color: #000000;\">Las caracter\u00edsticas dominantes del paisaje de Camboya son los grandes, casi generalmente localizables, Tonle Sap (Gran Lago) y los Sistemas de r\u00edo Bassac y el r\u00edo Mekong, que atraviesa el pa\u00eds de norte a sur. Rodeando la planicie central, que cubre tres cuartas partes de la superficie del pa\u00eds est\u00e1n las tierras altas m\u00e1s densamente boscosa y poco poblada, que comprende: las monta\u00f1as del elefante y la monta\u00f1a Cardamomo de las regiones suroeste y oeste, las monta\u00f1as Dangrek colindando al norte con la meseta de Korat de Tailandia y la meseta Rattanakiri y las tierras altas Chhlong al este con la fusi\u00f3n de las tierras altas centrales de Vietnam.<\/span><br>\n<span style=\"color: #000000;\">La regi\u00f3n de tierras bajas Tonle Sap en la cuenca del Mekong, se compone principalmente de llanuras con elevaciones generalmente de menos de 100 metros. A medida que aumenta la elevaci\u00f3n, el terreno se vuelve m\u00e1s m\u00f3vil y disecado. Las monta\u00f1as de Cardamomo en el suroeste tienen m\u00e1s de 1.500 metros y se orienta generalmente en direcci\u00f3n noroeste-sureste. La monta\u00f1a m\u00e1s alta en Camboya, Phnom Aural, es de 1.771 metros \u2013 se encuentra en la parte oriental de este rango.<\/span><br>\n<span style=\"color: #000000;\">El \u00e1rea de Elefantes, una extensi\u00f3n de las Monta\u00f1as Cardamomo, corre hacia el sur y sureste y se eleva a alturas de entre 500 y 1.000 metros. Estas dos \u00e1reas limitan al oeste con una estrecha llanura costera hacia el golfo de Tailandia que contiene la Bah\u00eda de Kampong Som. Las monta\u00f1as Dangrek en el borde norte de la cuenca del Tonle Sap, que consiste en un acantilado escarpado en el extremo sur de la meseta de Korat en Tailandia, marca la frontera entre Tailandia y Camboya. La altitud media de unos 500 metros, con los puntos m\u00e1s altos llega a m\u00e1s de 700 metros. Entre la parte norte de los rangos de Cardamomo y la parte occidental del Dangrek, la se\u00a0 extiende desde la cuenca del Tonle Sap que se funde en las llanuras de Tailandia, lo que permite f\u00e1cil acceso desde la frontera de Bangkok.<\/span><br>\n<span style=\"color: #000000;\">El r\u00edo m\u00e1s caudaloso del r\u00edo Mekong de Camboya, domina la hidrolog\u00eda del pa\u00eds. El r\u00edo se origina en la parte continental de China, fluye a trav\u00e9s de Myanmar, Laos, Tailandia antes de entrar en Camboya. En Phnom Penh, con los brazos alternativos, el r\u00edo Bassak desde el sur, y el r\u00edo Tonle Sap, que conecta con el \u201cGran Lago\u201d en s\u00ed mismo-Tonle Sap \u2013 forma noroeste. Contin\u00faa m\u00e1s hacia el sureste hasta su delta inferior en Viet Nam y el Mar de China Meridional.<\/span><br>\n<span style=\"color: #000000;\">La secci\u00f3n del r\u00edo Mekong, pasando por Camboya se encuentra en la zona de t\u00f3picos h\u00famedos y secos. Cuenta con una estaci\u00f3n seca pronunciada durante el invierno del Hemisferio Norte, con cerca de 80 por ciento de las precipitaciones anuales que se producen durante el monz\u00f3n del suroeste en mayo y octubre. El flujo del r\u00edo Mekong promedio anual en Krati\u00e9 de 441 km3 se estima en 93 por ciento del total del escurrimiento que el Mekong descarga en el mar. La descarga en Krati\u00e9 oscila entre un m\u00ednimo de 1.250 m3 \/ s al m\u00e1ximo 66.700 m3 \/ s.<\/span><br>\n<span style=\"color: #000000;\">El papel de Tonle Sap como amortiguador de las inundaciones del sistema del r\u00edo Mekong y la fuente de la estaci\u00f3n seca beneficiosos flujos de \u00f3rdenes de explicaci\u00f3n. El r\u00edo Mekong se llena de aguas durante el <\/span><br>\n<span style=\"color: #000000;\">monz\u00f3n llegando a un flujo de descarga de 40.000 m3 \/ s en Phnom Penh. Alrededor de mediados de junio, el flujo del r\u00edo Mekong y el R\u00edo Bassak alimentados por las lluvias del monz\u00f3n aumenta hasta un punto que sus salidas por el delta no puede manejar el enorme volumen de agua, fluyendo extensas llanuras de inundaci\u00f3n adyacentes durante 4-7 meses. En este punto, en vez de desbordar sus espaldas, sus aguas se reserva el caudal del r\u00edo Tonle Sap (unos 120 km de longitud), que a su vez tiene la tasa de flujo m\u00e1ximo de 1,8 m \/ s, y entra en el Lago Grate, el lago natural m\u00e1s grande en el sudeste de Asia, el aumento del tama\u00f1o del lago de unos 2.600 km2 de 10,00 km2 y con car\u00e1cter excepcional a 13.000 km2 y eleva el nivel de agua 7 metros a la altura del crecimiento. Esta especificidad del Tonle Sap hace que sea el \u00fanico r\u00edo con retorno \u201cen el mundo.<\/span><br>\n<span style=\"color: #000000;\">Despu\u00e9s de la cresta de agua del Mekong (cuando sus canales de aguas abajo pueden manejar el volumen de agua), el flujo se invierte y el agua fluye fuera del lago congestionado. El Gran Lago act\u00faa entonces como una cuenca de retenci\u00f3n de las inundaciones naturales. Cuando se desploman las inundaciones, el agua empieza a salir del Gran Lago, alcanzando una tasa de salida m\u00e1xima de 2,0 m \/ s, durante la estaci\u00f3n seca, aumenta los flujos de corriente en un 16 por ciento, lo que ayuda a reducir la intrusi\u00f3n de salinidad en el bajo delta del Mekong en Vietnam. Por el momento el nivel de agua del lago se reduce a su tama\u00f1o m\u00ednimo de superficie, una banda de 20 a 30 km de ancho de bosque inundando se deja secar con los dep\u00f3sitos de una nueva capa de sedimentos. Este bosque, que es de gran importancia para los peces, es ahora muy reducido de tama\u00f1o a trav\u00e9s de la salvaci\u00f3n y la deforestaci\u00f3n. La inundaci\u00f3n de la zona alrededor de Phnom Penh y hasta la frontera con Vietnam es de unos 7.000 km2.<\/span>[\/vc_column_text][vc_empty_space][\/vc_column][\/vc_row]<\/p>\n<\/body><\/div>","protected":false},"excerpt":{"rendered":"<p>[vc_row][vc_column width=\u201d1\/3\u2033][vc_single_image image=\u201d3820\u2033 img_size=\u201d250\u00d7188\u2033 alignment=\u201dcenter\u201d style=\u201dvc_box_border\u201d][vc_column_text] Viajes a Vietnam, Laos, Camboya, Tailandia, Myanmar [\/vc_column_text][\/vc_column][vc_column width=\u201d1\/3\u2033][vc_single_image image=\u201d3822\u2033 img_size=\u201d250\u00d7188\u2033 alignment=\u201dcenter\u201d style=\u201dvc_box_outline\u201d][vc_column_text] Viajes a Vietnam, Laos, Camboya, Tailandia, Myanmar [\/vc_column_text][\/vc_column][vc_column width=\u201d1\/3\u2033][vc_single_image image=\u201d3824\u2033 img_size=\u201d250\u00d7188\u2033 alignment=\u201dcenter\u201d style=\u201dvc_box_shadow_3d\u201d][vc_column_text] Viajes a Vietnam, Laos, Camboya, Tailandia, Myanmar [\/vc_column_text][\/vc_column][vc_column][vc_empty_space][\/vc_column][\/vc_row][vc_row][vc_column][vc_column_text]Camboya tiene una superficie de 181.035 kil\u00f3metros cuadrados en la parte suroeste de la pen\u00ednsula de [&hellip;]<\/p>\n","protected":false},"author":4,"featured_media":3823,"parent":0,"menu_order":0,"comment_status":"closed","ping_status":"closed","template":"","meta":{"nf_dc_page":"","footnotes":""},"class_list":["post-2733","page","type-page","status-publish","has-post-thumbnail","hentry"],"_links":{"self":[{"href":"https:\/\/gialinhtravel.com\/espanol\/wp-json\/wp\/v2\/pages\/2733","targetHints":{"allow":["GET"]}}],"collection":[{"href":"https:\/\/gialinhtravel.com\/espanol\/wp-json\/wp\/v2\/pages"}],"about":[{"href":"https:\/\/gialinhtravel.com\/espanol\/wp-json\/wp\/v2\/types\/page"}],"author":[{"embeddable":true,"href":"https:\/\/gialinhtravel.com\/espanol\/wp-json\/wp\/v2\/users\/4"}],"replies":[{"embeddable":true,"href":"https:\/\/gialinhtravel.com\/espanol\/wp-json\/wp\/v2\/comments?post=2733"}],"version-history":[{"count":4,"href":"https:\/\/gialinhtravel.com\/espanol\/wp-json\/wp\/v2\/pages\/2733\/revisions"}],"predecessor-version":[{"id":3825,"href":"https:\/\/gialinhtravel.com\/espanol\/wp-json\/wp\/v2\/pages\/2733\/revisions\/3825"}],"wp:featuredmedia":[{"embeddable":true,"href":"https:\/\/gialinhtravel.com\/espanol\/wp-json\/wp\/v2\/media\/3823"}],"wp:attachment":[{"href":"https:\/\/gialinhtravel.com\/espanol\/wp-json\/wp\/v2\/media?parent=2733"}],"curies":[{"name":"wp","href":"https:\/\/api.w.org\/{rel}","templated":true}]}}