{"id":2729,"date":"2015-10-14T09:50:07","date_gmt":"2015-10-14T09:50:07","guid":{"rendered":"https:\/\/gialinhtravel.com\/espanol\/?page_id=2729"},"modified":"2015-11-04T09:38:42","modified_gmt":"2015-11-04T09:38:42","slug":"informacion-general-de-camboya","status":"publish","type":"page","link":"https:\/\/gialinhtravel.com\/espanol\/informacion-general-de-camboya\/","title":{"rendered":"Informaci\u00f3n general de Camboya"},"content":{"rendered":"<div class=\"wpb-content-wrapper\"><body><p>[vc_row][vc_column width=\u201d1\/3\u2033][vc_single_image image=\u201d3797\u2033 img_size=\u201d250\u00d7188\u2033 alignment=\u201dcenter\u201d style=\u201dvc_box_border\u201d][vc_column_text]<\/p>\n<p>Viajes a Vietnam, Laos, Camboya, Tailandia, Myanmar<\/p>\n<p>[\/vc_column_text][\/vc_column][vc_column width=\u201d1\/3\u2033][vc_single_image image=\u201d3799\u2033 img_size=\u201d250\u00d7188\u2033 alignment=\u201dcenter\u201d style=\u201dvc_box_outline\u201d][vc_column_text]<\/p>\n<p>Viajes a Vietnam, Laos, Camboya, Tailandia, Myanmar<\/p>\n<p>[\/vc_column_text][\/vc_column][vc_column width=\u201d1\/3\u2033][vc_single_image image=\u201d3800\u2033 img_size=\u201d250\u00d7188\u2033 alignment=\u201dcenter\u201d style=\u201dvc_box_shadow_3d\u201d][vc_column_text]<\/p>\n<p>Viajes a Vietnam, Laos, Camboya, Tailandia, Myanmar<\/p>\n<p>[\/vc_column_text][\/vc_column][vc_column][vc_empty_space][\/vc_column][\/vc_row][vc_row][vc_column][vc_column_text]<\/p>\n<div id=\"main\">\n<div id=\"primary\">\n<div id=\"content\">\n<article id=\"post-484\" class=\"post-484 page type-page status-publish hentry\">\n<div class=\"entry-content\">\n<p><span style=\"color: #000000;\">Camboya se encuentra en el coraz\u00f3n continental del sudeste asi\u00e1tico, que evoca im\u00e1genes de un pasado glorioso y misterioso y rico de los patrimonios culturales, sobre todo la reconocida mundialmente\u00a0 ciudad templo antiguo, cuya imagen acerca cada vez m\u00e1s turistas de todo el mundo.<\/span><br>\n<span style=\"color: #000000;\">Las facetas divergentes del Reino provoca tanto al viajero serio como al ocasional, generalmente encantados y, a veces confundidos por sus misterios. No s\u00f3lo Angkor Wat, Bayon, Taprohm, la Arenisca de los antiguos lugares sagrados, las gigantes ra\u00edces de los \u00e1rboles antiguos, las formas gr\u00e1ciles de Apsaras y algunos templos enterrados en la selva, tribus que se asentaron en las zonas remotas, pagodas coloridas, las cadenas de islas v\u00edrgenes y la playa, como parte de la gira cultural de Camboya que Camboya est\u00e1 orgullosa de su presentaci\u00f3n, sino tambi\u00e9n el esplendor de la civilizaci\u00f3n jemer y de su gente que han mostrado su simpat\u00eda por todas partes que se mueven en el pa\u00eds.<\/span><\/p>\n<p><span style=\"color: #000000;\">Para la mayor\u00eda, Camboya primero evoca el legendario Angkor (el Imperio magn\u00edfico erigido por los reyes entre los siglos 9 y 13) que sigue siendo admirado por los jemeres y extranjeros por igual. La humanidad y el desastre de la naturaleza no han podido poner en peligro el respeto de Angkor. Los templos permanecen con una grandeza enigm\u00e1tica, como un testimonio para el Imperio que simbolizaba el pa\u00eds en la actualidad.<\/span><\/p>\n<p><span style=\"color: #000000;\">Ellos son los testigos mudos de los ciclos perennes de la vida, que ocurren con cada temporada de lluvias. El Reino emerge de su letargo y salta hacia atr\u00e1s a la vida. Las nubes, hinchadas con la humedad, salen de las lluvias monz\u00f3nicas para llenar en el Tonle Sap (Gran Lago) que traen miles de toneladas de peces de agua dulce.<\/span><\/p>\n<p><span style=\"color: #000000;\">Cada a\u00f1o, el pa\u00eds se transforma en un ciclo de la naturaleza, que es \u00fanico para Camboya. El caudal del poderoso r\u00edo Mekong se hincha hasta forzar el Tonle Sap a revertir su curso, empujando aguas arriba de la antigua capital. Cada a\u00f1o, la reversi\u00f3n del r\u00edo se celebra con el m\u00e1s espectacular Festival de agua del pa\u00eds en noviembre.<\/span><\/p>\n<div class=\"addthis_toolbox addthis_default_style \"><span style=\"color: #000000;\">\u00a0<\/span><\/div>\n<\/div>\n<footer class=\"entry-meta\"><\/footer>\n<\/article>\n<\/div>\n<\/div>\n<\/div>\n<footer id=\"colophon\">\n<div id=\"supplementary\" class=\"footer-content\"><\/div>\n<\/footer>\n<p>[\/vc_column_text][vc_empty_space][\/vc_column][\/vc_row]<\/p>\n<\/body><\/div>","protected":false},"excerpt":{"rendered":"<p>[vc_row][vc_column width=\u201d1\/3\u2033][vc_single_image image=\u201d3797\u2033 img_size=\u201d250\u00d7188\u2033 alignment=\u201dcenter\u201d style=\u201dvc_box_border\u201d][vc_column_text] Viajes a Vietnam, Laos, Camboya, Tailandia, Myanmar [\/vc_column_text][\/vc_column][vc_column width=\u201d1\/3\u2033][vc_single_image image=\u201d3799\u2033 img_size=\u201d250\u00d7188\u2033 alignment=\u201dcenter\u201d style=\u201dvc_box_outline\u201d][vc_column_text] Viajes a Vietnam, Laos, Camboya, Tailandia, Myanmar [\/vc_column_text][\/vc_column][vc_column width=\u201d1\/3\u2033][vc_single_image image=\u201d3800\u2033 img_size=\u201d250\u00d7188\u2033 alignment=\u201dcenter\u201d style=\u201dvc_box_shadow_3d\u201d][vc_column_text] Viajes a Vietnam, Laos, Camboya, Tailandia, Myanmar [\/vc_column_text][\/vc_column][vc_column][vc_empty_space][\/vc_column][\/vc_row][vc_row][vc_column][vc_column_text] Camboya se encuentra en el coraz\u00f3n continental del sudeste asi\u00e1tico, que evoca im\u00e1genes de un [&hellip;]<\/p>\n","protected":false},"author":4,"featured_media":3796,"parent":0,"menu_order":0,"comment_status":"closed","ping_status":"closed","template":"","meta":{"nf_dc_page":"","footnotes":""},"class_list":["post-2729","page","type-page","status-publish","has-post-thumbnail","hentry"],"_links":{"self":[{"href":"https:\/\/gialinhtravel.com\/espanol\/wp-json\/wp\/v2\/pages\/2729","targetHints":{"allow":["GET"]}}],"collection":[{"href":"https:\/\/gialinhtravel.com\/espanol\/wp-json\/wp\/v2\/pages"}],"about":[{"href":"https:\/\/gialinhtravel.com\/espanol\/wp-json\/wp\/v2\/types\/page"}],"author":[{"embeddable":true,"href":"https:\/\/gialinhtravel.com\/espanol\/wp-json\/wp\/v2\/users\/4"}],"replies":[{"embeddable":true,"href":"https:\/\/gialinhtravel.com\/espanol\/wp-json\/wp\/v2\/comments?post=2729"}],"version-history":[{"count":3,"href":"https:\/\/gialinhtravel.com\/espanol\/wp-json\/wp\/v2\/pages\/2729\/revisions"}],"predecessor-version":[{"id":3798,"href":"https:\/\/gialinhtravel.com\/espanol\/wp-json\/wp\/v2\/pages\/2729\/revisions\/3798"}],"wp:featuredmedia":[{"embeddable":true,"href":"https:\/\/gialinhtravel.com\/espanol\/wp-json\/wp\/v2\/media\/3796"}],"wp:attachment":[{"href":"https:\/\/gialinhtravel.com\/espanol\/wp-json\/wp\/v2\/media?parent=2729"}],"curies":[{"name":"wp","href":"https:\/\/api.w.org\/{rel}","templated":true}]}}