{"id":2720,"date":"2015-10-14T09:35:22","date_gmt":"2015-10-14T09:35:22","guid":{"rendered":"https:\/\/gialinhtravel.com\/espanol\/?page_id=2720"},"modified":"2015-10-14T12:33:42","modified_gmt":"2015-10-14T12:33:42","slug":"laos-informacion-de-interes","status":"publish","type":"page","link":"https:\/\/gialinhtravel.com\/espanol\/laos-informacion-de-interes\/","title":{"rendered":"Laos Informaci\u00f3n de inter\u00e9s"},"content":{"rendered":"<div class=\"wpb-content-wrapper\"><body><p>[vc_row row_style=\u201dcontainer\u201d imgparallax=\u201dno\u201d srcparallax=\u201d\u201d filter=\u201dnone\u201d][vc_column width=\u201d1\/3\u2033][vc_single_image image=\u201d2293\u2033 border_color=\u201dgrey\u201d img_link_large=\u201d\u201d img_link_target=\u201d_self\u201d alignment=\u201dcenter\u201d img_size=\u201d250\u00d7188\u2033 style=\u201dvc_box_border\u201d][vc_column_text]<\/p>\n<p>Viajes a Vietnam, Laos, Camboya, Tailandia, Myanmar<\/p>\n<p>[\/vc_column_text][\/vc_column][vc_column width=\u201d1\/3\u2033][vc_single_image image=\u201d2217\u2033 border_color=\u201dgrey\u201d img_link_large=\u201d\u201d img_link_target=\u201d_self\u201d alignment=\u201dcenter\u201d img_size=\u201d250\u00d7188\u2033 style=\u201dvc_box_outline\u201d][vc_column_text]<\/p>\n<p>Viajes a Vietnam, Laos, Camboya, Tailandia, Myanmar<\/p>\n<p>[\/vc_column_text][\/vc_column][vc_column width=\u201d1\/3\u2033][vc_single_image image=\u201d2202\u2033 border_color=\u201dgrey\u201d img_link_large=\u201d\u201d img_link_target=\u201d_self\u201d alignment=\u201dcenter\u201d img_size=\u201d250\u00d7188\u2033 style=\u201dvc_box_shadow_3d\u201d][vc_column_text]<\/p>\n<p>Viajes a Vietnam, Laos, Camboya, Tailandia, Myanmar<\/p>\n<p>[\/vc_column_text][\/vc_column][vc_column width=\u201d1\/1\u2033][vc_empty_space height=\u201d32px\u201d][\/vc_column][\/vc_row][vc_row row_style=\u201dcontainer\u201d imgparallax=\u201dno\u201d srcparallax=\u201d\u201d filter=\u201dnone\u201d][vc_column width=\u201d1\/1\u2033][vc_column_text]<span style=\"color: #000000;\"><strong>Cortes\u00edas\u00a0Comunes<\/strong><\/span><\/p>\n<p><span style=\"color: #000000;\">La gente de Laos son franco, abierto y amistoso, y poseen un sentido muy desarrollado de la cortes\u00eda y el respeto.\u00a0Todo el que se adhiere a este \u00faltimo recibir\u00e1 una c\u00e1lida bienvenida.<\/span><\/p>\n<p><span style=\"color: #000000;\">La aceptaci\u00f3n general de saludo entre la gente de Laos es la dosis \u00f3ptima.\u00a0Se realiza mediante la colocaci\u00f3n de una palma de la mano junta en una posici\u00f3n de orar a la altura del pecho, pero sin tocar el cuerpo.\u00a0Cuanto mayor sea la mano, mayor ser\u00e1 la se\u00f1al de respeto.\u00a0Sin embargo, las manos no deben ser consideradas por encima del nivel de la nariz.\u00a0El Nop se acompa\u00f1a de una ligera inclinaci\u00f3n para mostrar repect a las personas de mayor estatus y la edad.\u00a0Tambi\u00e9n se utiliza como una expresi\u00f3n de agradecimiento, arrepentimiento o decir adi\u00f3s.\u00a0Pero con los occidentales es aceptable dar la mano.<\/span><\/p>\n<p><span style=\"color: #000000;\">Al visitar los templos (llamada \u201cwat\u201d) que deben estar vestidos decentemente y quitarse los zapatos antes de entrar en los edificios religiosos.\u00a0Evite usar camisetas cortas y sin mangas.\u00a0Sea respetuoso delante de los objetos en las pagodas.<\/span><\/p>\n<p><span style=\"color: #000000;\">Al entrar en una Wat o una casa privada, es costumbre quitarse los zapatos.\u00a0En los hogares de Laos levantada del suelo, los zapatos se dejan en las escaleras.\u00a0En los hogares tradicionales, uno se sienta en sillas bajas y cojines en el suelo.\u00a0Los hombres por lo general se sientan con las piernas cruzadas o dobladas a un lado, las mujeres prefieren exclusivamente estos \u00faltimos.\u00a0Al entrar, los hu\u00e9spedes pueden servirse de frutas o t\u00e9.\u00a0Estos gestos de hospitalidad no debe ser rechazada.<\/span><\/p>\n<p><span style=\"color: #000000;\">Puesto que la cabeza se considera la parte m\u00e1s sagrada del cuerpo y las plantas de los pies por lo menos, uno no debe tocar la cabeza de una persona ni un pie a punto de usar a una persona o de cualquier objeto.\u00a0Por otra parte, los hombres y las mujeres rara vez se muestran afecto en p\u00fablico.\u00a0Tambi\u00e9n est\u00e1 prohibido que una mujer toque un monje budista.<\/span><\/p>\n<p><span style=\"color: #000000;\">Al igual que en muchos pa\u00edses asi\u00e1ticos, es importante no pasar por encima de las personas en un autob\u00fas o en un lugar lleno de gente, y es com\u00fan para hacer espacio (incluso cuando usted piensa que no hay ninguno) para que otros puedan pasar m\u00e1s que ser invitarlos a que pasen.<\/span><\/p>\n<p><span style=\"color: #000000;\"><strong>Lo que SI y lo que NO puede hacer<\/strong><\/span><br>\n<span style=\"color: #000000;\">Si,<\/span><br>\n<span style=\"color: #000000;\">-Mantenga su sonrisa y saludar a los extra\u00f1os con \u201csa bai dee\u201d.<\/span><br>\n<span style=\"color: #000000;\">-Qu\u00edtese los zapatos al entrar en casa o Wat Lao.<\/span><br>\n<span style=\"color: #000000;\">-Tenga cuidado al conducir.\u00a0El tr\u00e1fico es indisciplinado.\u00a0Por la noche, los ciclistas no usan las luces.\u00a0Estar atentos en los sem\u00e1foros.\u00a0Los veh\u00edculos y los ciclistas a menudo se paran en el carril derecho para girar a la izquierda y viceversa.\u00a0Pueden hacerlo directamente en frente de ti sin mirar y sin se\u00f1alizaci\u00f3n.<\/span><br>\n<span style=\"color: #000000;\">-Intento aprender algo de Lao<\/span><br>\n<span style=\"color: #000000;\">-Si visualiza una imagen de Buda con fines decorativos (es mejor no hacerlo), col\u00f3quelo a una altura elevada y definitivamente no en un hueco de la escalera.<\/span><br>\n<span style=\"color: #000000;\">-Cultivar la paciencia, recuerde que debe reforzar las solicitudes si algo se requiere en forma rutinaria, de lo contrario, se supone que lo quer\u00eda por una sola vez.<\/span><br>\n<span style=\"color: #000000;\">-Si usted es una mujer, mantenga los hombros cubiertos y asegurarse de que las prendas tengan por lo menos en las mangas tapa si conocer a gente de Laos o ir al mercado.<\/span><br>\n<span style=\"color: #000000;\">-Arrod\u00edllese la hora de poner dinero en la \u201ccaja de donaciones\u201d en un wat.<\/span><\/p>\n<p><span style=\"color: #000000;\">No<\/span><br>\n<span style=\"color: #000000;\">-Grite y muestre rabia a un lao, pues perder\u00e1 la cara.<\/span><br>\n<span style=\"color: #000000;\">-Llamar la atenci\u00f3n de un lao al frente de los dem\u00e1s.\u00a0Pierde la cara<\/span><br>\n<span style=\"color: #000000;\">-Coloque sus pies, la parte menos respetado del cuerpo, en una mesa en compa\u00f1\u00eda de Lao.\u00a0Esto es un insulto.<\/span><br>\n<span style=\"color: #000000;\">-Indicar con el pie.\u00a0Una vez sentado en el suelo en la empresa o wat (templo) de Lao, mantener los pies metidos debajo o detr\u00e1s de usted.\u00a0Trate de no tener la planta del pie para evitar dirigido a nadie.\u00a0Tenga cuidado al sentarse con las piernas cruzadas.<\/span><br>\n<span style=\"color: #000000;\">-Patente de un ni\u00f1o en la cabeza o el abuso de la cabeza de un Lao de ninguna manera.\u00a0La cabeza es la parte m\u00e1s sagrada del cuerpo.<\/span><br>\n<span style=\"color: #000000;\">-Use ropa escasa en p\u00fablico.\u00a0No importa qu\u00e9 tan caliente el clima, pantalones cortos de cualquier tipo son inapropiados como traje de la oficina.<\/span><br>\n<span style=\"color: #000000;\">-Sea irritado por risitas cuando se considera la ocasi\u00f3n de ser m\u00e1s que un asunto de risa.\u00a0A menudo se esconden verg\u00fcenza o shyness.-Si usted es una mujer, tratar de estrechar la mano de un monje nada la mano, a \u00e9l directamente o sentarse a su lado.Los monjes no se les permite tocar las mujeres.\u00a0Si desea entregar algo a un monje, hacerlo a trav\u00e9s de un var\u00f3n, la ofrecen en una bandeja, ni lo coloque sobre una mesa o en el suelo delante de \u00e9l.<\/span><\/p>\n<p><span style=\"color: #000000;\"><strong>Ropa<\/strong><\/span><\/p>\n<p><span style=\"color: #000000;\">Durante la estaci\u00f3n c\u00e1lida, de enero a abril, llevar ropa ligera de algod\u00f3n y lino, gafas de sol y un sombrero de todo el a\u00f1o.\u00a0Bloqueador solar y repelente de insectos tambi\u00e9n se recomienda.<\/span><br>\n<span style=\"color: #000000;\">De noviembre a diciembre, la temporada de fr\u00edo, es una buena idea llevar ropa de abrigo como chompas y chaquetas para la ma\u00f1ana y por la noche, y m\u00e1s a\u00fan si usted est\u00e1 visitando las regiones monta\u00f1osas del norte.<\/span><br>\n<span style=\"color: #000000;\">De mayo a octubre, durante la temporada de lluvias, lo mejor es tener ropa impermeable.\u00a0Lo mejor es usar zapatos o sandalias f\u00e1cilmente extra\u00edbles cuando se visita los templos.<\/span><\/p>\n<p><span style=\"color: #000000;\"><strong>Salud<\/strong><\/span><\/p>\n<p><span style=\"color: #000000;\">Y los servicios m\u00e9dicos dentales son en su mayor\u00eda operados por el gobierno.\u00a0Las cl\u00ednicas privadas y farmacias est\u00e1n disponibles en las principales ciudades.\u00a0La Cl\u00ednica Internacional se opera bajo la supervisi\u00f3n del Ministerio de Salud, para dar cabida a los extranjeros y los diplom\u00e1ticos.\u00a0Medicamentos de Francia, EE.UU., Rusia, Tailandia y China est\u00e1n ampliamente disponibles en la mayor\u00eda de las farmacias.<\/span><\/p>\n<p><span style=\"color: #000000;\"><strong>Moneda<\/strong><\/span><\/p>\n<p><span style=\"color: #000000;\">La moneda de Laos es kip.\u00a0El kip es la moneda oficial de la Rep\u00fablica Democr\u00e1tica Popular Lao.\u00a0Los billetes est\u00e1n en denominaciones de 50.000, 20.000, 10.000, 5.000, 2.000, 1.000, 500, 100, 50, 20, 10, 5 y 1.\u00a0Las denominaciones m\u00e1s peque\u00f1as no son de uso com\u00fan.\u00a0Las monedas tienen poder adquisitivo insignificante y se est\u00e1n retirando de la circulaci\u00f3n.<\/span><br>\n<span style=\"color: #000000;\">Una EE.UU. d\u00f3lares aproximadamente 10.810 kip.\u00a0Ahora, cheques de viajero en otras monedas son los mejores cambiado en Vientiane o en las principales ciudades solamente.\u00a0Y tambi\u00e9n podr\u00eda ser convenientemente cobros en todos los bancos provinciales, excepto la mayor\u00eda de casa de cambio local.\u00a0Las casas de cambio autorizadas calcular\u00e1n en el momento de inter\u00e9s bancario de ese d\u00eda.\u00a0De cambio en el mercado negro es ilegal y ser\u00e1 multado.\u00a0Todos los bancos en Laos ofrece un servicio normal de lunes a viernes, pero la tienda de intercambio abierto 7 d\u00edas a la semana de 9:00 AM-15pm.<\/span><\/p>\n<p><span style=\"color: #000000;\">Adem\u00e1s, todos los bancos nacionales y extranjeros en Vientiane permiten retiros de efectivo en la tarjeta de cr\u00e9dito Visa o Master Card.\u00a0Ahora mismo, en las tarjetas de las principales ciudades de cr\u00e9dito puede ser utilizado en hoteles, casas de hu\u00e9spedes, restaurantes.\u00a0Sin embargo, en las zonas remotas es recomendable tomar kip con usted.\u00a0Las casas de cambio autorizadas calcular\u00e1n al tipo de banco.<\/span><\/p>\n<p><span style=\"color: #000000;\"><strong>Compras<\/strong><\/span><\/p>\n<p><span style=\"color: #000000;\">Las artesan\u00edas disponibles \u00fanica y fascinante en la RDP Lao nos invitan a hacer algunos recordatorios especiales de sus viajes en este hermoso pa\u00eds.\u00a0Una amplia selecci\u00f3n de tejidos de seda y el algod\u00f3n, la plata exquisito y joyas de oro, cestas hechas a mano, tallas intrincadas y tradicionales instrumentos musicales y utensilios son s\u00f3lo algunas de las delicias de los visitantes a la espera en los mercados.<\/span><\/p>\n<p><span style=\"color: #000000;\">Los textiles y las telas producidas en el pa\u00eds son tejidas a mano en peque\u00f1os telares en los pueblos con una larga tradici\u00f3n en el arte.\u00a0Estilos, dise\u00f1os y modelos var\u00edan de acuerdo a la zona en que se hicieron.\u00a0tejedores tribu de la colina y artesanos textiles producen tejidos distintivos y hermosos y los productos de tela.<\/span><br>\n<span style=\"color: #000000;\">Talladores de trabajo en madera, hueso y piedra y producir escenas que representan el trabajo de ambas historias religiosas y la vida cotidiana.\u00a0Los artesanos hacen una gran variedad de productos y son muy felices para producir art\u00edculos especiales para as\u00ed ..<\/span><br>\n<span style=\"color: #000000;\">De negociaci\u00f3n, aunque la mayor\u00eda de tiendas tienen precios fijos para las mercanc\u00edas el precio de las telas, tallas y algunas joyas pueden ser negociables con la negociaci\u00f3n cuidadosa, de buen humor.<\/span><br>\n<span style=\"color: #000000;\">La propina es habitual, pero no se puede esperar en algunos de los hoteles m\u00e1s exclusivos y restaurantes.<\/span><\/p>\n<p><span style=\"color: #000000;\"><strong>Tenga en cuenta:<\/strong><\/span><\/p>\n<p><span style=\"color: #000000;\">Todos los visitantes deben recordar que est\u00e1 prohibido tomar cualquier antig\u00fcedades o imagen de Buda (que son mayores de 50 a\u00f1os) fuera del pa\u00eds.\u00a0Por lo tanto estos art\u00edculos introducidos en Laos desde otros pa\u00edses tienen que ser decrared en la aduana.<\/span><br>\n<span style=\"color: #000000;\">Visas<\/span><br>\n<span style=\"color: #000000;\">Todos los visitantes entrar en Laos Laos Tours deben poseer pasaportes v\u00e1lidos.\u00a0Visa de turista es v\u00e1lida por 15 d\u00edas de estancia.\u00a0M\u00e1s de un visado de estancia ser\u00e1 multado con $ 5.00 en el momento de la salida.<\/span><br>\n<span style=\"color: #000000;\">Internacional de los puntos de control<\/span><br>\n<span style=\"color: #000000;\">1.\u00a0Wattay El aeropuerto internacional de Vientiane<\/span><br>\n<span style=\"color: #000000;\">2.Mittaphab Puente-Vientiane<\/span><br>\n<span style=\"color: #000000;\">3.Luang Aeropuerto Internacional Prabang<\/span><br>\n<span style=\"color: #000000;\">(De pago Visa de $ 30 en los puntos de control m\u00e1s arriba)<\/span>[\/vc_column_text][vc_empty_space height=\u201d32px\u201d][\/vc_column][\/vc_row]<\/p>\n<\/body><\/div>","protected":false},"excerpt":{"rendered":"<p>[vc_row row_style=\u201dcontainer\u201d imgparallax=\u201dno\u201d srcparallax=\u201d\u201d filter=\u201dnone\u201d][vc_column width=\u201d1\/3\u2033][vc_single_image image=\u201d2293\u2033 border_color=\u201dgrey\u201d img_link_large=\u201d\u201d img_link_target=\u201d_self\u201d alignment=\u201dcenter\u201d img_size=\u201d250\u00d7188\u2033 style=\u201dvc_box_border\u201d][vc_column_text] Viajes a Vietnam, Laos, Camboya, Tailandia, Myanmar [\/vc_column_text][\/vc_column][vc_column width=\u201d1\/3\u2033][vc_single_image image=\u201d2217\u2033 border_color=\u201dgrey\u201d img_link_large=\u201d\u201d img_link_target=\u201d_self\u201d alignment=\u201dcenter\u201d img_size=\u201d250\u00d7188\u2033 style=\u201dvc_box_outline\u201d][vc_column_text] Viajes a Vietnam, Laos, Camboya, Tailandia, Myanmar [\/vc_column_text][\/vc_column][vc_column width=\u201d1\/3\u2033][vc_single_image image=\u201d2202\u2033 border_color=\u201dgrey\u201d img_link_large=\u201d\u201d img_link_target=\u201d_self\u201d alignment=\u201dcenter\u201d img_size=\u201d250\u00d7188\u2033 style=\u201dvc_box_shadow_3d\u201d][vc_column_text] Viajes a Vietnam, Laos, Camboya, Tailandia, Myanmar [\/vc_column_text][\/vc_column][vc_column width=\u201d1\/1\u2033][vc_empty_space height=\u201d32px\u201d][\/vc_column][\/vc_row][vc_row [&hellip;]<\/p>\n","protected":false},"author":4,"featured_media":0,"parent":0,"menu_order":0,"comment_status":"closed","ping_status":"closed","template":"","meta":{"nf_dc_page":"","footnotes":""},"class_list":["post-2720","page","type-page","status-publish","hentry"],"_links":{"self":[{"href":"https:\/\/gialinhtravel.com\/espanol\/wp-json\/wp\/v2\/pages\/2720","targetHints":{"allow":["GET"]}}],"collection":[{"href":"https:\/\/gialinhtravel.com\/espanol\/wp-json\/wp\/v2\/pages"}],"about":[{"href":"https:\/\/gialinhtravel.com\/espanol\/wp-json\/wp\/v2\/types\/page"}],"author":[{"embeddable":true,"href":"https:\/\/gialinhtravel.com\/espanol\/wp-json\/wp\/v2\/users\/4"}],"replies":[{"embeddable":true,"href":"https:\/\/gialinhtravel.com\/espanol\/wp-json\/wp\/v2\/comments?post=2720"}],"version-history":[{"count":2,"href":"https:\/\/gialinhtravel.com\/espanol\/wp-json\/wp\/v2\/pages\/2720\/revisions"}],"predecessor-version":[{"id":2788,"href":"https:\/\/gialinhtravel.com\/espanol\/wp-json\/wp\/v2\/pages\/2720\/revisions\/2788"}],"wp:attachment":[{"href":"https:\/\/gialinhtravel.com\/espanol\/wp-json\/wp\/v2\/media?parent=2720"}],"curies":[{"name":"wp","href":"https:\/\/api.w.org\/{rel}","templated":true}]}}