{"id":2714,"date":"2015-10-14T09:31:50","date_gmt":"2015-10-14T09:31:50","guid":{"rendered":"https:\/\/gialinhtravel.com\/espanol\/?page_id=2714"},"modified":"2015-10-14T09:31:50","modified_gmt":"2015-10-14T09:31:50","slug":"tiempo-en-laos","status":"publish","type":"page","link":"https:\/\/gialinhtravel.com\/espanol\/tiempo-en-laos\/","title":{"rendered":"Tiempo en Laos"},"content":{"rendered":"<div class=\"wpb-content-wrapper\"><body><p>[vc_row row_style=\u201dcontainer\u201d imgparallax=\u201dno\u201d srcparallax=\u201d\u201d filter=\u201dnone\u201d][vc_column width=\u201d1\/3\u2033][vc_single_image image=\u201d2293\u2033 border_color=\u201dgrey\u201d img_link_large=\u201d\u201d img_link_target=\u201d_self\u201d alignment=\u201dcenter\u201d img_size=\u201d250\u00d7188\u2033 style=\u201dvc_box_border\u201d][vc_column_text]<\/p>\n<p>Viajes a Vietnam, Laos, Camboya, Tailandia, Myanmar<\/p>\n<p>[\/vc_column_text][\/vc_column][vc_column width=\u201d1\/3\u2033][vc_single_image image=\u201d2217\u2033 border_color=\u201dgrey\u201d img_link_large=\u201d\u201d img_link_target=\u201d_self\u201d alignment=\u201dcenter\u201d img_size=\u201d250\u00d7188\u2033 style=\u201dvc_box_outline\u201d][vc_column_text]<\/p>\n<p>Viajes a Vietnam, Laos, Camboya, Tailandia, Myanmar<\/p>\n<p>[\/vc_column_text][\/vc_column][vc_column width=\u201d1\/3\u2033][vc_single_image image=\u201d2202\u2033 border_color=\u201dgrey\u201d img_link_large=\u201d\u201d img_link_target=\u201d_self\u201d alignment=\u201dcenter\u201d img_size=\u201d250\u00d7188\u2033 style=\u201dvc_box_shadow_3d\u201d][vc_column_text]<\/p>\n<p>Viajes a Vietnam, Laos, Camboya, Tailandia, Myanmar<\/p>\n<p>[\/vc_column_text][\/vc_column][vc_column width=\u201d1\/1\u2033][vc_empty_space height=\u201d32px\u201d][\/vc_column][\/vc_row][vc_row row_style=\u201dcontainer\u201d imgparallax=\u201dno\u201d srcparallax=\u201d\u201d filter=\u201dnone\u201d][vc_column width=\u201d1\/1\u2033][vc_column_text]<span style=\"color: #000000;\">Al igual que otros coutries en el Sudeste Asi\u00e1tico, Laos est\u00e1 bajo la influencia del monz\u00f3n tropical (h\u00famedo-seco) clima, aunque las monta\u00f1as proporcionan algunas variaciones en la temperatura. Esto es claramente reflejado a trav\u00e9s de dos estaciones distintas de Laos: h\u00famedo (lluvias) y seco.<\/span><\/p>\n<p><span style=\"color: #000000;\">Durante la temporada de lluvias (mayo a octubre), los vientos del suroeste de lluvias del monz\u00f3n n pasiva promedio de 50 a 90 pulgadas (1.300 a 2.300 mm), con totales llegar a unos 160 pulgadas (4.100 mm) en la meseta Bolovens. La estaci\u00f3n seca (noviembre a abril) es dominada por el monz\u00f3n del noreste. Promedio m\u00ednimo de entre 60 y 70 \u00b0 F (16 y 21 \u00b0 C) en los meses fr\u00edos de diciembre a febrero las temperaturas, el aumento a m\u00e1ximos de m\u00e1s de 90 \u00b0 F (32 \u00b0 C) en marzo y abril, justo antes del inicio de la lluvias. En la temporada de lluvias, la temperatura media es de 80 \u00b0 F (27 \u00b0 C).\u00a0El monz\u00f3n suele ir seguida de un per\u00edodo seco (noviembre-mayo), comenzando con temperaturas m\u00e1s bajas relativa y brisas frescas creado por el monz\u00f3n del noreste de Asia (que pasa por alto la mayor parte de Laos), que dur\u00f3 hasta mediados de febrero. Las excepciones a este patr\u00f3n general incluyen Xieng Khuang, Phan Hua y Provincias Phongsali, que podr\u00e1n recibir las lluvias procedentes de Vietnam y China durante los meses de abril y mayo. Las precipitaciones var\u00edan considerablemente de acuerdo a la latitud y la altitud, las tierras altas de Vientiane, Bolikhamsai, Khammuan y el este de las provincias m\u00e1s h\u00famedas son Champasak.<\/span><\/p>\n<p><span style=\"color: #000000;\">Las temperaturas tambi\u00e9n var\u00edan seg\u00fan la altitud. En la h\u00fameda, de tierras bajas del valle del r\u00edo Mekong, las temperaturas oscilan entre 15 \u00b0 C (59 \u00b0 F) a 38 \u00b0 C (100.4 \u00b0 F), mientras que en las monta\u00f1as de Xieng Khuang la temperatura puede bajar a 0 \u00b0 C (32 \u00b0 F) por la noche. En Vientiane, una temperatura m\u00ednima de 19 grados cent\u00edgrados es de esperar durante enero. En las zonas monta\u00f1osas, sin embargo, baja la temperatura hasta un m\u00ednimo de 14 a 15 grados cent\u00edgrados durante los meses de invierno, y durante las noches fr\u00edas, se puede llegar al punto de congelaci\u00f3n. La precipitaci\u00f3n media es m\u00e1s alta en el sur de Laos, donde las monta\u00f1as Annamite recibir m\u00e1s de 3.000 mm. a\u00f1o. En Vientiane, las precipitaciones es de unos 1.500-2.000 mm., Y en las provincias del Norte s\u00f3lo 1,000-1,500 mm.<\/span><\/p>\n<p><span style=\"color: #000000;\">As\u00ed que, \u00bfcu\u00e1l es la mejor \u00e9poca para visitar esta tierra de un mill\u00f3n de elefantes en Laos y Tours Viajes?<\/span><\/p>\n<p><span style=\"color: #000000;\">La respuesta es \u201centre noviembre y febrero\u201d, cuando menos llueve y no es demasiado caliente. Esta es tambi\u00e9n la principal temporada para ambos bollo nacionales y regionales (festivales). Si se dirige a las monta\u00f1as, mayo y julio, tambi\u00e9n puede ser agradable. Las carreteras pueden ser lavados a cabo durante la temporada de lluvias (julio a octubre), pero hay un mont\u00f3n de oportunidades de viaje por r\u00edo. Los meses pico de turismo son de diciembre a febrero y en agosto, aunque hay relativamente pocos los visitantes en cualquier momento.<\/span><\/p>\n<p><span style=\"color: #000000;\">Las temperaturas medias m\u00e1ximas diarias y precipitaciones mensuales<\/span><\/p>\n<table width=\"100%\">\n<tbody>\n<tr>\n<td>\u00a0<\/td>\n<td><span style=\"color: #000000;\">Jan<\/span><\/td>\n<td><span style=\"color: #000000;\">Feb<\/span><\/td>\n<td><span style=\"color: #000000;\">Mar<\/span><\/td>\n<td><span style=\"color: #000000;\">Apr<\/span><\/td>\n<td><span style=\"color: #000000;\">May<\/span><\/td>\n<td><span style=\"color: #000000;\">Jun<\/span><\/td>\n<td><span style=\"color: #000000;\">Jul<\/span><\/td>\n<td><span style=\"color: #000000;\">Aug<\/span><\/td>\n<td><span style=\"color: #000000;\">Sep<\/span><\/td>\n<td><span style=\"color: #000000;\">Oct<\/span><\/td>\n<td><span style=\"color: #000000;\">Nov<\/span><\/td>\n<td><span style=\"color: #000000;\">Dec<\/span><\/td>\n<td width=\"1%\">\u00a0<\/td>\n<\/tr>\n<tr>\n<td colspan=\"13\"><span style=\"color: #000000;\">Vientiane<\/span><\/td>\n<td width=\"1%\">\u00a0<\/td>\n<\/tr>\n<tr>\n<td><span style=\"color: #000000;\">\u00b0C<\/span><\/td>\n<td><span style=\"color: #000000;\">28<\/span><\/td>\n<td><span style=\"color: #000000;\">30<\/span><\/td>\n<td><span style=\"color: #000000;\">33<\/span><\/td>\n<td><span style=\"color: #000000;\">34<\/span><\/td>\n<td><span style=\"color: #000000;\">32<\/span><\/td>\n<td><span style=\"color: #000000;\">32<\/span><\/td>\n<td><span style=\"color: #000000;\">31<\/span><\/td>\n<td><span style=\"color: #000000;\">31<\/span><\/td>\n<td><span style=\"color: #000000;\">31<\/span><\/td>\n<td><span style=\"color: #000000;\">31<\/span><\/td>\n<td><span style=\"color: #000000;\">29<\/span><\/td>\n<td><span style=\"color: #000000;\">28<\/span><\/td>\n<td width=\"1%\">\u00a0<\/td>\n<\/tr>\n<tr>\n<td><span style=\"color: #000000;\">mm<\/span><\/td>\n<td><span style=\"color: #000000;\">5<\/span><\/td>\n<td><span style=\"color: #000000;\">15<\/span><\/td>\n<td><span style=\"color: #000000;\">38<\/span><\/td>\n<td><span style=\"color: #000000;\">99<\/span><\/td>\n<td><span style=\"color: #000000;\">267<\/span><\/td>\n<td><span style=\"color: #000000;\">302<\/span><\/td>\n<td><span style=\"color: #000000;\">267<\/span><\/td>\n<td><span style=\"color: #000000;\">292<\/span><\/td>\n<td><span style=\"color: #000000;\">302<\/span><\/td>\n<td><span style=\"color: #000000;\">109<\/span><\/td>\n<td><span style=\"color: #000000;\">15<\/span><\/td>\n<td><span style=\"color: #000000;\">3<\/span><\/td>\n<td width=\"1%\">\u00a0<\/td>\n<\/tr>\n<tr>\n<td colspan=\"13\"><span style=\"color: #000000;\">Luang Prabang<\/span><\/td>\n<td width=\"1%\">\u00a0<\/td>\n<\/tr>\n<tr>\n<td><span style=\"color: #000000;\">\u00b0C<\/span><\/td>\n<td><span style=\"color: #000000;\">28<\/span><\/td>\n<td><span style=\"color: #000000;\">32<\/span><\/td>\n<td><span style=\"color: #000000;\">34<\/span><\/td>\n<td><span style=\"color: #000000;\">36<\/span><\/td>\n<td><span style=\"color: #000000;\">35<\/span><\/td>\n<td><span style=\"color: #000000;\">34<\/span><\/td>\n<td><span style=\"color: #000000;\">32<\/span><\/td>\n<td><span style=\"color: #000000;\">32<\/span><\/td>\n<td><span style=\"color: #000000;\">33<\/span><\/td>\n<td><span style=\"color: #000000;\">32<\/span><\/td>\n<td><span style=\"color: #000000;\">29<\/span><\/td>\n<td><span style=\"color: #000000;\">27<\/span><\/td>\n<td width=\"1%\">\u00a0<\/td>\n<\/tr>\n<tr>\n<td><span style=\"color: #000000;\">mm<\/span><\/td>\n<td><span style=\"color: #000000;\">15<\/span><\/td>\n<td><span style=\"color: #000000;\">18<\/span><\/td>\n<td><span style=\"color: #000000;\">31<\/span><\/td>\n<td><span style=\"color: #000000;\">109<\/span><\/td>\n<td><span style=\"color: #000000;\">163<\/span><\/td>\n<td><span style=\"color: #000000;\">155<\/span><\/td>\n<td><span style=\"color: #000000;\">231<\/span><\/td>\n<td><span style=\"color: #000000;\">300<\/span><\/td>\n<td><span style=\"color: #000000;\">165<\/span><\/td>\n<td><span style=\"color: #000000;\">79<\/span><\/td>\n<td><span style=\"color: #000000;\">31<\/span><\/td>\n<td><span style=\"color: #000000;\">13<\/span><\/td>\n<td><span style=\"color: #000000;\">\u00a0<\/span><\/td>\n<\/tr>\n<\/tbody>\n<\/table>\n<p>\u00a0[\/vc_column_text][vc_empty_space height=\u201d32px\u201d][\/vc_column][\/vc_row]<\/p>\n<\/body><\/div>","protected":false},"excerpt":{"rendered":"<p>[vc_row row_style=\u201dcontainer\u201d imgparallax=\u201dno\u201d srcparallax=\u201d\u201d filter=\u201dnone\u201d][vc_column width=\u201d1\/3\u2033][vc_single_image image=\u201d2293\u2033 border_color=\u201dgrey\u201d img_link_large=\u201d\u201d img_link_target=\u201d_self\u201d alignment=\u201dcenter\u201d img_size=\u201d250\u00d7188\u2033 style=\u201dvc_box_border\u201d][vc_column_text] Viajes a Vietnam, Laos, Camboya, Tailandia, Myanmar [\/vc_column_text][\/vc_column][vc_column width=\u201d1\/3\u2033][vc_single_image image=\u201d2217\u2033 border_color=\u201dgrey\u201d img_link_large=\u201d\u201d img_link_target=\u201d_self\u201d alignment=\u201dcenter\u201d img_size=\u201d250\u00d7188\u2033 style=\u201dvc_box_outline\u201d][vc_column_text] Viajes a Vietnam, Laos, Camboya, Tailandia, Myanmar [\/vc_column_text][\/vc_column][vc_column width=\u201d1\/3\u2033][vc_single_image image=\u201d2202\u2033 border_color=\u201dgrey\u201d img_link_large=\u201d\u201d img_link_target=\u201d_self\u201d alignment=\u201dcenter\u201d img_size=\u201d250\u00d7188\u2033 style=\u201dvc_box_shadow_3d\u201d][vc_column_text] Viajes a Vietnam, Laos, Camboya, Tailandia, Myanmar [\/vc_column_text][\/vc_column][vc_column width=\u201d1\/1\u2033][vc_empty_space height=\u201d32px\u201d][\/vc_column][\/vc_row][vc_row [&hellip;]<\/p>\n","protected":false},"author":4,"featured_media":0,"parent":0,"menu_order":0,"comment_status":"closed","ping_status":"closed","template":"","meta":{"nf_dc_page":"","footnotes":""},"class_list":["post-2714","page","type-page","status-publish","hentry"],"_links":{"self":[{"href":"https:\/\/gialinhtravel.com\/espanol\/wp-json\/wp\/v2\/pages\/2714","targetHints":{"allow":["GET"]}}],"collection":[{"href":"https:\/\/gialinhtravel.com\/espanol\/wp-json\/wp\/v2\/pages"}],"about":[{"href":"https:\/\/gialinhtravel.com\/espanol\/wp-json\/wp\/v2\/types\/page"}],"author":[{"embeddable":true,"href":"https:\/\/gialinhtravel.com\/espanol\/wp-json\/wp\/v2\/users\/4"}],"replies":[{"embeddable":true,"href":"https:\/\/gialinhtravel.com\/espanol\/wp-json\/wp\/v2\/comments?post=2714"}],"version-history":[{"count":1,"href":"https:\/\/gialinhtravel.com\/espanol\/wp-json\/wp\/v2\/pages\/2714\/revisions"}],"predecessor-version":[{"id":2715,"href":"https:\/\/gialinhtravel.com\/espanol\/wp-json\/wp\/v2\/pages\/2714\/revisions\/2715"}],"wp:attachment":[{"href":"https:\/\/gialinhtravel.com\/espanol\/wp-json\/wp\/v2\/media?parent=2714"}],"curies":[{"name":"wp","href":"https:\/\/api.w.org\/{rel}","templated":true}]}}