{"id":2710,"date":"2015-10-14T09:29:10","date_gmt":"2015-10-14T09:29:10","guid":{"rendered":"https:\/\/gialinhtravel.com\/espanol\/?page_id=2710"},"modified":"2015-10-14T09:30:12","modified_gmt":"2015-10-14T09:30:12","slug":"simbolos-de-laos","status":"publish","type":"page","link":"https:\/\/gialinhtravel.com\/espanol\/simbolos-de-laos\/","title":{"rendered":"S\u00edmbolos de Laos"},"content":{"rendered":"<div class=\"wpb-content-wrapper\"><body><p>[vc_row row_style=\u201dcontainer\u201d imgparallax=\u201dno\u201d srcparallax=\u201d\u201d filter=\u201dnone\u201d][vc_column width=\u201d1\/3\u2033][vc_single_image image=\u201d2293\u2033 border_color=\u201dgrey\u201d img_link_large=\u201d\u201d img_link_target=\u201d_self\u201d alignment=\u201dcenter\u201d img_size=\u201d250\u00d7188\u2033 style=\u201dvc_box_border\u201d][vc_column_text]<\/p>\n<p>Viajes a Vietnam, Laos, Camboya, Tailandia, Myanmar<\/p>\n<p>[\/vc_column_text][\/vc_column][vc_column width=\u201d1\/3\u2033][vc_single_image image=\u201d2217\u2033 border_color=\u201dgrey\u201d img_link_large=\u201d\u201d img_link_target=\u201d_self\u201d alignment=\u201dcenter\u201d img_size=\u201d250\u00d7188\u2033 style=\u201dvc_box_outline\u201d][vc_column_text]<\/p>\n<p>Viajes a Vietnam, Laos, Camboya, Tailandia, Myanmar<\/p>\n<p>[\/vc_column_text][\/vc_column][vc_column width=\u201d1\/3\u2033][vc_single_image image=\u201d2202\u2033 border_color=\u201dgrey\u201d img_link_large=\u201d\u201d img_link_target=\u201d_self\u201d alignment=\u201dcenter\u201d img_size=\u201d250\u00d7188\u2033 style=\u201dvc_box_shadow_3d\u201d][vc_column_text]<\/p>\n<p>Viajes a Vietnam, Laos, Camboya, Tailandia, Myanmar<\/p>\n<p>[\/vc_column_text][\/vc_column][vc_column width=\u201d1\/1\u2033][vc_empty_space height=\u201d32px\u201d][\/vc_column][\/vc_row][vc_row row_style=\u201dcontainer\u201d imgparallax=\u201dno\u201d srcparallax=\u201d\u201d filter=\u201dnone\u201d][vc_column width=\u201d1\/1\u2033][vc_column_text]<\/p>\n<p><span style=\"color: #000000;\"><strong>BANDERA\u00a0DE LAO<\/strong><\/span><\/p>\n<p><span style=\"color: #000000;\">La Rep\u00fablica Democr\u00e1tica Popular Lao Bandera\u00a0actual<\/span><\/p>\n<p><span style=\"color: #000000;\">La actual bandera de Laos se convirti\u00f3 en oficial en el momento mismo de la rep\u00fablica fue creada (1975).\u00a0El c\u00edrculo blanco se dice que representa la salida del sol sobre el r\u00edo Mekong.\u00a0Tambi\u00e9n es a veces descrita como la unidad despu\u00e9s de la lucha del imperialismo.\u00a0Esta bandera es tambi\u00e9n uno de los pocos que representa a un pa\u00eds comunista, sin tener ninguna estrella simb\u00f3lica u hoz y el martillo.<\/span><\/p>\n<p><span style=\"color: #000000;\">La bandera del Reino Antiguo Real de Lan Xang<strong><a style=\"color: #000000;\" href=\"http:\/\/www.viajelaos.com\/wp-content\/uploads\/2013\/07\/symbol.jpg\"><br>\n<\/a><\/strong><\/span><\/p>\n<p><span style=\"color: #000000;\">Esta vieja bandera fue utilizada durante la \u00e9poca mon\u00e1rquica.\u00a0La imagen fue el elefante de tres cabezas en la parte superior de un soporte con un paraguas (o jard\u00edn) en la parte superior.<\/span><\/p>\n<p><span style=\"color: #000000;\">Las tres im\u00e1genes encabezada elefante es budista \/ hind\u00fa en origen \u2013 que se llama Airavata (o Erawan en Tailandia y Camboya).\u00a0Seg\u00fan el budismo y las creencias hind\u00faes, el elefante ha sido siempre un s\u00edmbolo de la grandeza, la sabidur\u00eda y un veh\u00edculo.<\/span><\/p>\n<p><span style=\"color: #000000;\">Muchos antiguos reyes Lao has apreciado estos grandes animales, sobre todo el color de la luz \/ elefantes albinos similar.\u00a0Hasta el d\u00eda de hoy, el actual gobierno de Laos sigue manteniendo algunos para ocasiones especiales y celebraciones.\u00a0Coincidentemente, los tres s\u00edmbolos cabeza de elefante m\u00edtico hab\u00eda el mismo n\u00famero que hab\u00eda principados.\u00a0As\u00ed, las tres cabezas llegaron a representar los reinos antiguos de Vientiane, Luangprabang y Champassak.\u00a0Sin embargo entre los estudiosos de Laos hay controversia sobre si el elefante de tres cabezas pretende representar la unidad de los tres reinos, o simplemente el Reino de Luangprabang.<\/span><\/p>\n<p><span style=\"color: #000000;\">El paraguas tambi\u00e9n tiene ciertos significados.\u00a0En Sri Lanka y la India, los templos budistas fueron en forma de enormes c\u00fapulas y en la parte superior de la c\u00fapula habr\u00eda un peque\u00f1o paraguas (o jard\u00edn), rodeada por una verja con cuadrados.\u00a0<\/span><br>\n<span style=\"color: #000000;\">El punto m\u00e1s alto de la b\u00f3veda o pilar, el paraguas, representa el mito budista cosmol\u00f3gica del Monte.\u00a0Meru siendo el centro del universo.<\/span><br>\n<span style=\"color: #000000;\">El color de fondo de la bandera, rojo, representa la sangre de la gente.\u00a0El stand en el que el elefante est\u00e1 de pie representa las leyes del pa\u00eds o reino.<\/span><\/p>\n<p><span style=\"color: #000000;\"><strong>DOK CHAMPA<\/strong><\/span><\/p>\n<p><span style=\"color: #000000;\">Dok Champa \u2013 \u201d Flor Champa \u201d \u2013 tambi\u00e9n conocida como plumer\u00eda.\u00a0Este tambi\u00e9n es otro s\u00edmbolo oficial de Laos.\u00a0Se encuentra en las ciudades de Laos.\u00a0Representa sinceridad y alegr\u00eda en la vida.\u00a0En particular, los \u00e1rboles que producen estas hermosas flores se encuentran sobre todo que crecen cerca de los templos tambi\u00e9n.<\/span><\/p>\n<p><span style=\"color: #000000;\"><strong>That Luang<\/strong><\/span><\/p>\n<p><span style=\"color: #000000;\">El Luang Que, en Vientiane, es un s\u00edmbolo nacional no oficial del pa\u00eds.\u00a0Sin embargo, su imagen se utiliza en el sello de la embajada.\u00a0Esto demuestra la profundidad de sus ra\u00edces es el budismo a trav\u00e9s de Laos.<\/span><\/p>\n<p><span style=\"color: #000000;\">El uso de la imagen es un s\u00edmbolo de larga filiaci\u00f3n hist\u00f3rica de Laos con el budismo. Una religi\u00f3n que entro en Laos hace varios siglos.\u00a0Se estima que m\u00e1s del 70% de la poblaci\u00f3n de Laos son seguidores de esta religi\u00f3n.\u00a0El Luang Esa es una de las m\u00e1s antiguas, budistas m\u00e1s visibles impresionantes y original que o Chedi en Laos.<\/span><\/p>\n<p><span style=\"color: #000000;\"><strong>El Escudo Nacional<\/strong><\/span><\/p>\n<p><span style=\"color: #000000;\">El emblema Lao contiene varias im\u00e1genes.\u00a0Si lo ves de muy cerca se puede ver escrito en la parte inferior y en los lados.\u00a0Todo el texto escrito en Laos: Tiene algunas palabras escritas a la izquierda y derecha.\u00a0Sin embargo las caracter\u00edsticas m\u00e1s importantes se incluyen en la parte inferior donde dice Sathalanalat Pasathipatai Pasas<\/span><br>\n<span style=\"color: #000000;\">on Lao, que es el nombre oficial del pa\u00eds \u2013 Rep\u00fablica Democr\u00e1tica Popular Lao.\u00a0Adem\u00e1s se puede ver que las dos curvas a la derecha y la izquierda son en realidad tallos de arroz que, por supuesto, refleja el tema principal de la agricultura de Laos y su principal alimento.\u00a0Por otra parte, est\u00e1 el siempre presente de que la imagen Luang entre los dos tallos.\u00a0El Luang Que, un templo budista, se describe a menudo como Laos \u2018(no oficial) s\u00edmbolo nacional.<\/span><\/p>\n<p><span style=\"color: #000000;\">El emblema ha sido ajustado alrededor de dos o tres veces desde su creaci\u00f3n en la d\u00e9cada de 1970.\u00a0Estos cambios fueron por lo general en el texto o las palabras y las im\u00e1genes incluidas en el emblema.\u00a0Por ejemplo le quitaron la palabra \u201csocialismo\u201d y los s\u00edmbolos comunistas, hoz y el martillo.<\/span><\/p>\n<p><span style=\"color: #000000;\">Este emblema se utiliza tambi\u00e9n en el sello de la embajada.\u00a0Sin embargo, en estos casos se ha observado, sin el texto que figura en los lados izquierdo y derecho.<\/span><\/p>\n<p><span style=\"color: #000000;\"><strong>El Khene\u00a0\u00a0<\/strong><\/span><\/p>\n<p><span style=\"color: #000000;\">A menudo descrito como instrumento nacional de Laos.\u00a0El Khene se compone de varias piezas de bamb\u00fa.<\/span>[\/vc_column_text][vc_empty_space height=\u201d32px\u201d][\/vc_column][\/vc_row]<\/p>\n<\/body><\/div>","protected":false},"excerpt":{"rendered":"<p>[vc_row row_style=\u201dcontainer\u201d imgparallax=\u201dno\u201d srcparallax=\u201d\u201d filter=\u201dnone\u201d][vc_column width=\u201d1\/3\u2033][vc_single_image image=\u201d2293\u2033 border_color=\u201dgrey\u201d img_link_large=\u201d\u201d img_link_target=\u201d_self\u201d alignment=\u201dcenter\u201d img_size=\u201d250\u00d7188\u2033 style=\u201dvc_box_border\u201d][vc_column_text] Viajes a Vietnam, Laos, Camboya, Tailandia, Myanmar [\/vc_column_text][\/vc_column][vc_column width=\u201d1\/3\u2033][vc_single_image image=\u201d2217\u2033 border_color=\u201dgrey\u201d img_link_large=\u201d\u201d img_link_target=\u201d_self\u201d alignment=\u201dcenter\u201d img_size=\u201d250\u00d7188\u2033 style=\u201dvc_box_outline\u201d][vc_column_text] Viajes a Vietnam, Laos, Camboya, Tailandia, Myanmar [\/vc_column_text][\/vc_column][vc_column width=\u201d1\/3\u2033][vc_single_image image=\u201d2202\u2033 border_color=\u201dgrey\u201d img_link_large=\u201d\u201d img_link_target=\u201d_self\u201d alignment=\u201dcenter\u201d img_size=\u201d250\u00d7188\u2033 style=\u201dvc_box_shadow_3d\u201d][vc_column_text] Viajes a Vietnam, Laos, Camboya, Tailandia, Myanmar [\/vc_column_text][\/vc_column][vc_column width=\u201d1\/1\u2033][vc_empty_space height=\u201d32px\u201d][\/vc_column][\/vc_row][vc_row [&hellip;]<\/p>\n","protected":false},"author":4,"featured_media":0,"parent":0,"menu_order":0,"comment_status":"closed","ping_status":"closed","template":"","meta":{"nf_dc_page":"","footnotes":""},"class_list":["post-2710","page","type-page","status-publish","hentry"],"_links":{"self":[{"href":"https:\/\/gialinhtravel.com\/espanol\/wp-json\/wp\/v2\/pages\/2710","targetHints":{"allow":["GET"]}}],"collection":[{"href":"https:\/\/gialinhtravel.com\/espanol\/wp-json\/wp\/v2\/pages"}],"about":[{"href":"https:\/\/gialinhtravel.com\/espanol\/wp-json\/wp\/v2\/types\/page"}],"author":[{"embeddable":true,"href":"https:\/\/gialinhtravel.com\/espanol\/wp-json\/wp\/v2\/users\/4"}],"replies":[{"embeddable":true,"href":"https:\/\/gialinhtravel.com\/espanol\/wp-json\/wp\/v2\/comments?post=2710"}],"version-history":[{"count":2,"href":"https:\/\/gialinhtravel.com\/espanol\/wp-json\/wp\/v2\/pages\/2710\/revisions"}],"predecessor-version":[{"id":2713,"href":"https:\/\/gialinhtravel.com\/espanol\/wp-json\/wp\/v2\/pages\/2710\/revisions\/2713"}],"wp:attachment":[{"href":"https:\/\/gialinhtravel.com\/espanol\/wp-json\/wp\/v2\/media?parent=2710"}],"curies":[{"name":"wp","href":"https:\/\/api.w.org\/{rel}","templated":true}]}}