{"id":2707,"date":"2015-10-14T09:26:36","date_gmt":"2015-10-14T09:26:36","guid":{"rendered":"https:\/\/gialinhtravel.com\/espanol\/?page_id=2707"},"modified":"2015-11-05T08:40:47","modified_gmt":"2015-11-05T08:40:47","slug":"religiones-en-laos","status":"publish","type":"page","link":"https:\/\/gialinhtravel.com\/espanol\/religiones-en-laos\/","title":{"rendered":"Religiones en Laos"},"content":{"rendered":"<div class=\"wpb-content-wrapper\"><body><p>[vc_row][vc_column width=\u201d1\/3\u2033][vc_single_image image=\u201d3973\u2033 img_size=\u201d250\u00d7188\u2033 alignment=\u201dcenter\u201d style=\u201dvc_box_border\u201d][vc_column_text]<\/p>\n<p>Viajes a Vietnam, Laos, Camboya, Tailandia, Myanmar<\/p>\n<p>[\/vc_column_text][\/vc_column][vc_column width=\u201d1\/3\u2033][vc_single_image image=\u201d3975\u2033 img_size=\u201d250\u00d7188\u2033 alignment=\u201dcenter\u201d style=\u201dvc_box_outline\u201d][vc_column_text]<\/p>\n<p>Viajes a Vietnam, Laos, Camboya, Tailandia, Myanmar<\/p>\n<p>[\/vc_column_text][\/vc_column][vc_column width=\u201d1\/3\u2033][vc_single_image image=\u201d3979\u2033 img_size=\u201d250\u00d7188\u2033 alignment=\u201dcenter\u201d style=\u201dvc_box_shadow_3d\u201d][vc_column_text]<\/p>\n<p>Viajes a Vietnam, Laos, Camboya, Tailandia, Myanmar<\/p>\n<p>[\/vc_column_text][\/vc_column][vc_column][vc_empty_space][\/vc_column][\/vc_row][vc_row][vc_column][vc_column_text]<span style=\"color: #000000;\">\u201cEl sesenta por ciento de los Lao son practicantes budistas, y el hecho de que los colores de todas las facetas de la vida.\u00a0Los templos y estupas dominan la arquitectura hasta los pueblos m\u00e1s peque\u00f1o, y usted puede estar seguro de detectar grupos de monjes con t\u00fanicas de colores \u2013 los mejores en su pintabat por la ma\u00f1ana temprano, o rondas de limosnas, especialmente en Luang Prabang.\u00a0Aceptaci\u00f3n y la compasi\u00f3n budista desempe\u00f1a un papel importante en la cultura de Laos; argumentos son la excepci\u00f3n y la sangha, o comunidad mon\u00e1stica que promueve un c\u00f3digo moral estricto.\u00a0Incluso la m\u00e1s corta visita a Laos ofrece una visi\u00f3n \u00fanica de la cultura budista. \u201c<\/span><\/p>\n<p><span style=\"color: #000000;\">Precediendo el budismo, el culto de los esp\u00edritus animistas (PHI) en Laos representa alrededor de la pr\u00e1ctica m\u00e1s antigua de las religiones.\u00a0Los santuarios animistas se pueden encontrar en muchas partes del pa\u00eds.<\/span><\/p>\n<p><span style=\"color: #000000;\">Los or\u00edgenes de Luang Prabang (Muang Sua) est\u00e1n profundamente ligados a la leyenda de Khun Borom de funcionarios leales Nheu Phou y Nheu Nha, que hasta hoy son venerados en Luang devata del asentamiento o tutor deidades en un santuario en el recinto del Wat Aham\u00a0.\u00a0Del mismo modo, muchos residentes de Vientiane todav\u00eda veneran la muang lak o pilar de distrito en Wat Simuang, que se cree que contienen el esp\u00edritu guardi\u00e1n de la ciudad.<\/span><\/p>\n<p><span style=\"color: #000000;\">El Animismo siguia arraigado en muchos aspectos del ritual budista Lao, e incluso la tradicional ceremonia baci Lao, com\u00fanmente llevada a cabo para otorgar la buena suerte por la atadura de cadenas en blanco alrededor de la mu\u00f1eca cuando la gente recibe la promoci\u00f3n, mudarse de casa, empezar un nuevo trabajo, casarse o tener\u00a0un nuevo beb\u00e9, se deriva de la adoraci\u00f3n de esp\u00edritus guardianes conocidos como khuan.<\/span><\/p>\n<p><span style=\"color: #000000;\">El budismo fue introducido a la regi\u00f3n ya en el primer milenio, pero no fue una pr\u00e1ctica generalizada entre los principados Tai hasta finales del siglo 13 o principios del 14o.Fa Ngum (1353-1371), fundador de Lane Xang, estableci\u00f3 el budismo como la religi\u00f3n del estado, pero est\u00e1 claro que el culto de los esp\u00edritus animistas continu\u00f3 predominando durante siglos despu\u00e9s de este, lo que llev\u00f3 a los devotos budistas Rey Photisarath en 1527 para promulgar un edicto\u00a0prohibir el culto de los esp\u00edritus y la construcci\u00f3n de Wat Luang Prabang Aham y Simuang Vientiane Wat en los sitios de los santuarios animistas antes mencionados.<\/span><\/p>\n<p><span style=\"color: #000000;\">Despu\u00e9s de trasladar la capital a Vientiane, el hijo del rey Phothisarath Sai Setthathirat I (1550-1571) hizo grandes esfuerzos para hacer de Vientiane un centro budista regional. Sin embargo, el budismo s\u00f3lo gan\u00f3 un punto de apoyo firme en la sociedad laosiana durante el siglo 17, cuando comenz\u00f3 a ense\u00f1ar en las escuelas.<\/span><\/p>\n<p><span style=\"color: #000000;\">Hoy en d\u00eda aproximadamente el 60 por ciento de la poblaci\u00f3n de Laos (en su mayor\u00eda de tierras bajas Lao y algunos otros grupos de habladores Tai) siguiendo Theravada (\u201cpeque\u00f1o veh\u00edculo\u201d o Hinayana) Budismo Theravada, que se basaba en las primeras ense\u00f1anzas del Buda y se conserv\u00f3 en Sri Lanka despu\u00e9s\u00a0Budismo Mahayana se separaron en el siglo II D.C., el budismo Theravada es la escuela dominante en Tailandia, Camboya y Myanmar.\u00a0El budismo es una caracter\u00edstica inherente de la vida cotidiana en Laos y una importante influencia en la sociedad laosiana y la cultura.\u00a0Casi todos los varones de Laos se convierten en un monje budista durante un corto per\u00edodo de tiempo, generalmente antes de casarse, y muchos ni\u00f1os peque\u00f1os pasan largos per\u00edodos de tiempo como novicios en los templos, ganando los \u201cm\u00e9ritos\u201d de sus familias.\u00a0La mayor\u00eda de los budistas de Laos tratan de ganar \u201cm\u00e9rito\u201d de una vida mejor al lado de las donaciones a su wat local y en el culto regular.<\/span><\/p>\n<p><span style=\"color: #000000;\">La Sangha Budista Lao (monjes y novicios, el clero) se ha organizado en la Comunidad Budista Lao Organizaci\u00f3n, una organizaci\u00f3n de masas creada en 1976 con el objetivo de gestionar, desarrollar y educar a sus miembros y velar por su observancia de las leyes del pa\u00eds.<\/span><\/p>\n<p><span style=\"color: #000000;\">La mayor\u00eda de las comunidades de minor\u00edas \u00e9tnicas pr\u00e1ctica una combinaci\u00f3n de animismo y el culto a los antepasados, pero algunos Mon-Khmer, las comunidades Hmong y Yao tener creencias cristianas.\u00a0La peque\u00f1a e Isl\u00e1mica Vientiane adora comunidad Cham en la mezquita de Alaishad en Ban Tai Pounsawat (conocido localmente como Wat Khmer).\u00a0El Vientiane Jamia Masjid Nam Phu, cerca de la plaza en el centro de la ciudad, es utilizado principalmente por colonos isl\u00e1micos de la India, Pakist\u00e1n y Bangladesh.<\/span><\/p>\n<p>[\/vc_column_text][vc_empty_space][\/vc_column][\/vc_row]<\/p>\n<\/body><\/div>","protected":false},"excerpt":{"rendered":"<p>[vc_row][vc_column width=\u201d1\/3\u2033][vc_single_image image=\u201d3973\u2033 img_size=\u201d250\u00d7188\u2033 alignment=\u201dcenter\u201d style=\u201dvc_box_border\u201d][vc_column_text] Viajes a Vietnam, Laos, Camboya, Tailandia, Myanmar [\/vc_column_text][\/vc_column][vc_column width=\u201d1\/3\u2033][vc_single_image image=\u201d3975\u2033 img_size=\u201d250\u00d7188\u2033 alignment=\u201dcenter\u201d style=\u201dvc_box_outline\u201d][vc_column_text] Viajes a Vietnam, Laos, Camboya, Tailandia, Myanmar [\/vc_column_text][\/vc_column][vc_column width=\u201d1\/3\u2033][vc_single_image image=\u201d3979\u2033 img_size=\u201d250\u00d7188\u2033 alignment=\u201dcenter\u201d style=\u201dvc_box_shadow_3d\u201d][vc_column_text] Viajes a Vietnam, Laos, Camboya, Tailandia, Myanmar [\/vc_column_text][\/vc_column][vc_column][vc_empty_space][\/vc_column][\/vc_row][vc_row][vc_column][vc_column_text]\u201cEl sesenta por ciento de los Lao son practicantes budistas, y el hecho de que los [&hellip;]<\/p>\n","protected":false},"author":4,"featured_media":3972,"parent":0,"menu_order":0,"comment_status":"closed","ping_status":"closed","template":"","meta":{"nf_dc_page":"","footnotes":""},"class_list":["post-2707","page","type-page","status-publish","has-post-thumbnail","hentry"],"_links":{"self":[{"href":"https:\/\/gialinhtravel.com\/espanol\/wp-json\/wp\/v2\/pages\/2707","targetHints":{"allow":["GET"]}}],"collection":[{"href":"https:\/\/gialinhtravel.com\/espanol\/wp-json\/wp\/v2\/pages"}],"about":[{"href":"https:\/\/gialinhtravel.com\/espanol\/wp-json\/wp\/v2\/types\/page"}],"author":[{"embeddable":true,"href":"https:\/\/gialinhtravel.com\/espanol\/wp-json\/wp\/v2\/users\/4"}],"replies":[{"embeddable":true,"href":"https:\/\/gialinhtravel.com\/espanol\/wp-json\/wp\/v2\/comments?post=2707"}],"version-history":[{"count":3,"href":"https:\/\/gialinhtravel.com\/espanol\/wp-json\/wp\/v2\/pages\/2707\/revisions"}],"predecessor-version":[{"id":3980,"href":"https:\/\/gialinhtravel.com\/espanol\/wp-json\/wp\/v2\/pages\/2707\/revisions\/3980"}],"wp:featuredmedia":[{"embeddable":true,"href":"https:\/\/gialinhtravel.com\/espanol\/wp-json\/wp\/v2\/media\/3972"}],"wp:attachment":[{"href":"https:\/\/gialinhtravel.com\/espanol\/wp-json\/wp\/v2\/media?parent=2707"}],"curies":[{"name":"wp","href":"https:\/\/api.w.org\/{rel}","templated":true}]}}