{"id":2703,"date":"2015-10-14T09:23:38","date_gmt":"2015-10-14T09:23:38","guid":{"rendered":"https:\/\/gialinhtravel.com\/espanol\/?page_id=2703"},"modified":"2015-11-05T08:22:14","modified_gmt":"2015-11-05T08:22:14","slug":"idioma-de-laos","status":"publish","type":"page","link":"https:\/\/gialinhtravel.com\/espanol\/idioma-de-laos\/","title":{"rendered":"Idioma de Laos"},"content":{"rendered":"<div class=\"wpb-content-wrapper\"><body><p>[vc_row][vc_column width=\u201d1\/3\u2033][vc_single_image image=\u201d3955\u2033 img_size=\u201d250\u00d7188\u2033 alignment=\u201dcenter\u201d style=\u201dvc_box_border\u201d][vc_column_text]<\/p>\n<p>Viajes a Vietnam, Laos, Camboya, Tailandia, Myanmar<\/p>\n<p>[\/vc_column_text][\/vc_column][vc_column width=\u201d1\/3\u2033][vc_single_image image=\u201d3957\u2033 img_size=\u201d250\u00d7188\u2033 alignment=\u201dcenter\u201d style=\u201dvc_box_outline\u201d][vc_column_text]<\/p>\n<p>Viajes a Vietnam, Laos, Camboya, Tailandia, Myanmar<\/p>\n<p>[\/vc_column_text][\/vc_column][vc_column width=\u201d1\/3\u2033][vc_single_image image=\u201d3960\u2033 img_size=\u201d250\u00d7188\u2033 alignment=\u201dcenter\u201d style=\u201dvc_box_shadow_3d\u201d][vc_column_text]<\/p>\n<p>Viajes a Vietnam, Laos, Camboya, Tailandia, Myanmar<\/p>\n<p>[\/vc_column_text][\/vc_column][vc_column][vc_empty_space][\/vc_column][\/vc_row][vc_row][vc_column][vc_column_text]<span style=\"color: #000000;\">Lao pertenece a la familia de idiomas Tai, que incluye a Tailandia, Shan (Tai Yai), hablado en Myanmar (Birmania); Phuan, hablado en Laos y partes de Tailandia, y Leu Tai, hablado por la minor\u00eda Dai en la provincia meridional china de Yunnan.\u00a0Adem\u00e1s de Lao y sus lenguas \u201cprimas\u201d, como el Tai-Leu y Phuan, varios idiomas se hablan en el territorio de Laos.\u00a0Estas incluyen las lenguas que pertenecen a los Mon-Khmer y tibetano-birmana familias de lenguas que son habladas por los pueblos ind\u00edgenas de tierras altas, as\u00ed como vietnamita y chino hablados por los inmigrantes de pa\u00edses vecinos de Laos.<\/span><\/p>\n<p><span style=\"color: #000000;\">El idioma oficial de Laos es el lao (pasaa Lao), una lengua tonal Tai-kadai que es hablado por unos 15 millones de personas en Laos y el noreste de Tailandia (Isaan), as\u00ed como en numerosas comunidades de la di\u00e1spora en todo el mundo.\u00a0Dado que el idioma lao est\u00e1 estrechamente relacionado con Tailandia, la mayor\u00eda de la gente de Laos y Tailandia pueden entenderse entre s\u00ed con relativa facilidad.<\/span><\/p>\n<p><span style=\"color: #000000;\">El idioma lao se pueden clasificar en cinco dialectos principales: Vientiane de Laos, en el norte de Laos (Luang Prabang), el noreste de Laos (Xieng Khouang), Centro de Laos (Khammouane) y el sur de Laos (Champassak), el gui\u00f3n se basa en Laos Vientiane, Laos,\u00a0un dialecto que es ampliamente reconocido en todo el pa\u00eds.<\/span><\/p>\n<p><span style=\"color: #000000;\">No existe un sistema oficial de transcripci\u00f3n latina para el gui\u00f3n de Laos, y aunque transliteraci\u00f3n con sede en Francia se utiliza generalmente y hay muchas inconsistencias de la ortograf\u00eda, en particular de las vocales.<\/span><\/p>\n<p><span style=\"color: #000000;\">Los que hablan Lao (incluyendo Lao Isaan y Ngaew Lao) se cree que s\u00f3lo constituyen el 52 por ciento de la poblaci\u00f3n total, un 15 por ciento de la poblaci\u00f3n est\u00e1 formada por otros oradores de Tai-kadai, mientras que el restante 33 por ciento comprenden m\u00e1s de 90 grupos \u00e9tnicos culturalmente diferenciados, muchos de los cuales tienen su propio idioma.<\/span><\/p>\n<p><span style=\"color: #000000;\">Franc\u00e9s y vietnamita se hablan ampliamente, especialmente entre la generaci\u00f3n m\u00e1s vieja, pero el Ingl\u00e9s se ha convertido en el lenguaje de los negocios y el turismo y se promueve cada vez m\u00e1s a nivel de gobierno en el contexto de la adhesi\u00f3n de Laos de la ASEAN.<\/span><\/p>\n<p><span style=\"color: #000000;\"><strong>Hablemos Laos<\/strong><\/span><\/p>\n<p><span style=\"color: #000000;\"><strong>Saludos<\/strong><\/span><\/p>\n<p><span style=\"color: #000000;\">Hola!\u00a0Hola \u2013 Chang Dai (sa bai dee)<\/span><br>\n<span style=\"color: #000000;\">Buenos d\u00edas \u2013 Sa bai dee<\/span><br>\n<span style=\"color: #000000;\">Buenas tardes \u2013 Sa bai dee<\/span><br>\n<span style=\"color: #000000;\">Buenas noches \u2013 Sa bai dee<\/span><br>\n<span style=\"color: #000000;\">\u00bfC\u00f3mo est\u00e1s?\u00a0\u2013 Chao sa bai dee BAW?<\/span><br>\n<span style=\"color: #000000;\">\u00bfC\u00f3mo andas?\u00a0\u2013 Chao sa bai dee BAW?<\/span><br>\n<span style=\"color: #000000;\">Estoy bien, gracias \u2013 Joy sa bai dee, Khob chai<\/span><br>\n<span style=\"color: #000000;\">Y t\u00fa \u2013 Lae chao de: Estoy bien, tambien Khoy sa bai dee, kan Keu<\/span><br>\n<span style=\"color: #000000;\">Mucho gusto en conocerte \u2013 Joy dee chai lai ti chao phob dai<\/span><br>\n<span style=\"color: #000000;\">Adios \u2013 kon<\/span><br>\n<span style=\"color: #000000;\">Nos vemos (hasta luego) \u2013 laew phob kan mai<\/span><\/p>\n<p><span style=\"color: #000000;\"><strong>Nombre<\/strong><strong><a style=\"color: #000000;\" href=\"http:\/\/www.viajelaos.com\/wp-content\/uploads\/2013\/07\/language1.jpg\"><br>\n<\/a><\/strong><\/span><\/p>\n<p><span style=\"color: #000000;\">\u00bfCu\u00e1l es tu nombre?\u00a0\u2013 Chao gnang seu?<\/span><br>\n<span style=\"color: #000000;\">Mi nombre es\u2026- Seu Khoy \u2026.<\/span><br>\n<span style=\"color: #000000;\">\u00bfCu\u00e1l es su nombre?\u00a0\u2013 Lao\/nang Gnang seu?<\/span><br>\n<span style=\"color: #000000;\">\u00bfCu\u00e1ntos a\u00f1os tienes?\u00a0\u2013 Chao a: gnu chak pee?<\/span><br>\n<span style=\"color: #000000;\">Yo tengo veinte a\u00f1os-Joy a gnu chak pee<\/span><br>\n<span style=\"color: #000000;\">\u00bfEst\u00e1 usted casado?\u00a0\u2013 Cha sang khua khob BAW laew<\/span><br>\n<span style=\"color: #000000;\">S\u00ed \/ No laew-Sang \/ BAW gnang sang<\/span><\/p>\n<p><span style=\"color: #000000;\"><strong>Taxi<\/strong><\/span><\/p>\n<p><span style=\"color: #000000;\">\u00bfD\u00f3nde est\u00e1 la estaci\u00f3n de taxi? \u2013 sathanee sai lod yu taxi<\/span><br>\n<span style=\"color: #000000;\">\u00bfA qu\u00e9 distancia de aqu\u00ed a\u2026? \u2013 Kai bandeja dai pai chak nee ha\u2026?<\/span><br>\n<span style=\"color: #000000;\">\u00bfCu\u00e1nto hasta\u2026?\u00a0Thao-dai \/ chak kip pai ha\u2026?<\/span><br>\n<span style=\"color: #000000;\">Demasiado caro lai-Pheng \/ Pheng Thae<\/span><\/p>\n<p><span style=\"color: #000000;\"><strong>Autob\u00fas<\/strong><\/span><\/p>\n<p><span style=\"color: #000000;\">\u00bfD\u00f3nde est\u00e1 la estaci\u00f3n de autobuses?\u00a0\u2013 Nee Sa Tha lod m\u00ed: sai yu?<\/span><br>\n<span style=\"color: #000000;\">\u00bfA qu\u00e9 hora va a salir el autob\u00fas \u2013 Lod m\u00ed? Cha awk chak ntre?<\/span><br>\n<span style=\"color: #000000;\">\u00bfCu\u00e1nto es la tarifa?\u00a0\u2013 Pee Thao lod dai?<\/span><br>\n<span style=\"color: #000000;\">\u00bfEste autob\u00fas va a? \u2013\u00a0Lod-nee cha dai pai Thang?<\/span><\/p>\n<p><span style=\"color: #000000;\"><strong>Barco<\/strong><\/span><\/p>\n<p><span style=\"color: #000000;\">\u00bfD\u00f3nde podemos subirnos en el barco?\u00a0-Hao Phuak cha pai kheun heua yu sai?<\/span><br>\n<span style=\"color: #000000;\">\u00bfA qu\u00e9 hora parte?\u00a0\u2013 Chak-ntre awk heua cha?<\/span><\/p>\n<p><span style=\"color: #000000;\"><strong>Aire<\/strong><\/span><\/p>\n<p><span style=\"color: #000000;\">\u00bfD\u00f3nde puedo comprar un billete de avi\u00f3n?\u00a0\u2013 seu pai sa-Khoy loco pis heu<\/span><\/p>\n<p><span style=\"color: #000000;\">a sai bin yu?<\/span><\/p>\n<p><span style=\"color: #000000;\">\u00bfHay algun hotel o casa de hu\u00e9spedes cerca?\u00a0\u2013 Yu-hong mee nee hemo \/ BAW Phak prohibici\u00f3n?<\/span><br>\n<span style=\"color: #000000;\">Puedo \/ podemos quedarnos aqu\u00ed?\u00a0\u2013 Joy \/ phuak hao Phak yu nee dai BAW?<\/span><br>\n<span style=\"color: #000000;\">\u00bfTiene una habitaci\u00f3n?\u00a0\u2013 Chao mee Hong BAW Phak?<\/span><br>\n<span style=\"color: #000000;\">\u00bfCu\u00e1nto por la noche?\u00a0\u2013 Kheun Neung Thao dai?<\/span><br>\n<span style=\"color: #000000;\">\u00bfTiene alguna otra habitaci\u00f3n?\u00a0\u2013 Chao mee Hong BAW eun eek?<\/span>[\/vc_column_text][vc_empty_space][\/vc_column][\/vc_row]<\/p>\n<\/body><\/div>","protected":false},"excerpt":{"rendered":"<p>[vc_row][vc_column width=\u201d1\/3\u2033][vc_single_image image=\u201d3955\u2033 img_size=\u201d250\u00d7188\u2033 alignment=\u201dcenter\u201d style=\u201dvc_box_border\u201d][vc_column_text] Viajes a Vietnam, Laos, Camboya, Tailandia, Myanmar [\/vc_column_text][\/vc_column][vc_column width=\u201d1\/3\u2033][vc_single_image image=\u201d3957\u2033 img_size=\u201d250\u00d7188\u2033 alignment=\u201dcenter\u201d style=\u201dvc_box_outline\u201d][vc_column_text] Viajes a Vietnam, Laos, Camboya, Tailandia, Myanmar [\/vc_column_text][\/vc_column][vc_column width=\u201d1\/3\u2033][vc_single_image image=\u201d3960\u2033 img_size=\u201d250\u00d7188\u2033 alignment=\u201dcenter\u201d style=\u201dvc_box_shadow_3d\u201d][vc_column_text] Viajes a Vietnam, Laos, Camboya, Tailandia, Myanmar [\/vc_column_text][\/vc_column][vc_column][vc_empty_space][\/vc_column][\/vc_row][vc_row][vc_column][vc_column_text]Lao pertenece a la familia de idiomas Tai, que incluye a Tailandia, Shan (Tai Yai), hablado [&hellip;]<\/p>\n","protected":false},"author":4,"featured_media":3954,"parent":0,"menu_order":0,"comment_status":"closed","ping_status":"closed","template":"","meta":{"nf_dc_page":"","footnotes":""},"class_list":["post-2703","page","type-page","status-publish","has-post-thumbnail","hentry"],"_links":{"self":[{"href":"https:\/\/gialinhtravel.com\/espanol\/wp-json\/wp\/v2\/pages\/2703","targetHints":{"allow":["GET"]}}],"collection":[{"href":"https:\/\/gialinhtravel.com\/espanol\/wp-json\/wp\/v2\/pages"}],"about":[{"href":"https:\/\/gialinhtravel.com\/espanol\/wp-json\/wp\/v2\/types\/page"}],"author":[{"embeddable":true,"href":"https:\/\/gialinhtravel.com\/espanol\/wp-json\/wp\/v2\/users\/4"}],"replies":[{"embeddable":true,"href":"https:\/\/gialinhtravel.com\/espanol\/wp-json\/wp\/v2\/comments?post=2703"}],"version-history":[{"count":3,"href":"https:\/\/gialinhtravel.com\/espanol\/wp-json\/wp\/v2\/pages\/2703\/revisions"}],"predecessor-version":[{"id":3962,"href":"https:\/\/gialinhtravel.com\/espanol\/wp-json\/wp\/v2\/pages\/2703\/revisions\/3962"}],"wp:featuredmedia":[{"embeddable":true,"href":"https:\/\/gialinhtravel.com\/espanol\/wp-json\/wp\/v2\/media\/3954"}],"wp:attachment":[{"href":"https:\/\/gialinhtravel.com\/espanol\/wp-json\/wp\/v2\/media?parent=2703"}],"curies":[{"name":"wp","href":"https:\/\/api.w.org\/{rel}","templated":true}]}}