{"id":2696,"date":"2015-10-14T09:16:30","date_gmt":"2015-10-14T09:16:30","guid":{"rendered":"https:\/\/gialinhtravel.com\/espanol\/?page_id=2696"},"modified":"2015-11-05T07:28:56","modified_gmt":"2015-11-05T07:28:56","slug":"gobierno-de-laos","status":"publish","type":"page","link":"https:\/\/gialinhtravel.com\/espanol\/gobierno-de-laos\/","title":{"rendered":"Gobierno de Laos"},"content":{"rendered":"<div class=\"wpb-content-wrapper\"><body><p>[vc_row][vc_column width=\u201d1\/3\u2033][vc_single_image image=\u201d3910\u2033 img_size=\u201d250\u00d7188\u2033 alignment=\u201dcenter\u201d style=\u201dvc_box_border\u201d][vc_column_text]<\/p>\n<p>Viajes a Vietnam, Laos, Camboya, Tailandia, Myanmar<\/p>\n<p>[\/vc_column_text][\/vc_column][vc_column width=\u201d1\/3\u2033][vc_single_image image=\u201d3914\u2033 img_size=\u201d250\u00d7188\u2033 alignment=\u201dcenter\u201d style=\u201dvc_box_outline\u201d][vc_column_text]<\/p>\n<p>Viajes a Vietnam, Laos, Camboya, Tailandia, Myanmar<\/p>\n<p>[\/vc_column_text][\/vc_column][vc_column width=\u201d1\/3\u2033][vc_single_image image=\u201d3917\u2033 img_size=\u201d250\u00d7188\u2033 alignment=\u201dcenter\u201d style=\u201dvc_box_shadow_3d\u201d][vc_column_text]<\/p>\n<p>Viajes a Vietnam, Laos, Camboya, Tailandia, Myanmar<\/p>\n<p>[\/vc_column_text][\/vc_column][vc_column][vc_empty_space][\/vc_column][\/vc_row][vc_row][vc_column][vc_column_text]<span style=\"color: #000000;\">En una sociedad tradicional hasta 1975, Laos fue una monarqu\u00eda conservadora, dominada por un peque\u00f1o n\u00famero de familias poderosas. En 1975 se transform\u00f3 en una oligarqu\u00eda comunista, pero su composici\u00f3n social se mantuvo casi igual. En la monarqu\u00eda de 600 a\u00f1os de edad, el rey de Laos gobern\u00f3 desde Louangphrabang (Luang Prabang), mientras que en otras regiones hab\u00eda familias con pretensiones reales arraigadas en la historia real de Champasak (Bassac), Vientiane (Viangchan), y Xiangkhoang (Tran Ninh). Estaban rodeados por menor arist\u00f3cratas de familias prominentes que a su vez se convirti\u00f3 en mecenas de los clientes de bajo nivel, por lo tanto la construcci\u00f3n de una compleja red de lealtades. El rey rein\u00f3 desde Louangphrabang pero no descart\u00f3 en la mayor parte de las regiones perif\u00e9ricas del pa\u00eds.<\/span><\/p>\n<p><span style=\"color: #000000;\">En diciembre de 1975, con la declaraci\u00f3n de la Rep\u00fablica Democr\u00e1tica Popular Laos (LPDR, o Laos), el rey abdic\u00f3. Aunque Laos se reorganiz\u00f3 como una \u201cdemocracia popular\u201d comunista, importantes vestigios de la conducta tradicional pol\u00edtica y social se mantuvo. Las familias aristocr\u00e1ticas eran despojadas de su influencia, pero surgi\u00f3 una nueva \u00e9lite con acceso privilegiado a las ra\u00edces del poder comunista, y los clientes de menor estatus buscado a cabo como patronos. Adem\u00e1s, algunas de las viejas familias, que ten\u00edan v\u00ednculos con la \u00e9lite revolucionaria, lograron sobrevivir y ejercen una influencia significativa. Como reci\u00e9n \u00e9lites dominantes sustituy\u00f3 a la antigua, que exigi\u00f3 una deferencia similar.<\/span><\/p>\n<p><span style=\"color: #000000;\">Lao Loum, o las tierras bajas de Laos, las familias siguen ejerciendo la mayor influencia. A pesar de la ret\u00f3rica de la \u00e9lite revolucionaria en materia de igualdad \u00e9tnica, Lao theung o Midland Lao, Lao y Sung, o las tierras altas de Laos, las minor\u00edas son bajos en la escala de influencia nacional, tal y como estaban en pre1975 la sociedad. Sin embargo, el poder del gobierno central sobre las regiones perif\u00e9ricas se ha mantenido d\u00e9bil, sigue confiando en tratos con los jefes tribales para asegurar la lealtad de sus pueblos.<\/span><\/p>\n<p><span style=\"color: #000000;\">Aunque se manifiesta muchas de las caracter\u00edsticas de una monarqu\u00eda tradicional Lao dominado por una \u00e9lite de las tierras bajas Lao budista, el pa\u00eds ha mostrado muchas de las caracter\u00edsticas de otros reg\u00edmenes comunistas. Se ha mostrado un similar estilo burocr\u00e1tico pesado, con \u00e9nfasis dentro de la burocracia en la capacitaci\u00f3n pol\u00edtica y largas sesiones de cr\u00edtica y autocr\u00edtica de sus funcionarios. Laos importados de su mentor vietnamitas el concepto de centros de reeducaci\u00f3n o \u201ccampos de seminario,\u201d donde, durante los primeros a\u00f1os en el poder, miles de ex Real Gobierno de Laos (RLG) adversarios fueron encarcelados. Sin embargo, esta superposici\u00f3n de comunistas en la sociedad tradicional ha sido moderado por dos factores importantes: Lao budismo y la incompetencia administrativa del gobierno en la aplicaci\u00f3n de la doctrina socialista. Por lo tanto, lo que surgi\u00f3 en Laos ha sido un sistema adecuadamente etiquetado por el pr\u00edncipe Souvanna Phouma, ex primer ministro de la RLG, como \u201cSocialismo al estilo laosiano\u201d (socialismo de estilo Lao).<\/span><\/p>\n<p><span style=\"color: #000000;\">La mezcla de la pol\u00edtica tradicional, acompa\u00f1ado de las relaciones patr\u00f3n cliente, la competencia intra-institucional al estilo comunista, ha producido una cultura pol\u00edtica \u00fanica. Los centros de poder tienden a agruparse en torno a personalidades clave, y aquellos en el poder se convierten en blancos de oportunidad para los miembros de su familia y amigos.<\/span><\/p>\n<p><span style=\"color: #000000;\"><strong>Marco constitucional<\/strong><\/span><\/p>\n<p><span style=\"color: #000000;\">Desde su creaci\u00f3n en diciembre de 1975, la Rep\u00fablica Democr\u00e1tica Popular Laos (LPDR) ha sido efectivamente controlada por el Partido Comunista Revolucionario Popular Laos (PPRL). Este partido, en alianza con los comunistas vietnamitas, llev\u00f3 a cabo la revoluci\u00f3n que termin\u00f3 con su toma del poder y la abolici\u00f3n de la monarqu\u00eda. Las principales posiciones del gobierno, (empezando por el presidente, quien es jefe de Estado, y el primer ministro, quien es el jefe de gobierno) se seleccionan entre los miembros del grupo de alto nivel que constituyen un Comit\u00e9 Central con el Bur\u00f3 Pol\u00edtico en la cabeza.<\/span><\/p>\n<p><span style=\"color: #000000;\">La Constituci\u00f3n de 1991, que declara el partido para ser el \u201cn\u00facleo principal\u201d del sistema pol\u00edtico, establece una Asamblea Nacional, cuyos miembros son elegidos para mandatos de cinco a\u00f1os. La Asamblea Nacional elige al presidente y vicepresidente y aprueba los nombramientos presidenciales del primer ministro y los miembros del gabinete (Consejo de Ministros). El presidente y los ministros de un periodo de cinco a\u00f1os.<\/span><\/p>\n<p><span style=\"color: #000000;\"><strong>Proceso pol\u00edtico<\/strong><\/span><\/p>\n<p><span style=\"color: #000000;\">Laos es un pa\u00eds comunista, y el \u00fanico partido pol\u00edtico legal es el PPRL. Aunque el partido controla todos los poderes del Estado, los candidatos independientes en ocasiones han sido elegidos a la Asamblea Nacional. Un pu\u00f1ado de grupos armados se opone al gobierno comunista, algunos de ellos asociados con determinadas comunidades \u00e9tnicas (por ejemplo, los hmong), mientras que otros operan desde fuera del pa\u00eds. El n\u00famero de mujeres elegidas a la Asamblea Nacional ha ido en aumento desde la d\u00e9cada de 1990, y, por el siglo 21, las mujeres se hab\u00edan convertido en una minor\u00eda significativa en la legislatura. Laos ha sufragado universalmente para todos los ciudadanos que tienen por lo menos 18 a\u00f1os de edad.<\/span>[\/vc_column_text][vc_empty_space][\/vc_column][\/vc_row]<\/p>\n<\/body><\/div>","protected":false},"excerpt":{"rendered":"<p>[vc_row][vc_column width=\u201d1\/3\u2033][vc_single_image image=\u201d3910\u2033 img_size=\u201d250\u00d7188\u2033 alignment=\u201dcenter\u201d style=\u201dvc_box_border\u201d][vc_column_text] Viajes a Vietnam, Laos, Camboya, Tailandia, Myanmar [\/vc_column_text][\/vc_column][vc_column width=\u201d1\/3\u2033][vc_single_image image=\u201d3914\u2033 img_size=\u201d250\u00d7188\u2033 alignment=\u201dcenter\u201d style=\u201dvc_box_outline\u201d][vc_column_text] Viajes a Vietnam, Laos, Camboya, Tailandia, Myanmar [\/vc_column_text][\/vc_column][vc_column width=\u201d1\/3\u2033][vc_single_image image=\u201d3917\u2033 img_size=\u201d250\u00d7188\u2033 alignment=\u201dcenter\u201d style=\u201dvc_box_shadow_3d\u201d][vc_column_text] Viajes a Vietnam, Laos, Camboya, Tailandia, Myanmar [\/vc_column_text][\/vc_column][vc_column][vc_empty_space][\/vc_column][\/vc_row][vc_row][vc_column][vc_column_text]En una sociedad tradicional hasta 1975, Laos fue una monarqu\u00eda conservadora, dominada por un peque\u00f1o n\u00famero [&hellip;]<\/p>\n","protected":false},"author":4,"featured_media":3909,"parent":0,"menu_order":0,"comment_status":"closed","ping_status":"closed","template":"","meta":{"nf_dc_page":"","footnotes":""},"class_list":["post-2696","page","type-page","status-publish","has-post-thumbnail","hentry"],"_hostinger_reach_plugin_has_subscription_block":false,"_hostinger_reach_plugin_is_elementor":false,"_links":{"self":[{"href":"https:\/\/gialinhtravel.com\/espanol\/wp-json\/wp\/v2\/pages\/2696","targetHints":{"allow":["GET"]}}],"collection":[{"href":"https:\/\/gialinhtravel.com\/espanol\/wp-json\/wp\/v2\/pages"}],"about":[{"href":"https:\/\/gialinhtravel.com\/espanol\/wp-json\/wp\/v2\/types\/page"}],"author":[{"embeddable":true,"href":"https:\/\/gialinhtravel.com\/espanol\/wp-json\/wp\/v2\/users\/4"}],"replies":[{"embeddable":true,"href":"https:\/\/gialinhtravel.com\/espanol\/wp-json\/wp\/v2\/comments?post=2696"}],"version-history":[{"count":3,"href":"https:\/\/gialinhtravel.com\/espanol\/wp-json\/wp\/v2\/pages\/2696\/revisions"}],"predecessor-version":[{"id":3918,"href":"https:\/\/gialinhtravel.com\/espanol\/wp-json\/wp\/v2\/pages\/2696\/revisions\/3918"}],"wp:featuredmedia":[{"embeddable":true,"href":"https:\/\/gialinhtravel.com\/espanol\/wp-json\/wp\/v2\/media\/3909"}],"wp:attachment":[{"href":"https:\/\/gialinhtravel.com\/espanol\/wp-json\/wp\/v2\/media?parent=2696"}],"curies":[{"name":"wp","href":"https:\/\/api.w.org\/{rel}","templated":true}]}}