{"id":2694,"date":"2015-10-14T09:14:50","date_gmt":"2015-10-14T09:14:50","guid":{"rendered":"https:\/\/gialinhtravel.com\/espanol\/?page_id=2694"},"modified":"2015-11-05T07:38:20","modified_gmt":"2015-11-05T07:38:20","slug":"geografia-de-laos","status":"publish","type":"page","link":"https:\/\/gialinhtravel.com\/espanol\/geografia-de-laos\/","title":{"rendered":"Geograf\u00eda de Laos"},"content":{"rendered":"<div class=\"wpb-content-wrapper\"><body><p>[vc_row][vc_column width=\u201d1\/3\u2033][vc_single_image image=\u201d3920\u2033 img_size=\u201d250\u00d7188\u2033 alignment=\u201dcenter\u201d style=\u201dvc_box_border\u201d][vc_column_text]<\/p>\n<p>Viajes a Vietnam, Laos, Camboya, Tailandia, Myanmar<\/p>\n<p>[\/vc_column_text][\/vc_column][vc_column width=\u201d1\/3\u2033][vc_single_image image=\u201d3923\u2033 img_size=\u201d250\u00d7188\u2033 alignment=\u201dcenter\u201d style=\u201dvc_box_outline\u201d][vc_column_text]<\/p>\n<p>Viajes a Vietnam, Laos, Camboya, Tailandia, Myanmar<\/p>\n<p>[\/vc_column_text][\/vc_column][vc_column width=\u201d1\/3\u2033][vc_single_image image=\u201d3924\u2033 img_size=\u201d250\u00d7188\u2033 alignment=\u201dcenter\u201d style=\u201dvc_box_shadow_3d\u201d][vc_column_text]<\/p>\n<p>Viajes a Vietnam, Laos, Camboya, Tailandia, Myanmar<\/p>\n<p>[\/vc_column_text][\/vc_column][vc_column][vc_empty_space][\/vc_column][\/vc_row][vc_row][vc_column][vc_column_text]<span style=\"color: #000000;\">El Lao P.D.R. est\u00e1 situado en el coraz\u00f3n de la Pen\u00ednsula Indochina en el Sudeste de Asia. Se encuentra entre la latitud 14 a 23 grados Norte y longitud 100 a 108 grados Este. Laos est\u00e1 limitada al norte por China, al noreste y al este con Vietnam, al sur con Camboya, al oeste con Tailandia, y al noroeste con Myanmar (Birmania). Su ubicaci\u00f3n a menudo ha convertido en un amortiguador entre los estados vecinos m\u00e1s poderosos, as\u00ed como una encrucijada para el comercio y la comunicaci\u00f3n.<\/span><\/p>\n<p><span style=\"color: #000000;\">La mayor parte de la frontera occidental de Laos est\u00e1 demarcada por el r\u00edo Mekong, que es una importante arteria para el transporte. El Khong cae en el extremo sur del pa\u00eds, impide el acceso al mar, pero los barcos de carga viajan a lo largo de toda la longitud del Mekong en Laos durante la mayor parte del a\u00f1o. Peque\u00f1os barcos a motor y piraguas proporcionan un medio de transporte importante en muchos de los afluentes del Mekong. El Mekong, por tanto, no ha sido un obst\u00e1culo sino un facilitador de la comunicaci\u00f3n, y las similitudes entre Laos y el noreste de la sociedad tailandesa \u2013 las mismas personas, mismo idioma \u2013 reflejan el estrecho contacto que ha existido a trav\u00e9s del r\u00edo desde hace siglos. Adem\u00e1s, muchos laosianos que viven en el valle del Mekong tienen familiares y amigos en Tailandia. Antes del siglo XX, reinos y principados de Laos que abarca las zonas a ambos lados del Mekong, y el control de Tailandia en el siglo XIX extendi\u00f3 a la margen izquierda. Aunque el Mekong se estableci\u00f3 como una frontera por las fuerzas coloniales francesas, viajar de un lado a otro ha sido significativamente limitado s\u00f3lo a partir de la creaci\u00f3n de la Rep\u00fablica Democr\u00e1tica Popular Laos (LPDR) en 1975.<\/span><br>\n<span style=\"color: #000000;\"> La frontera Este con Vietnam se extiende por 2.130 kil\u00f3metros, sobre todo a lo largo de la cresta de la cadena Annamite, y sirve como una barrera f\u00edsica entre los chinos de la cultura influencia de Vietnam y los Estados indianizado de Laos y Tailandia. Estas monta\u00f1as est\u00e1n escasamente pobladas por minor\u00edas tribales que tradicionalmente no han reconocido la frontera con Vietnam, m\u00e1s de lo que las tierras bajas de Laos se han visto limitadas por la frontera de 1.754 kil\u00f3metros del r\u00edo Mekong con Tailandia. Por lo tanto, las poblaciones de minor\u00edas \u00e9tnicas se encuentran en ambos lados de Laos y Viet Nam de la frontera. Debido a su relativo aislamiento, el contacto entre estos grupos y las tierras bajas Lao se ha confinado principalmente a los comerciales.<\/span><\/p>\n<p><span style=\"color: #000000;\">Laos comparte su corta \u2013 s\u00f3lo 541 kil\u00f3metros de la frontera sur con Camboya, y las antiguas ruinas khmer de Wat Pho y otros lugares del sur de dar fe de la larga historia de contacto entre los Lao y el Khmer. En el norte, el pa\u00eds est\u00e1 delimitado por un borde monta\u00f1oso de 423 kil\u00f3metros con China y las cuotas de los 235 kil\u00f3metros de longitud del r\u00edo Mekong, frontera con Birmania.<\/span><\/p>\n<p><span style=\"color: #000000;\">Con una superficie total de 236.800 kil\u00f3metros cuadrados, alrededor del 70% del terreno de Laos es monta\u00f1osa, alcanzando una altitud m\u00e1xima de 2.820 metros de Xieng Khouang. Los paisajes del norte de Laos y las regiones adyacentes a Vietnam, en particular, est\u00e1n dominados por agrestes monta\u00f1as. Las monta\u00f1as y mesetas constituyen las tres cuartas partes de la superficie total.<\/span><\/p>\n<p><span style=\"color: #000000;\">Las altas monta\u00f1as llegando a una altura media de 1.500 metros dominan la regi\u00f3n del Norte. Las tres monta\u00f1as m\u00e1s altas del pa\u00eds est\u00e1n ubicadas en la meseta de Phou Ane en la provincia de Xieng Khouang. Son Phou Bia en 2.820 metros, Phou Xao en 2.690 metros y Phou Xamxum a 2.620 metros. El Phou Luang (Annamite Range) se extiende desde el sudeste de la meseta Phouane hasta la frontera con Camboya, los otros son la meseta de Nakai en la Provincia Khammouane y la meseta Bolaven en el sur de Laos, que es m\u00e1s de 1.000 metros sobre el nivel del mar.<\/span><\/p>\n<p><span style=\"color: #000000;\">La regi\u00f3n de la planicie se compone de zonas llanas grandes y peque\u00f1as distribuidas a lo largo del r\u00edo Mekong. La Llanura de Vientiane, la m\u00e1s grande, est\u00e1 situado en la parte baja del r\u00edo Nam Ngum. Lejos de la tierra Savannakhet se encuentra en la parte baja del r\u00edo Sebangfai y el r\u00edo Sebanghieng, mientras que la llanura Champasack en el r\u00edo Mekong se extiende hasta las fronteras de Tailandia y Camboya. Bendecido con un suelo rico y f\u00e9rtil, estas llanuras representan una cuarta parte del \u00e1rea total conocida como los graneros del pa\u00eds.<\/span><\/p>\n<p><span style=\"color: #000000;\">La Rep\u00fablica Democr\u00e1tica Popular Lao es atravesada por un gran n\u00famero de r\u00edos y arroyos. El m\u00e1s grande es el r\u00edo Mekong, que es la principal caracter\u00edstica geogr\u00e1fica en el oeste y, de hecho, forma una frontera natural con Tailandia en algunas zonas. El Mekong fluye a trav\u00e9s de casi 1.900 kil\u00f3metros de territorio de Laos y forma muchos estilos de vida del pueblo de Laos. En el sur el Mekong alcanza una anchura de 20 kil\u00f3metros, la creaci\u00f3n de una zona con miles de islas.<\/span><\/p>\n<p>[\/vc_column_text][vc_empty_space][\/vc_column][\/vc_row]<\/p>\n<\/body><\/div>","protected":false},"excerpt":{"rendered":"<p>[vc_row][vc_column width=\u201d1\/3\u2033][vc_single_image image=\u201d3920\u2033 img_size=\u201d250\u00d7188\u2033 alignment=\u201dcenter\u201d style=\u201dvc_box_border\u201d][vc_column_text] Viajes a Vietnam, Laos, Camboya, Tailandia, Myanmar [\/vc_column_text][\/vc_column][vc_column width=\u201d1\/3\u2033][vc_single_image image=\u201d3923\u2033 img_size=\u201d250\u00d7188\u2033 alignment=\u201dcenter\u201d style=\u201dvc_box_outline\u201d][vc_column_text] Viajes a Vietnam, Laos, Camboya, Tailandia, Myanmar [\/vc_column_text][\/vc_column][vc_column width=\u201d1\/3\u2033][vc_single_image image=\u201d3924\u2033 img_size=\u201d250\u00d7188\u2033 alignment=\u201dcenter\u201d style=\u201dvc_box_shadow_3d\u201d][vc_column_text] Viajes a Vietnam, Laos, Camboya, Tailandia, Myanmar [\/vc_column_text][\/vc_column][vc_column][vc_empty_space][\/vc_column][\/vc_row][vc_row][vc_column][vc_column_text]El Lao P.D.R. est\u00e1 situado en el coraz\u00f3n de la Pen\u00ednsula Indochina en el Sudeste de [&hellip;]<\/p>\n","protected":false},"author":4,"featured_media":3919,"parent":0,"menu_order":0,"comment_status":"closed","ping_status":"closed","template":"","meta":{"nf_dc_page":"","footnotes":""},"class_list":["post-2694","page","type-page","status-publish","has-post-thumbnail","hentry"],"_links":{"self":[{"href":"https:\/\/gialinhtravel.com\/espanol\/wp-json\/wp\/v2\/pages\/2694","targetHints":{"allow":["GET"]}}],"collection":[{"href":"https:\/\/gialinhtravel.com\/espanol\/wp-json\/wp\/v2\/pages"}],"about":[{"href":"https:\/\/gialinhtravel.com\/espanol\/wp-json\/wp\/v2\/types\/page"}],"author":[{"embeddable":true,"href":"https:\/\/gialinhtravel.com\/espanol\/wp-json\/wp\/v2\/users\/4"}],"replies":[{"embeddable":true,"href":"https:\/\/gialinhtravel.com\/espanol\/wp-json\/wp\/v2\/comments?post=2694"}],"version-history":[{"count":3,"href":"https:\/\/gialinhtravel.com\/espanol\/wp-json\/wp\/v2\/pages\/2694\/revisions"}],"predecessor-version":[{"id":3921,"href":"https:\/\/gialinhtravel.com\/espanol\/wp-json\/wp\/v2\/pages\/2694\/revisions\/3921"}],"wp:featuredmedia":[{"embeddable":true,"href":"https:\/\/gialinhtravel.com\/espanol\/wp-json\/wp\/v2\/media\/3919"}],"wp:attachment":[{"href":"https:\/\/gialinhtravel.com\/espanol\/wp-json\/wp\/v2\/media?parent=2694"}],"curies":[{"name":"wp","href":"https:\/\/api.w.org\/{rel}","templated":true}]}}