{"id":2690,"date":"2015-10-14T09:11:15","date_gmt":"2015-10-14T09:11:15","guid":{"rendered":"https:\/\/gialinhtravel.com\/espanol\/?page_id=2690"},"modified":"2015-11-05T07:11:51","modified_gmt":"2015-11-05T07:11:51","slug":"laos-flora-y-fauna","status":"publish","type":"page","link":"https:\/\/gialinhtravel.com\/espanol\/laos-flora-y-fauna\/","title":{"rendered":"Laos Flora y Fauna"},"content":{"rendered":"<div class=\"wpb-content-wrapper\"><body><p>[vc_row][vc_column width=\u201d1\/3\u2033][vc_single_image image=\u201d3898\u2033 img_size=\u201d250\u00d7188\u2033 alignment=\u201dcenter\u201d style=\u201dvc_box_border\u201d][vc_column_text]<\/p>\n<p>Viajes a Vietnam, Laos, Camboya, Tailandia, Myanmar<\/p>\n<p>[\/vc_column_text][\/vc_column][vc_column width=\u201d1\/3\u2033][vc_single_image image=\u201d3897\u2033 img_size=\u201d250\u00d7188\u2033 alignment=\u201dcenter\u201d style=\u201dvc_box_outline\u201d][vc_column_text]<\/p>\n<p>Viajes a Vietnam, Laos, Camboya, Tailandia, Myanmar<\/p>\n<p>[\/vc_column_text][\/vc_column][vc_column width=\u201d1\/3\u2033][vc_single_image image=\u201d3900\u2033 img_size=\u201d250\u00d7188\u2033 alignment=\u201dcenter\u201d style=\u201dvc_box_shadow_3d\u201d][vc_column_text]<\/p>\n<p>Viajes a Vietnam, Laos, Camboya, Tailandia, Myanmar<\/p>\n<p>[\/vc_column_text][\/vc_column][vc_column][vc_empty_space][\/vc_column][\/vc_row][vc_row][vc_column][vc_column_text]<span style=\"color: #000000;\">Laos es uno de los paisajes naturales m\u00e1s pr\u00edstinos en el sudeste asi\u00e1tico. Aproximadamente la mitad de sus bosques consisten en bosque primario, en particular, la selva tropical. Hay selvas tropicales de hoja perenne de hojas anchas en los bosques del norte y los monzones de \u00e1rboles de hoja perenne mixta y \u00e1rboles de hoja caduca en el sur. En las \u00e1reas de bosques monz\u00f3nicas est\u00e1 cubierto el suelo con hierbas gruesas y altas llamadas Tranh, los \u00e1rboles son en su mayor\u00eda de crecimiento secundario, con una abundancia de bamb\u00fa, matorral y pl\u00e1tanos silvestres. Laos es tambi\u00e9n el hogar de cientos de especies de orqu\u00eddeas y palmas.<\/span><\/p>\n<p><span style=\"color: #000000;\">Adem\u00e1s de su fascinante vegetaci\u00f3n, Laos acoge a un reino de animales diversos. Varios mam\u00edferos ex\u00f3ticos son end\u00e9micos, como los gatos leopardo, mangosta Java, ant\u00edlopes cabras, as\u00ed como especies raras de gibones y persisten, el oso malayo, el oso negro asi\u00e1tico y gaur. El descubrimiento del Buey saola, una raza de ciervos ant\u00edlopes, en Vietnam hace unos a\u00f1os caus\u00f3 una gran sensaci\u00f3n. Este animal muy raro habita en las regiones fronterizas del este de Laos. Se cree que en estas \u00e1reas remotas, probablemente a\u00fan se esconden otras especies desconocidas.<\/span><\/p>\n<p><span style=\"color: #000000;\">En el sur de Laos, cerca de la isla Khong, los delfines Irrawaddy habitan en el r\u00edo Mekong. Mientras que muchas especies de vida silvestre son t\u00edmidos y rara vez se pueden ver, los espectadores en general, ser\u00e1n capaces de detectar los delfines en tiempo de primavera cuando el nivel del agua del Mekong es m\u00e1s bajo. Laos es tambi\u00e9n rico en aves residentes y migratorias. Uno de los m\u00e1s notables es el raro pavo real verde.<\/span><br>\n<span style=\"color: #000000;\">Las im\u00e1genes religiosas y el arte de Laos tambi\u00e9n son distintivos y diferencia a Laos de sus vecinos.<\/span><\/p>\n<p><span style=\"color: #000000;\">La postura de Buda \u2018 La llamada de la lluvia\u2019 de las im\u00e1genes en Laos, por ejemplo, que representa el Buda de pie con sus manos r\u00edgidamente a su lado, los dedos apuntando al suelo, no se puede encontrar en otras tradiciones art\u00edsticas del sudeste de Asia budista. Las influencias religiosas tambi\u00e9n son omnipresentes en la literatura cl\u00e1sica de Laos, especialmente en el Pha Lak, Pha Lam, la versi\u00f3n de Laos de la \u00e9pica Ramayana de la India.<\/span><\/p>\n<p><span style=\"color: #000000;\">Los proyectos est\u00e1n en marcha para preservar la cl\u00e1sica escritura religiosa de Laos, que fueron transcritas en manuscritos de hoja de palma hace cientos de a\u00f1os y se almacenan en Wats.<\/span>[\/vc_column_text][vc_empty_space][\/vc_column][\/vc_row]<\/p>\n<\/body><\/div>","protected":false},"excerpt":{"rendered":"<p>[vc_row][vc_column width=\u201d1\/3\u2033][vc_single_image image=\u201d3898\u2033 img_size=\u201d250\u00d7188\u2033 alignment=\u201dcenter\u201d style=\u201dvc_box_border\u201d][vc_column_text] Viajes a Vietnam, Laos, Camboya, Tailandia, Myanmar [\/vc_column_text][\/vc_column][vc_column width=\u201d1\/3\u2033][vc_single_image image=\u201d3897\u2033 img_size=\u201d250\u00d7188\u2033 alignment=\u201dcenter\u201d style=\u201dvc_box_outline\u201d][vc_column_text] Viajes a Vietnam, Laos, Camboya, Tailandia, Myanmar [\/vc_column_text][\/vc_column][vc_column width=\u201d1\/3\u2033][vc_single_image image=\u201d3900\u2033 img_size=\u201d250\u00d7188\u2033 alignment=\u201dcenter\u201d style=\u201dvc_box_shadow_3d\u201d][vc_column_text] Viajes a Vietnam, Laos, Camboya, Tailandia, Myanmar [\/vc_column_text][\/vc_column][vc_column][vc_empty_space][\/vc_column][\/vc_row][vc_row][vc_column][vc_column_text]Laos es uno de los paisajes naturales m\u00e1s pr\u00edstinos en el sudeste asi\u00e1tico. Aproximadamente la mitad [&hellip;]<\/p>\n","protected":false},"author":4,"featured_media":3894,"parent":0,"menu_order":0,"comment_status":"closed","ping_status":"closed","template":"","meta":{"nf_dc_page":"","footnotes":""},"class_list":["post-2690","page","type-page","status-publish","has-post-thumbnail","hentry"],"_links":{"self":[{"href":"https:\/\/gialinhtravel.com\/espanol\/wp-json\/wp\/v2\/pages\/2690","targetHints":{"allow":["GET"]}}],"collection":[{"href":"https:\/\/gialinhtravel.com\/espanol\/wp-json\/wp\/v2\/pages"}],"about":[{"href":"https:\/\/gialinhtravel.com\/espanol\/wp-json\/wp\/v2\/types\/page"}],"author":[{"embeddable":true,"href":"https:\/\/gialinhtravel.com\/espanol\/wp-json\/wp\/v2\/users\/4"}],"replies":[{"embeddable":true,"href":"https:\/\/gialinhtravel.com\/espanol\/wp-json\/wp\/v2\/comments?post=2690"}],"version-history":[{"count":5,"href":"https:\/\/gialinhtravel.com\/espanol\/wp-json\/wp\/v2\/pages\/2690\/revisions"}],"predecessor-version":[{"id":3901,"href":"https:\/\/gialinhtravel.com\/espanol\/wp-json\/wp\/v2\/pages\/2690\/revisions\/3901"}],"wp:featuredmedia":[{"embeddable":true,"href":"https:\/\/gialinhtravel.com\/espanol\/wp-json\/wp\/v2\/media\/3894"}],"wp:attachment":[{"href":"https:\/\/gialinhtravel.com\/espanol\/wp-json\/wp\/v2\/media?parent=2690"}],"curies":[{"name":"wp","href":"https:\/\/api.w.org\/{rel}","templated":true}]}}