{"id":2688,"date":"2015-10-14T09:09:56","date_gmt":"2015-10-14T09:09:56","guid":{"rendered":"https:\/\/gialinhtravel.com\/espanol\/?page_id=2688"},"modified":"2015-11-05T06:59:03","modified_gmt":"2015-11-05T06:59:03","slug":"atractivos-del-desconocido-laos","status":"publish","type":"page","link":"https:\/\/gialinhtravel.com\/espanol\/atractivos-del-desconocido-laos\/","title":{"rendered":"Atractivos del desconocido Laos"},"content":{"rendered":"<div class=\"wpb-content-wrapper\"><body><p>[vc_row][vc_column width=\u201d1\/3\u2033][vc_single_image image=\u201d3887\u2033 img_size=\u201d250\u00d7188\u2033 alignment=\u201dcenter\u201d style=\u201dvc_box_border\u201d][vc_column_text]<\/p>\n<p>Viajes a Vietnam, Laos, Camboya, Tailandia, Myanmar<\/p>\n<p>[\/vc_column_text][\/vc_column][vc_column width=\u201d1\/3\u2033][vc_single_image image=\u201d3889\u2033 img_size=\u201d250\u00d7188\u2033 alignment=\u201dcenter\u201d style=\u201dvc_box_outline\u201d][vc_column_text]<\/p>\n<p>Viajes a Vietnam, Laos, Camboya, Tailandia, Myanmar<\/p>\n<p>[\/vc_column_text][\/vc_column][vc_column width=\u201d1\/3\u2033][vc_single_image image=\u201d3890\u2033 img_size=\u201d250\u00d7188\u2033 alignment=\u201dcenter\u201d style=\u201dvc_box_shadow_3d\u201d][vc_column_text]<\/p>\n<p>Viajes a Vietnam, Laos, Camboya, Tailandia, Myanmar<\/p>\n<p>[\/vc_column_text][\/vc_column][vc_column][vc_empty_space][\/vc_column][\/vc_row][vc_row][vc_column][vc_column_text]<span style=\"color: #000000;\">Los viajeros de hoy, aunque por lo general menos intr\u00e9pidos, siguen siendo pionera en lo que va a ser destinos tur\u00edsticos de lujo de ma\u00f1ana: Laos no es una excepci\u00f3n.\u00a0La antigua capital real de Luang Prabang, Muang Singh en la frontera con China, Vang Vieng &amp; Tha Kaek, escondido en las monta\u00f1as de piedra caliza esculpida y Si Pan Don (Cuatro Mil Islas), en el sur de Laos se han convertido en destinos populares.<\/span><\/p>\n<p><span style=\"color: #000000;\">Los viajeros siguen poniendo Laos en el mapa, de una manera que incluso en d\u00e9cadas de guerra no hizo.\u00a0Hoy cosmopolita Vientiane exhibe una amalgama de Lao colonial con influencia aristocr\u00e1tica y franc\u00e9s, dando a los visitantes una visi\u00f3n aut\u00e9ntica del viejo mundo de Laos.\u00a0Exquisito Lao o cocina europea se puede disfrutar en un alojamiento elegante.\u00a0Algunos viejos edificios coloniales franceses son hoteles con encanto, y muchos hoteles se han construido nuevos tambi\u00e9n.\u00a0Hoy, con las incursiones de los viajeros extranjeros, hay lugares de lujo y buen gusto de la frontera china hasta el extremo sur de la frontera camboyana.\u00a0Si usted prefiere viajar 5 estrellas o la ruta de vuelta por carretera, encontrar\u00e1 lugares maravillosos, acogedor para su estancia a trav\u00e9s de Laos de hoy, en medio de culturas tan antiguas como las monta\u00f1as<\/span><br>\n<span style=\"color: #000000;\">.<\/span><br>\n<span style=\"color: #000000;\">Perturbados por el hombre, los tigres y los elefantes siguen la regla de la selva tropical a trav\u00e9s de gran parte de Laos.\u00a0Comparable en tama\u00f1o f\u00edsico a Tailandia y Viet Nam, la poblaci\u00f3n de Laos, de 6 millones representa s\u00f3lo una peque\u00f1a fracci\u00f3n de la poblaci\u00f3n de los gigantes vecinos tailandeses y vietnamitas!\u00a0Hay un mont\u00f3n de espacio salvaje, abrir\u00e1 aqu\u00ed \u2013 menos de la mitad de esta peque\u00f1a naci\u00f3n ha sido explorado y estudiados!\u00a0La mayor\u00eda de Laos es realmente virgen, conocida s\u00f3lo en parte a los cazadores ind\u00edgenas de las tribus de monta\u00f1a.\u00a0Es uno de los pocos pa\u00edses en el mundo donde la naturaleza todav\u00eda tiene una oportunidad, uno de los pocos lugares donde se puede disfrutar de la naturaleza \u201cintacta\u201d.\u00a0El ochenta por ciento de Laos es monta\u00f1oso, cubierto por una exuberante vegetaci\u00f3n, grandes maderas duras tropicales, y el hogar de m\u00e1s de 100 especies de animales salvajes y varios cientos de especies de aves.\u00a0Laos sigue siendo un para\u00edso, todav\u00eda de forma natural y espiritualmente intactos, mientras que el resto de la gira mundial en la confusi\u00f3n, a un ritmo cada vez m\u00e1s fren\u00e9tica.<\/span>[\/vc_column_text][vc_empty_space][\/vc_column][\/vc_row]<\/p>\n<\/body><\/div>","protected":false},"excerpt":{"rendered":"<p>[vc_row][vc_column width=\u201d1\/3\u2033][vc_single_image image=\u201d3887\u2033 img_size=\u201d250\u00d7188\u2033 alignment=\u201dcenter\u201d style=\u201dvc_box_border\u201d][vc_column_text] Viajes a Vietnam, Laos, Camboya, Tailandia, Myanmar [\/vc_column_text][\/vc_column][vc_column width=\u201d1\/3\u2033][vc_single_image image=\u201d3889\u2033 img_size=\u201d250\u00d7188\u2033 alignment=\u201dcenter\u201d style=\u201dvc_box_outline\u201d][vc_column_text] Viajes a Vietnam, Laos, Camboya, Tailandia, Myanmar [\/vc_column_text][\/vc_column][vc_column width=\u201d1\/3\u2033][vc_single_image image=\u201d3890\u2033 img_size=\u201d250\u00d7188\u2033 alignment=\u201dcenter\u201d style=\u201dvc_box_shadow_3d\u201d][vc_column_text] Viajes a Vietnam, Laos, Camboya, Tailandia, Myanmar [\/vc_column_text][\/vc_column][vc_column][vc_empty_space][\/vc_column][\/vc_row][vc_row][vc_column][vc_column_text]Los viajeros de hoy, aunque por lo general menos intr\u00e9pidos, siguen siendo pionera en lo que [&hellip;]<\/p>\n","protected":false},"author":4,"featured_media":3886,"parent":0,"menu_order":0,"comment_status":"closed","ping_status":"closed","template":"","meta":{"nf_dc_page":"","footnotes":""},"class_list":["post-2688","page","type-page","status-publish","has-post-thumbnail","hentry"],"_links":{"self":[{"href":"https:\/\/gialinhtravel.com\/espanol\/wp-json\/wp\/v2\/pages\/2688","targetHints":{"allow":["GET"]}}],"collection":[{"href":"https:\/\/gialinhtravel.com\/espanol\/wp-json\/wp\/v2\/pages"}],"about":[{"href":"https:\/\/gialinhtravel.com\/espanol\/wp-json\/wp\/v2\/types\/page"}],"author":[{"embeddable":true,"href":"https:\/\/gialinhtravel.com\/espanol\/wp-json\/wp\/v2\/users\/4"}],"replies":[{"embeddable":true,"href":"https:\/\/gialinhtravel.com\/espanol\/wp-json\/wp\/v2\/comments?post=2688"}],"version-history":[{"count":3,"href":"https:\/\/gialinhtravel.com\/espanol\/wp-json\/wp\/v2\/pages\/2688\/revisions"}],"predecessor-version":[{"id":3888,"href":"https:\/\/gialinhtravel.com\/espanol\/wp-json\/wp\/v2\/pages\/2688\/revisions\/3888"}],"wp:featuredmedia":[{"embeddable":true,"href":"https:\/\/gialinhtravel.com\/espanol\/wp-json\/wp\/v2\/media\/3886"}],"wp:attachment":[{"href":"https:\/\/gialinhtravel.com\/espanol\/wp-json\/wp\/v2\/media?parent=2688"}],"curies":[{"name":"wp","href":"https:\/\/api.w.org\/{rel}","templated":true}]}}