{"id":2680,"date":"2015-10-14T09:03:17","date_gmt":"2015-10-14T09:03:17","guid":{"rendered":"https:\/\/gialinhtravel.com\/espanol\/?page_id=2680"},"modified":"2015-11-05T04:36:21","modified_gmt":"2015-11-05T04:36:21","slug":"introducciones-de-laos","status":"publish","type":"page","link":"https:\/\/gialinhtravel.com\/espanol\/introducciones-de-laos\/","title":{"rendered":"Introducci\u00f3nes de Laos"},"content":{"rendered":"<div class=\"wpb-content-wrapper\"><body><p>[vc_row][vc_column width=\u201d1\/3\u2033][vc_single_image image=\u201d3863\u2033 img_size=\u201d250\u00d7188\u2033 alignment=\u201dcenter\u201d style=\u201dvc_box_border\u201d][vc_column_text]<\/p>\n<p>Viajes a Vietnam, Laos, Camboya, Tailandia, Myanmar<\/p>\n<p>[\/vc_column_text][\/vc_column][vc_column width=\u201d1\/3\u2033][vc_single_image image=\u201d3867\u2033 img_size=\u201d250\u00d7188\u2033 alignment=\u201dcenter\u201d style=\u201dvc_box_outline\u201d][vc_column_text]<\/p>\n<p>Viajes a Vietnam, Laos, Camboya, Tailandia, Myanmar<\/p>\n<p>[\/vc_column_text][\/vc_column][vc_column width=\u201d1\/3\u2033][vc_single_image image=\u201d3868\u2033 img_size=\u201d250\u00d7188\u2033 alignment=\u201dcenter\u201d style=\u201dvc_box_shadow_3d\u201d][vc_column_text]<\/p>\n<p>Viajes a Vietnam, Laos, Camboya, Tailandia, Myanmar<\/p>\n<p>[\/vc_column_text][\/vc_column][vc_column][vc_empty_space][\/vc_column][\/vc_row][vc_row][vc_column][vc_column_text]<\/p>\n<p>\u00a0<\/p>\n<p><span style=\"color: #000000;\">Laos es el \u00fanico pa\u00eds sin litoral de la ASEAN, as\u00ed como uno de los pa\u00edses menos visitados del mundo. Estar aislado durante muchos a\u00f1os ha significado que la RDP de Laos\u00a0mantiene una serenidad extraordinaria y el encanto intemporal. El pa\u00eds es monta\u00f1oso, lo que hace dif\u00edcil viajar con el vuelo interno limitado y viajes de aventura a lo largo del r\u00edo Mekong. La capital, Vientiane, es peque\u00f1a (140.000) encantadora y pintoresca, sentada a orillas del Mekong. Contiene algunas pagodas coloridas y sagradas, fascinantes museos, amplias avenidas y lugares de inter\u00e9s como Patuxai, el Arco del Triunfo de Vientiane.<\/span><\/p>\n<p><span style=\"color: #000000;\">El cruce de frontera a Tailandia y el Puente de la Amistad est\u00e1 en Thanaleng. El Parque Budha aqu\u00ed es una extra\u00f1a colecci\u00f3n de iconos religiosos de hormig\u00f3n. La Presa de Nam Ngum en el norte de la ciudad es un retiro pac\u00edfico con los restaurantes, la pesca y peque\u00f1os chalets. La antigua capital de Luang Prabang, es una de las ciudades m\u00e1s tranquilas de la ASEAN. Gran parte de la ciudad y sus pagodas est\u00e1n protegidos por la UNESCO como Patrimonio de la Humanidad. Hay cerca de 32 pagodas hist\u00f3ricas aqu\u00ed sin ir f\u00e1cil a pie de una a otra.<\/span><\/p>\n<p><span style=\"color: #000000;\">El mercado Dala vende muchos productos locales, especialmente los de las tribus de las colinas cercanas. El Museo del Palacio Real contiene muchos tesoros de Laos. Los viajes en el r\u00edo Mekong son muy populares sobre todo a las cuevas de piedra caliza de Pak Ou que contienen cientos de im\u00e1genes budistas. La Llanura de las Jarras, cerca de la peque\u00f1a ciudad de Phonsavan ha intrigado a los arque\u00f3logos desde hace siglos.<\/span><\/p>\n<p><span style=\"color: #000000;\">El prop\u00f3sito de las tinajas de piedra enorme de 2.000 a\u00f1os de edad, est\u00e1 abierto a la especulaci\u00f3n. En el sur del pa\u00eds, Pakse es un punto de partida de la meseta Bolaven y las ruinas khmer de Wat Phu. La zona tambi\u00e9n es famosa por su sabroso caf\u00e9. Las cascadas Khon Papheng sobre el r\u00edo Mekong son un tramo de 13 kil\u00f3metros de r\u00e1pidos y cascadas.<\/span><\/p>\n<p><span style=\"color: #000000;\">Hay 68 tribus minoritarias en la Rep\u00fablica Democr\u00e1tica Popular de Laos y ofrecen informaci\u00f3n tur\u00edstica en la tradici\u00f3n antigua y muchas artes. El pueblo de Laos son expertos talladores y muchas pagodas muestran este arte. El algod\u00f3n y del tejido de la seda est\u00e1 muy desarrollado, distintivo y apreciado.<\/span><br>\n<span style=\"color: #000000;\"> Muchos festivales se corresponden con el calendario budista.<\/span><\/p>\n<p><span style=\"color: #000000;\"><strong style=\"font-style: inherit;\">Boun Pimal:<\/strong>\u00a0el A\u00f1o Nuevo de Lao se celebra a mediados de abril en todo el pa\u00eds. Las fiestas de Luang Prabang incluyen una procesi\u00f3n, una feria, un concurso de castillos de arena en el Mekong, un concurso de Miss Nueva Actuaciones del A\u00f1o popular, y espect\u00e1culos culturales. Aseg\u00farese de que est\u00e1 reservado y confirmado en los hoteles antes de ir.<\/span><\/p>\n<p><span style=\"color: #000000;\"><strong style=\"font-style: inherit;\">La cuaresma budista (Boun Khao Phansaa):<\/strong>\u00a0En los templos locales, los fieles en sedas de colores brillantes saludan el amanecer en la cuaresma budista, ofreciendo regalos a los monjes y vertiendo agua en el suelo como un gesto de ofrenda a sus antepasados. La Cuaresma comienza en julio y dura tres meses. Los monjes est\u00e1n destinados a permanecer en su templo a lo largo de este tiempo, para una pr\u00e1ctica m\u00e1s rigurosa. La Cuaresma termina con la gozosa fiesta Boun Ok Phansa en septiembre, por lo general conmemorado con carreras de botes (abajo), los carnavales, y la liberaci\u00f3n de cientos de velas de papel de soporte y flotas de bamb\u00fa en los r\u00edos del pa\u00eds.<\/span><\/p>\n<p><span style=\"color: #000000;\"><strong style=\"font-style: inherit;\">Boun Souang Heua<\/strong>: es el festival de carrera de botes, se celebra el d\u00eda despu\u00e9s de Ok Phannsa. Multitudes se re\u00fanen en el r\u00edo Mekong para ver 45 remeros, piraguas de remo de madera al ritmo de los tambores en la competencia por el codiciado trofeo \u00ba.<\/span><br>\n<span style=\"color: #000000;\"> Boun That Luang: es una fiesta religiosa de tres d\u00edas celebrada en la luna llena en noviembre en Vientiane. Esta fiesta budista importante se\u00f1ala a los fieles en todo el pa\u00eds y de la vecina Tailandia. Antes del amanecer, miles participan en una ofrenda ceremonial y un grupo de oraci\u00f3n, seguida de una procesi\u00f3n. Durante varios d\u00edas despu\u00e9s, una combinaci\u00f3n de feria y carnaval ofrecen artesan\u00edas, flores, juegos, conciertos y espect\u00e1culos de danza.<\/span><\/p>\n<p><span style=\"color: #000000;\"><strong style=\"font-style: inherit;\">A\u00f1o Nuevo Hmong:<\/strong>\u00a0A finales de noviembre o principios de diciembre, en el norte. Aunque esto no es una fiesta nacional, se celebra entre estas tribus de las monta\u00f1as del norte.<\/span><\/p>\n<p><span style=\"color: #000000;\"><strong style=\"font-style: inherit;\">D\u00eda Nacional:<\/strong>\u00a002 de diciembre, a nivel nacional. Todo el pa\u00eds celebra un d\u00eda festivo, mientras que en Vientiane, encontrar\u00e1s desfiles y bailes en el templo de That Luang.<\/span><br>\n<span style=\"color: #000000;\"> A pesar de que Laos es un lugar para ir con cuidado, los viajeros extranjeros son muy bienvenidos y alentados a hacer su parte para conservar y participar en las pr\u00e1cticas culturales. La belleza de Laos existe no solo a lo largo del Mekong, al atardecer, tambi\u00e9n en sonrisas en el mercado o improvisadas lecciones de Laos en la esquina de la calle, cosas que son f\u00e1ciles de perder si est\u00e1s en un apuro. Es una tierra encantadora, que exige que ralenticen el ritmo a la altura propia, e incluso la m\u00e1s breve visita podr\u00eda a\u00f1adir la tranquilidad durante su viaje.<\/span><\/p>\n<p>[\/vc_column_text][vc_empty_space][\/vc_column][\/vc_row]<\/p>\n<\/body><\/div>","protected":false},"excerpt":{"rendered":"<p>[vc_row][vc_column width=\u201d1\/3\u2033][vc_single_image image=\u201d3863\u2033 img_size=\u201d250\u00d7188\u2033 alignment=\u201dcenter\u201d style=\u201dvc_box_border\u201d][vc_column_text] Viajes a Vietnam, Laos, Camboya, Tailandia, Myanmar [\/vc_column_text][\/vc_column][vc_column width=\u201d1\/3\u2033][vc_single_image image=\u201d3867\u2033 img_size=\u201d250\u00d7188\u2033 alignment=\u201dcenter\u201d style=\u201dvc_box_outline\u201d][vc_column_text] Viajes a Vietnam, Laos, Camboya, Tailandia, Myanmar [\/vc_column_text][\/vc_column][vc_column width=\u201d1\/3\u2033][vc_single_image image=\u201d3868\u2033 img_size=\u201d250\u00d7188\u2033 alignment=\u201dcenter\u201d style=\u201dvc_box_shadow_3d\u201d][vc_column_text] Viajes a Vietnam, Laos, Camboya, Tailandia, Myanmar [\/vc_column_text][\/vc_column][vc_column][vc_empty_space][\/vc_column][\/vc_row][vc_row][vc_column][vc_column_text] \u00a0 Laos es el \u00fanico pa\u00eds sin litoral de la ASEAN, as\u00ed como uno de [&hellip;]<\/p>\n","protected":false},"author":4,"featured_media":3862,"parent":0,"menu_order":0,"comment_status":"closed","ping_status":"closed","template":"","meta":{"nf_dc_page":"","footnotes":""},"class_list":["post-2680","page","type-page","status-publish","has-post-thumbnail","hentry"],"_hostinger_reach_plugin_has_subscription_block":false,"_hostinger_reach_plugin_is_elementor":false,"_links":{"self":[{"href":"https:\/\/gialinhtravel.com\/espanol\/wp-json\/wp\/v2\/pages\/2680","targetHints":{"allow":["GET"]}}],"collection":[{"href":"https:\/\/gialinhtravel.com\/espanol\/wp-json\/wp\/v2\/pages"}],"about":[{"href":"https:\/\/gialinhtravel.com\/espanol\/wp-json\/wp\/v2\/types\/page"}],"author":[{"embeddable":true,"href":"https:\/\/gialinhtravel.com\/espanol\/wp-json\/wp\/v2\/users\/4"}],"replies":[{"embeddable":true,"href":"https:\/\/gialinhtravel.com\/espanol\/wp-json\/wp\/v2\/comments?post=2680"}],"version-history":[{"count":3,"href":"https:\/\/gialinhtravel.com\/espanol\/wp-json\/wp\/v2\/pages\/2680\/revisions"}],"predecessor-version":[{"id":3869,"href":"https:\/\/gialinhtravel.com\/espanol\/wp-json\/wp\/v2\/pages\/2680\/revisions\/3869"}],"wp:featuredmedia":[{"embeddable":true,"href":"https:\/\/gialinhtravel.com\/espanol\/wp-json\/wp\/v2\/media\/3862"}],"wp:attachment":[{"href":"https:\/\/gialinhtravel.com\/espanol\/wp-json\/wp\/v2\/media?parent=2680"}],"curies":[{"name":"wp","href":"https:\/\/api.w.org\/{rel}","templated":true}]}}