{"id":2661,"date":"2015-10-14T08:41:08","date_gmt":"2015-10-14T08:41:08","guid":{"rendered":"https:\/\/gialinhtravel.com\/espanol\/?page_id=2661"},"modified":"2015-11-05T08:43:33","modified_gmt":"2015-11-05T08:43:33","slug":"tailandia-informacion-util","status":"publish","type":"page","link":"https:\/\/gialinhtravel.com\/espanol\/tailandia-informacion-util\/","title":{"rendered":"Tailandia Informaci\u00f3n \u00fatil"},"content":{"rendered":"<div class=\"wpb-content-wrapper\"><body><p>[vc_row][vc_column width=\u201d1\/3\u2033][vc_single_image image=\u201d3976\u2033 img_size=\u201d250\u00d7188\u2033 alignment=\u201dcenter\u201d style=\u201dvc_box_border\u201d][vc_column_text][\/vc_column_text][\/vc_column][vc_column width=\u201d1\/3\u2033][vc_single_image image=\u201d3978\u2033 img_size=\u201d250\u00d7188\u2033 alignment=\u201dcenter\u201d style=\u201dvc_box_outline\u201d][vc_column_text][\/vc_column_text][\/vc_column][vc_column width=\u201d1\/3\u2033][vc_single_image image=\u201d3981\u2033 img_size=\u201d250\u00d7188\u2033 alignment=\u201dcenter\u201d style=\u201dvc_box_shadow_3d\u201d][vc_column_text][\/vc_column_text][\/vc_column][vc_column][vc_empty_space][\/vc_column][\/vc_row][vc_row][vc_column][vc_column_text]Todos los destinos tur\u00edsticos y las capitales de provincia cuentan con hospitales y cl\u00ednicas con personal m\u00e9dico y enfermeras bien entrenados. En el caso de una emergencia, una ambulancia puede ser llamada desde cualquier hospital privado.<br>\nVacunas: Como en la mayor\u00eda de otros pa\u00edses, los visitantes no necesitan vacunas, a menos que procedan o que vengan de un \u00e1rea designada contaminados<\/p>\n<p><strong>Consejos para comprar\u00a0<\/strong><\/p>\n<p>Los grandes almacenes y un n\u00famero de tiendas en Bangkok tienen precios fijos, pero en la mayor\u00eda de los dem\u00e1s la negociaci\u00f3n es aceptable y esperada, algunos grandes almacenes incluso ofrecer\u00e1n un descuento en art\u00edculos costosos como joyas y muebles finos. No hay reglas fijas que se pueden dar en el proceso dado que depende de la habilidad del negociador y del estado de \u00e1nimo del tendero, pero el precio final puede ser reducido hasta en un 30% a la primera cita. Un punto importante a tener en cuenta es que los tailandeses admiran los buenos modales y el sentido del humor y tienden a apagarse por una p\u00e9rdida de temperamento. Siempre que tenga tiempo, una buena regla general es hacer un estudio de las varias tiendas que venden el tipo de elementos que desee antes de tomar una decisi\u00f3n final.<\/p>\n<p><strong>D\u00f3nde ir de compras en Bangkok<\/strong><\/p>\n<p>Las compras en Bangkok no se limita a una o dos calles principales, sino que ofrece muchas zonas de la ciudad ofreciendo un amplio surtido y de f\u00e1cil acceso.\u00a0El siguiente es s\u00f3lo una selecci\u00f3n de algunos de los principales distritos de compras.<br>\nPloenchit-Ratchaprasong<br>\nLas mejores tiendas de departamento y centros comerciales de lujo se concentran en la zona central, Sogo, Plaza Gaysorn, Isetan, el Zen, la Plaza Amarin, Plaza Pen\u00ednsula, Todos los que en conjunto conforman el paseo comercial m\u00e1s grande de Bangkok. Adem\u00e1s, el Central World Plaza y Narayana Phand Pavilion, sede del centro de artesan\u00eda oficial de venta de art\u00edculos de todas partes del pa\u00eds. La intersecci\u00f3n Ratchaprasong es la puerta a varias \u00e1reas comerciales tales comoPloenchit-Sukhumvit, Siam Square-Mah Boon Krong, Silom y Pratunam Phetchaburi.<\/p>\n<p><strong>Silom-Surawong-Patpong\u00a0<\/strong><br>\nLa calle Silom es la arteria principal del centro comercial de Bangkok y es paralela a la carretera Surawong, mientras que Patpong corre transversalmente entre los dos. Adem\u00e1s de docenas de viviendas de tiendas especializadas y boutiques que representan a todas las compras importantes, esta zona tambi\u00e9n cuenta con muchas ramas de los minoristas bien conocidos y varias plazas comerciales. Los puestos de la calle tambi\u00e9n abundan, sobre todo en el famoso mercado nocturno de Patpong<\/p>\n<p><strong>Silom-Mahesak-New Road<\/strong><br>\nSilom lleva a New Road, que es paralelo al r\u00edo Chao Phraya, y las oportunidades comerciales importantes incluyen piedras preciosas y joyer\u00edas (la calle Mahesak es un centro de comercio de piedras preciosas), Oriental Plaza y el complejo comercial de la ciudad del r\u00edo.<br>\n<strong><br>\nSukhumvit<\/strong><br>\nAl igual que Silom, Sukhumvit es una de las calles principales de Bangkok, y el largo camino\u00a0est\u00e1 lleno de tiendas, boutiques y plazas comerciales modernos que van desde Soi 3 (Nana Nua) hasta Soi 63 (Ekamai). La\u00a0mayor\u00eda de tiendas y restaurantes se concentran entre Soi 3 y Soi 21 (Asoke) y a lo largo de los accesos directos entre Asoke y Ekamai.<\/p>\n<p><strong>Barrio chino<\/strong><br>\nEn el centro de las calles Yaowarat y Sampheng, el barrio chino de Bangkok ofrece una profusi\u00f3n o tiendas de oro, as\u00ed como dos lugares cercanos de compras tradicionales, la calle de Joyer\u00eda Ban Mo y el mercado de ropa Phahurat.<\/p>\n<p><strong>Bang Lamphu<\/strong><br>\nSituado cerca del Gran Palacio y el Templo del Buda Esmeralda, Bang Lamphu tiene un animado mercado donde la ropa es una compra popular.<\/p>\n<p><strong>-Pratunam Phetchaburi<\/strong><br>\nLo m\u00e1s destacado y distinto es el mercado Pratunam, uno de los mayores centros de Bangkok\u00a0para\u00a0 ropa lista para usar.<\/p>\n<p><strong>Torre Baiyoke<\/strong><br>\nSituado junto al edificio de Bangkok, el hotel m\u00e1s alto, la torre Baiyoke es uno de los centros\u00a0de la ciudad de renombre.<\/p>\n<p><strong>Mercado Nailert\u00a0<\/strong><br>\nSituado cerca del mercado Pratunum, el Mercado Nai Lert es una de las zonas comerciales de Bangkok, donde puedes comprar casi de todo, desde ropa hasta artesan\u00edas.<\/p>\n<p><strong>Mercado Bo-Be\u00a0<\/strong><br>\nSituado cerca de la estaci\u00f3n de tren de Bangkok, Bo-Be es uno de los renombrados centros de ropa lista para usar de la ciudad, tanto al por mayor y al por menor.<\/p>\n<p><strong>Aeropuerto Internacional de Bangkok<\/strong><br>\nCentro de una amplia gama de tiendas que ofrecen una completa selecci\u00f3n de compra superior de Tailandia.<\/p>\n<p><strong>Mercado de Fin de semana Chatuchak<\/strong><br>\nSituado junto al parque de Chatuchak, el mercado de fin de semana, abre el s\u00e1bado y el domingo, es un lugar de Bangkok donde se puede comprar casi todo, desde ropa hasta las plantas en macetas y todos los dem\u00e1s-un para\u00edso para los exploradores y cazadores de gangas por igual. El Mercado de Fin de semana Chatuchak tambi\u00e9n ofrece elementos de mobiliario y decoraci\u00f3n para el hogar. Es tambi\u00e9n donde profesionales y aficionados amantes del arte y los artistas se encuentran.<\/p>\n<p><strong>Normas sociales:<\/strong><br>\nLos tailandeses no suelen dar la mano cuando se saludan unos a otros, sino que presionan las palmas juntas en un gesto de oraci\u00f3n, llamado wai. Generalmente una persona m\u00e1s joven wais un anciano, que lo devuelve.<br>\nLos tailandeses respetan la cabeza como la parte m\u00e1s alta del cuerpo, literal y figurativamente. Por lo tanto, evite tocar en la cabeza a la gente y trate de no apuntar los pies a la gente o un objeto. Se considera muy grosero. Los zapatos deben ser quitados al entrar en una casa tailandesa privada.<\/p>\n<p>Las demostraciones p\u00fablicas de afecto entre hombres y mujeres son mal vistas.<\/p>\n<p><strong>VISAS DE LLEGADA<\/strong><br>\n\u2013 De acuerdo con los avisos del Interior de Ministros, los titulares de pasaportes de 21 pa\u00edses\u00a0y territorios podr\u00e1n solicitar visados en los puestos de control de inmigraci\u00f3n a los efectos del turismo para el per\u00edodo de no m\u00e1s de 15 d\u00edas.<br>\n\u2013 El solicitante debe poseer medios de vida de los gastos por el importe de 10.000 baht por persona y 20.000 baht por familia en consecuencia.<br>\n\u2013 El solicitante debe poseer un pasaporte con un m\u00ednimo de validez de seis meses y deben presentar su boleto total pagado que se puede utilizar dentro de 15 d\u00edas desde la fecha de entrada<br>\n\u2013 Visado a la llegada se ofrece en 32 puntos de control designados internacionales y los solicitantes deben presentar el formulario de solicitud debidamente cumplimentado y su fotograf\u00eda reciente (4 x 6 cm) adjunta. La tasa de solicitud es de 1.000 baht.<br>\n\u2013 Los visitantes que entran en el Reino Unido con visa a su llegada por lo general no pueden presentar una solicitud de pr\u00f3rroga de la estancia, excepto en casos especiales, tales como la enfermedad que les impide viajar, etc Pueden presentar una solicitud en la Oficina de Inmigraci\u00f3n, Inmigraci\u00f3n Divisi\u00f3n 1, Soi Suan Plu, Sathorn del sur, Bangkok 10120. Tel. 02 287-3127 o 02 287 310110 extensi\u00f3n\u00a0 2264-5 o en el sitio web\u00a0\u00a0<a href=\"http:\/\/www.immigration.go.th\/\">http:\/\/www.immigration.go.th<\/a><\/p>\n<p><strong>La lista de pa\u00edses y territorios es la siguiente:<\/strong><\/p>\n<p>1. Bhut\u00e1n: Reino de Bhut\u00e1n<br>\n2. China: Rep\u00fablica Popular de China<br>\n3. Chipre: la Rep\u00fablica de Chipre<br>\n4. Checa: Rep\u00fablica Checa<br>\n5. Estonia: Rep\u00fablica de Estonia<br>\n6. Hungr\u00eda: Rep\u00fablica de Hungr\u00eda<br>\n7. India: Rep\u00fablica de la India<br>\n8. Kazajst\u00e1n: Rep\u00fablica de Kazajst\u00e1n<br>\n9. Letonia: Rep\u00fablica de Letonia<br>\n10. Liechtenstein: Principado de Liechtenstein<br>\n11. Lituania: Rep\u00fablica de Lituania<br>\n12. Maldivas: Rep\u00fablica de las Maldivas<br>\n13. Mauricio: Rep\u00fablica de Mauricio<br>\n14. Om\u00e1n: Sultanato de Om\u00e1n<br>\n15. Polonia: Rep\u00fablica de Polonia<br>\n16. Federaci\u00f3n de Rusia<br>\n17. Arabia Saudita, Reino de Arabia Saudita<br>\n18. Eslovaquia: Rep\u00fablica Eslovaca<br>\n19. Eslovenia: Rep\u00fablica de Eslovenia<br>\n20. Taiwan<br>\n21. Ucrania<\/p>\n<p>Lista de los puestos de control de inmigraci\u00f3n de Tailandia que proporcionan las instalaciones para la expedici\u00f3n de visados a la llegada:<\/p>\n<p>1. El aeropuerto de Suvarnabhumi<br>\n2. Aeropuerto Internacional Don Muang, Bangkok<br>\n3. El aeropuerto internacional de Chiang Mai, Chiang Mai<br>\n4. Aeropuerto internacional de Phuket, Phuket<br>\n5. Aeropuerto Internacional Hatyai, Songkhla<br>\n6. Aeropuerto U Tapao, Rayong<br>\n7. Punto de Control de Inmigraci\u00f3n Mae Sai, Chiengrai<br>\n8. Punto de Control de Inmigraci\u00f3n Chieng Saen, Chiengrai<br>\n9. Punto de Control de Inmigraci\u00f3n Chieng Khong, Chiengrai<br>\n10. Punto de Control de Inmigraci\u00f3n Betong, Yala<br>\n11. Punto de Control de Inmigraci\u00f3n Sadoa, Songkhla<br>\n12. El aeropuerto de Samui, Surat Thani<br>\n13. Aeropuerto Internacional Sukhothai, Punto de Control de Inmigraci\u00f3n Tak<br>\n14. Punto de Control de Inmigraci\u00f3n Puerto Bangkok, Bangkok<br>\n15. Punto de Control de Inmigraci\u00f3n Sri Racha, Chonburi<br>\n16. Mabtaput Punto de Control de Inmigraci\u00f3n, Rayong<br>\n17. Punto de control de inmigraci\u00f3n de Nong Khai, Nong Khai<br>\n18. Punto de Control de Inmigraci\u00f3n Samui, Surat Thani<br>\n19. Punto de Control de Inmigraci\u00f3n de Bangkok, Phuket<br>\n20. Punto de Control de Inmigraci\u00f3n Satun, Satun<br>\n21. Punto de Control de Inmigraci\u00f3n de Krabi, Krabi<br>\n22. Punto de Control de Inmigraci\u00f3n Puerto Songkhla, Songkhla<br>\n23. Punto de Control de Inmigraci\u00f3n Aeropuerto Chiangrai, Chiangrai<br>\n24. Punto de Control de Inmigraci\u00f3n aeropuerto de Surat Thani, Surat Thani<\/p>\n<p><strong>ADUANAS<\/strong><\/p>\n<p>subsidio Duty Free<br>\nLa indemnizaci\u00f3n libre de impuestos se aplicar\u00e1 a los efectos personales acompa\u00f1ado hasta10.000 vale la pena si i) los productos est\u00e1n destinados para su propio uso personal o profesional, ii) la cantidad es razonable, y iii) los art\u00edculos no est\u00e1n sujetos a una prohibici\u00f3n o restricci\u00f3n\u00a0.<br>\nSin embargo, hay l\u00edmites en la cantidad de bebidas alcoh\u00f3licas, cigarrillos, cigarros y tabaco para fumar a la que se puede incluir en su derecho de exenci\u00f3n personal libre de la siguiente manera:<br>\n\u2022 200 cigarrillos o 250 gramos de cigarros o tabaco para fumar<br>\n\u2022 1 litro de licor.<br>\nLos efectos personales no incluyen los veh\u00edculos de motor y piezas de veh\u00edculos de motor, independientemente de la duraci\u00f3n del tiempo utilizado y de propiedad.<br>\nDivisas y cambio de divisas: La unidad de la moneda tailandesa es el baht se divide en 100 baht un satang.\u00a0Tenga en cuenta las denominaciones de 1000 (beige), 500 (p\u00farpura), 100 (rojo), 50 (azul), 20 (verde) y 10 (marr\u00f3n) baht. Las monedas son de 25 satang, 50 satang, 1 baht, 5 baht y 10 baht.<br>\nPrincipales cuentas en moneda\u00a0y cheques de viaje se cobran f\u00e1cilmente en los hoteles, tiendas para turistas, todos los bancos provinciales, centros comerciales y los cambistas. Los cheques de viajero son los mejores cambiado en los bancos (que necesitar\u00e1 su pasaporte).\u00a0Cotizaciones de monedas en los bancos autorizados o cambiadores de dinero son mejores que los de hoteles y grandes almacenes.<br>\nCualquier cantidad de moneda extranjera puede introducirse en el pa\u00eds.\u00a0Los visitantes pueden sacar divisas de Tailandia, pero no m\u00e1s que la cantidad establecida en la declaraci\u00f3n en aduana a la llegada. Los viajeros que salgan de Tailandia no pueden sacar m\u00e1s de 50.000 baht por persona en moneda tailandesa.<br>\nTarjetas de cr\u00e9dito: Las tarjetas de cr\u00e9dito son ampliamente aceptadas.\u00a0Para las tarjetas perdidas:<br>\nAmerican Express Tel: (662) 273 5100 o (662) 273 0022<br>\nDiners Club Tel: (662) 238 2920 o (662) 238 2680<br>\nMaster Card Tel: (662) 256 7326 -7<br>\nTel Visa: (662) 256 7326 -7<br>\nPropinas: La propina no es una pr\u00e1ctica habitual en Tailandia a pesar de que se est\u00e1 volviendo m\u00e1s com\u00fan.\u00a0La mayor\u00eda de hoteles y restaurantes a\u00f1aden un 10% de servicio al proyecto de ley.\u00a0Los taxistas no requieren de una propina, pero el gesto se agradece y 10-20 baht es aceptable para los porteadores.[\/vc_column_text][vc_empty_space][\/vc_column][\/vc_row]<\/p>\n<\/body><\/div>","protected":false},"excerpt":{"rendered":"<p>[vc_row][vc_column width=\u201d1\/3\u2033][vc_single_image image=\u201d3976\u2033 img_size=\u201d250\u00d7188\u2033 alignment=\u201dcenter\u201d style=\u201dvc_box_border\u201d][vc_column_text][\/vc_column_text][\/vc_column][vc_column width=\u201d1\/3\u2033][vc_single_image image=\u201d3978\u2033 img_size=\u201d250\u00d7188\u2033 alignment=\u201dcenter\u201d style=\u201dvc_box_outline\u201d][vc_column_text][\/vc_column_text][\/vc_column][vc_column width=\u201d1\/3\u2033][vc_single_image image=\u201d3981\u2033 img_size=\u201d250\u00d7188\u2033 alignment=\u201dcenter\u201d style=\u201dvc_box_shadow_3d\u201d][vc_column_text][\/vc_column_text][\/vc_column][vc_column][vc_empty_space][\/vc_column][\/vc_row][vc_row][vc_column][vc_column_text]Todos los destinos tur\u00edsticos y las capitales de provincia cuentan con hospitales y cl\u00ednicas con personal m\u00e9dico y enfermeras bien entrenados. En el caso de una emergencia, una ambulancia puede ser llamada desde cualquier hospital privado. Vacunas: Como en la [&hellip;]<\/p>\n","protected":false},"author":3,"featured_media":3982,"parent":0,"menu_order":0,"comment_status":"closed","ping_status":"closed","template":"","meta":{"nf_dc_page":"","footnotes":""},"class_list":["post-2661","page","type-page","status-publish","has-post-thumbnail","hentry"],"_links":{"self":[{"href":"https:\/\/gialinhtravel.com\/espanol\/wp-json\/wp\/v2\/pages\/2661","targetHints":{"allow":["GET"]}}],"collection":[{"href":"https:\/\/gialinhtravel.com\/espanol\/wp-json\/wp\/v2\/pages"}],"about":[{"href":"https:\/\/gialinhtravel.com\/espanol\/wp-json\/wp\/v2\/types\/page"}],"author":[{"embeddable":true,"href":"https:\/\/gialinhtravel.com\/espanol\/wp-json\/wp\/v2\/users\/3"}],"replies":[{"embeddable":true,"href":"https:\/\/gialinhtravel.com\/espanol\/wp-json\/wp\/v2\/comments?post=2661"}],"version-history":[{"count":5,"href":"https:\/\/gialinhtravel.com\/espanol\/wp-json\/wp\/v2\/pages\/2661\/revisions"}],"predecessor-version":[{"id":3983,"href":"https:\/\/gialinhtravel.com\/espanol\/wp-json\/wp\/v2\/pages\/2661\/revisions\/3983"}],"wp:featuredmedia":[{"embeddable":true,"href":"https:\/\/gialinhtravel.com\/espanol\/wp-json\/wp\/v2\/media\/3982"}],"wp:attachment":[{"href":"https:\/\/gialinhtravel.com\/espanol\/wp-json\/wp\/v2\/media?parent=2661"}],"curies":[{"name":"wp","href":"https:\/\/api.w.org\/{rel}","templated":true}]}}