{"id":2638,"date":"2015-10-14T08:31:34","date_gmt":"2015-10-14T08:31:34","guid":{"rendered":"https:\/\/gialinhtravel.com\/espanol\/?page_id=2638"},"modified":"2015-11-04T09:42:03","modified_gmt":"2015-11-04T09:42:03","slug":"el-simbolismo-de-tailandia","status":"publish","type":"page","link":"https:\/\/gialinhtravel.com\/espanol\/el-simbolismo-de-tailandia\/","title":{"rendered":"El simbolismo de Tailandia"},"content":{"rendered":"<div class=\"wpb-content-wrapper\"><body><p>[vc_row][vc_column width=\u201d1\/3\u2033][vc_single_image image=\u201d3802\u2033 img_size=\u201d250\u00d7188\u2033 alignment=\u201dcenter\u201d style=\u201dvc_box_border\u201d][vc_column_text][\/vc_column_text][\/vc_column][vc_column width=\u201d1\/3\u2033][vc_single_image image=\u201d3804\u2033 img_size=\u201d250\u00d7188\u2033 alignment=\u201dcenter\u201d style=\u201dvc_box_outline\u201d][vc_column_text][\/vc_column_text][\/vc_column][vc_column width=\u201d1\/3\u2033][vc_single_image image=\u201d3805\u2033 img_size=\u201d250\u00d7188\u2033 alignment=\u201dcenter\u201d style=\u201dvc_box_shadow_3d\u201d][vc_column_text][\/vc_column_text][\/vc_column][vc_column][vc_empty_space][\/vc_column][\/vc_row][vc_row][vc_column][vc_column_text]Ratchaphruek es elegida como flor nacional, ya que es ampliamente conocida por los tailandeses, puede\u00a0ser vista y palntada en cualquier lugar por todo el pa\u00eds. Florecen hermosas flores en forma de racimo en verano. El color de las flores es amarillo brillante contrastando una gran importancia al igual que el color de nuestra religi\u00f3n nacional \u201cel budismo y el color del lunes, cuando Su Majestad el Rey de Tailandia naci\u00f3.<\/p>\n<p>Animal Nacional: \u201cChang de Tailandia\u201d (o un elefante de Tailandia)<\/p>\n<p>Los elefantes tailandeses se selecciona como el animal nacional, porque ha mantenido una estrecha relaci\u00f3n con la historia de Tailandia y la costumbre, tiene una larga vida, y est\u00e1 estrechamente relacionado con el sustento de la gente de Tailandia como uno de los medios de transporte, tanto en tiempos de paz y batallas. Sobre todo, el \u00a0\u2018elefante blanco\u2019 est\u00e1 profundamente conectado con el Rey de Tailandia, y el elefante blanco fue retratado en la bandera nacional anterior.<br>\nLa tradici\u00f3n tailandesa abunda en ejemplos del elefante jugando un papel importante en el funcionamiento del Reino. Lo m\u00e1s significativo de todo, quiz\u00e1s, es el elefante blanco, muy apreciado porque es un animal raro juzgados que s\u00f3lo sirven para funciones reales.<\/p>\n<p>Seg\u00fan las antiguas tradiciones tailandesas reales, un elefante blanco es un animal noble de especial importancia, como ejemplo de honor de un rey y la gloria. Conocido en Tailandia como Chang Samkhan, un elefante blanco es un regalo para un rey y adquirir uno durante su reinado, traer\u00e1 prosperidad y la felicidad en todo el reino.<\/p>\n<p>Nacional de Arquitectura: \u201c<a name=\"OLE_LINK151\"><\/a>Sala de Tailandia\u201d (o eje de estilo tailand\u00e9s)<\/p>\n<p>La\u00a0<a name=\"OLE_LINK153\"><\/a>Sala de Tailandia\u00a0refleja un conocimiento del pueblo tailand\u00e9s. Conserva la belleza, que es diferente de las arquitecturas de otros pa\u00edses, y los extranjeros pueden acusar \u201cde Tailandia-ness\u201d a trav\u00e9s de la Sala de Tailandia.[\/vc_column_text][vc_empty_space][\/vc_column][\/vc_row]<\/p>\n<\/body><\/div>","protected":false},"excerpt":{"rendered":"<p>[vc_row][vc_column width=\u201d1\/3\u2033][vc_single_image image=\u201d3802\u2033 img_size=\u201d250\u00d7188\u2033 alignment=\u201dcenter\u201d style=\u201dvc_box_border\u201d][vc_column_text][\/vc_column_text][\/vc_column][vc_column width=\u201d1\/3\u2033][vc_single_image image=\u201d3804\u2033 img_size=\u201d250\u00d7188\u2033 alignment=\u201dcenter\u201d style=\u201dvc_box_outline\u201d][vc_column_text][\/vc_column_text][\/vc_column][vc_column width=\u201d1\/3\u2033][vc_single_image image=\u201d3805\u2033 img_size=\u201d250\u00d7188\u2033 alignment=\u201dcenter\u201d style=\u201dvc_box_shadow_3d\u201d][vc_column_text][\/vc_column_text][\/vc_column][vc_column][vc_empty_space][\/vc_column][\/vc_row][vc_row][vc_column][vc_column_text]Ratchaphruek es elegida como flor nacional, ya que es ampliamente conocida por los tailandeses, puede\u00a0ser vista y palntada en cualquier lugar por todo el pa\u00eds. Florecen hermosas flores en forma de racimo en verano. El color de las flores es [&hellip;]<\/p>\n","protected":false},"author":3,"featured_media":3806,"parent":0,"menu_order":0,"comment_status":"closed","ping_status":"closed","template":"","meta":{"nf_dc_page":"","footnotes":""},"class_list":["post-2638","page","type-page","status-publish","has-post-thumbnail","hentry"],"_links":{"self":[{"href":"https:\/\/gialinhtravel.com\/espanol\/wp-json\/wp\/v2\/pages\/2638","targetHints":{"allow":["GET"]}}],"collection":[{"href":"https:\/\/gialinhtravel.com\/espanol\/wp-json\/wp\/v2\/pages"}],"about":[{"href":"https:\/\/gialinhtravel.com\/espanol\/wp-json\/wp\/v2\/types\/page"}],"author":[{"embeddable":true,"href":"https:\/\/gialinhtravel.com\/espanol\/wp-json\/wp\/v2\/users\/3"}],"replies":[{"embeddable":true,"href":"https:\/\/gialinhtravel.com\/espanol\/wp-json\/wp\/v2\/comments?post=2638"}],"version-history":[{"count":4,"href":"https:\/\/gialinhtravel.com\/espanol\/wp-json\/wp\/v2\/pages\/2638\/revisions"}],"predecessor-version":[{"id":3807,"href":"https:\/\/gialinhtravel.com\/espanol\/wp-json\/wp\/v2\/pages\/2638\/revisions\/3807"}],"wp:featuredmedia":[{"embeddable":true,"href":"https:\/\/gialinhtravel.com\/espanol\/wp-json\/wp\/v2\/media\/3806"}],"wp:attachment":[{"href":"https:\/\/gialinhtravel.com\/espanol\/wp-json\/wp\/v2\/media?parent=2638"}],"curies":[{"name":"wp","href":"https:\/\/api.w.org\/{rel}","templated":true}]}}