{"id":2634,"date":"2015-10-14T08:30:22","date_gmt":"2015-10-14T08:30:22","guid":{"rendered":"https:\/\/gialinhtravel.com\/espanol\/?page_id=2634"},"modified":"2015-11-04T09:07:53","modified_gmt":"2015-11-04T09:07:53","slug":"religion-de-tailandia","status":"publish","type":"page","link":"https:\/\/gialinhtravel.com\/espanol\/religion-de-tailandia\/","title":{"rendered":"Religi\u00f3n de Tailandia"},"content":{"rendered":"<div class=\"wpb-content-wrapper\"><body><p>[vc_row][vc_column width=\u201d1\/3\u2033][vc_single_image image=\u201d3786\u2033 img_size=\u201d250\u00d7188\u2033 alignment=\u201dcenter\u201d style=\u201dvc_box_border\u201d][vc_column_text][\/vc_column_text][\/vc_column][vc_column width=\u201d1\/3\u2033][vc_single_image image=\u201d3789\u2033 img_size=\u201d250\u00d7188\u2033 alignment=\u201dcenter\u201d style=\u201dvc_box_outline\u201d][vc_column_text][\/vc_column_text][\/vc_column][vc_column width=\u201d1\/3\u2033][vc_single_image image=\u201d3792\u2033 img_size=\u201d250\u00d7188\u2033 alignment=\u201dcenter\u201d style=\u201dvc_box_shadow_3d\u201d][vc_column_text][\/vc_column_text][\/vc_column][vc_column][vc_empty_space][\/vc_column][\/vc_row][vc_row][vc_column][vc_column_text]La religi\u00f3n es un factor inevitable en la vida del pueblo tailand\u00e9s. Hoy en d\u00eda la sociedad espiritual se compone de ingredientes dis\u00edmiles: miles de monasterios Theravada y m\u00e1s de un cuarto de mill\u00f3n de monjes, una fe en todas partes en esp\u00edritus y fantasmas; un inter\u00e9s correspondido con la astrolog\u00eda, la quiromancia y el ocultismo, ritos y ceremonias Brahman, confinada principalmente a la corte real, y el budismo Mahayana, el confucianismo y el culto a los antepasados asociado con la poblaci\u00f3n china sustancial. Las minor\u00edas religiosas de los musulmanes, hind\u00faes, sikhs y cristianos completan una rica variedad de pensamiento, filosof\u00eda, dogma, ritual, creencia, superstici\u00f3n, culto y esfuerzo que se forma en una sociedad tolerante con el budismo como el factor espiritual dominante.<\/p>\n<p><b>Budismo:<\/b><\/p>\n<p>El budismo, la gran religi\u00f3n oriental fundada por el pr\u00edncipe indio Siddhartha Gautama 600 a\u00f1os antes del nacimiento de Cristo, apareci\u00f3 por primera vez en Tailandia durante el siglo 3 a.C. en el \u00e1rea de la actual capital de la provincia de Nakhon Pathom. Una vez establecido, se mostr\u00f3 como una fuerza duradera y generalizada que algunos grupos \u00e9tnicos que han inmigrado en esa zona durante el per\u00edodo Dvaravati f\u00e1cilmente la adoptaron como religi\u00f3n de su estado.<br>\nEn sus inicios, el budismo ha sido una reacci\u00f3n contra el brahmanismo, evitando el \u00e9nfasis del brahmanismo en la casta y el dogma sobre el sacrificio y el ritual. Al mismo tiempo, modific\u00f3 los conceptos brahm\u00e1nicos del karma y el renacimiento.<br>\nEn pocas palabras, el budismo ense\u00f1a que la vida de uno no comienza con el nacimiento y termina con la muerte, sino es un eslab\u00f3n en una cadena de vida, cada uno condicionado por los actos volitivos [karma] cometidos en vidas anteriores. El concepto del karma, la ley de causa y efecto, sugiere que el ego\u00edsmo y el antojo traen como resultado el sufrimiento. Por el contrario, la compasi\u00f3n y el amor \u00a0traen la felicidad y el bienestar. Por lo tanto, s\u00f3lo mediante la eliminaci\u00f3n del deseo se puede encontrar la paz de la mente. La aspiraci\u00f3n budista ideal es llegar a la perfecci\u00f3n a trav\u00e9s de Nirvana [Nibbhana], un indescriptible, inmutable estado condicionado por el deseo, el sufrimiento, o m\u00e1s all\u00e1 del renacimiento, en el que una persona simplemente es, sin embargo, se completa con su entorno. Despu\u00e9s de su introducci\u00f3n en Tailandia, el budismo ha conseguido una gran aceptaci\u00f3n debido a su \u00e9nfasis en la tolerancia y la iniciativa individual complementa la sensaci\u00f3n de los\u00a0tailandeses \u201cde la libertad interior. Fundamentalmente, el budismo es una forma emp\u00edrica de la vida. Libre de dogma, es un marco moral flexible, \u00e9tico y filos\u00f3fico en el que la gente encuentra espacio para forjar su propia salvaci\u00f3n.<br>\nEl Rey Ramkhamhaeng de Sukhothai [1275-1317 dC], estableci\u00f3 el budismo Theravada como la religi\u00f3n dominante de Tailandia. Alcanz\u00f3 su apogeo bajo el reinado del nieto del rey Ramkhamhaeng, el rey Li Thai [1347-1368 dC], cuando cerca de 30 vol\u00famenes de las escrituras budistas fueron estudiadas y rescritas por el rey en un solo volumen, el Tribhumikatha, un tratado sobre la cosmolog\u00eda budista y los tres planos de la existencia, sensual, corporal, e incorporales. No solo fue este el primer tratado budista por un tailand\u00e9s, pero tambi\u00e9n fue el primer conocido budismo tailand\u00e9s y obra literaria did\u00e1ctica. El impacto de la Tribhumikatha en el arte religioso, tales como pinturas murales se pueden ver hoy en muchos monasterios en diversas provincias. A trav\u00e9s de los siglos el budismo ha sido la principal fuerza impulsora en el desarrollo cultural de Tailandia. Gran parte del arte cl\u00e1sico tailand\u00e9s, en particular, la arquitectura, la escultura, la pintura y la literatura es principalmente arte budista. Entonces, como ahora, el budismo colorea la vida cotidiana de Tailandia.<br>\nAunque el budismo se convirti\u00f3 en la principal religi\u00f3n del Estado, los tailandeses siempre estuvieron suscritos con el ideal de la libertad religiosa. Las constituciones de Tailandia han estipulado que los reyes de Tailandia deben ser budistas, pero los monarcas son invariablemente titulados \u201cdefensores de todas las religiones\u201d. En consecuencia, el gobierno, a trav\u00e9s del Departamento de Asuntos Religiosos, anualmente asigna fondos para financiar la educaci\u00f3n religiosa y construir, mantener y restablecer monasterios, mezquitas e iglesias.<br>\nEn la actualidad, Tailandia es el lugar de la sede de la Asociaci\u00f3n Mundial de Budistas (WFB), una organizaci\u00f3n budista internacional compuesto por 98 centros regionales en 37 pa\u00edses que promueve la coordinaci\u00f3n y cooperaci\u00f3n para mejorar el budismo en todo el mundo.<\/p>\n<p><b>Musulmanes:<\/b><\/p>\n<p>Los musulmanes constituyen la mayor minor\u00eda religiosa de Tailandia y se concentran principalmente en las provincias m\u00e1s meridionales de Narathiwat, Pattani, Yala y Satun. Isalam se dice que se introdujo por la pen\u00ednsula Malaya por los comerciantes \u00e1rabes y aventureros en el siglo 13. La mayor\u00eda de los tailandeses musulmanes son de origen malayo, reflejando el patrimonio cultural com\u00fan que las provincias m\u00e1s meridionales de Tailandia comparten con Malasia.<br>\n99% sunita, y el 1% chi\u00edtas, los musulmanes tailandeses cuentan con el apoyo inspirador y financiero de Su Majestad el Rey, que le proporcionaron el dinero para traducir el Cor\u00e1n al tailand\u00e9s. Cada a\u00f1o, el Rey o su representante tambi\u00e9n presiden durante las celebraciones para conmemorar el cumplea\u00f1os del Profeta Muhamand. Por otra parte, Su Majestad nombra a un respetado l\u00edder religioso musulm\u00e1n como Chularajamontri, o el consejero de Estado de todos los asuntos isl\u00e1micos. El gobierno tambi\u00e9n proporciona fondos para la construcci\u00f3n y renovaci\u00f3n de mezquitas.<br>\nEn algunas provincias del sur, donde la poblaci\u00f3n musulmana es sustancial, los empleados musulmanes en el gobierno se les permiten salir por importantes festivales musulmanes y se les permite trabajar media jornada el viernes, d\u00eda sagrado musulm\u00e1n. En provincias de familia y la herencia son juzgados seg\u00fan la ley cor\u00e1nica con un juez de religi\u00f3n musulm\u00e1n, o cad\u00ed, sentado en el banco. Adem\u00e1s, una de cada cuatro meses se le da el sueldo completo para permitir que un empleado haga el Haj, el peregrinaje a La Meca.<br>\nHay aproximadamente 2.000 mezquitas en Tailandia, unos 100 de ellos en Bangkok. Unas 200 escuelas musulmanas ofrecen seculares, as\u00ed como la instrucci\u00f3n religiosa. Con todo, los musulmanes de Tailandia cuentancon el apoyo del estado completa y quedan libres para ense\u00f1ar y practicar su religi\u00f3n de acuerdo con sus propios principios.<\/p>\n<p><b>Cristianismo<\/b><\/p>\n<p>El cristianismo fue introducido a Tailandia por los misioneros europeos en los siglos 16 y 17.Estos primeros misioneros cat\u00f3licos se unieron m\u00e1s tarde por los protestantes de la Iglesia Presbiteriana, Bautista, y los Adventistas del s\u00e9ptimo d\u00eda. Sus creyentes proced\u00edan de minor\u00edas \u00e9tnicas, como los inmigrantes chinos. A pesar del peque\u00f1o n\u00famero de creyentes tailandeses, los cristianos han hecho varias contribuciones importantes en los \u00e1mbitos de la salud y la educaci\u00f3n.<br>\nLa primera imprenta de Tailandia fue introducida por los cristianos, y el rey Mongkut (Rama IV) aprendi\u00f3 ingl\u00e9s y lat\u00edn de los misioneros cristianos. Aunque el Rey Mongkut supuestamente le dijo a uno de sus amigos misioneros \u201cLo que nos ense\u00f1an a hacer es admirable, pero lo que nos ense\u00f1an a creer es una tonter\u00eda\u201d, durante su vida monacal antes de ascender al trono, \u00e9l sin embargo, permiti\u00f3 a los misioneros cristianos dar conferencias, incluso \u00e9l mismo se hizo la primera vacunaci\u00f3n contra la viruela, entren\u00f3 a los primeros m\u00e9dicos en la medicina occidental, y escribi\u00f3 los primeros diccionarios Ingl\u00e9s-tailand\u00e9s<\/p>\n<p><b>Hind\u00faes y Sikhs<\/b><\/p>\n<p>Los aproximadamente 20.000 indios residentes en Tailandia se dividen casi por igual entre hind\u00faes y sikhs. La comunidad hind\u00fa se concentra sobre todo en Bangkok, donde se rinde culto en los cuatro principales templos hind\u00faes. Tambi\u00e9n hay varios santuarios Brahman en los que los cultos hind\u00faes y budistas son por igual. Los hind\u00faes operan su propia escuela en donde el plan de estudios se basa sobre el sistema educativo tailand\u00e9s, aunque adem\u00e1s para los tailandeses se ense\u00f1a hindi, s\u00e1nscrito, e ingl\u00e9s.<br>\nLos sikhs, tambi\u00e9n se concentran principalmente en Bangkok. Dividido en dos sectas, adoran a dos templos diferentes. En conjunto, los sikhs operan una escuela gratis para ni\u00f1os pobres, sin distinci\u00f3n de casta, credo o religi\u00f3n, y a trav\u00e9s de varias asociaciones caritativas ellos apoyan a los ancianos y los enfermos.<br>\nLos hind\u00faes y los sikhs, aunque pertenecientes a grupos m\u00e1s peque\u00f1os, disfrutan de plenos derechos y de libertad religiosa y viven con la misma felicidad que gozan los grandes grupos en este reino de la tolerancia y la libertad tailandesa.[\/vc_column_text][vc_empty_space][\/vc_column][\/vc_row]<\/p>\n<\/body><\/div>","protected":false},"excerpt":{"rendered":"<p>[vc_row][vc_column width=\u201d1\/3\u2033][vc_single_image image=\u201d3786\u2033 img_size=\u201d250\u00d7188\u2033 alignment=\u201dcenter\u201d style=\u201dvc_box_border\u201d][vc_column_text][\/vc_column_text][\/vc_column][vc_column width=\u201d1\/3\u2033][vc_single_image image=\u201d3789\u2033 img_size=\u201d250\u00d7188\u2033 alignment=\u201dcenter\u201d style=\u201dvc_box_outline\u201d][vc_column_text][\/vc_column_text][\/vc_column][vc_column width=\u201d1\/3\u2033][vc_single_image image=\u201d3792\u2033 img_size=\u201d250\u00d7188\u2033 alignment=\u201dcenter\u201d style=\u201dvc_box_shadow_3d\u201d][vc_column_text][\/vc_column_text][\/vc_column][vc_column][vc_empty_space][\/vc_column][\/vc_row][vc_row][vc_column][vc_column_text]La religi\u00f3n es un factor inevitable en la vida del pueblo tailand\u00e9s. Hoy en d\u00eda la sociedad espiritual se compone de ingredientes dis\u00edmiles: miles de monasterios Theravada y m\u00e1s de un cuarto de mill\u00f3n de monjes, una fe en todas [&hellip;]<\/p>\n","protected":false},"author":3,"featured_media":3794,"parent":0,"menu_order":0,"comment_status":"closed","ping_status":"closed","template":"","meta":{"nf_dc_page":"","footnotes":""},"class_list":["post-2634","page","type-page","status-publish","has-post-thumbnail","hentry"],"_links":{"self":[{"href":"https:\/\/gialinhtravel.com\/espanol\/wp-json\/wp\/v2\/pages\/2634","targetHints":{"allow":["GET"]}}],"collection":[{"href":"https:\/\/gialinhtravel.com\/espanol\/wp-json\/wp\/v2\/pages"}],"about":[{"href":"https:\/\/gialinhtravel.com\/espanol\/wp-json\/wp\/v2\/types\/page"}],"author":[{"embeddable":true,"href":"https:\/\/gialinhtravel.com\/espanol\/wp-json\/wp\/v2\/users\/3"}],"replies":[{"embeddable":true,"href":"https:\/\/gialinhtravel.com\/espanol\/wp-json\/wp\/v2\/comments?post=2634"}],"version-history":[{"count":5,"href":"https:\/\/gialinhtravel.com\/espanol\/wp-json\/wp\/v2\/pages\/2634\/revisions"}],"predecessor-version":[{"id":3795,"href":"https:\/\/gialinhtravel.com\/espanol\/wp-json\/wp\/v2\/pages\/2634\/revisions\/3795"}],"wp:featuredmedia":[{"embeddable":true,"href":"https:\/\/gialinhtravel.com\/espanol\/wp-json\/wp\/v2\/media\/3794"}],"wp:attachment":[{"href":"https:\/\/gialinhtravel.com\/espanol\/wp-json\/wp\/v2\/media?parent=2634"}],"curies":[{"name":"wp","href":"https:\/\/api.w.org\/{rel}","templated":true}]}}