{"id":2625,"date":"2015-10-14T08:26:50","date_gmt":"2015-10-14T08:26:50","guid":{"rendered":"https:\/\/gialinhtravel.com\/espanol\/?page_id=2625"},"modified":"2015-11-04T06:46:53","modified_gmt":"2015-11-04T06:46:53","slug":"historia-tailandia","status":"publish","type":"page","link":"https:\/\/gialinhtravel.com\/espanol\/historia-tailandia\/","title":{"rendered":"Historia de Tailandia"},"content":{"rendered":"<div class=\"wpb-content-wrapper\"><body><p>[vc_row][vc_column width=\u201d1\/3\u2033][vc_single_image image=\u201d3734\u2033 img_size=\u201d250\u00d7188\u2033 alignment=\u201dcenter\u201d style=\u201dvc_box_border\u201d][vc_column_text][\/vc_column_text][\/vc_column][vc_column width=\u201d1\/3\u2033][vc_single_image image=\u201d3735\u2033 img_size=\u201d250\u00d7188\u2033 alignment=\u201dcenter\u201d style=\u201dvc_box_outline\u201d][vc_column_text][\/vc_column_text][\/vc_column][vc_column width=\u201d1\/3\u2033][vc_single_image image=\u201d3736\u2033 img_size=\u201d250\u00d7188\u2033 alignment=\u201dcenter\u201d style=\u201dvc_box_shadow_3d\u201d][vc_column_text][\/vc_column_text][\/vc_column][vc_column][vc_empty_space][\/vc_column][\/vc_row][vc_row][vc_column][vc_column_text]A lo largo de su historia de 800 a\u00f1os, Tailandia puede presumir la distinci\u00f3n de ser el \u00fanico pa\u00eds del\u00a0sudeste asi\u00e1tico que nunca ha sido colonizado. Su historia se divide en cinco grandes per\u00edodos<\/p>\n<p><strong>Nanchao Per\u00edodo (650-1250 despu\u00e9s de Cristo.)<\/strong><\/p>\n<p>El pueblo tailand\u00e9s fund\u00f3 su reino en la parte sureste de China, que es Yunnan, Kuangs\u00ed y hoy Cant\u00f3n. Un gran n\u00famero de personas emigraron al sur hasta la cuenca del Chao Phraya y se instalaron en la Llanura Central bajo la soberan\u00eda del Imperio Jemer, cuya cultura probablemente aceptaron. El pueblo tailand\u00e9s fund\u00f3 su Estado independiente de Sukhothai alrededor de 1238 AD, que marca el inicio del per\u00edodo Sukhothai<\/p>\n<p><strong>Per\u00edodo de Sukhothai (1238-1378 despu\u00e9s de Cristo.)<\/strong><\/p>\n<p>Los tailandeses comenzaron a emerger como una fuerza dominante en la regi\u00f3n en el siglo 13, poco a poco afirmaron la independencia de los actuales reinos khmer y Mon. Llamado por sus gobernantes \u201cla aurora de la felicidad\u201d, esto a menudo se considera la \u00e9poca dorada de la historia de Tailandia, un ideal estado de Tailandia en una tierra de abundancia gobernados por reyes paternales y ben\u00e9volos, el m\u00e1s famoso de los cuales era el rey Ramkamhaeng El Grande. Sin embargo, en 1350, el estado m\u00e1s poderoso de Ayutthaya ejerci\u00f3 su influencia sobre Sukhothai.<\/p>\n<p><strong>Per\u00edodo de Ayutthaya (1350-1767)<\/strong><\/p>\n<p>Los reyes de Ayutthaya adoptaron influencias culturales khmer desde el principio. Ya no eran m\u00e1s los gobernantes paternales y accesibles que los reyes de Sukhothai hab\u00edan sido, los soberanos de Ayutthaya fueron monarcas absolutos y asumieron el t\u00edtulo Devaraja (dios-rey). La primera parte de este per\u00edodo vio a Ayutthaya extender su soberan\u00eda sobre los principados vecinos de Tailandia y entraron en conflicto con sus vecinos. Durante el siglo 17, Siam comenz\u00f3 a las relaciones diplom\u00e1ticas y comerciales con los pa\u00edses occidentales. En 1767, una invasi\u00f3n de Birmania logr\u00f3 capturar a Ayutthaya. A pesar de su aplastante victoria, los birmanos no mantuvieron el control de Siam por mucho tiempo. Un general joven llamado Phya Taksin y sus seguidores rompieron a los birmanos y se escap\u00f3 a Chantaburi. Siete meses despu\u00e9s de la ca\u00edda de Ayutthaya, \u00e9l y sus fuerzas regresaban a la capital y expulsaron a la guarnici\u00f3n de la ocupaci\u00f3n de Birmania.<br>\n<strong>Periodo de Thon Buri (1767-1772)<\/strong><\/p>\n<p>General Taksin, como se le conoce popularmente, decidi\u00f3 trasladar la capital de Ayutthaya a un sitio cerca del mar, que facilitar\u00eda el comercio exterior, garantizar la adquisici\u00f3n de armamento, y hacer m\u00e1s f\u00e1cil la defensa y la retirada en caso de un ataque nuevamente de Birmania. \u00c9l estableci\u00f3 su nueva capital en Thon Buri en la orilla oeste del r\u00edo Chao Phraya. El dominio de Taksin no fue f\u00e1cil. La falta de autoridad central desde la ca\u00edda de Ayutthaya llev\u00f3 a la r\u00e1pida desintegraci\u00f3n del reino y el reinado de Taksin fue consumido reuniendo a las provincias.<\/p>\n<p><strong>Periodo de Rattanakosin (1782 \u2013 Presente)<\/strong><\/p>\n<p>Tras la muerte de Taksin, el general Chakri se convirti\u00f3 en el primer rey de la dinast\u00eda Chakri, Rama I, gobernante desde 1782 hasta 1809. Su primera acci\u00f3n como rey fue la transferencia de la capital real a trav\u00e9s del r\u00edo de Thon Buri a Bangkok y construir el Gran Palacio. Rama II (1809-1824) continu\u00f3 la restauraci\u00f3n iniciada por su predecesor. Rey Nang Klao, Rama III (1824-1851) volvi\u00f3 a abrir las relaciones con las naciones occidentales desarrolladas y el comercio con China. Rey Mongkut, Rama IV (1851-1868) de \u201cEl rey y yo\u201d, concluy\u00f3 tratados con los pa\u00edses europeos, evit\u00f3 la colonizaci\u00f3n y estableci\u00f3 la Tailandia moderna. \u00c9l hizo muchas reformas econ\u00f3micas y sociales durante su reinado.<br>\nRey Chulalongkorn, Rama V (1869-1910) continu\u00f3 la tradici\u00f3n de su padre de la reforma, que abol\u00eda la esclavitud y la mejora del bienestar p\u00fablico y el sistema administrativo. La educaci\u00f3n obligatoria y otras reformas educativas fueron introducidas por el rey Vajiravudh, Rama VI (1910-1925). Durante el reinado del rey Prajadhipok (1925-1935), Tailandia pas\u00f3 de una monarqu\u00eda absoluta a una monarqu\u00eda constitucional. El rey abdic\u00f3 en 1933 y fue sucedido por su sobrino, el rey Ananda Mahidol (1935-1946). El nombre del pa\u00eds fue cambiado de Siam a Tailandia con el advenimiento de un gobierno democr\u00e1tico en 1939. El actual monarca, el rey Bhumibol Adulyadej, es el rey Rama IX, de la dinast\u00eda Chakri, que ha reinado durante m\u00e1s de medio siglo, convirti\u00e9ndose en el m\u00e1s largo reinante monarca tailand\u00e9s.[\/vc_column_text][vc_empty_space][\/vc_column][\/vc_row]<\/p>\n<\/body><\/div>","protected":false},"excerpt":{"rendered":"<p>[vc_row][vc_column width=\u201d1\/3\u2033][vc_single_image image=\u201d3734\u2033 img_size=\u201d250\u00d7188\u2033 alignment=\u201dcenter\u201d style=\u201dvc_box_border\u201d][vc_column_text][\/vc_column_text][\/vc_column][vc_column width=\u201d1\/3\u2033][vc_single_image image=\u201d3735\u2033 img_size=\u201d250\u00d7188\u2033 alignment=\u201dcenter\u201d style=\u201dvc_box_outline\u201d][vc_column_text][\/vc_column_text][\/vc_column][vc_column width=\u201d1\/3\u2033][vc_single_image image=\u201d3736\u2033 img_size=\u201d250\u00d7188\u2033 alignment=\u201dcenter\u201d style=\u201dvc_box_shadow_3d\u201d][vc_column_text][\/vc_column_text][\/vc_column][vc_column][vc_empty_space][\/vc_column][\/vc_row][vc_row][vc_column][vc_column_text]A lo largo de su historia de 800 a\u00f1os, Tailandia puede presumir la distinci\u00f3n de ser el \u00fanico pa\u00eds del\u00a0sudeste asi\u00e1tico que nunca ha sido colonizado. Su historia se divide en cinco grandes per\u00edodos Nanchao Per\u00edodo (650-1250 despu\u00e9s de Cristo.) [&hellip;]<\/p>\n","protected":false},"author":3,"featured_media":3737,"parent":0,"menu_order":0,"comment_status":"closed","ping_status":"closed","template":"","meta":{"nf_dc_page":"","footnotes":""},"class_list":["post-2625","page","type-page","status-publish","has-post-thumbnail","hentry"],"_links":{"self":[{"href":"https:\/\/gialinhtravel.com\/espanol\/wp-json\/wp\/v2\/pages\/2625","targetHints":{"allow":["GET"]}}],"collection":[{"href":"https:\/\/gialinhtravel.com\/espanol\/wp-json\/wp\/v2\/pages"}],"about":[{"href":"https:\/\/gialinhtravel.com\/espanol\/wp-json\/wp\/v2\/types\/page"}],"author":[{"embeddable":true,"href":"https:\/\/gialinhtravel.com\/espanol\/wp-json\/wp\/v2\/users\/3"}],"replies":[{"embeddable":true,"href":"https:\/\/gialinhtravel.com\/espanol\/wp-json\/wp\/v2\/comments?post=2625"}],"version-history":[{"count":5,"href":"https:\/\/gialinhtravel.com\/espanol\/wp-json\/wp\/v2\/pages\/2625\/revisions"}],"predecessor-version":[{"id":3733,"href":"https:\/\/gialinhtravel.com\/espanol\/wp-json\/wp\/v2\/pages\/2625\/revisions\/3733"}],"wp:featuredmedia":[{"embeddable":true,"href":"https:\/\/gialinhtravel.com\/espanol\/wp-json\/wp\/v2\/media\/3737"}],"wp:attachment":[{"href":"https:\/\/gialinhtravel.com\/espanol\/wp-json\/wp\/v2\/media?parent=2625"}],"curies":[{"name":"wp","href":"https:\/\/api.w.org\/{rel}","templated":true}]}}