{"id":2617,"date":"2015-10-14T08:23:48","date_gmt":"2015-10-14T08:23:48","guid":{"rendered":"https:\/\/gialinhtravel.com\/espanol\/?page_id=2617"},"modified":"2015-11-04T05:01:13","modified_gmt":"2015-11-04T05:01:13","slug":"tailandia-geografia","status":"publish","type":"page","link":"https:\/\/gialinhtravel.com\/espanol\/tailandia-geografia\/","title":{"rendered":"Tailandia Geograf\u00eda"},"content":{"rendered":"<div class=\"wpb-content-wrapper\"><body><p><\/p>[vc_row][vc_column width=\u201d1\/3\u2033][vc_single_image image=\u201d3721\u2033 img_size=\u201d250\u00d7188\u2033 alignment=\u201dcenter\u201d style=\u201dvc_box_border\u201d][vc_column_text][\/vc_column_text][\/vc_column][vc_column width=\u201d1\/3\u2033][vc_single_image image=\u201d3722\u2033 img_size=\u201d250\u00d7188\u2033 alignment=\u201dcenter\u201d style=\u201dvc_box_outline\u201d][vc_column_text][\/vc_column_text][\/vc_column][vc_column width=\u201d1\/3\u2033][vc_single_image image=\u201d3723\u2033 img_size=\u201d250\u00d7188\u2033 alignment=\u201dcenter\u201d style=\u201dvc_box_shadow_3d\u201d][vc_column_text][\/vc_column_text][\/vc_column][vc_column][vc_empty_space][\/vc_column][\/vc_row][vc_row][vc_column][vc_column_text]El Reino de Tailandia, antes conocido como Siam, est\u00e1 situado en el coraz\u00f3n del sudeste asi\u00e1<img decoding=\"async\" src=\"http:\/\/www.viaje-tailandia.com\/anh_optimised\/Thailand\/overview\/geography2.jpg\" alt=\"Geograf\u00eda de Tailandia\" width=\"250\" height=\"282\" align=\"right\" border=\"1\" hspace=\"3\" vspace=\"3\" loading=\"lazy\">tico con Bangkok como la ciudad capital. Comparte una frontera con Camboya al este, Laos al noreste, Myanmar al oeste, y Malasia al sur. Tailandia, con su forma se asemeja a una cabeza de elefante, tiene alrededor de 198.114 millas cuadradas, aproximadamente el tama\u00f1o del estado de Texas.<br>\nTailandia, aunque rica en caucho y en recursos minerales, nunca fue colonizada por los europeos y ha existido como una monarqu\u00eda unificada desde 1350. La capital, Bangkok, una interesante combinaci\u00f3n de arquitectura tailandesa y occidental, se estableci\u00f3 en 1782.<br>\nTailandia tiene una superficie de 513.115 kil\u00f3metros cuadrados, del Norte 5 \u00b0 30 a 21 \u00b0 y del este 97 \u00b0 30 \u00a0a 105 \u00b0 30 \u00a8, y se extiende unos 2.500 kil\u00f3metros de norte a sur y 1.250 km de este a oeste, con un litoral de aproximadamente 1.840 kil\u00f3metros en el Golfo de Tailandia y 865 kil\u00f3metros a lo largo del Oc\u00e9ano \u00cdndico.<br>\nTailandia se divide en cuatro regiones naturales: el norte, noreste, la meseta central y el sur.\n<p><strong>1. El norte de Tailandia<\/strong><\/p>\n<p>El Norte es una regi\u00f3n monta\u00f1osa que comprende bosques naturales, cadenas monta\u00f1osas profundas, y estrechos valles aluviales.<br>\nUna zona monta\u00f1osa donde las temperaturas de invierno son lo suficientemente fr\u00eda como para permitir el cultivo de frutas de clima templado, como manzanas, fresas y melocotones, el Norte ofrece al turista una alternativa agradable a las brillantes luces de Bangkok y las playas del sur y el Golfo de Tailandia.<br>\nChiang Mai es la ciudad m\u00e1s importante del Norte. Tambi\u00e9n se llama \u201cRosa del Norte\u201d, Chiang Mai es el punto focal de las comunidades agr\u00edcolas locales con un floreciente mercado. Es tambi\u00e9n un destino tur\u00edstico popular visitado por los tailandeses y turistas extranjeros que disfrutan del ritmo lento de la vida en la ciudad, sus muchos templos antiguos, y sus diversas industrias artesanales que se concentran generalmente en las aldeas en las afueras de la ciudad. Los paraguas, objetos de plata, \u00a0tallados en madera y seda son algunos de los m\u00e1s conocidos productos de Chiang Mai.<br>\nEn los bosques del norte, los visitantes pueden ver los campos de entrenamiento de elefantes (estas enormes bestias todav\u00eda se utilizan en los bosques de teca), as\u00ed como las tribus n\u00f3madas de colores que todav\u00eda vagan en este rinc\u00f3n de Tailandia. Tambi\u00e9n hay oportunidades para montar en balsa y para el excursionismo.<br>\nEl norte, durante siglos un reino independiente y el centro de la cultura y la religi\u00f3n, est\u00e1 salpicado de muchos lugares hist\u00f3ricos y monumentos hist\u00f3ricos, entre ellos el Parque Hist\u00f3rico de Sukhothai, el Santuario de Doi Suthep en Chiang Mai, y la imagen de Buda Phra Chinarat en Phitsanulok. Los norte\u00f1os celebran festivales como el Songkran\u00a0[el tradicional A\u00f1o Nuevo tailand\u00e9s] y Phao Thien Len Fai, por citar s\u00f3lo dos.<br>\nEl norte es tambi\u00e9n el hogar de un mosaico de tribus en la colina como los Musers, Yao, Meo, E-ch\u00e1, y Karen, que cada uno posee su propia cultura y modo de vida.<br>\nLos norte\u00f1os de tierras bajas se conocen como un pueblo amable y hospitalario. Adem\u00e1s, la regi\u00f3n est\u00e1 llena de muchas atracciones naturales como el paisaje de monta\u00f1as, cascadas, cuevas y lagos. Otras atracciones incluyen la caza de gangas para las artesan\u00edas locales y tribales en los bazares y los mercados, mientras que en las grandes ciudades la diversi\u00f3n nocturna al estilo occidental est\u00e1 ampliamente disponible.<\/p>\n<p><strong>2. La llanura central de Tailandia<\/strong><\/p>\n<p>Tailandia Central, la cuenca del r\u00edo Chao Phraya, es un valle exuberante y f\u00e9rtil. Es la zona m\u00e1s rica y m\u00e1s extensa de producci\u00f3n de arroz en el pa\u00eds y con frecuencia ha sido llamado el \u201cPlato de Arroz de Asia\u201d.<br>\nEste es el coraz\u00f3n de Tailandia, la regi\u00f3n donde los tailandeses originales primero se instalaron, atra\u00eddos aqu\u00ed por la extraordinaria fertilidad que se encuentra a ambos lados del r\u00edo Chao Phraya y sus afluentes. Gran parte de la historia antigua de Tailandia se ha centrado en esta \u201ccuenca\u201d, con capitales sucesivas, Sukhothai, Ayutthaya, Thon Buri, y finalmente Bangkok, estando situada en la regi\u00f3n.<br>\n<strong>3. El noreste de Tailandia<\/strong><\/p>\n<p>La regi\u00f3n noreste, o la meseta de Korat, es una regi\u00f3n \u00e1rida que se caracteriza por una superficie\u00a0de rodadura y colinas ondulantes. Las duras condiciones clim\u00e1ticas a menudo se ven en esta regi\u00f3n, siendo sometidos a inundaciones y sequ\u00edas.<br>\nConocido tambi\u00e9n como \u201cisan\u201d el Noreste es una regi\u00f3n enorme, con m\u00e1s de 20 millones de habitantes, los cuales la mayor\u00eda se dedican a la agricultura de alg\u00fan tipo. Debido a su inaccesibilidad en el pasado, el Noreste fue capaz de desarrollar su propia versi\u00f3n de la cultura tailandesa. Esta se caracteriza por los festivales ex\u00f3ticos, danzas folkl\u00f3ricas, comidas picantes, as\u00ed como acentos y dialectos locales influenciados por vecinos de Laos y Camboya. La gente de Isan debe sus ra\u00edces a los laosianos, aunque la evidencia de los vietnamitas y las influencias Khmer abundan. Los templos Khmer que datan del siglo 12 todav\u00eda se pueden encontrar aqu\u00ed. Excavaciones recientes tambi\u00e9n sugieren que el Noreste fue el hogar de una floreciente civilizaci\u00f3n de la Edad del Bronce, hace unos 5.000 a\u00f1os. En conjunto, el Noreste es una colorida y rica cultural parte del pa\u00eds.<\/p>\n<p><strong>4. El sur de Tailandia<\/strong><\/p>\n<p>La regi\u00f3n sur es monta\u00f1osa, con espesos bosques v\u00edrgenes y ricos yacimientos de minerales.\u00a0Esta regi\u00f3n es el centro para la producci\u00f3n de caucho y el cultivo de otros cultivos tropicales.<br>\nAparte de ser geogr\u00e1ficamente diferente al resto de Tailandia, con sus espesas selvas, monta\u00f1as de forma espectacular y un sinn\u00famero de bellas islas, el sur tiene sus propias caracter\u00edsticas econ\u00f3micas, \u00e9tnicas y pol\u00edticas.<br>\nEl sur, que est\u00e1 flanqueado por dos lados por el mar de Andaman y el Golfo de Tailandia, est\u00e1 bordeado de playas de arena e islas rodeadas de palmeras, situadas cerca de la costa. Algunas de las mejores playas del pa\u00eds se encuentran en Phuket, Samui y las islas en la Bah\u00eda de Phangnga, mientras que el interior son paisajes de monta\u00f1a, cuevas, cascadas, selvas tropicales y h\u00famedas. La regi\u00f3n fue una vez parte del poderoso Imperio Srivijaya y muchas ruinas importantes que datan de ese per\u00edodo han sido descubiertos, como el Wat Maha Chedi That en Nakorn Si Thamarat, con m\u00e1s de mil a\u00f1os de antig\u00fcedad.<br>\nEl sur es rico en cultura y festivales como el de Chak Phra y el festival del D\u00e9cimo Mes. \u00danico en la regi\u00f3n es el deporte de los toros, mientras que los productos locales de inter\u00e9s incluyen ornamentos hechos con conchas de mar, ostras de perlas y telas tejidas a mano.<br>\nLa riqueza del sur se ha basado durante siglos en su industria del caucho y esta\u00f1o. Esto est\u00e1 cambiando con la llegada del turismo, es ahora la regi\u00f3n de m\u00e1s r\u00e1pido crecimiento tur\u00edstico en Tailandia. Esto se lanza encabezado por la isla de Phuket, ahora un destino tur\u00edstico internacional, con lugares como Koh Samui, Krabi, Hatyai y Songkla jugando papeles secundarios.[\/vc_column_text][vc_empty_space][\/vc_column][\/vc_row]<\/p>\n<\/body><\/div>","protected":false},"excerpt":{"rendered":"<p>[vc_row][vc_column width=\u201d1\/3\u2033][vc_single_image image=\u201d3721\u2033 img_size=\u201d250\u00d7188\u2033 alignment=\u201dcenter\u201d style=\u201dvc_box_border\u201d][vc_column_text][\/vc_column_text][\/vc_column][vc_column width=\u201d1\/3\u2033][vc_single_image image=\u201d3722\u2033 img_size=\u201d250\u00d7188\u2033 alignment=\u201dcenter\u201d style=\u201dvc_box_outline\u201d][vc_column_text][\/vc_column_text][\/vc_column][vc_column width=\u201d1\/3\u2033][vc_single_image image=\u201d3723\u2033 img_size=\u201d250\u00d7188\u2033 alignment=\u201dcenter\u201d style=\u201dvc_box_shadow_3d\u201d][vc_column_text][\/vc_column_text][\/vc_column][vc_column][vc_empty_space][\/vc_column][\/vc_row][vc_row][vc_column][vc_column_text]El Reino de Tailandia, antes conocido como Siam, est\u00e1 situado en el coraz\u00f3n del sudeste asi\u00e1tico con Bangkok como la ciudad capital. Comparte una frontera con Camboya al este, Laos al noreste, Myanmar al oeste, y Malasia al sur. Tailandia, [&hellip;]<\/p>\n","protected":false},"author":3,"featured_media":3724,"parent":0,"menu_order":0,"comment_status":"closed","ping_status":"closed","template":"","meta":{"nf_dc_page":"","footnotes":""},"class_list":["post-2617","page","type-page","status-publish","has-post-thumbnail","hentry"],"_links":{"self":[{"href":"https:\/\/gialinhtravel.com\/espanol\/wp-json\/wp\/v2\/pages\/2617","targetHints":{"allow":["GET"]}}],"collection":[{"href":"https:\/\/gialinhtravel.com\/espanol\/wp-json\/wp\/v2\/pages"}],"about":[{"href":"https:\/\/gialinhtravel.com\/espanol\/wp-json\/wp\/v2\/types\/page"}],"author":[{"embeddable":true,"href":"https:\/\/gialinhtravel.com\/espanol\/wp-json\/wp\/v2\/users\/3"}],"replies":[{"embeddable":true,"href":"https:\/\/gialinhtravel.com\/espanol\/wp-json\/wp\/v2\/comments?post=2617"}],"version-history":[{"count":5,"href":"https:\/\/gialinhtravel.com\/espanol\/wp-json\/wp\/v2\/pages\/2617\/revisions"}],"predecessor-version":[{"id":3725,"href":"https:\/\/gialinhtravel.com\/espanol\/wp-json\/wp\/v2\/pages\/2617\/revisions\/3725"}],"wp:featuredmedia":[{"embeddable":true,"href":"https:\/\/gialinhtravel.com\/espanol\/wp-json\/wp\/v2\/media\/3724"}],"wp:attachment":[{"href":"https:\/\/gialinhtravel.com\/espanol\/wp-json\/wp\/v2\/media?parent=2617"}],"curies":[{"name":"wp","href":"https:\/\/api.w.org\/{rel}","templated":true}]}}