{"id":2613,"date":"2015-10-14T08:22:26","date_gmt":"2015-10-14T08:22:26","guid":{"rendered":"https:\/\/gialinhtravel.com\/espanol\/?page_id=2613"},"modified":"2015-11-04T04:40:27","modified_gmt":"2015-11-04T04:40:27","slug":"tailandia-arquitectura","status":"publish","type":"page","link":"https:\/\/gialinhtravel.com\/espanol\/tailandia-arquitectura\/","title":{"rendered":"Tailandia Arquitectura"},"content":{"rendered":"<div class=\"wpb-content-wrapper\"><body><p>[vc_row][vc_column width=\u201d1\/3\u2033][vc_single_image image=\u201d3709\u2033 img_size=\u201d250\u00d7188\u2033 alignment=\u201dcenter\u201d style=\u201dvc_box_border\u201d][vc_column_text][\/vc_column_text][\/vc_column][vc_column width=\u201d1\/3\u2033][vc_single_image image=\u201d3711\u2033 img_size=\u201d250\u00d7188\u2033 alignment=\u201dcenter\u201d style=\u201dvc_box_outline\u201d][vc_column_text][\/vc_column_text][\/vc_column][vc_column width=\u201d1\/3\u2033][vc_single_image image=\u201d3713\u2033 img_size=\u201d250\u00d7188\u2033 alignment=\u201dcenter\u201d style=\u201dvc_box_shadow_3d\u201d][vc_column_text][\/vc_column_text][\/vc_column][vc_column][vc_empty_space][\/vc_column][\/vc_row][vc_row][vc_column][vc_column_text]Admitiendo los indios, khmer, y otras influencias externas, los arquitectos budistas tailandeses desarrollaron sus propios estilos distintivos de altos techos y torres de varios niveles alt\u00edsimos esforz\u00e1ndome por alcanzar el cielo. Armoniosamente combinando dos elementos aparentemente parad\u00f3jicos, la extravagancia y la serenidad, el estilo refleja perfectamente el alma de Tailandia. Aunque la mayor\u00eda de los primeros edificios tailandeses eran de madera y desaparecieron hace tiempo, se llevaron con ellos los principios de arquitectura, seg\u00fan la cual fueron construidos, a pesar de esto una historia de desarrollo de la arquitectura tailandesa todav\u00eda se puede rastrear a trav\u00e9s de sobrevivientes templos de piedra.<br>\nLos primeros monumentos Sukhothai fueron fuertemente influenciados por khmer. A la manera de khmer, piedras areniscas fueron utilizadas para formar partes de las puertas, dinteles y ventanas rectangulares. Alrededor del siglo 12, el ladrillo sustituye la arenisca como material de construcci\u00f3n favorecido. Los ladrillos se colocaron cuidadosamente sin mortero, atados con pegamento vegetal, y luego enfundado en piedra tallada. M\u00e1s tarde, los arquitectos utilizaron estuco, arena, cal, y la mezcla de pegamento reforzado por una armadura de terracota, para cubrir las paredes de ladrillo. En el denso forestal al norte , la madera se emple\u00f3 en la construcci\u00f3n del templo y los artesanos alcanzaron una gran habilidad en el tallado de elementos decorativos.<br>\nLa influencia china tambi\u00e9n se puede ver en la decoraci\u00f3n ornamental, sobre todo el uso de fragmentos de porcelana en varios colores y adornos que proporcionan a la m\u00e1s fina arquitectura tailandesa su efecto armonioso y policromado. Este arte alcanz\u00f3 su mayor expresi\u00f3n durante la primera mitad del siglo 19.<br>\nLos materiales como por ejemplo piezas de mosaico de vidrio destacaron hastiales y pilares, as\u00ed como de madera y figuras de estuco, y otras t\u00e9cnicas decorativas utilizaron laca, dorado, incrustaciones de madre perla, l\u00e1minas de oro, y los fragmentos de porcelana para obtener el efecto deseado de brillante elegancia.<br>\nLa arquitectura budista m\u00e1s espectacular se ve en el Wat Phra Kaeo de Bangkok (Templo del Buda de Esmeralda), que contiene la m\u00e1s exquisita talla y decoraci\u00f3n por cent\u00edmetro cuadrado que cualquier otro sitio comparable en el mundo. Dentro del recinto del templo, casi cada superficie est\u00e1 cubierta con una decoraci\u00f3n inspirada. Con la incorporaci\u00f3n de tantos colores y materiales, el complejo es una cerca psicod\u00e9lica todav\u00eda unificado de muchos pisos de ocre, con techos de tejas azul, naranja, y verde, los dragones imponentes con colmillos mirando un Chedi de oro al estilo Ayutthaya, prangs de m\u00e1rmol, no tiene precio las puertas incrustadas con madre perlas, los leones de bronce, Garudas dorados, estatuas chinas y el peque\u00f1o tintineo de campanas de bronce con el viento suspendidas de los aleros lacado de color escarlata y oro, y es ante todo, el ideal de Tailandia de un complejo h\u00e1bilmente dispuesto impartiendo reverencia y serenidad.<br>\nEl Wat Benchamabophit de Bangkok (el templo de m\u00e1rmol) es reconocido como el ejemplo m\u00e1s impresionante de la arquitectura budista tailand\u00e9s moderna. Construido en 1899 por el rey Chulalongkorn, el templo est\u00e1 construido de m\u00e1rmol blanco de Italia y coronado por m\u00faltiples niveles de tejados naranja<br>\nAdem\u00e1s de las estructuras religiosas, un distintivo estilo tailand\u00e9s de la arquitectura dom\u00e9stica tambi\u00e9n ha evolucionado, empleando paneles prefabricados colgados en un marco de pilares robustos y el uso de clavijas de madera en lugar de clavos para la uni\u00f3n. Varias formas desarrolladas en diferentes regiones del pa\u00eds, tal vez el m\u00e1s conocido es el estilo llanura central con sus tejados escarpados, sus barcos decorativamente tallados, y sus paredes ligeramente inclinadas hacia adentro que le dan un sentido memorables de gracia y elegancia.<br>\nLa arquitectura tradicional tailandesa disminuy\u00f3 alrededor de 1900 cuando los edificios eran cada vez m\u00e1s a los estilos europeos. Los artesanos al viejo estilo y constructores que trabajaron en templos, palacios y casas tradicionales descubrieron que los gustos imperantes les exig\u00edan dominar las t\u00e9cnicas occidentales y la construcci\u00f3n de los edificios cl\u00e1sicos casi ces\u00f3, especialmente en la capital. Desde finales de 1940 la influencia europea creci\u00f3 r\u00e1pidamente y arquitectos locales asumieron con entusiasmo los conceptos de estos pioneros occidentales como Frank Lloyd Wright y Mies Van der Rohe.<br>\nAl igual que otras formas de arte en la d\u00e9cada de 1990, la arquitectura tailandesa se ha visto revolucionada por los nuevos materiales industriales y por el ejemplo del funcionalismo puro de las m\u00e1quinas. Los arquitectos tailandeses modernos parecen guiarse por los principios occidentales de la estructura, el plan, y el funcionalismo, de modo que sus obras se parecen a las que se ve en cualquier ciudad grande del mundo, reflejando no s\u00f3lo el gusto individual, sino tambi\u00e9n aspectos tales como los reglamentos de zonificaci\u00f3n, la ecolog\u00eda, y el consumo de energ\u00eda.[\/vc_column_text][vc_empty_space][\/vc_column][\/vc_row]<\/p>\n<\/body><\/div>","protected":false},"excerpt":{"rendered":"<p>[vc_row][vc_column width=\u201d1\/3\u2033][vc_single_image image=\u201d3709\u2033 img_size=\u201d250\u00d7188\u2033 alignment=\u201dcenter\u201d style=\u201dvc_box_border\u201d][vc_column_text][\/vc_column_text][\/vc_column][vc_column width=\u201d1\/3\u2033][vc_single_image image=\u201d3711\u2033 img_size=\u201d250\u00d7188\u2033 alignment=\u201dcenter\u201d style=\u201dvc_box_outline\u201d][vc_column_text][\/vc_column_text][\/vc_column][vc_column width=\u201d1\/3\u2033][vc_single_image image=\u201d3713\u2033 img_size=\u201d250\u00d7188\u2033 alignment=\u201dcenter\u201d style=\u201dvc_box_shadow_3d\u201d][vc_column_text][\/vc_column_text][\/vc_column][vc_column][vc_empty_space][\/vc_column][\/vc_row][vc_row][vc_column][vc_column_text]Admitiendo los indios, khmer, y otras influencias externas, los arquitectos budistas tailandeses desarrollaron sus propios estilos distintivos de altos techos y torres de varios niveles alt\u00edsimos esforz\u00e1ndome por alcanzar el cielo. Armoniosamente combinando dos elementos aparentemente parad\u00f3jicos, la extravagancia y [&hellip;]<\/p>\n","protected":false},"author":3,"featured_media":3714,"parent":0,"menu_order":0,"comment_status":"closed","ping_status":"closed","template":"","meta":{"nf_dc_page":"","footnotes":""},"class_list":["post-2613","page","type-page","status-publish","has-post-thumbnail","hentry"],"_links":{"self":[{"href":"https:\/\/gialinhtravel.com\/espanol\/wp-json\/wp\/v2\/pages\/2613","targetHints":{"allow":["GET"]}}],"collection":[{"href":"https:\/\/gialinhtravel.com\/espanol\/wp-json\/wp\/v2\/pages"}],"about":[{"href":"https:\/\/gialinhtravel.com\/espanol\/wp-json\/wp\/v2\/types\/page"}],"author":[{"embeddable":true,"href":"https:\/\/gialinhtravel.com\/espanol\/wp-json\/wp\/v2\/users\/3"}],"replies":[{"embeddable":true,"href":"https:\/\/gialinhtravel.com\/espanol\/wp-json\/wp\/v2\/comments?post=2613"}],"version-history":[{"count":5,"href":"https:\/\/gialinhtravel.com\/espanol\/wp-json\/wp\/v2\/pages\/2613\/revisions"}],"predecessor-version":[{"id":3712,"href":"https:\/\/gialinhtravel.com\/espanol\/wp-json\/wp\/v2\/pages\/2613\/revisions\/3712"}],"wp:featuredmedia":[{"embeddable":true,"href":"https:\/\/gialinhtravel.com\/espanol\/wp-json\/wp\/v2\/media\/3714"}],"wp:attachment":[{"href":"https:\/\/gialinhtravel.com\/espanol\/wp-json\/wp\/v2\/media?parent=2613"}],"curies":[{"name":"wp","href":"https:\/\/api.w.org\/{rel}","templated":true}]}}