{"id":2609,"date":"2015-10-14T08:21:14","date_gmt":"2015-10-14T08:21:14","guid":{"rendered":"https:\/\/gialinhtravel.com\/espanol\/?page_id=2609"},"modified":"2015-11-04T04:30:35","modified_gmt":"2015-11-04T04:30:35","slug":"breve-introduccion","status":"publish","type":"page","link":"https:\/\/gialinhtravel.com\/espanol\/breve-introduccion\/","title":{"rendered":"Breve Introducci\u00f3n de Tailandia"},"content":{"rendered":"<div class=\"wpb-content-wrapper\"><body><p>[vc_row][vc_column width=\u201d1\/3\u2033][vc_single_image image=\u201d3698\u2033 img_size=\u201d250\u00d7188\u2033 alignment=\u201dcenter\u201d style=\u201dvc_box_border\u201d][vc_column_text][\/vc_column_text][\/vc_column][vc_column width=\u201d1\/3\u2033][vc_single_image image=\u201d3700\u2033 img_size=\u201d250\u00d7188\u2033 alignment=\u201dcenter\u201d style=\u201dvc_box_outline\u201d][vc_column_text][\/vc_column_text][\/vc_column][vc_column width=\u201d1\/3\u2033][vc_single_image image=\u201d3702\u2033 img_size=\u201d250\u00d7188\u2033 alignment=\u201dcenter\u201d style=\u201dvc_box_shadow_3d\u201d][vc_column_text][\/vc_column_text][\/vc_column][vc_column][vc_empty_space][\/vc_column][\/vc_row][vc_row][vc_column][vc_column_text]El Reino de Tailandia atrae a m\u00e1s visitantes que ning\u00fan otro pa\u00eds del sudeste de Asia con su irresisible combinaci\u00f3n de belleza natural, templos inspiradores, reconocida hospitalidad, la cocina robusta y ruinas de antiguos reinos fabulosos. Pocos pa\u00edses est\u00e1n tan bien dotados.<br>\nDesde las monta\u00f1as stupa-tachonadas de Mae Hong Son y las islas de piedra caliza verde del mar de Andaman, a los clubes de baile de Bangkok que le acelerar\u00e1n el pulso y las aldeas tranquilas que se encuentran a lo largo del r\u00edo Mekong, Tailandia ofrece algo para cada tipo de viajero.<br>\nLa regi\u00f3n monta\u00f1osa del Norte, con su profusi\u00f3n de orqu\u00eddeas multicolores, fascinante artesan\u00eda nativa y las temperaturas de invierno que son lo suficientemente fr\u00edas para permitir el cultivo de frutas de clima templado como las fresas y los melocotones;<br>\nLa alta meseta del noreste, que a\u00fan guarda celosamente sus misterios arqueol\u00f3gicos y antropol\u00f3gicos;<br>\nLa Llanura Central, una de las \u00e1reas de arroz y cultivo de frutas m\u00e1s f\u00e9rtiles del mundo con la cultura tradicional y colorida forma de vida, as\u00ed como las playas de la Costa Este y vibrante cosmopolita Bangkok.<br>\nLa pen\u00ednsula del Sur es donde las playas v\u00edrgenes e id\u00edlicas islas complementan la miner\u00eda del esta\u00f1o vital para la econom\u00eda, el cultivo de caucho y la pesca.<br>\nComo cuesti\u00f3n de hecho, Tailandia es rica en una diversidad de culturas y tradiciones. Con su orgullosa historia, clima tropical y la hospitalidad de renombre, el reino es una fuente inagotable de fascinaci\u00f3n y placer para los visitantes internacionales.[\/vc_column_text][vc_empty_space][\/vc_column][\/vc_row]<\/p>\n<\/body><\/div>","protected":false},"excerpt":{"rendered":"<p>[vc_row][vc_column width=\u201d1\/3\u2033][vc_single_image image=\u201d3698\u2033 img_size=\u201d250\u00d7188\u2033 alignment=\u201dcenter\u201d style=\u201dvc_box_border\u201d][vc_column_text][\/vc_column_text][\/vc_column][vc_column width=\u201d1\/3\u2033][vc_single_image image=\u201d3700\u2033 img_size=\u201d250\u00d7188\u2033 alignment=\u201dcenter\u201d style=\u201dvc_box_outline\u201d][vc_column_text][\/vc_column_text][\/vc_column][vc_column width=\u201d1\/3\u2033][vc_single_image image=\u201d3702\u2033 img_size=\u201d250\u00d7188\u2033 alignment=\u201dcenter\u201d style=\u201dvc_box_shadow_3d\u201d][vc_column_text][\/vc_column_text][\/vc_column][vc_column][vc_empty_space][\/vc_column][\/vc_row][vc_row][vc_column][vc_column_text]El Reino de Tailandia atrae a m\u00e1s visitantes que ning\u00fan otro pa\u00eds del sudeste de Asia con su irresisible combinaci\u00f3n de belleza natural, templos inspiradores, reconocida hospitalidad, la cocina robusta y ruinas de antiguos reinos fabulosos. Pocos pa\u00edses est\u00e1n tan [&hellip;]<\/p>\n","protected":false},"author":3,"featured_media":3704,"parent":0,"menu_order":0,"comment_status":"closed","ping_status":"closed","template":"","meta":{"nf_dc_page":"","footnotes":""},"class_list":["post-2609","page","type-page","status-publish","has-post-thumbnail","hentry"],"_links":{"self":[{"href":"https:\/\/gialinhtravel.com\/espanol\/wp-json\/wp\/v2\/pages\/2609","targetHints":{"allow":["GET"]}}],"collection":[{"href":"https:\/\/gialinhtravel.com\/espanol\/wp-json\/wp\/v2\/pages"}],"about":[{"href":"https:\/\/gialinhtravel.com\/espanol\/wp-json\/wp\/v2\/types\/page"}],"author":[{"embeddable":true,"href":"https:\/\/gialinhtravel.com\/espanol\/wp-json\/wp\/v2\/users\/3"}],"replies":[{"embeddable":true,"href":"https:\/\/gialinhtravel.com\/espanol\/wp-json\/wp\/v2\/comments?post=2609"}],"version-history":[{"count":4,"href":"https:\/\/gialinhtravel.com\/espanol\/wp-json\/wp\/v2\/pages\/2609\/revisions"}],"predecessor-version":[{"id":3705,"href":"https:\/\/gialinhtravel.com\/espanol\/wp-json\/wp\/v2\/pages\/2609\/revisions\/3705"}],"wp:featuredmedia":[{"embeddable":true,"href":"https:\/\/gialinhtravel.com\/espanol\/wp-json\/wp\/v2\/media\/3704"}],"wp:attachment":[{"href":"https:\/\/gialinhtravel.com\/espanol\/wp-json\/wp\/v2\/media?parent=2609"}],"curies":[{"name":"wp","href":"https:\/\/api.w.org\/{rel}","templated":true}]}}