{"id":2597,"date":"2015-10-14T08:14:48","date_gmt":"2015-10-14T08:14:48","guid":{"rendered":"https:\/\/gialinhtravel.com\/espanol\/?page_id=2597"},"modified":"2015-11-05T09:04:46","modified_gmt":"2015-11-05T09:04:46","slug":"el-tiempo-en-myanmar","status":"publish","type":"page","link":"https:\/\/gialinhtravel.com\/espanol\/el-tiempo-en-myanmar\/","title":{"rendered":"El tiempo en Myanmar"},"content":{"rendered":"<div class=\"wpb-content-wrapper\"><body><p><\/p>[vc_row][vc_column width=\u201d1\/3\u2033][vc_single_image image=\u201d3996\u2033 img_size=\u201d250\u00d7188\u2033 alignment=\u201dcenter\u201d style=\u201dvc_box_border\u201d][vc_column_text][\/vc_column_text][\/vc_column][vc_column width=\u201d1\/3\u2033][vc_single_image image=\u201d3998\u2033 img_size=\u201d250\u00d7188\u2033 alignment=\u201dcenter\u201d style=\u201dvc_box_outline\u201d][vc_column_text][\/vc_column_text][\/vc_column][vc_column width=\u201d1\/3\u2033][vc_single_image image=\u201d3999\u2033 img_size=\u201d250\u00d7188\u2033 alignment=\u201dcenter\u201d style=\u201dvc_box_shadow_3d\u201d][vc_column_text][\/vc_column_text][\/vc_column][vc_column][vc_empty_space][\/vc_column][\/vc_row][vc_row][vc_column][vc_column_text]<span style=\"color: #000000;\">Myanmar es generalmente clasificado como un clima tropical monz\u00f3nico y tiene tres temporadas. Si bien casi la mitad del pa\u00eds se encuentra fuera de la zona tropical. Su clima es similar al de la India<\/span><br>\n<span style=\"color: #000000;\">La temporada de lluvias es desde mediados de mayo hasta mediados de octubre con una temperatura media de 25-30 C, trayendo la lluvia de la Bah\u00eda de Bengala. El verano es desde mediados de febrero hasta mediados de mayo con una temperatura media de 30-35 C. La temperatura puede alcanzar los 45 C en el centro de Myanmar. La temporada de Seca y fr\u00eda (temporada moderada) es desde mediados de octubre hasta mediados de febrero, con una temperatura media de 20-24 C. Este es el mejor momento para viajar, aunque las regiones monta\u00f1osas y la\u00a0meseta de Shan pueden ser fr\u00edas y la temperatura es \u00a0de 5-10 C en este momento.<\/span>\n<p><span style=\"color: #000000;\">Alrededor de tres cuartas partes de las precipitaciones anuales del pa\u00eds se produce durante la temporada de monz\u00f3n del suroeste. Las precipitaciones son m\u00e1s intensas en las monta\u00f1as costeras y tambi\u00e9n en el norte y el este, cerca de 2000-2500 mm al a\u00f1o.<\/span><br>\n<span style=\"color: #000000;\">Las tierras bajas, que se encuentran tierra adentro y protegido del efecto directo de los vientos monz\u00f3n del suroeste, son m\u00e1s secas, que reciben menos de 1000 mm de lluvia.<\/span><br>\n<span style=\"color: #000000;\">En las tierras bajas, y especialmente en la costa, las temperaturas son altas durante todo el a\u00f1o.<\/span><br>\n<span style=\"color: #000000;\">Myanmar puede ser visitada todo el a\u00f1o, independientemente de las estaciones. Si bien durante la temporada de lluvias, llueve en Yang\u00f3n y el Lago Inle, si sigue viajando a Myanmar sigue siendo agradable porque Mandalay y Bagan se encuentran en\u00a0zonas \u00e1ridas donde casi no llueve<\/span><\/p>\n<p>\u00a0<\/p>\n<table border=\"1\" cellspacing=\"0\" cellpadding=\"0\" align=\"left\">\n<tbody>\n<tr>\n<td valign=\"top\" width=\"69\"><span style=\"color: #000000;\">Ciudad<\/span><\/td>\n<td colspan=\"12\" valign=\"top\" width=\"583\"><span style=\"color: #000000;\">Alta\/ Baja temperatura promedio en \u00b0 C<\/span><\/td>\n<\/tr>\n<tr>\n<td valign=\"top\" width=\"69\"><span style=\"color: #000000;\">\u00a0<\/span><\/td>\n<td valign=\"top\" width=\"46\"><span style=\"color: #000000;\">Ene<\/span><\/td>\n<td valign=\"top\" width=\"48\"><span style=\"color: #000000;\">\u00a0Feb<\/span><\/td>\n<td valign=\"top\" width=\"48\"><span style=\"color: #000000;\">Mar<\/span><\/td>\n<td valign=\"top\" width=\"48\"><span style=\"color: #000000;\">Abr<\/span><\/td>\n<td valign=\"top\" width=\"48\"><span style=\"color: #000000;\">May<\/span><\/td>\n<td valign=\"top\" width=\"48\"><span style=\"color: #000000;\">Jun<\/span><\/td>\n<td valign=\"top\" width=\"48\"><span style=\"color: #000000;\">Jul<\/span><\/td>\n<td valign=\"top\" width=\"48\"><span style=\"color: #000000;\">Ago<\/span><\/td>\n<td valign=\"top\" width=\"48\"><span style=\"color: #000000;\">Sept<\/span><\/td>\n<td valign=\"top\" width=\"48\"><span style=\"color: #000000;\">Oct<\/span><\/td>\n<td valign=\"top\" width=\"48\"><span style=\"color: #000000;\">Nov<\/span><\/td>\n<td valign=\"top\" width=\"57\"><span style=\"color: #000000;\">Dic<\/span><\/td>\n<\/tr>\n<tr>\n<td valign=\"top\" width=\"69\"><span style=\"color: #000000;\">Yangon<\/span><\/td>\n<td valign=\"top\" width=\"46\"><span style=\"color: #000000;\">32\/18<\/span><\/td>\n<td valign=\"top\" width=\"48\"><span style=\"color: #000000;\">34\/19<\/span><\/td>\n<td valign=\"top\" width=\"48\"><span style=\"color: #000000;\">36\/22<\/span><\/td>\n<td valign=\"top\" width=\"48\"><span style=\"color: #000000;\">37\/24<\/span><\/td>\n<td valign=\"top\" width=\"48\"><span style=\"color: #000000;\">33\/25<\/span><\/td>\n<td valign=\"top\" width=\"48\"><span style=\"color: #000000;\">30\/24<\/span><\/td>\n<td valign=\"top\" width=\"48\"><span style=\"color: #000000;\">30\/24<\/span><\/td>\n<td valign=\"top\" width=\"48\"><span style=\"color: #000000;\">30\/24<\/span><\/td>\n<td valign=\"top\" width=\"48\"><span style=\"color: #000000;\">30\/24<\/span><\/td>\n<td valign=\"top\" width=\"48\"><span style=\"color: #000000;\">32\/24<\/span><\/td>\n<td valign=\"top\" width=\"48\"><span style=\"color: #000000;\">32\/22<\/span><\/td>\n<td valign=\"top\" width=\"57\"><span style=\"color: #000000;\">32\/19<\/span><\/td>\n<\/tr>\n<tr>\n<td valign=\"top\" width=\"69\"><span style=\"color: #000000;\">Mandalay<\/span><\/td>\n<td valign=\"top\" width=\"46\"><span style=\"color: #000000;\">29\/13<\/span><\/td>\n<td valign=\"top\" width=\"48\"><span style=\"color: #000000;\">32\/15<\/span><\/td>\n<td valign=\"top\" width=\"48\"><span style=\"color: #000000;\">36\/20<\/span><\/td>\n<td valign=\"top\" width=\"48\"><span style=\"color: #000000;\">38\/24<\/span><\/td>\n<td valign=\"top\" width=\"48\"><span style=\"color: #000000;\">37\/26<\/span><\/td>\n<td valign=\"top\" width=\"48\"><span style=\"color: #000000;\">34\/26<\/span><\/td>\n<td valign=\"top\" width=\"48\"><span style=\"color: #000000;\">34\/26<\/span><\/td>\n<td valign=\"top\" width=\"48\"><span style=\"color: #000000;\">33\/25<\/span><\/td>\n<td valign=\"top\" width=\"48\"><span style=\"color: #000000;\">33\/25<\/span><\/td>\n<td valign=\"top\" width=\"48\"><span style=\"color: #000000;\">32\/23<\/span><\/td>\n<td valign=\"top\" width=\"48\"><span style=\"color: #000000;\">30\/20<\/span><\/td>\n<td valign=\"top\" width=\"57\"><span style=\"color: #000000;\">28\/15<\/span><\/td>\n<\/tr>\n<tr>\n<td valign=\"top\" width=\"69\"><span style=\"color: #000000;\">Heho<\/span><\/td>\n<td valign=\"top\" width=\"46\"><span style=\"color: #000000;\">22 \/ 7<\/span><\/td>\n<td valign=\"top\" width=\"48\"><span style=\"color: #000000;\">24 \/ 9<\/span><\/td>\n<td valign=\"top\" width=\"48\"><span style=\"color: #000000;\">27\/13<\/span><\/td>\n<td valign=\"top\" width=\"48\"><span style=\"color: #000000;\">29\/16<\/span><\/td>\n<td valign=\"top\" width=\"48\"><span style=\"color: #000000;\">27\/17<\/span><\/td>\n<td valign=\"top\" width=\"48\"><span style=\"color: #000000;\">24\/17<\/span><\/td>\n<td valign=\"top\" width=\"48\"><span style=\"color: #000000;\">24\/17<\/span><\/td>\n<td valign=\"top\" width=\"48\"><span style=\"color: #000000;\">23\/17<\/span><\/td>\n<td valign=\"top\" width=\"48\"><span style=\"color: #000000;\">24\/17<\/span><\/td>\n<td valign=\"top\" width=\"48\"><span style=\"color: #000000;\">24\/16<\/span><\/td>\n<td valign=\"top\" width=\"48\"><span style=\"color: #000000;\">23\/12<\/span><\/td>\n<td valign=\"top\" width=\"57\"><span style=\"color: #000000;\">21 \/ 8<\/span><\/td>\n<\/tr>\n<\/tbody>\n<\/table>\n<p>\u00a0<\/p>\n<p><span style=\"color: #000000;\"><img decoding=\"async\" class=\"aligncenter wp-image-927\" src=\"http:\/\/www.viajemyanmar.gialinhtravel.com\/wp-content\/uploads\/2013\/08\/weather.jpg\" alt=\"weather\" width=\"611\" height=\"358\" loading=\"lazy\"><\/span>[\/vc_column_text][vc_empty_space][\/vc_column][\/vc_row]<\/p>\n<\/body><\/div>","protected":false},"excerpt":{"rendered":"<p>[vc_row][vc_column width=\u201d1\/3\u2033][vc_single_image image=\u201d3996\u2033 img_size=\u201d250\u00d7188\u2033 alignment=\u201dcenter\u201d style=\u201dvc_box_border\u201d][vc_column_text][\/vc_column_text][\/vc_column][vc_column width=\u201d1\/3\u2033][vc_single_image image=\u201d3998\u2033 img_size=\u201d250\u00d7188\u2033 alignment=\u201dcenter\u201d style=\u201dvc_box_outline\u201d][vc_column_text][\/vc_column_text][\/vc_column][vc_column width=\u201d1\/3\u2033][vc_single_image image=\u201d3999\u2033 img_size=\u201d250\u00d7188\u2033 alignment=\u201dcenter\u201d style=\u201dvc_box_shadow_3d\u201d][vc_column_text][\/vc_column_text][\/vc_column][vc_column][vc_empty_space][\/vc_column][\/vc_row][vc_row][vc_column][vc_column_text]Myanmar es generalmente clasificado como un clima tropical monz\u00f3nico y tiene tres temporadas. Si bien casi la mitad del pa\u00eds se encuentra fuera de la zona tropical. Su clima es similar al de la India La temporada de lluvias es [&hellip;]<\/p>\n","protected":false},"author":3,"featured_media":4001,"parent":0,"menu_order":0,"comment_status":"closed","ping_status":"closed","template":"","meta":{"nf_dc_page":"","footnotes":""},"class_list":["post-2597","page","type-page","status-publish","has-post-thumbnail","hentry"],"_links":{"self":[{"href":"https:\/\/gialinhtravel.com\/espanol\/wp-json\/wp\/v2\/pages\/2597","targetHints":{"allow":["GET"]}}],"collection":[{"href":"https:\/\/gialinhtravel.com\/espanol\/wp-json\/wp\/v2\/pages"}],"about":[{"href":"https:\/\/gialinhtravel.com\/espanol\/wp-json\/wp\/v2\/types\/page"}],"author":[{"embeddable":true,"href":"https:\/\/gialinhtravel.com\/espanol\/wp-json\/wp\/v2\/users\/3"}],"replies":[{"embeddable":true,"href":"https:\/\/gialinhtravel.com\/espanol\/wp-json\/wp\/v2\/comments?post=2597"}],"version-history":[{"count":4,"href":"https:\/\/gialinhtravel.com\/espanol\/wp-json\/wp\/v2\/pages\/2597\/revisions"}],"predecessor-version":[{"id":4002,"href":"https:\/\/gialinhtravel.com\/espanol\/wp-json\/wp\/v2\/pages\/2597\/revisions\/4002"}],"wp:featuredmedia":[{"embeddable":true,"href":"https:\/\/gialinhtravel.com\/espanol\/wp-json\/wp\/v2\/media\/4001"}],"wp:attachment":[{"href":"https:\/\/gialinhtravel.com\/espanol\/wp-json\/wp\/v2\/media?parent=2597"}],"curies":[{"name":"wp","href":"https:\/\/api.w.org\/{rel}","templated":true}]}}