{"id":2568,"date":"2015-10-14T07:57:31","date_gmt":"2015-10-14T07:57:31","guid":{"rendered":"https:\/\/gialinhtravel.com\/espanol\/?page_id=2568"},"modified":"2015-11-05T07:42:12","modified_gmt":"2015-11-05T07:42:12","slug":"historia-de-myanmar","status":"publish","type":"page","link":"https:\/\/gialinhtravel.com\/espanol\/historia-de-myanmar\/","title":{"rendered":"Historia de Myanmar"},"content":{"rendered":"<div class=\"wpb-content-wrapper\"><body><p>[vc_row][vc_column width=\u201d1\/3\u2033][vc_single_image image=\u201d3922\u2033 img_size=\u201d250\u00d7188\u2033 alignment=\u201dcenter\u201d style=\u201dvc_box_border\u201d][vc_column_text][\/vc_column_text][\/vc_column][vc_column width=\u201d1\/3\u2033][vc_single_image image=\u201d3925\u2033 img_size=\u201d250\u00d7188\u2033 alignment=\u201dcenter\u201d style=\u201dvc_box_outline\u201d][vc_column_text][\/vc_column_text][\/vc_column][vc_column width=\u201d1\/3\u2033][vc_single_image image=\u201d3927\u2033 img_size=\u201d250\u00d7188\u2033 alignment=\u201dcenter\u201d style=\u201dvc_box_shadow_3d\u201d][vc_column_text][\/vc_column_text][\/vc_column][vc_column][vc_empty_space][\/vc_column][\/vc_row][vc_row][vc_column][vc_column_text]Myanmar tiene una historia larga, complicada e interesante.La primera civilizaci\u00f3n identificada \u00a0es la de los Mon. Este pueblo probablemente comenz\u00f3 a migrar a la zona en el 300 aC, y su primer reino Suwarnabhumi, fue fundado alrededor del puerto de Thaton en el 300 aC. Los Pyu llegaron \u00a0a Myanmar en el siglo 7 estableciendo sus \u00a0ciudades \u2013 reinos en Binnaka, Mongamo, Sri ksetra, y Halingyi. Durante este per\u00edodo, Myanmar no era mas que una ruta comercial terrestre desde China\u00a0a la India. Cuando los Pyu de esta ciudad-reino trasladaron la capital de su dominio m\u00e1s al norte, a otra ciudad, \u00e9sta fue atacada por otro reino no-pyu, Nanzhao. Esto se considera el final de la cultura pyu. En 849 dC, los habitantes que hab\u00edan llegado a estas tierras \u00a0fundaron \u00a0un reino poderoso con sede en la ciudad de Bagan que llen\u00f3 el vac\u00edo dejado por la civilizaci\u00f3n Pyu. El reino creci\u00f3 en un relativo aislamiento hasta el reinado de Anawrahta (1044 \u2013 77), que unific\u00f3 con \u00e9xito todas las cuidades ( actualmente Myanmar) al derrotar en 1057 a la ciudad Mon de Thaton.<\/p>\n<p>Despu\u00e9s del colapso de la autoridad Pagan (actual Bagan), Myanmar se divide una vez m\u00e1s. Los birmanos se re-establecieron en la ciudad de Ava en 1364, donde la cultura Pagan revivi\u00f3 \u00a0y se produjo una gran \u00e9poca de la literatura birmana. El reino ten\u00eda fronteras f\u00e1cilmente defendibles, sin embargo, en 1527 fue invadido por los Shan.<\/p>\n<p>Con la desaparici\u00f3n de Ava muchos de sus habitantes migraron a Toungoo convirtiendo a esta dinast\u00eda en una sucesora de la desaparecida Ava. La dinast\u00eda estaba lidereada por Tabinshwehti (1531-1550) que vi\u00f3 como Ayutthaya\u00a0se convert\u00eda en un importante reino en la zona\u00a0.Tabinshwehti reunific\u00f3 lo que luego ser\u00eda Myanmar.<\/p>\n<p>En 1753 un popular l\u00edder birmano, llamado Alaungpaya\u00a0se estableci\u00f3 como uno de los m\u00e1s poderosos monarcas de Oriente por la invasi\u00f3n y conquista de Pegu, \u00a0el sur de Myanmar y \u00a0la posterior recuperaci\u00f3n de Manipur. Este monarca \u00a0estableci\u00f3 su capital en Rangoon, ahora conocida como Yangon.<\/p>\n<p>Myanmar es conocido en Mundo por los primeros exploradores occidentales que hab\u00edan o\u00eddo hablar de \u00e9l, pero \u00a0Marco Polo fue el primero que descubri\u00f3 el \u00a0esplendor de este primer Imperio Birmano\u00a0 .<\/p>\n<p>Myanmar\u00a0se organiza en siete divisiones y siete estados\u00a0bas\u00e1ndose en los grupos \u00e9tnicos dominantes.<\/p>\n<table border=\"0\" cellspacing=\"0\" cellpadding=\"0\">\n<tbody>\n<tr>\n<td width=\"213\">Estados<\/td>\n<td>Divisiones<\/td>\n<\/tr>\n<tr>\n<td width=\"213\">Kachin<\/td>\n<td>Yangon<\/td>\n<\/tr>\n<tr>\n<td width=\"213\">Kayah<\/td>\n<td>Mandalay<\/td>\n<\/tr>\n<tr>\n<td width=\"213\">Kayin<\/td>\n<td>Sagaing<\/td>\n<\/tr>\n<tr>\n<td width=\"213\">Chin<\/td>\n<td>Magwe<\/td>\n<\/tr>\n<tr>\n<td width=\"213\">Mon<\/td>\n<td>Bago<\/td>\n<\/tr>\n<tr>\n<td width=\"213\">Rakhine<\/td>\n<td>Ayeyarwaddy<\/td>\n<\/tr>\n<tr>\n<td width=\"213\">Shan<\/td>\n<td>Thanintharyi<\/td>\n<\/tr>\n<tr>\n<td width=\"213\"><\/td>\n<td><\/td>\n<\/tr>\n<\/tbody>\n<\/table>\n<p>Los Mon se consideran los primeros habitantes de Myanmar, posiblemente a principios de 3000 antes de Cristo. Los pobladores Mon se establecieron en el centro de Myanmar a lo largo de toda \u00a0la Bah\u00eda de Bengala, que cubre la costa oriental. Estos pueblos crearon sistemas avanzados de riego , establecieron contactos, tanto culturales como comerciales con la India, adem\u00e1s de mantener contacto e influencia sobre sus vecinos de Mon en Siam (actual Tailandia).<\/p>\n<p>Despues de\u00a0 los \u00a0Mons y \u00a0los Pyu,\u00a0nunca llegaron a formar un reino unificado, aunque la ciudad de Sri Ksetra cobr\u00f3 mucha importancia y se convirti\u00f3 en la ciudad principal de la cultura. Los pyu de\u00a0comenzaron una capital en el a\u00f1o 628, cerca de la moderna Prome. A mediados del siglo IX, la llegada de los birmanos absorbe las comunidades de la Mon y Pyu consider\u00e1ndose el fin de estas civilizaciones.<\/p>\n<p>El Reino Pagan produjo el primer estado unificado de Myanmar, a trav\u00e9s de Rey Anawrahta (R 1044-1077). El Estado se desarrollo con el apoyo proveniente de los impuestos sobre los hogares. En el siglo XIII Myanmar comenz\u00f3 a disminuir las grandes cantidades de dinero ,en parte debido al tiempo invertido en la construcci\u00f3n de pagodas. En 1287, Kublai Khan saquearon Pagan comenzando as\u00ed un per\u00edodo de continuos conflictos que continuaron durante muchos siglos.<\/p>\n<p>La aparici\u00f3n de los europeos tuvo \u00a0pocos efectos en Myanmar debido a los conflictos internas y externas hasta que infringi\u00f3 el Raj en Bengala.\u00a0El imparable avance de Bagyidaw y las constantemente cambiantes fronteras e incluso ataque a los brit\u00e1nicos hizo que estos se unieran a los siamitas y comenzara la Primera Guerra Anglo-Birmana en 1824. En 1826 la guerra acab\u00f3 y los birmanos perdieron mucho territorio tras los Tratados de Yandaboo y su derrota.<\/p>\n<p>La guerra provocar\u00eda la p\u00e9rdida de m\u00e1s territorios, una revuelta que acabar\u00eda con el rey Pagan Min siendo remplazado por su medio-hermano Mindon Min (1853-78) que trat\u00f3 de modernizar su reino e impulsar la econom\u00eda y que movi\u00f3 la capital a Mandalay.\u00a0Pero para los brit\u00e1nicos no fue suficiente y en 1885 se declar\u00f3 una Tercera Guerra Anglo-Birmana. Todo Birmania fue capturado por el Imperio Brit\u00e1nico.<\/p>\n<p>El Imperio Brit\u00e1nico\u00a0estableci\u00f3 un protectorado colonial en 1886 con capital en Rang\u00fan y Birmania se convirti\u00f3 en provincia de India. La resistencia continu\u00f3 en el norte del pa\u00eds hasta 1890 y acab\u00f3 con la destrucci\u00f3n de pueblos y l\u00edderes militares. En esta \u00e9poca fue abierta la econom\u00eda birmana y la demanda de arroz creci\u00f3, convirti\u00e9ndose Birmania en el principal exportador mundial de arroz.<\/p>\n<p>El inicio de la Segunda Guerra Mundial fue un tiempo para el desarrollo pol\u00edtico entre los individuos. Un l\u00edder estudiantil, U Aung San, reunio el Ej\u00e9rcito Independiente de Birmania (BIA), un grupo que hab\u00eda sido previamente capacitado por los japoneses. En 1942, cuando los japoneses invadieron Myanmar, la BIA se uni\u00f3 a las fuerzas japonesas. \u00a0El ejercito birmano con el tiempo aument\u00f3 considerablemente derrocando \u00a0al final de la guerra al gobierno japon\u00e9s. Dicho ejercito es conocido actualmente como la Liga Anti-fascista de Libertad Popular (AFPFL), con U Aung San como su l\u00edder principal.<\/p>\n<p>Despu\u00e9s de la guerra, la AFPFL\u00a0comenzo las negociaciones\u00a0con los brit\u00e1nicos en un intento por obtener la independencia de que fue lograda en abril de 1947 al ganar \u00a0la mayor\u00eda de los esca\u00f1os de la asamblea constitucional.\u00a0Algunos meses despues Aung San era asesinado por hombres de U Saw mientras el movimiento comunista crec\u00eda.El \u00a0Reino Unido reconoci\u00f3 la independencia encabezada por U Nu, antiguo movimientista\u00a0estudiantil, mientras que las potencias extranjeras ayudaban a reconstruir el pa\u00eds de la guerra.<\/p>\n<p>En 1962, un golpe militar del general Ne Win, di\u00f3 al traste con el gobierno de U Nu y llev\u00e1ndolo a prisi\u00f3n durante cuatro a\u00f1os. La idea \u00a0del general Ne Win de convertir a Birmania en un pa\u00eds socialista, \u00a0\u00a0fue llamada \u00a0como \u201ccamino al socialismo de Birmania\u201d, \u00a0a partir de este momento todo el sistema del pais y\u00a0 la economia fue nacionalizada. La econom\u00eda se derrumb\u00f3 r\u00e1pidamente y como resultado evolucionado un mercado negro muy rentable. Un tiempo m\u00e1s tarde Ne Win entregaba\u00a0 la presidencia a San Yu, pero \u00a0la vida para el pueblo no mejor\u00f3. Algunos ciudadanos perdieron su condici\u00f3n de pobladores, los llamados \u201cciudadanos asociados\u201d, personas cuyos antepasados no eran de las razas \u00a0\u201coriginales\u201d de de Myanmar. Los blancos eran las relaciones sino-birmana y las comunidades indo-birmana y dentro de sus derechos se \u00a0incluyo \u00a0poder votar, pero no se les permiti\u00f3 ser elegidos o tiener cargos politicos en el gobierno por encima de un cierto nivel. Ya era suficiente y el pueblo se rebel\u00f3 por fin despu\u00e9s de una devaluaci\u00f3n de la moneda, que disminuia todo tipo de plusvalia monetaria anterior. Hubo disturbios antigubernamentales y cartas p\u00fablicas criticando \u00a0al gobierno de Ne Win y declarando que ten\u00eda quedejar el poder . Los disturbios antigubernamentales de marzo y junio de 1988 finalmente hicieron que el gobernante dimitiera \u00a0en julio de 1988.<\/p>\n<p>Tras el retiro de Ne Win, Myanmar sufrio unos meses de gran agitaci\u00f3n, hubo protestas, saqueos, y una respuesta brutal por parte de la polic\u00eda que cobr\u00f3 m\u00e1s de\u00a0 un millar de muertos en Rang\u00fan y en otras partes del pa\u00eds. Maung Maung \u00a0se hizo cargo y trat\u00f3 de apaciguar a aquellos que resent\u00edan el gobierno militar y fue un \u00e9xito en la obtenci\u00f3n de una asociaci\u00f3n con la \u00a0Brigada Aung Gyi, el General Tin U, y Daw Aung San Suu Kyi (la hija de U Aung San). Las fuerzas armadas parec\u00edan ponerse de parte de este grupo, provocando un golpe de Estado a contra el gobierno. En septiembre de 1988, el Ministro de Defensa (Genreal Saw Maung) declar\u00f3 el establecimiento de una Ley de Estado y Consejo de Restauraci\u00f3n del Orden (SLORC), que se comprometia a restablecer la ley y el orden entre los elementos claves del gobierno.<\/p>\n<p>En 1990 se llevaron a cabo elecciones libres por primera vez en casi 30 a\u00f1os, pero la amplia victoria del partido de Aung San Suu Kyi\u00a0(s\u00edmbolo de la Revoluci\u00f3n) fue anulada por los militares, los cuales rehusaron abandonar el poder.En este a\u00f1o la activista\u00a0 asumi\u00f3 la direcci\u00f3n de la Liga Nacional para la Democracia,. Aung San Suu Kyi, sujeta a estrecha\u00a0vigilancia, prefiri\u00f3 permanecer al lado de su pueblo dando testimonio de su fe en \u201cla idea del bien y de lo justo\u201d. En 1991 Daw Aung San Suu Kyi recibia el Premio Nobel de la Paz,\u00a0convirti\u00e9ndose en icono de la democracia, la paz mundial y la libertad. \u00a0En esta \u00e9poca los lideres de\u00a0la Liga Nacional para la Democracia (LND) ejerc\u00edan una gran presi\u00f3n sobre la Junta de Estado, que coloc\u00f3 bajo arresto domiciliario a\u00a0Aung San Suu Kyi y\u00a0en la c\u00e1rcel\u00a0alGeneral Tin U.<\/p>\n<p>En 1992, el general Than Shwe asumi\u00f3 como presidente de la Junta de Estado, Primer Ministro y Ministro de Defensa. Muchos presos pol\u00edticos fueron liberados y \u00a0a Daw Aung San Suu Kyi se le permiti\u00f3 la visita de su familia\u00a0 y dos a\u00f1os despu\u00e9s la de un congresista de EE.UU., un funcionario de la ONU y un reportero estadounidense.\u00a0Aung San Suu Kyi\u00a0se nego a dejar Myanmar (ser exiliada), por ello fue detenida por m\u00e1s tiempo que el l\u00edmite legal. Finalmente, en agosto de 1995 fue liberada de su arresto domiciliario y se le permiti\u00f3 permanecer en Yangon, donde recibi\u00f3 la visita de miles de ciudadanos nacionales y los extranjeros.<\/p>\n<p>En 1993, la Junta de Estado, realiz\u00f3 una convenci\u00f3n nacional para iniciar la redacci\u00f3n de una nueva constituci\u00f3n dandole a los militares un papel importante\u00a0 dentro del gobierno. Obviamente, la Convenci\u00f3n no se llevaba\u00a0 a cabo democr\u00e1ticamente, por ello \u00a0los miembros de la LND la abandonaron en 1998, momento en el que\u00a0 a\u00fan no se hab\u00eda completado la nueva Constituci\u00f3n.<br>\nEn 1996, la Junta de Estado aument\u00f3 las tensiones entre los dos grupos (SLORC y NLD) arrestando a m\u00e1s de 200 miembros de la LND cuando pretendian\u00a0 realizar un Congreso. En noviembre de 1997, la Junta de Estado fue disuelta y reemplazada por La Paz y el Desarrollo del Estado \u00a0(SPDC), que a\u00fan ten\u00eda el mismo liderazgo que la Junta de Estado.[\/vc_column_text][vc_empty_space][\/vc_column][\/vc_row]<\/p>\n<\/body><\/div>","protected":false},"excerpt":{"rendered":"<p>[vc_row][vc_column width=\u201d1\/3\u2033][vc_single_image image=\u201d3922\u2033 img_size=\u201d250\u00d7188\u2033 alignment=\u201dcenter\u201d style=\u201dvc_box_border\u201d][vc_column_text][\/vc_column_text][\/vc_column][vc_column width=\u201d1\/3\u2033][vc_single_image image=\u201d3925\u2033 img_size=\u201d250\u00d7188\u2033 alignment=\u201dcenter\u201d style=\u201dvc_box_outline\u201d][vc_column_text][\/vc_column_text][\/vc_column][vc_column width=\u201d1\/3\u2033][vc_single_image image=\u201d3927\u2033 img_size=\u201d250\u00d7188\u2033 alignment=\u201dcenter\u201d style=\u201dvc_box_shadow_3d\u201d][vc_column_text][\/vc_column_text][\/vc_column][vc_column][vc_empty_space][\/vc_column][\/vc_row][vc_row][vc_column][vc_column_text]Myanmar tiene una historia larga, complicada e interesante.La primera civilizaci\u00f3n identificada \u00a0es la de los Mon. Este pueblo probablemente comenz\u00f3 a migrar a la zona en el 300 aC, y su primer reino Suwarnabhumi, fue fundado alrededor del puerto de [&hellip;]<\/p>\n","protected":false},"author":3,"featured_media":3928,"parent":0,"menu_order":0,"comment_status":"closed","ping_status":"closed","template":"","meta":{"nf_dc_page":"","footnotes":""},"class_list":["post-2568","page","type-page","status-publish","has-post-thumbnail","hentry"],"_links":{"self":[{"href":"https:\/\/gialinhtravel.com\/espanol\/wp-json\/wp\/v2\/pages\/2568","targetHints":{"allow":["GET"]}}],"collection":[{"href":"https:\/\/gialinhtravel.com\/espanol\/wp-json\/wp\/v2\/pages"}],"about":[{"href":"https:\/\/gialinhtravel.com\/espanol\/wp-json\/wp\/v2\/types\/page"}],"author":[{"embeddable":true,"href":"https:\/\/gialinhtravel.com\/espanol\/wp-json\/wp\/v2\/users\/3"}],"replies":[{"embeddable":true,"href":"https:\/\/gialinhtravel.com\/espanol\/wp-json\/wp\/v2\/comments?post=2568"}],"version-history":[{"count":5,"href":"https:\/\/gialinhtravel.com\/espanol\/wp-json\/wp\/v2\/pages\/2568\/revisions"}],"predecessor-version":[{"id":3929,"href":"https:\/\/gialinhtravel.com\/espanol\/wp-json\/wp\/v2\/pages\/2568\/revisions\/3929"}],"wp:featuredmedia":[{"embeddable":true,"href":"https:\/\/gialinhtravel.com\/espanol\/wp-json\/wp\/v2\/media\/3928"}],"wp:attachment":[{"href":"https:\/\/gialinhtravel.com\/espanol\/wp-json\/wp\/v2\/media?parent=2568"}],"curies":[{"name":"wp","href":"https:\/\/api.w.org\/{rel}","templated":true}]}}