{"id":2563,"date":"2015-10-14T07:55:04","date_gmt":"2015-10-14T07:55:04","guid":{"rendered":"https:\/\/gialinhtravel.com\/espanol\/?page_id=2563"},"modified":"2015-11-05T07:28:03","modified_gmt":"2015-11-05T07:28:03","slug":"myanmar-introduccion","status":"publish","type":"page","link":"https:\/\/gialinhtravel.com\/espanol\/myanmar-introduccion\/","title":{"rendered":"Myanmar Introducci\u00f3n"},"content":{"rendered":"<div class=\"wpb-content-wrapper\"><body><p>[vc_row][vc_column width=\u201d1\/3\u2033][vc_single_image image=\u201d3908\u2033 img_size=\u201d250\u00d7188\u2033 alignment=\u201dcenter\u201d style=\u201dvc_box_border\u201d][vc_column_text][\/vc_column_text][\/vc_column][vc_column width=\u201d1\/3\u2033][vc_single_image image=\u201d3911\u2033 img_size=\u201d250\u00d7188\u2033 alignment=\u201dcenter\u201d style=\u201dvc_box_outline\u201d][vc_column_text][\/vc_column_text][\/vc_column][vc_column width=\u201d1\/3\u2033][vc_single_image image=\u201d3913\u2033 img_size=\u201d250\u00d7188\u2033 alignment=\u201dcenter\u201d style=\u201dvc_box_shadow_3d\u201d][vc_column_text][\/vc_column_text][\/vc_column][vc_column][vc_empty_space][\/vc_column][\/vc_row][vc_row][vc_column][vc_column_text]Myanmar \u00a0se encuentra entre las grandes civilizaciones de Asia, con una superficie algo mayor que la pen\u00ednsula ib\u00e9rica, se extiende desde las islas espumosas del mar de Andaman hasta la cordillera del Himalaya oriental. Myanmar es uno de los pa\u00edses m\u00e1s grandes del Sur de Asia Oriental flanqueado por La India, Laos, Tailandia, el Oc\u00e9ano \u00cdndico, Bangladesh y China. Cuenta con una poblaci\u00f3n multicultural y en sus horizontes ver\u00e1s desde junglas hasta zonas semides\u00e9rticas.<\/p>\n<p>En la actualidad Myanmar sigue siendo uno de los destinos m\u00e1s misteriosos y desconocidos en el mundo. Una tierra de impresionante belleza y encanto que recientemente emerge en el mundo moderno como un destino impresionante. Seguramente nos preguntaremos \u00bfpor qu\u00e9 que emprender un viaje hasta este pa\u00eds?<\/p>\n<p>Birmania esta considerado como uno de los pa\u00edses m\u00e1s fascinantes de Asia, ofrece todos los placeres de un pa\u00eds pr\u00e1cticamente desconocido, maravillosos paisajes y gente incre\u00edblemente amistosa, selvas inexploradas, monta\u00f1as nevadas y playas v\u00edrgenes, combinado con un patrimonio rico y glorioso que se ha extendido por m\u00e1s de dos mil a\u00f1os. Espectaculares monumentos y ciudades antiguas dan testimonio de una cultura viva que todav\u00eda alberga a 135 grupos \u00e9tnicos.<\/p>\n<p>La infraestructura tur\u00edstica del pa\u00eds cuenta con hoteles de \u00a0cinco estrellas, boutique y casas familiares de hu\u00e9spedes en todos los centros importantes, as\u00ed como los espectaculares balnearios y las\u00a0 monta\u00f1as. Myanmar tambi\u00e9n tiene uno de los registros m\u00e1s bajos de delito en el mundo, este pa\u00eds\u00a0 no presenta problemas de seguridad para los visitantes extranjeros, sus vacaciones ser\u00e1n seguras de principio a fin.<\/p>\n<p>En cualquier lugar que desee fijar su destino dentro de este pa\u00eds siempre habr\u00e1 un sentimiento de aventura. Ofrecemos viajes en cruceros por el poderoso r\u00edo Ayeyarwady , en globo aerost\u00e1tico sobre la antigua ciudad de Bagan y safaris para la b\u00fasqueda de tigres montados en elefantes. Birmania cuenta con dos l\u00edneas a\u00e9reas internas, que modernizan y ampliar sus redes, proporcionando nuevos y emocionantes destinos. Poco a poco se est\u00e1 desarrollando el trekking de monta\u00f1a y rafting en el extremo norte y el buceo en el Archipi\u00e9lago de Mergui. Pero, sobre todo Myanmar ofrece la m\u00e1s c\u00e1lida bienvenida de Asia.<\/p>\n<p><strong>Informaci\u00f3n General:<\/strong><\/p>\n<p>El pa\u00eds cubre un \u00e1rea de 677.000 kil\u00f3metros cuadrados (261.228 millas cuadradas) se extienden 936 kil\u00f3metros (581 millas) de este a oeste y 2.051 kil\u00f3metros (1.275 millas) de norte a sur, es una tierra de colinas y valles .En\u00a0el norte, este y oeste esta bordeado por cadenas monta\u00f1osas que forman una herradura gigante. Dentro de las barreras monta\u00f1osas se encuentran las tierras planas de Ayeyarwady, Chindwin y Sittaung valles cercanos a los r\u00edos donde se concentran la mayor parte de la poblaci\u00f3n y las tierras agr\u00edcolas del pa\u00eds.<\/p>\n<p>La longitud de la frontera \u00a0es de \u00a06.159 kil\u00f3metros. La longitud total entre Myanmar y Bangladesh es de 271 kil\u00f3metros (168.7 millas). La que une a Myanmar y China es de \u00a02.204 kil\u00f3metros (1.370 millas), Myanmar y Tailandia 2.107 kil\u00f3metros (1,309.8 millas), Myanmar y la India 1.338 kil\u00f3metros (831.8 millas), y Myanmar, Laos 238 kil\u00f3metros (147.9 millas).<\/p>\n<p>En conjunto, la ubicaci\u00f3n y la topograf\u00eda del pa\u00eds genera una diversidad de condiciones clim\u00e1ticas. Los cambios estacionales transcurren con vientos monzones de \u00a0verano, las lluvias y las temporadas de invierno. Las temperaturas extremas son raras. Las direcciones de los vientos y las depresiones traen lluvias, y aunque siempre es pesado en las zonas costeras durante la temporada del monz\u00f3n, que rara vez crea dificultades. El Gobierno est\u00e1 dando prioridad a la conservaci\u00f3n forestal y ecol\u00f3gica de los nueve distritos \u00e1ridos en el centro de Birmania.<\/p>\n<p>Myanmar est\u00e1 dotada de una rica diversidad de tipos de h\u00e1bitat que surgen en gran parte de su diversidad ecol\u00f3gica poco com\u00fan. Es el hogar de cerca de 300 especies conocidas de mam\u00edferos, 300 reptiles y alrededor de 100 especies de aves, y un refugio para cerca de 7.000 especies de plantas. Dado que Myanmar considera esta rica gama de la diversidad biol\u00f3gica es un atractivo nacional importante, el Gobierno ha establecido normas estrictas para proteger sus recursos biol\u00f3gicos.[\/vc_column_text][vc_empty_space][\/vc_column][\/vc_row]<\/p>\n<\/body><\/div>","protected":false},"excerpt":{"rendered":"<p>[vc_row][vc_column width=\u201d1\/3\u2033][vc_single_image image=\u201d3908\u2033 img_size=\u201d250\u00d7188\u2033 alignment=\u201dcenter\u201d style=\u201dvc_box_border\u201d][vc_column_text][\/vc_column_text][\/vc_column][vc_column width=\u201d1\/3\u2033][vc_single_image image=\u201d3911\u2033 img_size=\u201d250\u00d7188\u2033 alignment=\u201dcenter\u201d style=\u201dvc_box_outline\u201d][vc_column_text][\/vc_column_text][\/vc_column][vc_column width=\u201d1\/3\u2033][vc_single_image image=\u201d3913\u2033 img_size=\u201d250\u00d7188\u2033 alignment=\u201dcenter\u201d style=\u201dvc_box_shadow_3d\u201d][vc_column_text][\/vc_column_text][\/vc_column][vc_column][vc_empty_space][\/vc_column][\/vc_row][vc_row][vc_column][vc_column_text]Myanmar \u00a0se encuentra entre las grandes civilizaciones de Asia, con una superficie algo mayor que la pen\u00ednsula ib\u00e9rica, se extiende desde las islas espumosas del mar de Andaman hasta la cordillera del Himalaya oriental. Myanmar es uno de los pa\u00edses [&hellip;]<\/p>\n","protected":false},"author":3,"featured_media":3915,"parent":0,"menu_order":0,"comment_status":"closed","ping_status":"closed","template":"","meta":{"nf_dc_page":"","footnotes":""},"class_list":["post-2563","page","type-page","status-publish","has-post-thumbnail","hentry"],"_links":{"self":[{"href":"https:\/\/gialinhtravel.com\/espanol\/wp-json\/wp\/v2\/pages\/2563","targetHints":{"allow":["GET"]}}],"collection":[{"href":"https:\/\/gialinhtravel.com\/espanol\/wp-json\/wp\/v2\/pages"}],"about":[{"href":"https:\/\/gialinhtravel.com\/espanol\/wp-json\/wp\/v2\/types\/page"}],"author":[{"embeddable":true,"href":"https:\/\/gialinhtravel.com\/espanol\/wp-json\/wp\/v2\/users\/3"}],"replies":[{"embeddable":true,"href":"https:\/\/gialinhtravel.com\/espanol\/wp-json\/wp\/v2\/comments?post=2563"}],"version-history":[{"count":5,"href":"https:\/\/gialinhtravel.com\/espanol\/wp-json\/wp\/v2\/pages\/2563\/revisions"}],"predecessor-version":[{"id":3916,"href":"https:\/\/gialinhtravel.com\/espanol\/wp-json\/wp\/v2\/pages\/2563\/revisions\/3916"}],"wp:featuredmedia":[{"embeddable":true,"href":"https:\/\/gialinhtravel.com\/espanol\/wp-json\/wp\/v2\/media\/3915"}],"wp:attachment":[{"href":"https:\/\/gialinhtravel.com\/espanol\/wp-json\/wp\/v2\/media?parent=2563"}],"curies":[{"name":"wp","href":"https:\/\/api.w.org\/{rel}","templated":true}]}}